{"id":2881,"date":"2022-09-06T07:59:56","date_gmt":"2022-09-06T07:59:56","guid":{"rendered":"https:\/\/ave-eta-canada.com\/privacidade-e-proteccao-de-dados\/"},"modified":"2022-09-09T16:29:13","modified_gmt":"2022-09-09T16:29:13","slug":"privacidade-e-proteccao-de-dados","status":"publish","type":"page","link":"https:\/\/ave-eta-canada.com\/pt-pt\/privacidade-e-proteccao-de-dados\/","title":{"rendered":"Privacidade e protec\u00e7\u00e3o de dados"},"content":{"rendered":"\n<h1 class=\"wp-block-heading\">A nossa pol\u00edtica de privacidade de dados pessoais<\/h1>\n\n<p>Somos um site de informa\u00e7\u00e3o sobre as formalidades necess\u00e1rias para viajar para o Canad\u00e1. Levamos muito a s\u00e9rio a privacidade dos nossos visitantes. Segue-se a nossa pol\u00edtica completa em mat\u00e9ria de protec\u00e7\u00e3o de dados pessoais.<\/p>\n\n<h2 class=\"wp-block-heading\">A recolha de informa\u00e7\u00f5es no site<\/h2>\n\n<p>Aqui est\u00e1 a lista exaustiva de informa\u00e7\u00f5es pessoais que podem ser recolhidas no nosso site, armazenadas e utilizadas:<\/p>\n\n<ul class=\"wp-block-list\"><li>Sobre o seu computador: o seu endere\u00e7o IP, a sua localiza\u00e7\u00e3o, o seu browser, o seu sistema operativo;<\/li><li>Relativamente \u00e0 sua navega\u00e7\u00e3o no s\u00edtio: a dura\u00e7\u00e3o da sua visita, as p\u00e1ginas visualizadas, o seu percurso de navega\u00e7\u00e3o;<\/li><\/ul>\n\n<h2 class=\"wp-block-heading\">Utiliza\u00e7\u00e3o de dados recolhidos<\/h2>\n\n<p>Em caso algum fornecemos as suas informa\u00e7\u00f5es pessoais a terceiros. N\u00e3o utilizamos os dados recolhidos para fins de marketing directo ou comerciais.<\/p>\n\n<h2 class=\"wp-block-heading\">Per\u00edodo de conserva\u00e7\u00e3o de dados<\/h2>\n\n<p>Os dados recolhidos s\u00e3o regularmente apagados, o que significa que n\u00e3o mantemos qualquer conte\u00fado de correio electr\u00f3nico que nos tenha sido enviado durante mais de um m\u00eas. N\u00e3o fazemos qualquer uso de marketing dos dados de navega\u00e7\u00e3o.<\/p>\n\n<p>Atualizar informa\u00e7\u00f5es retidas: Informe-nos se pretende que as informa\u00e7\u00f5es pessoais que temos sobre si sejam corrigidas ou atualizadas durante o per\u00edodo de reten\u00e7\u00e3o.<\/p>\n\n<h2 class=\"wp-block-heading\">Seguran\u00e7a dos seus dados pessoais<\/h2>\n\n<p>Tomamos precau\u00e7\u00f5es t\u00e9cnicas para evitar o roubo de informa\u00e7\u00f5es pessoais contidas na nossa base de dados durante o seu tempo de reten\u00e7\u00e3o, mesmo que seja limitado. Armazenaremos todas as informa\u00e7\u00f5es pessoais transmitidas nos nossos servidores seguros.<\/p>\n\n<h2 class=\"wp-block-heading\">Os seus direitos em rela\u00e7\u00e3o aos dados pessoais<\/h2>\n\n<p>Tem o direito de nos pedir para transmitir qualquer informa\u00e7\u00e3o pessoal que tenhamos sobre si; isto pode ser feito mediante apresenta\u00e7\u00e3o de prova da sua identidade (fotoc\u00f3pia autenticada do passaporte + factura mostrando o seu endere\u00e7o domicili\u00e1rio).<\/p>\n\n<h2 class=\"wp-block-heading\">Atualizar esta Pol\u00edtica de Privacidade<\/h2>\n\n<p>Atualizamos regularmente esta pol\u00edtica. \u00c9 necess\u00e1rio verificar esta p\u00e1gina ao utilizar o s\u00edtio para altera\u00e7\u00f5es na pol\u00edtica de privacidade.<\/p>\n\n<h2 class=\"wp-block-heading\">Liga\u00e7\u00f5es contextuais a websites de terceiros<\/h2>\n\n<p>O nosso website cont\u00e9m um bom n\u00famero de links de hipertexto para websites de terceiros e informa\u00e7\u00f5es sobre eles. N\u00e3o temos qualquer controlo sobre estes sites, e n\u00e3o somos respons\u00e1veis pelas suas pol\u00edticas de privacidade ou pelas suas pr\u00e1ticas comerciais ou de marketing.<\/p>\n\n<h2 class=\"wp-block-heading\">Cookies<\/h2>\n\n<p>O nosso site utiliza cookies. Um cookie \u00e9 um ficheiro que cont\u00e9m um identificador (uma s\u00e9rie de letras e n\u00fameros) enviado por um servidor web para um navegador web e armazenado pelo navegador. O identificador \u00e9 ent\u00e3o devolvido ao servidor sempre que o navegador solicita uma p\u00e1gina a partir do servidor. Os cookies podem ser &#8220;persistentes&#8221; ou &#8220;sess\u00e3o&#8221;: um cookie persistente \u00e9 armazenado pelo navegador e permanece v\u00e1lido at\u00e9 \u00e0 data de validade, a menos que seja eliminado pelo utilizador antes desta data de validade; quanto a um cookie de sess\u00e3o, expira no final da sess\u00e3o do utilizador, quando o navegador est\u00e1 fechado. Os cookies geralmente n\u00e3o cont\u00eam nenhuma informa\u00e7\u00e3o que identifique pessoalmente um utilizador, mas as informa\u00e7\u00f5es pessoais que armazenamos sobre si podem estar ligadas \u00e0s informa\u00e7\u00f5es armazenadas nos cookies e obtidas por cookies. Utilizamos apenas cookies de sess\u00e3o e sem cookies persistentes no nosso site.<\/p>\n","protected":false},"excerpt":{"rendered":"<p>A nossa pol\u00edtica de privacidade de dados pessoais Somos um site de informa\u00e7\u00e3o sobre as formalidades necess\u00e1rias para viajar para o Canad\u00e1. Levamos muito a s\u00e9rio a privacidade dos nossos visitantes. Segue-se a nossa pol\u00edtica completa em mat\u00e9ria de protec\u00e7\u00e3o de dados pessoais. A recolha de informa\u00e7\u00f5es no site Aqui est\u00e1 a lista exaustiva de [&hellip;]<\/p>\n","protected":false},"author":1,"featured_media":0,"parent":0,"menu_order":0,"comment_status":"closed","ping_status":"closed","template":"","meta":{"footnotes":""},"class_list":["post-2881","page","type-page","status-publish","hentry"],"yoast_head":"<!-- This site is optimized with the Yoast SEO plugin v26.9 - https:\/\/yoast.com\/product\/yoast-seo-wordpress\/ -->\n<title>Privacidade e protec\u00e7\u00e3o de dados<\/title>\n<meta name=\"description\" content=\"A presente carta \u00e9 parte integrante das condi\u00e7\u00f5es gerais, encontrar nesta p\u00e1gina todas as informa\u00e7\u00f5es sobre a recolha de dados.\" \/>\n<meta name=\"robots\" content=\"index, follow, max-snippet:-1, max-image-preview:large, max-video-preview:-1\" \/>\n<link rel=\"canonical\" href=\"https:\/\/ave-eta-canada.com\/pt-pt\/privacidade-e-proteccao-de-dados\/\" \/>\n<meta property=\"og:locale\" content=\"pt_PT\" \/>\n<meta property=\"og:type\" content=\"article\" \/>\n<meta property=\"og:title\" content=\"Privacidade e protec\u00e7\u00e3o de dados\" \/>\n<meta property=\"og:description\" content=\"A presente carta \u00e9 parte integrante das condi\u00e7\u00f5es gerais, encontrar nesta p\u00e1gina todas as informa\u00e7\u00f5es sobre a recolha de dados.\" \/>\n<meta property=\"og:url\" content=\"https:\/\/ave-eta-canada.com\/pt-pt\/privacidade-e-proteccao-de-dados\/\" \/>\n<meta property=\"og:site_name\" content=\"VISA CANADA\" \/>\n<meta property=\"article:modified_time\" content=\"2022-09-09T16:29:13+00:00\" \/>\n<meta name=\"twitter:card\" content=\"summary_large_image\" \/>\n<meta name=\"twitter:label1\" content=\"Tempo estimado de leitura\" \/>\n\t<meta name=\"twitter:data1\" content=\"3 minutos\" \/>\n<script type=\"application\/ld+json\" class=\"yoast-schema-graph\">{\"@context\":\"https:\/\/schema.org\",\"@graph\":[{\"@type\":\"WebPage\",\"@id\":\"https:\/\/ave-eta-canada.com\/pt-pt\/privacidade-e-proteccao-de-dados\/\",\"url\":\"https:\/\/ave-eta-canada.com\/pt-pt\/privacidade-e-proteccao-de-dados\/\",\"name\":\"Privacidade e protec\u00e7\u00e3o de dados\",\"isPartOf\":{\"@id\":\"https:\/\/ave-eta-canada.com\/pt-pt\/#website\"},\"datePublished\":\"2022-09-06T07:59:56+00:00\",\"dateModified\":\"2022-09-09T16:29:13+00:00\",\"description\":\"A presente carta \u00e9 parte integrante das condi\u00e7\u00f5es gerais, encontrar nesta p\u00e1gina todas as informa\u00e7\u00f5es sobre a recolha de dados.\",\"breadcrumb\":{\"@id\":\"https:\/\/ave-eta-canada.com\/pt-pt\/privacidade-e-proteccao-de-dados\/#breadcrumb\"},\"inLanguage\":\"pt-PT\",\"potentialAction\":[{\"@type\":\"ReadAction\",\"target\":[\"https:\/\/ave-eta-canada.com\/pt-pt\/privacidade-e-proteccao-de-dados\/\"]}]},{\"@type\":\"BreadcrumbList\",\"@id\":\"https:\/\/ave-eta-canada.com\/pt-pt\/privacidade-e-proteccao-de-dados\/#breadcrumb\",\"itemListElement\":[{\"@type\":\"ListItem\",\"position\":1,\"name\":\"Home\",\"item\":\"https:\/\/ave-eta-canada.com\/pt-pt\/\"},{\"@type\":\"ListItem\",\"position\":2,\"name\":\"Privacidade e protec\u00e7\u00e3o de dados\"}]},{\"@type\":\"WebSite\",\"@id\":\"https:\/\/ave-eta-canada.com\/pt-pt\/#website\",\"url\":\"https:\/\/ave-eta-canada.com\/pt-pt\/\",\"name\":\"VISA CANADA\",\"description\":\"Autorisation Voyage Electronique\",\"potentialAction\":[{\"@type\":\"SearchAction\",\"target\":{\"@type\":\"EntryPoint\",\"urlTemplate\":\"https:\/\/ave-eta-canada.com\/pt-pt\/?s={search_term_string}\"},\"query-input\":{\"@type\":\"PropertyValueSpecification\",\"valueRequired\":true,\"valueName\":\"search_term_string\"}}],\"inLanguage\":\"pt-PT\"}]}<\/script>\n<!-- \/ Yoast SEO plugin. -->","yoast_head_json":{"title":"Privacidade e protec\u00e7\u00e3o de dados","description":"A presente carta \u00e9 parte integrante das condi\u00e7\u00f5es gerais, encontrar nesta p\u00e1gina todas as informa\u00e7\u00f5es sobre a recolha de dados.","robots":{"index":"index","follow":"follow","max-snippet":"max-snippet:-1","max-image-preview":"max-image-preview:large","max-video-preview":"max-video-preview:-1"},"canonical":"https:\/\/ave-eta-canada.com\/pt-pt\/privacidade-e-proteccao-de-dados\/","og_locale":"pt_PT","og_type":"article","og_title":"Privacidade e protec\u00e7\u00e3o de dados","og_description":"A presente carta \u00e9 parte integrante das condi\u00e7\u00f5es gerais, encontrar nesta p\u00e1gina todas as informa\u00e7\u00f5es sobre a recolha de dados.","og_url":"https:\/\/ave-eta-canada.com\/pt-pt\/privacidade-e-proteccao-de-dados\/","og_site_name":"VISA CANADA","article_modified_time":"2022-09-09T16:29:13+00:00","twitter_card":"summary_large_image","twitter_misc":{"Tempo estimado de leitura":"3 minutos"},"schema":{"@context":"https:\/\/schema.org","@graph":[{"@type":"WebPage","@id":"https:\/\/ave-eta-canada.com\/pt-pt\/privacidade-e-proteccao-de-dados\/","url":"https:\/\/ave-eta-canada.com\/pt-pt\/privacidade-e-proteccao-de-dados\/","name":"Privacidade e protec\u00e7\u00e3o de dados","isPartOf":{"@id":"https:\/\/ave-eta-canada.com\/pt-pt\/#website"},"datePublished":"2022-09-06T07:59:56+00:00","dateModified":"2022-09-09T16:29:13+00:00","description":"A presente carta \u00e9 parte integrante das condi\u00e7\u00f5es gerais, encontrar nesta p\u00e1gina todas as informa\u00e7\u00f5es sobre a recolha de dados.","breadcrumb":{"@id":"https:\/\/ave-eta-canada.com\/pt-pt\/privacidade-e-proteccao-de-dados\/#breadcrumb"},"inLanguage":"pt-PT","potentialAction":[{"@type":"ReadAction","target":["https:\/\/ave-eta-canada.com\/pt-pt\/privacidade-e-proteccao-de-dados\/"]}]},{"@type":"BreadcrumbList","@id":"https:\/\/ave-eta-canada.com\/pt-pt\/privacidade-e-proteccao-de-dados\/#breadcrumb","itemListElement":[{"@type":"ListItem","position":1,"name":"Home","item":"https:\/\/ave-eta-canada.com\/pt-pt\/"},{"@type":"ListItem","position":2,"name":"Privacidade e protec\u00e7\u00e3o de dados"}]},{"@type":"WebSite","@id":"https:\/\/ave-eta-canada.com\/pt-pt\/#website","url":"https:\/\/ave-eta-canada.com\/pt-pt\/","name":"VISA CANADA","description":"Autorisation Voyage Electronique","potentialAction":[{"@type":"SearchAction","target":{"@type":"EntryPoint","urlTemplate":"https:\/\/ave-eta-canada.com\/pt-pt\/?s={search_term_string}"},"query-input":{"@type":"PropertyValueSpecification","valueRequired":true,"valueName":"search_term_string"}}],"inLanguage":"pt-PT"}]}},"_links":{"self":[{"href":"https:\/\/ave-eta-canada.com\/pt-pt\/wp-json\/wp\/v2\/pages\/2881","targetHints":{"allow":["GET"]}}],"collection":[{"href":"https:\/\/ave-eta-canada.com\/pt-pt\/wp-json\/wp\/v2\/pages"}],"about":[{"href":"https:\/\/ave-eta-canada.com\/pt-pt\/wp-json\/wp\/v2\/types\/page"}],"author":[{"embeddable":true,"href":"https:\/\/ave-eta-canada.com\/pt-pt\/wp-json\/wp\/v2\/users\/1"}],"replies":[{"embeddable":true,"href":"https:\/\/ave-eta-canada.com\/pt-pt\/wp-json\/wp\/v2\/comments?post=2881"}],"version-history":[{"count":0,"href":"https:\/\/ave-eta-canada.com\/pt-pt\/wp-json\/wp\/v2\/pages\/2881\/revisions"}],"wp:attachment":[{"href":"https:\/\/ave-eta-canada.com\/pt-pt\/wp-json\/wp\/v2\/media?parent=2881"}],"curies":[{"name":"wp","href":"https:\/\/api.w.org\/{rel}","templated":true}]}}