{"id":3927,"date":"2023-02-09T10:18:37","date_gmt":"2023-02-09T10:18:37","guid":{"rendered":"https:\/\/ave-eta-canada.com\/arrivecan-canada\/"},"modified":"2025-10-09T09:14:58","modified_gmt":"2025-10-09T09:14:58","slug":"arrivecan-canada","status":"publish","type":"page","link":"https:\/\/ave-eta-canada.com\/pt-pt\/arrivecan-canada\/","title":{"rendered":"Formul\u00e1rio on-line do ArriveCAN Canada"},"content":{"rendered":"\n<h1 class=\"wp-block-heading\">ArriveCAN Canad\u00e1<\/h1>\n\n<h2 class=\"wp-block-heading\">O que \u00e9 o ArriveCAN?<\/h2>\n\n<p>ArriveCAN \u00e9 uma aplica\u00e7\u00e3o e um servi\u00e7o online desenvolvido pelo Governo do Canad\u00e1. Permite aos viajantes que entram no Canad\u00e1 apresentar informa\u00e7\u00f5es relacionadas com a COVID-19: plano de quarentena, estado de vacina\u00e7\u00e3o e resultados de testes. <\/p>\n\n<p>A partir de maio de 2023, <strong>o ArriveCAN deixa de ser uma formalidade obrigat\u00f3ria<\/strong>. A necessidade de obter uma autoriza\u00e7\u00e3o de viagem para o Canad\u00e1, como um visto canadiano, continua a ser obrigat\u00f3ria.   <\/p>\n\n<p><strong>Para uma estadia inferior a 6 meses<\/strong> n\u00e3o \u00e9 necess\u00e1rio um visto de turista para entrar no Canad\u00e1. Pode obter uma autoriza\u00e7\u00e3o de viagem online em poucos minutos, clicando no <a href=\"https:\/\/ave-eta-canada.com\/pt-pt\/formulario-eta-canada\/\">formul\u00e1rio online<\/a>. <\/p>\n\n<div style=\"height:20px\" aria-hidden=\"true\" class=\"wp-block-spacer\"><\/div>\n\n<h2 class=\"wp-block-heading\">Quando preencher o ArriveCAN?  <\/h2>\n\n<p>Os viajantes podem completar o ArriveCAN no prazo de 72 horas ap\u00f3s a chegada ao Canad\u00e1. \u00c9 importante submeter informa\u00e7\u00e3o actualizada e precisa para facilitar o processo de entrada no pa\u00eds. <\/p>\n\n<h2 class=\"wp-block-heading\">Como preencher o ArriveCAN?  <\/h2>\n\n<p>Para completar o ArriveCAN, descarregue a aplica\u00e7\u00e3o para o seu smartphone ou aceda ao servi\u00e7o online. Criar uma conta e seguir as instru\u00e7\u00f5es para fornecer as informa\u00e7\u00f5es necess\u00e1rias. Ter\u00e1 de apresentar detalhes tais como o seu itiner\u00e1rio de viagem, o estado de vacina\u00e7\u00e3o e um plano de quarentena apropriado, se necess\u00e1rio.  <\/p>\n\n<h2 class=\"wp-block-heading\">Quem deve completar o ArriveCAN?  <\/h2>\n\n<p>Este processo aduaneiro pode ser utilizado pelos viajantes que entram no Canad\u00e1, quer sejam canadianos, residentes permanentes ou estrangeiros. Isto inclui adultos e menores, embora os pais ou tutores possam completar o ArriveCAN para crian\u00e7as menores de 16 anos. <\/p>\n\n<h2 class=\"wp-block-heading\">Qual \u00e9 o pre\u00e7o da ArriveCAN?  <\/h2>\n\n<p>O ArriveCAN \u00e9 um servi\u00e7o gratuito oferecido pelo Governo do Canad\u00e1. N\u00e3o h\u00e1 nenhum custo para descarregar a aplica\u00e7\u00e3o ou utilizar o servi\u00e7o online. <\/p>\n\n<h2 class=\"wp-block-heading\">Como descarregar o ArriveCAN?  <\/h2>\n\n<p>O ArriveCAN est\u00e1 dispon\u00edvel como uma aplica\u00e7\u00e3o para smartphones Android e iOS. Pode descarreg\u00e1-lo da Loja Google Play para dispositivos Android ou da App Store para dispositivos iOS. Tamb\u00e9m pode aceder ao ArriveCAN atrav\u00e9s de um navegador web, visitando o s\u00edtio web do <a href=\"https:\/\/www.canada.ca\/fr\/agence-services-frontaliers\/services\/arrivecan.html\">governo canadiano<\/a>.  <\/p>\n\n<h2 class=\"wp-block-heading\">O ArriveCAN \u00e9 obrigat\u00f3rio?  <\/h2>\n\n<p>N\u00e3o, a partir de maio de 2023, o ArriveCAN deixa de ser obrigat\u00f3rio para os viajantes que entram no Canad\u00e1.  <\/p>\n\n<h2 class=\"wp-block-heading\">Preciso de completar o ArriveCAN para transitar pelo Canad\u00e1?  <\/h2>\n\n<p>N\u00e3o, os viajantes em tr\u00e2nsito pelo Canad\u00e1 j\u00e1 n\u00e3o s\u00e3o obrigados a preencher o ArriveCAN. As informa\u00e7\u00f5es apresentadas facilitar\u00e3o o processo de tr\u00e2nsito e ajudar\u00e3o as autoridades canadianas a garantir a seguran\u00e7a dos viajantes e dos residentes. <\/p>\n\n<h2 class=\"wp-block-heading\">Log\u00f3tipo da aplica\u00e7\u00e3o ArriveCAN na App Store e Google Play<\/h2>\n\n<p>Este \u00e9 o log\u00f3tipo da aplica\u00e7\u00e3o ArriveCAN. A aplica\u00e7\u00e3o pode ser descarregada gratuitamente a partir da Apple App Store e da Google Play Store. <\/p>\n\n<figure class=\"wp-block-image size-full\" id=\"ArriveCAN-app\"><img fetchpriority=\"high\" decoding=\"async\" width=\"668\" height=\"407\" src=\"https:\/\/ave-eta-canada.com\/wp-content\/uploads\/2023\/04\/ArriveCAN-app.webp\" alt=\"Aplica&#xE7;&#xE3;o ArriveCAN\" class=\"wp-image-4897\" title=\"Aplica&#xE7;&#xE3;o ArriveCAN\" srcset=\"https:\/\/ave-eta-canada.com\/wp-content\/uploads\/2023\/04\/ArriveCAN-app.webp 668w, https:\/\/ave-eta-canada.com\/wp-content\/uploads\/2023\/04\/ArriveCAN-app-300x183.webp 300w\" sizes=\"(max-width: 668px) 100vw, 668px\" \/><\/figure>\n","protected":false},"excerpt":{"rendered":"<p>ArriveCAN Canad\u00e1 O que \u00e9 o ArriveCAN? ArriveCAN \u00e9 uma aplica\u00e7\u00e3o e um servi\u00e7o online desenvolvido pelo Governo do Canad\u00e1. Permite aos viajantes que entram no Canad\u00e1 apresentar informa\u00e7\u00f5es relacionadas com a COVID-19: plano de quarentena, estado de vacina\u00e7\u00e3o e resultados de testes. A partir de maio de 2023, o ArriveCAN deixa de ser uma [&hellip;]<\/p>\n","protected":false},"author":1,"featured_media":0,"parent":0,"menu_order":0,"comment_status":"closed","ping_status":"closed","template":"","meta":{"footnotes":""},"class_list":["post-3927","page","type-page","status-publish","hentry"],"yoast_head":"<!-- This site is optimized with the Yoast SEO plugin v26.9 - https:\/\/yoast.com\/product\/yoast-seo-wordpress\/ -->\n<title>Formul\u00e1rio on-line do ArriveCAN Canada<\/title>\n<meta name=\"description\" content=\"Arrivecan \u00e9 o pedido de informa\u00e7\u00e3o de viagem do governo canadiano. Os viajantes que entram no Canad\u00e1 devem iniciar sess\u00e3o\" \/>\n<meta name=\"robots\" content=\"index, follow, max-snippet:-1, max-image-preview:large, max-video-preview:-1\" \/>\n<link rel=\"canonical\" href=\"https:\/\/ave-eta-canada.com\/pt-pt\/arrivecan-canada\/\" \/>\n<meta property=\"og:locale\" content=\"pt_PT\" \/>\n<meta property=\"og:type\" content=\"article\" \/>\n<meta property=\"og:title\" content=\"Formul\u00e1rio on-line do ArriveCAN Canada\" \/>\n<meta property=\"og:description\" content=\"Arrivecan \u00e9 o pedido de informa\u00e7\u00e3o de viagem do governo canadiano. Os viajantes que entram no Canad\u00e1 devem iniciar sess\u00e3o\" \/>\n<meta property=\"og:url\" content=\"https:\/\/ave-eta-canada.com\/pt-pt\/arrivecan-canada\/\" \/>\n<meta property=\"og:site_name\" content=\"VISA CANADA\" \/>\n<meta property=\"article:modified_time\" content=\"2025-10-09T09:14:58+00:00\" \/>\n<meta property=\"og:image\" content=\"https:\/\/ave-eta-canada.com\/wp-content\/uploads\/2023\/04\/ArriveCAN-app.webp\" \/>\n\t<meta property=\"og:image:width\" content=\"668\" \/>\n\t<meta property=\"og:image:height\" content=\"407\" \/>\n\t<meta property=\"og:image:type\" content=\"image\/webp\" \/>\n<meta name=\"twitter:card\" content=\"summary_large_image\" \/>\n<meta name=\"twitter:label1\" content=\"Tempo estimado de leitura\" \/>\n\t<meta name=\"twitter:data1\" content=\"2 minutos\" \/>\n<script type=\"application\/ld+json\" class=\"yoast-schema-graph\">{\"@context\":\"https:\/\/schema.org\",\"@graph\":[{\"@type\":\"WebPage\",\"@id\":\"https:\/\/ave-eta-canada.com\/pt-pt\/arrivecan-canada\/\",\"url\":\"https:\/\/ave-eta-canada.com\/pt-pt\/arrivecan-canada\/\",\"name\":\"Formul\u00e1rio on-line do ArriveCAN Canada\",\"isPartOf\":{\"@id\":\"https:\/\/ave-eta-canada.com\/pt-pt\/#website\"},\"primaryImageOfPage\":{\"@id\":\"https:\/\/ave-eta-canada.com\/pt-pt\/arrivecan-canada\/#primaryimage\"},\"image\":{\"@id\":\"https:\/\/ave-eta-canada.com\/pt-pt\/arrivecan-canada\/#primaryimage\"},\"thumbnailUrl\":\"https:\/\/ave-eta-canada.com\/wp-content\/uploads\/2023\/04\/ArriveCAN-app.webp\",\"datePublished\":\"2023-02-09T10:18:37+00:00\",\"dateModified\":\"2025-10-09T09:14:58+00:00\",\"description\":\"Arrivecan \u00e9 o pedido de informa\u00e7\u00e3o de viagem do governo canadiano. Os viajantes que entram no Canad\u00e1 devem iniciar sess\u00e3o\",\"breadcrumb\":{\"@id\":\"https:\/\/ave-eta-canada.com\/pt-pt\/arrivecan-canada\/#breadcrumb\"},\"inLanguage\":\"pt-PT\",\"potentialAction\":[{\"@type\":\"ReadAction\",\"target\":[\"https:\/\/ave-eta-canada.com\/pt-pt\/arrivecan-canada\/\"]}]},{\"@type\":\"ImageObject\",\"inLanguage\":\"pt-PT\",\"@id\":\"https:\/\/ave-eta-canada.com\/pt-pt\/arrivecan-canada\/#primaryimage\",\"url\":\"https:\/\/ave-eta-canada.com\/wp-content\/uploads\/2023\/04\/ArriveCAN-app.webp\",\"contentUrl\":\"https:\/\/ave-eta-canada.com\/wp-content\/uploads\/2023\/04\/ArriveCAN-app.webp\"},{\"@type\":\"BreadcrumbList\",\"@id\":\"https:\/\/ave-eta-canada.com\/pt-pt\/arrivecan-canada\/#breadcrumb\",\"itemListElement\":[{\"@type\":\"ListItem\",\"position\":1,\"name\":\"Home\",\"item\":\"https:\/\/ave-eta-canada.com\/pt-pt\/\"},{\"@type\":\"ListItem\",\"position\":2,\"name\":\"Formul\u00e1rio on-line do ArriveCAN Canada\"}]},{\"@type\":\"WebSite\",\"@id\":\"https:\/\/ave-eta-canada.com\/pt-pt\/#website\",\"url\":\"https:\/\/ave-eta-canada.com\/pt-pt\/\",\"name\":\"VISA CANADA\",\"description\":\"Autorisation Voyage Electronique\",\"potentialAction\":[{\"@type\":\"SearchAction\",\"target\":{\"@type\":\"EntryPoint\",\"urlTemplate\":\"https:\/\/ave-eta-canada.com\/pt-pt\/?s={search_term_string}\"},\"query-input\":{\"@type\":\"PropertyValueSpecification\",\"valueRequired\":true,\"valueName\":\"search_term_string\"}}],\"inLanguage\":\"pt-PT\"}]}<\/script>\n<!-- \/ Yoast SEO plugin. -->","yoast_head_json":{"title":"Formul\u00e1rio on-line do ArriveCAN Canada","description":"Arrivecan \u00e9 o pedido de informa\u00e7\u00e3o de viagem do governo canadiano. Os viajantes que entram no Canad\u00e1 devem iniciar sess\u00e3o","robots":{"index":"index","follow":"follow","max-snippet":"max-snippet:-1","max-image-preview":"max-image-preview:large","max-video-preview":"max-video-preview:-1"},"canonical":"https:\/\/ave-eta-canada.com\/pt-pt\/arrivecan-canada\/","og_locale":"pt_PT","og_type":"article","og_title":"Formul\u00e1rio on-line do ArriveCAN Canada","og_description":"Arrivecan \u00e9 o pedido de informa\u00e7\u00e3o de viagem do governo canadiano. Os viajantes que entram no Canad\u00e1 devem iniciar sess\u00e3o","og_url":"https:\/\/ave-eta-canada.com\/pt-pt\/arrivecan-canada\/","og_site_name":"VISA CANADA","article_modified_time":"2025-10-09T09:14:58+00:00","og_image":[{"width":668,"height":407,"url":"https:\/\/ave-eta-canada.com\/wp-content\/uploads\/2023\/04\/ArriveCAN-app.webp","type":"image\/webp"}],"twitter_card":"summary_large_image","twitter_misc":{"Tempo estimado de leitura":"2 minutos"},"schema":{"@context":"https:\/\/schema.org","@graph":[{"@type":"WebPage","@id":"https:\/\/ave-eta-canada.com\/pt-pt\/arrivecan-canada\/","url":"https:\/\/ave-eta-canada.com\/pt-pt\/arrivecan-canada\/","name":"Formul\u00e1rio on-line do ArriveCAN Canada","isPartOf":{"@id":"https:\/\/ave-eta-canada.com\/pt-pt\/#website"},"primaryImageOfPage":{"@id":"https:\/\/ave-eta-canada.com\/pt-pt\/arrivecan-canada\/#primaryimage"},"image":{"@id":"https:\/\/ave-eta-canada.com\/pt-pt\/arrivecan-canada\/#primaryimage"},"thumbnailUrl":"https:\/\/ave-eta-canada.com\/wp-content\/uploads\/2023\/04\/ArriveCAN-app.webp","datePublished":"2023-02-09T10:18:37+00:00","dateModified":"2025-10-09T09:14:58+00:00","description":"Arrivecan \u00e9 o pedido de informa\u00e7\u00e3o de viagem do governo canadiano. Os viajantes que entram no Canad\u00e1 devem iniciar sess\u00e3o","breadcrumb":{"@id":"https:\/\/ave-eta-canada.com\/pt-pt\/arrivecan-canada\/#breadcrumb"},"inLanguage":"pt-PT","potentialAction":[{"@type":"ReadAction","target":["https:\/\/ave-eta-canada.com\/pt-pt\/arrivecan-canada\/"]}]},{"@type":"ImageObject","inLanguage":"pt-PT","@id":"https:\/\/ave-eta-canada.com\/pt-pt\/arrivecan-canada\/#primaryimage","url":"https:\/\/ave-eta-canada.com\/wp-content\/uploads\/2023\/04\/ArriveCAN-app.webp","contentUrl":"https:\/\/ave-eta-canada.com\/wp-content\/uploads\/2023\/04\/ArriveCAN-app.webp"},{"@type":"BreadcrumbList","@id":"https:\/\/ave-eta-canada.com\/pt-pt\/arrivecan-canada\/#breadcrumb","itemListElement":[{"@type":"ListItem","position":1,"name":"Home","item":"https:\/\/ave-eta-canada.com\/pt-pt\/"},{"@type":"ListItem","position":2,"name":"Formul\u00e1rio on-line do ArriveCAN Canada"}]},{"@type":"WebSite","@id":"https:\/\/ave-eta-canada.com\/pt-pt\/#website","url":"https:\/\/ave-eta-canada.com\/pt-pt\/","name":"VISA CANADA","description":"Autorisation Voyage Electronique","potentialAction":[{"@type":"SearchAction","target":{"@type":"EntryPoint","urlTemplate":"https:\/\/ave-eta-canada.com\/pt-pt\/?s={search_term_string}"},"query-input":{"@type":"PropertyValueSpecification","valueRequired":true,"valueName":"search_term_string"}}],"inLanguage":"pt-PT"}]}},"_links":{"self":[{"href":"https:\/\/ave-eta-canada.com\/pt-pt\/wp-json\/wp\/v2\/pages\/3927","targetHints":{"allow":["GET"]}}],"collection":[{"href":"https:\/\/ave-eta-canada.com\/pt-pt\/wp-json\/wp\/v2\/pages"}],"about":[{"href":"https:\/\/ave-eta-canada.com\/pt-pt\/wp-json\/wp\/v2\/types\/page"}],"author":[{"embeddable":true,"href":"https:\/\/ave-eta-canada.com\/pt-pt\/wp-json\/wp\/v2\/users\/1"}],"replies":[{"embeddable":true,"href":"https:\/\/ave-eta-canada.com\/pt-pt\/wp-json\/wp\/v2\/comments?post=3927"}],"version-history":[{"count":2,"href":"https:\/\/ave-eta-canada.com\/pt-pt\/wp-json\/wp\/v2\/pages\/3927\/revisions"}],"predecessor-version":[{"id":6295,"href":"https:\/\/ave-eta-canada.com\/pt-pt\/wp-json\/wp\/v2\/pages\/3927\/revisions\/6295"}],"wp:attachment":[{"href":"https:\/\/ave-eta-canada.com\/pt-pt\/wp-json\/wp\/v2\/media?parent=3927"}],"curies":[{"name":"wp","href":"https:\/\/api.w.org\/{rel}","templated":true}]}}