{"id":2594,"date":"2022-09-06T07:58:28","date_gmt":"2022-09-06T07:58:28","guid":{"rendered":"https:\/\/ave-eta-canada.com\/vad-ar-vilt-kanada\/"},"modified":"2022-09-10T07:14:50","modified_gmt":"2022-09-10T07:14:50","slug":"vad-ar-vilt-eta-kanada","status":"publish","type":"page","link":"https:\/\/ave-eta-canada.com\/sv\/vad-ar-vilt-eta-kanada\/","title":{"rendered":"Vad \u00e4r eTA Kanada?"},"content":{"rendered":"\n<h1 class=\"wp-block-heading\">Vad \u00e4r en eTA Kanada?<\/h1>\n\n<p>eTA Kanada \u00e4r ett elektroniskt resetillst\u00e5nd som g\u00f6r det m\u00f6jligt f\u00f6r medborgare fr\u00e5n vissa l\u00e4nder att resa till Kanada med flyg utan att ans\u00f6ka om visum p\u00e5 den kanadensiska ambassaden. Ett eTA Kanada \u00e4r giltigt i fem \u00e5r och ger m\u00f6jlighet till flera turistresor p\u00e5 upp till sex m\u00e5nader under denna period. Den ska ocks\u00e5 anv\u00e4ndas vid transitering p\u00e5 kanadensiskt territorium.  <\/p>\n\n<p><strong>Du kan fylla i formaliteterna f\u00f6r inresa till Kanada<\/strong> direkt via Internet genom att klicka p\u00e5 <a href=\"https:\/\/ave-eta-canada.com\/sv\/kanada-eta-formular-online\/\">onlineformul\u00e4ret<\/a>. Det \u00e4r inte n\u00f6dv\u00e4ndigt att boka ett m\u00f6te p\u00e5 Kanadas ambassad eller konsulat.<\/p>\n\n<p>Det b\u00f6r ocks\u00e5 noteras att eTA Kanada \u00e4r ett dokument som \u00e4r kopplat till den s\u00f6kandes pass och d\u00e4rf\u00f6r inte l\u00e4ngre \u00e4r giltigt n\u00e4r passet har g\u00e5tt ut. Om du f\u00e5r ett nytt pass inom de fem \u00e5r som eTA \u00e4r giltigt m\u00e5ste du ans\u00f6ka om ett nytt tillst\u00e5nd.<\/p>\n\n<h2 class=\"wp-block-heading\">Vem kan ans\u00f6ka om eTA Kanada?<\/h2>\n\n<p>En <a href=\"https:\/\/ave-eta-canada.com\/sv\/\">ans\u00f6kan om eTA<\/a> Kanada kan g\u00f6ras av medborgare i l\u00e4nder som \u00e4r ber\u00e4ttigade till undantag fr\u00e5n viseringskravet och som vill resa till Kanada med flyg.<\/p>\n\n<h3 class=\"wp-block-heading\">F\u00f6rteckning \u00f6ver l\u00e4nder som kan ans\u00f6ka om eTA Kanada<\/h3>\n\n<figure class=\"wp-block-table\"><table><tbody><tr><td class=\"has-text-align-center\" data-align=\"center\">Tyskland<\/td><td class=\"has-text-align-center\" data-align=\"center\">Spanien<\/td><td class=\"has-text-align-center\" data-align=\"center\">Island<\/td><td class=\"has-text-align-center\" data-align=\"center\">Polen<\/td><td class=\"has-text-align-center\" data-align=\"center\">Vatikanen<\/td><\/tr><tr><td class=\"has-text-align-center\" data-align=\"center\">Andorra<\/td><td class=\"has-text-align-center\" data-align=\"center\">Estland<\/td><td class=\"has-text-align-center\" data-align=\"center\">Italien<\/td><td class=\"has-text-align-center\" data-align=\"center\">Portugal<\/td><td class=\"has-text-align-center\" data-align=\"center\"><strong>Sedan 2023 :<\/strong><\/td><\/tr><tr><td class=\"has-text-align-center\" data-align=\"center\">Anguilla<\/td><td class=\"has-text-align-center\" data-align=\"center\">Finland<\/td><td class=\"has-text-align-center\" data-align=\"center\">Japan<\/td><td class=\"has-text-align-center\" data-align=\"center\">Tjeckien<\/td><td class=\"has-text-align-center\" data-align=\"center\"><strong>Antigua och Barbuda<\/strong><\/td><\/tr><tr><td class=\"has-text-align-center\" data-align=\"center\">Australien<\/td><td class=\"has-text-align-center\" data-align=\"center\">Frankrike<\/td><td class=\"has-text-align-center\" data-align=\"center\">Lettland<\/td><td class=\"has-text-align-center\" data-align=\"center\">Republiken Korea<\/td><td class=\"has-text-align-center\" data-align=\"center\"><strong>Argentina<\/strong><\/td><\/tr><tr><td class=\"has-text-align-center\" data-align=\"center\">\u00d6sterrike<\/td><td class=\"has-text-align-center\" data-align=\"center\">Gibraltar<\/td><td class=\"has-text-align-center\" data-align=\"center\">Liechtenstein<\/td><td class=\"has-text-align-center\" data-align=\"center\">Rum\u00e4nien<\/td><td class=\"has-text-align-center\" data-align=\"center\"><strong>Costa Rica<\/strong><\/td><\/tr><tr><td class=\"has-text-align-center\" data-align=\"center\">bahamansk<\/td><td class=\"has-text-align-center\" data-align=\"center\">Grekland<\/td><td class=\"has-text-align-center\" data-align=\"center\">Litauen<\/td><td class=\"has-text-align-center\" data-align=\"center\">Storbritannien<\/td><td class=\"has-text-align-center\" data-align=\"center\"><strong>Marocko<\/strong><\/td><\/tr><tr><td class=\"has-text-align-center\" data-align=\"center\">Barbados<\/td><td class=\"has-text-align-center\" data-align=\"center\">hong kong<\/td><td class=\"has-text-align-center\" data-align=\"center\">Luxemburg<\/td><td class=\"has-text-align-center\" data-align=\"center\">Sainte-H\u00e9l\u00e8ne<\/td><td class=\"has-text-align-center\" data-align=\"center\"><strong>Panama<\/strong><\/td><\/tr><tr><td class=\"has-text-align-center\" data-align=\"center\">Belgien<\/td><td class=\"has-text-align-center\" data-align=\"center\">Ungern<\/td><td class=\"has-text-align-center\" data-align=\"center\">Malta<\/td><td class=\"has-text-align-center\" data-align=\"center\">San Marino<\/td><td class=\"has-text-align-center\" data-align=\"center\"><strong>Filippinerna<\/strong><\/td><\/tr><tr><td class=\"has-text-align-center\" data-align=\"center\">Bermuda<\/td><td class=\"has-text-align-center\" data-align=\"center\">Cayman\u00f6arna<\/td><td class=\"has-text-align-center\" data-align=\"center\">Mexiko<\/td><td class=\"has-text-align-center\" data-align=\"center\">Samoa<\/td><td class=\"has-text-align-center\" data-align=\"center\"><strong>Saint Kitts och Nevis<\/strong><\/td><\/tr><tr><td class=\"has-text-align-center\" data-align=\"center\">Brunei<\/td><td class=\"has-text-align-center\" data-align=\"center\">Falklands\u00f6arna<\/td><td class=\"has-text-align-center\" data-align=\"center\">Monaco<\/td><td class=\"has-text-align-center\" data-align=\"center\">Singapore<\/td><td class=\"has-text-align-center\" data-align=\"center\"><strong>Sankta Lucia<\/strong><\/td><\/tr><tr><td class=\"has-text-align-center\" data-align=\"center\">Bulgarien<\/td><td class=\"has-text-align-center\" data-align=\"center\">Pitcairn\u00f6arna<\/td><td class=\"has-text-align-center\" data-align=\"center\">Montserrat<\/td><td class=\"has-text-align-center\" data-align=\"center\">Slovakien<\/td><td class=\"has-text-align-center\" data-align=\"center\"><strong>Saint Vincent och Grenadinerna<\/strong><\/td><\/tr><tr><td class=\"has-text-align-center\" data-align=\"center\">Chile<\/td><td class=\"has-text-align-center\" data-align=\"center\">Salomon\u00f6arna<\/td><td class=\"has-text-align-center\" data-align=\"center\">Norge<\/td><td class=\"has-text-align-center\" data-align=\"center\">Slovenien<\/td><td class=\"has-text-align-center\" data-align=\"center\"><strong>Seychellerna<\/strong><\/td><\/tr><tr><td class=\"has-text-align-center\" data-align=\"center\">Cypern<\/td><td class=\"has-text-align-center\" data-align=\"center\">Turks- och Caicos\u00f6arna<\/td><td class=\"has-text-align-center\" data-align=\"center\">Nya Zeeland<\/td><td class=\"has-text-align-center\" data-align=\"center\">Sverige<\/td><td class=\"has-text-align-center\" data-align=\"center\"><strong>Thailand<\/strong><\/td><\/tr><tr><td class=\"has-text-align-center\" data-align=\"center\">Kroatien<\/td><td class=\"has-text-align-center\" data-align=\"center\">Brittiska Jungfru\u00f6arna<\/td><td class=\"has-text-align-center\" data-align=\"center\">Papua Nya Guinea<\/td><td class=\"has-text-align-center\" data-align=\"center\">schweiziska<\/td><td class=\"has-text-align-center\" data-align=\"center\"><strong>Trinidad och Tobago<\/strong><\/td><\/tr><tr><td class=\"has-text-align-center\" data-align=\"center\">Danmark<\/td><td class=\"has-text-align-center\" data-align=\"center\">Irland<\/td><td class=\"has-text-align-center\" data-align=\"center\">Nederl\u00e4nderna<\/td><td class=\"has-text-align-center\" data-align=\"center\">Taiwan<\/td><td class=\"has-text-align-center\" data-align=\"center\"><strong>Uruguay<\/strong><\/td><\/tr><\/tbody><\/table><figcaption class=\"wp-element-caption\">F\u00f6rteckning \u00f6ver l\u00e4nder som omfattas av det kanadensiska programmet f\u00f6r viseringsundantag<\/figcaption><\/figure>\n\n<p><strong>*p\u00e5 vissa villkor<\/strong><\/p>\n\n<p>Medborgare i dessa l\u00e4nder kan ans\u00f6ka om eTA f\u00f6r en turistvistelse p\u00e5 upp till sex m\u00e5nader. I alla andra fall kr\u00e4vs en <a href=\"https:\/\/www.canada.ca\/en\/immigration-refugees-citizenship\/services\/visit-canada\/apply-visitor-visa.html\">ans\u00f6kan om ett kanadensiskt visum<\/a> (t.ex. f\u00f6r att arbeta, studera eller g\u00f6ra praktik i Kanada).<\/p>\n\n<h2 class=\"wp-block-heading\">Var kan man ans\u00f6ka om eTA Kanada?<\/h2>\n\n<p>F\u00f6r att ans\u00f6ka om ett eTA Kanada kan du antingen g\u00e5 till den kanadensiska regeringens officiella webbplats eller anv\u00e4nda en oberoende webbplats, till exempel v\u00e5r partners, som g\u00f6r ans\u00f6kan \u00e5t dig. Ans\u00f6kan om eTA Kanada g\u00f6rs endast online. Du beh\u00f6ver inte g\u00e5 till den kanadensiska ambassaden f\u00f6r att f\u00e5 den.<\/p>\n\n<p>P\u00e5 regeringens officiella webbplats m\u00e5ste du fylla i olika uppgifter om dig sj\u00e4lv, till exempel fullst\u00e4ndigt namn, nationalitet, f\u00f6delseort, kontaktuppgifter osv. Du kommer ocks\u00e5 att bli ombedd att l\u00e4mna uppgifter om ditt pass: passnummer, datum f\u00f6r utf\u00e4rdande och utf\u00e4rdande land, utg\u00e5ngsdatum osv.<\/p>\n\n<p>Du m\u00e5ste ocks\u00e5 svara p\u00e5 en rad fr\u00e5gor om din bakgrund, till exempel om du tidigare har nekats visum eller arbetstillst\u00e5nd av den kanadensiska regeringen, om du har f\u00e5tt order att l\u00e4mna landet, om du har diagnostiserats med tuberkulos eller om du lider av alkoholism.<\/p>\n\n<p>Observera: Om du har <a href=\"https:\/\/ave-eta-canada.com\/sv\/vad-du-ska-gora-om-du-forlorar-numret-eta-kanada\/\">tappat bort din eTA<\/a> Kanada kan du h\u00e4mta den p\u00e5 den officiella webbplatsen f\u00f6r den kanadensiska regeringen. Mer information finns i artikeln om detta \u00e4mne.  <\/p>\n\n<p>P\u00e5 en privat webbplats \u00e4r ans\u00f6kningsformul\u00e4ret f\u00f6renklat och kontrolleras av ett team av yrkesverksamma innan det godk\u00e4nns. Du kan vara s\u00e4ker p\u00e5 att den eTA som du f\u00e5r \u00e4r lika officiell som ett tillst\u00e5nd som beg\u00e4rs p\u00e5 den officiella webbplatsen. Skillnaden \u00e4r helt enkelt att du erbjuds st\u00f6d f\u00f6r att hj\u00e4lpa dig genom processen och minska risken f\u00f6r avslag. De flesta avslag p\u00e5 resetillst\u00e5nd beror p\u00e5 ett skrivfel, ett stavfel eller ett misstag i passnumret.<\/p>\n","protected":false},"excerpt":{"rendered":"<p>Vad \u00e4r en eTA Kanada? eTA Kanada \u00e4r ett elektroniskt resetillst\u00e5nd som g\u00f6r det m\u00f6jligt f\u00f6r medborgare fr\u00e5n vissa l\u00e4nder att resa till Kanada med flyg utan att ans\u00f6ka om visum p\u00e5 den kanadensiska ambassaden. Ett eTA Kanada \u00e4r giltigt i fem \u00e5r och ger m\u00f6jlighet till flera turistresor p\u00e5 upp till sex m\u00e5nader under [&hellip;]<\/p>\n","protected":false},"author":1,"featured_media":0,"parent":0,"menu_order":0,"comment_status":"closed","ping_status":"closed","template":"","meta":{"footnotes":""},"class_list":["post-2594","page","type-page","status-publish","hentry"],"yoast_head":"<!-- This site is optimized with the Yoast SEO plugin v26.9 - https:\/\/yoast.com\/product\/yoast-seo-wordpress\/ -->\n<title>Vad \u00e4r eTA Kanada?<\/title>\n<meta name=\"description\" content=\"eTA Canada \u00e4r ett elektroniskt resetillst\u00e5nd som g\u00f6r det m\u00f6jligt f\u00f6r vissa resen\u00e4rer att bes\u00f6ka Kanada utan visum. L\u00e4s v\u00e5r artikel.\" \/>\n<meta name=\"robots\" content=\"index, follow, max-snippet:-1, max-image-preview:large, max-video-preview:-1\" \/>\n<link rel=\"canonical\" href=\"https:\/\/ave-eta-canada.com\/sv\/vad-ar-vilt-eta-kanada\/\" \/>\n<meta property=\"og:locale\" content=\"sv_SE\" \/>\n<meta property=\"og:type\" content=\"article\" \/>\n<meta property=\"og:title\" content=\"Vad \u00e4r eTA Kanada?\" \/>\n<meta property=\"og:description\" content=\"eTA Canada \u00e4r ett elektroniskt resetillst\u00e5nd som g\u00f6r det m\u00f6jligt f\u00f6r vissa resen\u00e4rer att bes\u00f6ka Kanada utan visum. L\u00e4s v\u00e5r artikel.\" \/>\n<meta property=\"og:url\" content=\"https:\/\/ave-eta-canada.com\/sv\/vad-ar-vilt-eta-kanada\/\" \/>\n<meta property=\"og:site_name\" content=\"VISA CANADA\" \/>\n<meta property=\"article:modified_time\" content=\"2022-09-10T07:14:50+00:00\" \/>\n<meta name=\"twitter:card\" content=\"summary_large_image\" \/>\n<meta name=\"twitter:label1\" content=\"Ber\u00e4knad l\u00e4stid\" \/>\n\t<meta name=\"twitter:data1\" content=\"3 minuter\" \/>\n<script type=\"application\/ld+json\" class=\"yoast-schema-graph\">{\"@context\":\"https:\/\/schema.org\",\"@graph\":[{\"@type\":\"WebPage\",\"@id\":\"https:\/\/ave-eta-canada.com\/sv\/vad-ar-vilt-eta-kanada\/\",\"url\":\"https:\/\/ave-eta-canada.com\/sv\/vad-ar-vilt-eta-kanada\/\",\"name\":\"Vad \u00e4r eTA Kanada?\",\"isPartOf\":{\"@id\":\"https:\/\/ave-eta-canada.com\/sv\/#website\"},\"datePublished\":\"2022-09-06T07:58:28+00:00\",\"dateModified\":\"2022-09-10T07:14:50+00:00\",\"description\":\"eTA Canada \u00e4r ett elektroniskt resetillst\u00e5nd som g\u00f6r det m\u00f6jligt f\u00f6r vissa resen\u00e4rer att bes\u00f6ka Kanada utan visum. L\u00e4s v\u00e5r artikel.\",\"breadcrumb\":{\"@id\":\"https:\/\/ave-eta-canada.com\/sv\/vad-ar-vilt-eta-kanada\/#breadcrumb\"},\"inLanguage\":\"sv-SE\",\"potentialAction\":[{\"@type\":\"ReadAction\",\"target\":[\"https:\/\/ave-eta-canada.com\/sv\/vad-ar-vilt-eta-kanada\/\"]}]},{\"@type\":\"BreadcrumbList\",\"@id\":\"https:\/\/ave-eta-canada.com\/sv\/vad-ar-vilt-eta-kanada\/#breadcrumb\",\"itemListElement\":[{\"@type\":\"ListItem\",\"position\":1,\"name\":\"Home\",\"item\":\"https:\/\/ave-eta-canada.com\/sv\/\"},{\"@type\":\"ListItem\",\"position\":2,\"name\":\"Vad \u00e4r eTA Kanada?\"}]},{\"@type\":\"WebSite\",\"@id\":\"https:\/\/ave-eta-canada.com\/sv\/#website\",\"url\":\"https:\/\/ave-eta-canada.com\/sv\/\",\"name\":\"VISA CANADA\",\"description\":\"Autorisation Voyage Electronique\",\"potentialAction\":[{\"@type\":\"SearchAction\",\"target\":{\"@type\":\"EntryPoint\",\"urlTemplate\":\"https:\/\/ave-eta-canada.com\/sv\/?s={search_term_string}\"},\"query-input\":{\"@type\":\"PropertyValueSpecification\",\"valueRequired\":true,\"valueName\":\"search_term_string\"}}],\"inLanguage\":\"sv-SE\"}]}<\/script>\n<!-- \/ Yoast SEO plugin. -->","yoast_head_json":{"title":"Vad \u00e4r eTA Kanada?","description":"eTA Canada \u00e4r ett elektroniskt resetillst\u00e5nd som g\u00f6r det m\u00f6jligt f\u00f6r vissa resen\u00e4rer att bes\u00f6ka Kanada utan visum. L\u00e4s v\u00e5r artikel.","robots":{"index":"index","follow":"follow","max-snippet":"max-snippet:-1","max-image-preview":"max-image-preview:large","max-video-preview":"max-video-preview:-1"},"canonical":"https:\/\/ave-eta-canada.com\/sv\/vad-ar-vilt-eta-kanada\/","og_locale":"sv_SE","og_type":"article","og_title":"Vad \u00e4r eTA Kanada?","og_description":"eTA Canada \u00e4r ett elektroniskt resetillst\u00e5nd som g\u00f6r det m\u00f6jligt f\u00f6r vissa resen\u00e4rer att bes\u00f6ka Kanada utan visum. L\u00e4s v\u00e5r artikel.","og_url":"https:\/\/ave-eta-canada.com\/sv\/vad-ar-vilt-eta-kanada\/","og_site_name":"VISA CANADA","article_modified_time":"2022-09-10T07:14:50+00:00","twitter_card":"summary_large_image","twitter_misc":{"Ber\u00e4knad l\u00e4stid":"3 minuter"},"schema":{"@context":"https:\/\/schema.org","@graph":[{"@type":"WebPage","@id":"https:\/\/ave-eta-canada.com\/sv\/vad-ar-vilt-eta-kanada\/","url":"https:\/\/ave-eta-canada.com\/sv\/vad-ar-vilt-eta-kanada\/","name":"Vad \u00e4r eTA Kanada?","isPartOf":{"@id":"https:\/\/ave-eta-canada.com\/sv\/#website"},"datePublished":"2022-09-06T07:58:28+00:00","dateModified":"2022-09-10T07:14:50+00:00","description":"eTA Canada \u00e4r ett elektroniskt resetillst\u00e5nd som g\u00f6r det m\u00f6jligt f\u00f6r vissa resen\u00e4rer att bes\u00f6ka Kanada utan visum. L\u00e4s v\u00e5r artikel.","breadcrumb":{"@id":"https:\/\/ave-eta-canada.com\/sv\/vad-ar-vilt-eta-kanada\/#breadcrumb"},"inLanguage":"sv-SE","potentialAction":[{"@type":"ReadAction","target":["https:\/\/ave-eta-canada.com\/sv\/vad-ar-vilt-eta-kanada\/"]}]},{"@type":"BreadcrumbList","@id":"https:\/\/ave-eta-canada.com\/sv\/vad-ar-vilt-eta-kanada\/#breadcrumb","itemListElement":[{"@type":"ListItem","position":1,"name":"Home","item":"https:\/\/ave-eta-canada.com\/sv\/"},{"@type":"ListItem","position":2,"name":"Vad \u00e4r eTA Kanada?"}]},{"@type":"WebSite","@id":"https:\/\/ave-eta-canada.com\/sv\/#website","url":"https:\/\/ave-eta-canada.com\/sv\/","name":"VISA CANADA","description":"Autorisation Voyage Electronique","potentialAction":[{"@type":"SearchAction","target":{"@type":"EntryPoint","urlTemplate":"https:\/\/ave-eta-canada.com\/sv\/?s={search_term_string}"},"query-input":{"@type":"PropertyValueSpecification","valueRequired":true,"valueName":"search_term_string"}}],"inLanguage":"sv-SE"}]}},"_links":{"self":[{"href":"https:\/\/ave-eta-canada.com\/sv\/wp-json\/wp\/v2\/pages\/2594","targetHints":{"allow":["GET"]}}],"collection":[{"href":"https:\/\/ave-eta-canada.com\/sv\/wp-json\/wp\/v2\/pages"}],"about":[{"href":"https:\/\/ave-eta-canada.com\/sv\/wp-json\/wp\/v2\/types\/page"}],"author":[{"embeddable":true,"href":"https:\/\/ave-eta-canada.com\/sv\/wp-json\/wp\/v2\/users\/1"}],"replies":[{"embeddable":true,"href":"https:\/\/ave-eta-canada.com\/sv\/wp-json\/wp\/v2\/comments?post=2594"}],"version-history":[{"count":0,"href":"https:\/\/ave-eta-canada.com\/sv\/wp-json\/wp\/v2\/pages\/2594\/revisions"}],"wp:attachment":[{"href":"https:\/\/ave-eta-canada.com\/sv\/wp-json\/wp\/v2\/media?parent=2594"}],"curies":[{"name":"wp","href":"https:\/\/api.w.org\/{rel}","templated":true}]}}