{"id":2597,"date":"2022-09-06T07:58:28","date_gmt":"2022-09-06T07:58:28","guid":{"rendered":"https:\/\/ave-eta-canada.com\/fylla-i-blankett-formular-for-kanada\/"},"modified":"2022-09-09T20:42:18","modified_gmt":"2022-09-09T20:42:18","slug":"fylla-i-blankett-eta-formular-for-kanada","status":"publish","type":"page","link":"https:\/\/ave-eta-canada.com\/sv\/fylla-i-blankett-eta-formular-for-kanada\/","title":{"rendered":"Fyll i eTA-formul\u00e4ret f\u00f6r Kanada"},"content":{"rendered":"\n<h1 class=\"wp-block-heading\">Hur fyller jag i eTA-formul\u00e4ret f\u00f6r Kanada?<\/h1>\n\n<p>Det \u00e4r inte l\u00e4ngre n\u00f6dv\u00e4ndigt att skaffa ett kanadensiskt visum f\u00f6r att resa till Kanada. Allt du beh\u00f6ver g\u00f6ra \u00e4r att skaffa ett elektroniskt resetillst\u00e5nd (ETA) via Internet.  <\/p>\n\n<p><strong>F\u00f6r en vistelse p\u00e5 mindre \u00e4n 6 m\u00e5nader i Kanada<\/strong>: Du kan fylla i formaliteterna f\u00f6r inresa till Kanada direkt via Internet genom att klicka p\u00e5 <a href=\"https:\/\/ave-eta-canada.com\/sv\/kanada-eta-formular-online\/\">onlineformul\u00e4ret<\/a>. Det \u00e4r inte n\u00f6dv\u00e4ndigt att boka ett m\u00f6te p\u00e5 Kanadas ambassad eller konsulat.<\/p>\n\n<p>F\u00f6r att ans\u00f6ka m\u00e5ste eTA-formul\u00e4ret f\u00f6r Kanada fyllas i korrekt. Det \u00e4r viktigt att f\u00f6r det f\u00f6rsta ta reda p\u00e5 om du \u00e4r ber\u00e4ttigad till detta system och f\u00f6r det andra veta hur du ska fylla i eTA-ans\u00f6kningsformul\u00e4ret f\u00f6r din resa till Kanada.<br\/><\/p>\n\n<h2 class=\"wp-block-heading\">Kan du fylla i den elektroniska resetillst\u00e5ndsblanketten f\u00f6r Kanada?<\/h2>\n\n<p>Den kanadensiska regeringen har inf\u00f6rt ett <a href=\"https:\/\/ave-eta-canada.com\/sv\/visum-ar-det-vasentligt-att-komma-till-kanada\/\">program f\u00f6r viseringsundantag<\/a>. Detta \u00e4r ett elektroniskt resetillst\u00e5ndsformul\u00e4r som syftar till att underl\u00e4tta den administrativa processen f\u00f6r resen\u00e4rer som vill bes\u00f6ka Kanada. Passet ger dig inte r\u00e4tt att utvandra till Kanada eller att studera eller arbeta d\u00e4r, utan ger dig bara r\u00e4tt att stanna i Kanada utan att beh\u00f6va ans\u00f6ka om visum f\u00f6r en turist- eller aff\u00e4rsresa. F\u00f6r att f\u00e5 uppleva livet i Kanada med en eTA m\u00e5ste du uppfylla vissa kriterier:<\/p>\n\n<ul class=\"wp-block-list\"><li>Endast medborgare i l\u00e4nder som \u00e4r medlemmar i detta system \u00e4r ber\u00e4ttigade (du kan enkelt hitta en f\u00f6rteckning \u00f6ver de ber\u00f6rda l\u00e4nderna p\u00e5 Internet);<\/li><li>vistelsen m\u00e5ste vara tillf\u00e4llig, dvs. kortare \u00e4n sex m\u00e5nader;<\/li><li>Ankomsten till Kanada m\u00e5ste ske med flyg;<\/li><li>Ditt pass m\u00e5ste vara giltigt, med en rekommenderad giltighetstid p\u00e5 6 m\u00e5nader.<br\/><br\/><\/li><\/ul>\n\n<h2 class=\"wp-block-heading\">Fyll i ans\u00f6kningsformul\u00e4ret eTA f\u00f6r Kanada<\/h2>\n\n<p><a href=\"https:\/\/ave-eta-canada.com\/sv\/nyheter-om-eta\/\"> eTA-ans\u00f6kningsblanketten f\u00f6r Kanada<\/a> finns inte i pappersformat. Resen\u00e4rerna m\u00e5ste allts\u00e5 fylla i ett onlineformul\u00e4r som \u00e4r uppdelat i flera delar.<\/p>\n\n<p>Du ombeds l\u00e4mna m\u00e5nga personuppgifter om ditt arbete, ditt hem, dina resedatum (valfri information), din h\u00e4lsa och ditt brottsregister. Se till att du svarar \u00e4rligt, korrekt och framf\u00f6r allt mycket noggrant p\u00e5 fr\u00e5gorna i <a href=\"https:\/\/ave-eta-canada.com\/sv\/gor-en-ansokan-hos-kanadas-officiella-myndighet\/\">eTA Canada-ans\u00f6kningsblanketten<\/a>, f\u00f6r om du g\u00f6r ett misstag kan det h\u00e4nda att du inte f\u00e5r tillst\u00e5nd.<\/p>\n\n<p>Du ombeds att underteckna blanketten elektroniskt genom att skriva in ditt namn. F\u00f6r att slutf\u00f6ra din eTA-ans\u00f6kan f\u00f6r Kanada m\u00e5ste du betala 7 kanadensiska dollar.<\/p>\n\n<p>Ans\u00f6kan kan g\u00f6ras p\u00e5 den officiella webbplatsen f\u00f6r den kanadensiska regeringen eller p\u00e5 en av de privata webbplatser som erbjuder sig att g\u00f6ra detta \u00e5t dig. Ans\u00f6kan f\u00f6renklas och g\u00e5r d\u00e4rf\u00f6r snabbare.<br\/><br\/><\/p>\n\n<h2 class=\"wp-block-heading\">F\u00e5 din eTA Kanada efter att du har fyllt i formul\u00e4ret<\/h2>\n\n<p>Du <a href=\"https:\/\/ave-eta-canada.com\/sv\/dags-att-skaffa-eta-kanada\/\">kommer att f\u00e5eTA<\/a> \u00e5terkoppling direkt via e-post till den e-postadress som du angav vid ans\u00f6kningstillf\u00e4llet. De kanadensiska myndigheterna kommer att skicka dig tv\u00e5 e-postmeddelanden: det f\u00f6rsta \u00e4r en bekr\u00e4ftelse p\u00e5 att du har mottagit din ans\u00f6kan, det andra \u00e4r ett svar p\u00e5 din ans\u00f6kan.<\/p>\n\n<p>Observera att det elektroniska resetillst\u00e5ndet f\u00f6r Kanada \u00e4r giltigt i fem \u00e5r (om du inte byter pass under tiden), vilket g\u00f6r att du kan f\u00f6rnya din resa f\u00f6r att uppt\u00e4cka andra regioner eller \u00e5teruppt\u00e4cka platser som du redan har njutit av.<\/p>\n\n<p>Vi hoppas att v\u00e5ra tips om hur du fyller i <a href=\"https:\/\/ave-eta-canada.com\/sv\/\">eTA-ans\u00f6kningsblanketten<\/a> f\u00f6r Kanada har hj\u00e4lpt dig.<\/p>\n","protected":false},"excerpt":{"rendered":"<p>Hur fyller jag i eTA-formul\u00e4ret f\u00f6r Kanada? Det \u00e4r inte l\u00e4ngre n\u00f6dv\u00e4ndigt att skaffa ett kanadensiskt visum f\u00f6r att resa till Kanada. Allt du beh\u00f6ver g\u00f6ra \u00e4r att skaffa ett elektroniskt resetillst\u00e5nd (ETA) via Internet. F\u00f6r en vistelse p\u00e5 mindre \u00e4n 6 m\u00e5nader i Kanada: Du kan fylla i formaliteterna f\u00f6r inresa till Kanada direkt [&hellip;]<\/p>\n","protected":false},"author":1,"featured_media":0,"parent":0,"menu_order":0,"comment_status":"closed","ping_status":"closed","template":"","meta":{"footnotes":""},"class_list":["post-2597","page","type-page","status-publish","hentry"],"yoast_head":"<!-- This site is optimized with the Yoast SEO plugin v26.9 - https:\/\/yoast.com\/product\/yoast-seo-wordpress\/ -->\n<title>Fyll i eTA-formul\u00e4ret f\u00f6r Kanada<\/title>\n<meta name=\"description\" content=\"Vill du \u00e5ka till Kanada? V\u00e5rt expertteam f\u00f6rklarar hur du ans\u00f6ker och fyller i eTA Kanada-formul\u00e4ret korrekt\" \/>\n<meta name=\"robots\" content=\"index, follow, max-snippet:-1, max-image-preview:large, max-video-preview:-1\" \/>\n<link rel=\"canonical\" href=\"https:\/\/ave-eta-canada.com\/sv\/fylla-i-blankett-eta-formular-for-kanada\/\" \/>\n<meta property=\"og:locale\" content=\"sv_SE\" \/>\n<meta property=\"og:type\" content=\"article\" \/>\n<meta property=\"og:title\" content=\"Fyll i eTA-formul\u00e4ret f\u00f6r Kanada\" \/>\n<meta property=\"og:description\" content=\"Vill du \u00e5ka till Kanada? V\u00e5rt expertteam f\u00f6rklarar hur du ans\u00f6ker och fyller i eTA Kanada-formul\u00e4ret korrekt\" \/>\n<meta property=\"og:url\" content=\"https:\/\/ave-eta-canada.com\/sv\/fylla-i-blankett-eta-formular-for-kanada\/\" \/>\n<meta property=\"og:site_name\" content=\"VISA CANADA\" \/>\n<meta property=\"article:modified_time\" content=\"2022-09-09T20:42:18+00:00\" \/>\n<meta name=\"twitter:card\" content=\"summary_large_image\" \/>\n<meta name=\"twitter:label1\" content=\"Ber\u00e4knad l\u00e4stid\" \/>\n\t<meta name=\"twitter:data1\" content=\"3 minuter\" \/>\n<script type=\"application\/ld+json\" class=\"yoast-schema-graph\">{\"@context\":\"https:\/\/schema.org\",\"@graph\":[{\"@type\":\"WebPage\",\"@id\":\"https:\/\/ave-eta-canada.com\/sv\/fylla-i-blankett-eta-formular-for-kanada\/\",\"url\":\"https:\/\/ave-eta-canada.com\/sv\/fylla-i-blankett-eta-formular-for-kanada\/\",\"name\":\"Fyll i eTA-formul\u00e4ret f\u00f6r Kanada\",\"isPartOf\":{\"@id\":\"https:\/\/ave-eta-canada.com\/sv\/#website\"},\"datePublished\":\"2022-09-06T07:58:28+00:00\",\"dateModified\":\"2022-09-09T20:42:18+00:00\",\"description\":\"Vill du \u00e5ka till Kanada? V\u00e5rt expertteam f\u00f6rklarar hur du ans\u00f6ker och fyller i eTA Kanada-formul\u00e4ret korrekt\",\"breadcrumb\":{\"@id\":\"https:\/\/ave-eta-canada.com\/sv\/fylla-i-blankett-eta-formular-for-kanada\/#breadcrumb\"},\"inLanguage\":\"sv-SE\",\"potentialAction\":[{\"@type\":\"ReadAction\",\"target\":[\"https:\/\/ave-eta-canada.com\/sv\/fylla-i-blankett-eta-formular-for-kanada\/\"]}]},{\"@type\":\"BreadcrumbList\",\"@id\":\"https:\/\/ave-eta-canada.com\/sv\/fylla-i-blankett-eta-formular-for-kanada\/#breadcrumb\",\"itemListElement\":[{\"@type\":\"ListItem\",\"position\":1,\"name\":\"Home\",\"item\":\"https:\/\/ave-eta-canada.com\/sv\/\"},{\"@type\":\"ListItem\",\"position\":2,\"name\":\"Fyll i eTA-formul\u00e4ret f\u00f6r Kanada\"}]},{\"@type\":\"WebSite\",\"@id\":\"https:\/\/ave-eta-canada.com\/sv\/#website\",\"url\":\"https:\/\/ave-eta-canada.com\/sv\/\",\"name\":\"VISA CANADA\",\"description\":\"Autorisation Voyage Electronique\",\"potentialAction\":[{\"@type\":\"SearchAction\",\"target\":{\"@type\":\"EntryPoint\",\"urlTemplate\":\"https:\/\/ave-eta-canada.com\/sv\/?s={search_term_string}\"},\"query-input\":{\"@type\":\"PropertyValueSpecification\",\"valueRequired\":true,\"valueName\":\"search_term_string\"}}],\"inLanguage\":\"sv-SE\"}]}<\/script>\n<!-- \/ Yoast SEO plugin. -->","yoast_head_json":{"title":"Fyll i eTA-formul\u00e4ret f\u00f6r Kanada","description":"Vill du \u00e5ka till Kanada? V\u00e5rt expertteam f\u00f6rklarar hur du ans\u00f6ker och fyller i eTA Kanada-formul\u00e4ret korrekt","robots":{"index":"index","follow":"follow","max-snippet":"max-snippet:-1","max-image-preview":"max-image-preview:large","max-video-preview":"max-video-preview:-1"},"canonical":"https:\/\/ave-eta-canada.com\/sv\/fylla-i-blankett-eta-formular-for-kanada\/","og_locale":"sv_SE","og_type":"article","og_title":"Fyll i eTA-formul\u00e4ret f\u00f6r Kanada","og_description":"Vill du \u00e5ka till Kanada? V\u00e5rt expertteam f\u00f6rklarar hur du ans\u00f6ker och fyller i eTA Kanada-formul\u00e4ret korrekt","og_url":"https:\/\/ave-eta-canada.com\/sv\/fylla-i-blankett-eta-formular-for-kanada\/","og_site_name":"VISA CANADA","article_modified_time":"2022-09-09T20:42:18+00:00","twitter_card":"summary_large_image","twitter_misc":{"Ber\u00e4knad l\u00e4stid":"3 minuter"},"schema":{"@context":"https:\/\/schema.org","@graph":[{"@type":"WebPage","@id":"https:\/\/ave-eta-canada.com\/sv\/fylla-i-blankett-eta-formular-for-kanada\/","url":"https:\/\/ave-eta-canada.com\/sv\/fylla-i-blankett-eta-formular-for-kanada\/","name":"Fyll i eTA-formul\u00e4ret f\u00f6r Kanada","isPartOf":{"@id":"https:\/\/ave-eta-canada.com\/sv\/#website"},"datePublished":"2022-09-06T07:58:28+00:00","dateModified":"2022-09-09T20:42:18+00:00","description":"Vill du \u00e5ka till Kanada? V\u00e5rt expertteam f\u00f6rklarar hur du ans\u00f6ker och fyller i eTA Kanada-formul\u00e4ret korrekt","breadcrumb":{"@id":"https:\/\/ave-eta-canada.com\/sv\/fylla-i-blankett-eta-formular-for-kanada\/#breadcrumb"},"inLanguage":"sv-SE","potentialAction":[{"@type":"ReadAction","target":["https:\/\/ave-eta-canada.com\/sv\/fylla-i-blankett-eta-formular-for-kanada\/"]}]},{"@type":"BreadcrumbList","@id":"https:\/\/ave-eta-canada.com\/sv\/fylla-i-blankett-eta-formular-for-kanada\/#breadcrumb","itemListElement":[{"@type":"ListItem","position":1,"name":"Home","item":"https:\/\/ave-eta-canada.com\/sv\/"},{"@type":"ListItem","position":2,"name":"Fyll i eTA-formul\u00e4ret f\u00f6r Kanada"}]},{"@type":"WebSite","@id":"https:\/\/ave-eta-canada.com\/sv\/#website","url":"https:\/\/ave-eta-canada.com\/sv\/","name":"VISA CANADA","description":"Autorisation Voyage Electronique","potentialAction":[{"@type":"SearchAction","target":{"@type":"EntryPoint","urlTemplate":"https:\/\/ave-eta-canada.com\/sv\/?s={search_term_string}"},"query-input":{"@type":"PropertyValueSpecification","valueRequired":true,"valueName":"search_term_string"}}],"inLanguage":"sv-SE"}]}},"_links":{"self":[{"href":"https:\/\/ave-eta-canada.com\/sv\/wp-json\/wp\/v2\/pages\/2597","targetHints":{"allow":["GET"]}}],"collection":[{"href":"https:\/\/ave-eta-canada.com\/sv\/wp-json\/wp\/v2\/pages"}],"about":[{"href":"https:\/\/ave-eta-canada.com\/sv\/wp-json\/wp\/v2\/types\/page"}],"author":[{"embeddable":true,"href":"https:\/\/ave-eta-canada.com\/sv\/wp-json\/wp\/v2\/users\/1"}],"replies":[{"embeddable":true,"href":"https:\/\/ave-eta-canada.com\/sv\/wp-json\/wp\/v2\/comments?post=2597"}],"version-history":[{"count":0,"href":"https:\/\/ave-eta-canada.com\/sv\/wp-json\/wp\/v2\/pages\/2597\/revisions"}],"wp:attachment":[{"href":"https:\/\/ave-eta-canada.com\/sv\/wp-json\/wp\/v2\/media?parent=2597"}],"curies":[{"name":"wp","href":"https:\/\/api.w.org\/{rel}","templated":true}]}}