{"id":2624,"date":"2022-09-06T07:58:30","date_gmt":"2022-09-06T07:58:30","guid":{"rendered":"https:\/\/ave-eta-canada.com\/official-site-ave-canada\/"},"modified":"2022-09-09T20:39:50","modified_gmt":"2022-09-09T20:39:50","slug":"eta-kanadas-officiella-webbplats","status":"publish","type":"page","link":"https:\/\/ave-eta-canada.com\/sv\/eta-kanadas-officiella-webbplats\/","title":{"rendered":"Officiell webbplats f\u00f6r eTA Kanada"},"content":{"rendered":"\n<h1 class=\"wp-block-heading\">Presentation av den officiella webbplatsen f\u00f6r eTA Kanada<\/h1>\n\n<p>F\u00f6r att resa till Kanada kr\u00e4vs ett uppeh\u00e5llstillst\u00e5nd. Beroende p\u00e5 vistelsens art och ursprungsland m\u00e5ste ans\u00f6kan g\u00f6ras f\u00f6r en kanadensisk visering eller ett elektroniskt resetillst\u00e5nd (ETA).  <\/p>\n\n<p><strong>F\u00f6r en vistelse p\u00e5 mindre \u00e4n 6 m\u00e5nader i Kanada<\/strong>: Du kan fylla i formaliteterna f\u00f6r inresa till Kanada direkt via Internet genom att klicka p\u00e5 <a href=\"https:\/\/ave-eta-canada.com\/sv\/kanada-eta-formular-online\/\">onlineformul\u00e4ret<\/a>. Det \u00e4r inte n\u00f6dv\u00e4ndigt att boka ett m\u00f6te p\u00e5 Kanadas ambassad eller konsulat.  <\/p>\n\n<p>Ans\u00f6kan om ett elektroniskt resetillst\u00e5nd kan endast g\u00f6ras p\u00e5 Internet p\u00e5 eTA Kanadas officiella webbplats. Vi presenterar webbplatsen eTA Kanada som har inr\u00e4ttats av den kanadensiska regeringen.<\/p>\n\n<h2 class=\"wp-block-heading\">Den information som finns p\u00e5 den officiella webbplatsen f\u00f6r eTA Kanada<\/h2>\n\n<p>Den officiella webbplatsen f\u00f6r eTA Kanada \u00e4r utformad f\u00f6r att vara l\u00e4tt att anv\u00e4nda och tydlig. Tyv\u00e4rr \u00e4r inte all information l\u00e4tt att hitta.<\/p>\n\n<p>Du hittar sidan f\u00f6r <a href=\"https:\/\/ave-eta-canada.com\/sv\/\">eTA Kanada-ans\u00f6kan<\/a> p\u00e5 den kanadensiska regeringens webbplats och v\u00e4ljer avsnittet om invandring och medborgarskap. eTA-ans\u00f6kan \u00e4r IRCC:s (Immigration, Refugees and Citizenship Canada) ansvarsomr\u00e5de. P\u00e5 webbplatsen kan du kontrollera om du beh\u00f6ver visum eller AVE genom att svara p\u00e5 en enkel fr\u00e5ga om din nationalitet.<\/p>\n\n<p>Innan du f\u00e5r tillg\u00e5ng till  <a href=\"https:\/\/ave-eta-canada.com\/sv\/gor-en-ansokan-hos-kanadas-officiella-myndighet\/\">Ans\u00f6kningsblankett f\u00f6r eTA<\/a>  I Kanada presenteras en \u00f6versikt \u00f6ver processen i fem steg: de dokument som ska f\u00f6rberedas innan du fyller i formul\u00e4ret, formul\u00e4ret som ska fyllas i, betalningen av ans\u00f6kningsavgiften p\u00e5 7 $ CAN, svaret via e-post och slutligen ytterligare styrkande dokument. Hj\u00e4lpen finns ocks\u00e5 som PDF-filer p\u00e5 18 spr\u00e5k. I denna hj\u00e4lp beskrivs hur webbformul\u00e4ret ska fyllas i. Om du har n\u00e5gra fr\u00e5gor kan du klicka p\u00e5 l\u00e4nken <a href=\"https:\/\/ave-eta-canada.com\/sv\/eta-kanada-svar-pa-dina-fragor\/\">Vanliga fr\u00e5gor<\/a>.<\/p>\n\n<p>P\u00e5 den officiella webbplatsen f\u00f6r eTA Kanada finns en kort introduktion till eTA p\u00e5 sidan &#8221;What is an Electronic Travel Authorization&#8221; (Vad \u00e4r ett elektroniskt resetillst\u00e5nd). D\u00e4r anges att eTA \u00e4r ett inresekrav f\u00f6r medborgare i viseringsfria l\u00e4nder (f\u00f6rteckningen \u00f6ver viseringsfria l\u00e4nder finns p\u00e5 sidan &#8221;Inresekrav per land eller territorium&#8221;, en l\u00e4nk finns p\u00e5 sidan). Det b\u00f6r noteras att franska medborgare \u00e4r ber\u00e4ttigade till st\u00f6d. eTA kr\u00e4vs endast vid ankomst med internationella flygningar, inklusive transit genom Kanada. Det \u00e4r elektroniskt kopplat till passet (s\u00e5 se upp f\u00f6r nya pass eller \u00e4ndringar av informationen i passet) och har en maximal giltighet p\u00e5 5 \u00e5r. Under den fem\u00e5riga giltighetsperioden finns det ingen begr\u00e4nsning av antalet vistelser, men de f\u00e5r inte \u00f6verstiga sex m\u00e5nader. eTA garanterar inte inresa till Kanada, utan det beslutet \u00e4r upp till gr\u00e4nskontrolltj\u00e4nstemannen. Tj\u00e4nstemannen granskar resehandlingarna (pass, eTA, utresebiljett, \u00e5ldersbevis osv.) f\u00f6r att fatta ett beslut. Du kan ocks\u00e5 f\u00e5 n\u00e5gra fr\u00e5gor.<br\/><\/p>\n\n<h2 class=\"wp-block-heading\">Ans\u00f6k p\u00e5 eTA Kanadas webbplats<\/h2>\n\n<p>eTA-ans\u00f6kan kan endast g\u00f6ras p\u00e5 regeringens webbplats eTA Kanada. Du kan dock ans\u00f6ka p\u00e5 egen hand eller g\u00e5 via en privat plattform och l\u00e5ta ett team av experter ans\u00f6ka f\u00f6r din r\u00e4kning. Du beh\u00f6ver inte v\u00e4nda dig till Kanadas ambassad, som inte kan hj\u00e4lpa dig med denna process.<\/p>\n\n<p>Ans\u00f6kningsblanketten p\u00e5 webbplatsen eTA Kanada kan fyllas i av resen\u00e4ren sj\u00e4lv eller av en tredje part, vilket \u00e4r den f\u00f6rsta fr\u00e5gan som st\u00e4lls. Det \u00e4r inte m\u00f6jligt att g\u00f6ra en gruppans\u00f6kan, s\u00e5 varje ans\u00f6kan m\u00e5ste l\u00e4mnas in och betalas individuellt.<\/p>\n\n<p>Om en person fyller i formul\u00e4ret f\u00f6r en tredje parts r\u00e4kning ska han eller hon presentera sig genom att ange sitt f\u00f6rh\u00e5llande till resen\u00e4ren och ange sina personuppgifter.<\/p>\n\n<p>F\u00f6r att fylla i blanketten \u00e4r det viktigt att ta med sig ditt pass (eller den s\u00f6kandes) och ett betalkort. Ett giltigt pass kr\u00e4vs, och en <a href=\"https:\/\/ave-eta-canada.com\/sv\/eta-kanada-giltighetstid\/\">giltighetstid<\/a> p\u00e5 6 m\u00e5nader rekommenderas. Formul\u00e4ret \u00e4r indelat i tre delar:<\/p>\n\n<ul class=\"wp-block-list\"><li>Uppgifterna i passet: passnummer (ska anges tv\u00e5 g\u00e5nger f\u00f6r att undvika skrivfel), innehavarens efternamn och f\u00f6rnamn, f\u00f6delsedatum och f\u00f6delseort, k\u00f6n, datum f\u00f6r utf\u00e4rdande och utg\u00e5ngsdatum ;<\/li><li>Personuppgifter: eventuellt dubbelt medborgarskap, civilst\u00e5nd, tidigare ans\u00f6kningar om visum eller eTA, anst\u00e4llning (yrke, arbetsgivarens namn och adress), postadress och e-postadress (ska anges tv\u00e5 g\u00e5nger);<\/li><li>Bakgrund: eventuella f\u00f6rbud mot inresa till Kanada (eller n\u00e5got annat land), kriminell och medicinsk historia.<\/li><\/ul>\n\n<p>En del av formul\u00e4ret \u00e4r reserverad f\u00f6r ditt ankomstdatum till Kanada. Denna fr\u00e5ga \u00e4r dock frivillig, eftersom det \u00e4r fullt m\u00f6jligt att best\u00e4lla en EVP utan ett specifikt projekt.<\/p>\n\n<p>F\u00f6r att godk\u00e4nna eTA-ans\u00f6kningsformul\u00e4ret m\u00e5ste den s\u00f6kande underteckna ett samtycke och betala <a href=\"https:\/\/ave-eta-canada.com\/sv\/eta-kanada-att-priset\/\">eTA-avgiften<\/a>.<br\/><\/p>\n\n<h2 class=\"wp-block-heading\">Behandling av eTA Kanada-ans\u00f6kan<\/h2>\n\n<p>N\u00e4r du har gjort din ans\u00f6kan p\u00e5 den officiella webbplatsen f\u00f6r eTA Kanada f\u00e5r du ett e-postmeddelande som bekr\u00e4ftar att du har mottagit den. Det \u00e4r mycket m\u00f6jligt att du f\u00e5r ditt slutgiltiga svar samtidigt. Svaret kan vara positivt (godk\u00e4nnande av eTA-ans\u00f6kan) eller negativt. Om du nekas tillst\u00e5nd kan du fortfarande ans\u00f6ka om visum eller <a href=\"https:\/\/pvtistes.net\/le-pvt\/canada\/\">WHP<\/a> p\u00e5 den kanadensiska ambassaden. Se till att du har ett biometriskt (eller elektroniskt) pass f\u00f6r denna beg\u00e4ran.<\/p>\n\n<p>Det kan h\u00e4nda att ans\u00f6kan l\u00e4ggs p\u00e5 is, dvs. att ett slutgiltigt svar ges inom n\u00e5gra dagar, eller att de kanadensiska myndigheterna kontaktar dig via e-post f\u00f6r att f\u00e5 mer information. Om s\u00e5 \u00e4r fallet beskrivs det f\u00f6rfarande som ska f\u00f6ljas i kontaktmeddelandet.<\/p>\n\n<p>Du m\u00e5ste skaffa ett resetillst\u00e5nd p\u00e5 den officiella webbplatsen eTA Kanada eller p\u00e5 en privat webbplats innan du \u00e5ker, f\u00f6r utan det f\u00e5r du inte resa in i Kanada. Du kan inte ens g\u00e5 ombord p\u00e5 ett flyg till Kanada eftersom flygbolagen m\u00e5ste kontrollera dina uppgifter.<\/p>\n","protected":false},"excerpt":{"rendered":"<p>Presentation av den officiella webbplatsen f\u00f6r eTA Kanada F\u00f6r att resa till Kanada kr\u00e4vs ett uppeh\u00e5llstillst\u00e5nd. Beroende p\u00e5 vistelsens art och ursprungsland m\u00e5ste ans\u00f6kan g\u00f6ras f\u00f6r en kanadensisk visering eller ett elektroniskt resetillst\u00e5nd (ETA). F\u00f6r en vistelse p\u00e5 mindre \u00e4n 6 m\u00e5nader i Kanada: Du kan fylla i formaliteterna f\u00f6r inresa till Kanada direkt via [&hellip;]<\/p>\n","protected":false},"author":1,"featured_media":0,"parent":0,"menu_order":0,"comment_status":"closed","ping_status":"closed","template":"","meta":{"footnotes":""},"class_list":["post-2624","page","type-page","status-publish","hentry"],"yoast_head":"<!-- This site is optimized with the Yoast SEO plugin v26.9 - https:\/\/yoast.com\/product\/yoast-seo-wordpress\/ -->\n<title>Officiell webbplats f\u00f6r eTA Kanada<\/title>\n<meta name=\"description\" content=\"Presentation av den kanadensiska regeringens officiella webbplats f\u00f6r att erh\u00e5lla det elektroniska resetillst\u00e5nd som kr\u00e4vs f\u00f6r resor till Kanada.\" \/>\n<meta name=\"robots\" content=\"index, follow, max-snippet:-1, max-image-preview:large, max-video-preview:-1\" \/>\n<link rel=\"canonical\" href=\"https:\/\/ave-eta-canada.com\/sv\/eta-kanadas-officiella-webbplats\/\" \/>\n<meta property=\"og:locale\" content=\"sv_SE\" \/>\n<meta property=\"og:type\" content=\"article\" \/>\n<meta property=\"og:title\" content=\"Officiell webbplats f\u00f6r eTA Kanada\" \/>\n<meta property=\"og:description\" content=\"Presentation av den kanadensiska regeringens officiella webbplats f\u00f6r att erh\u00e5lla det elektroniska resetillst\u00e5nd som kr\u00e4vs f\u00f6r resor till Kanada.\" \/>\n<meta property=\"og:url\" content=\"https:\/\/ave-eta-canada.com\/sv\/eta-kanadas-officiella-webbplats\/\" \/>\n<meta property=\"og:site_name\" content=\"VISA CANADA\" \/>\n<meta property=\"article:modified_time\" content=\"2022-09-09T20:39:50+00:00\" \/>\n<meta name=\"twitter:card\" content=\"summary_large_image\" \/>\n<meta name=\"twitter:label1\" content=\"Ber\u00e4knad l\u00e4stid\" \/>\n\t<meta name=\"twitter:data1\" content=\"5 minuter\" \/>\n<script type=\"application\/ld+json\" class=\"yoast-schema-graph\">{\"@context\":\"https:\/\/schema.org\",\"@graph\":[{\"@type\":\"WebPage\",\"@id\":\"https:\/\/ave-eta-canada.com\/sv\/eta-kanadas-officiella-webbplats\/\",\"url\":\"https:\/\/ave-eta-canada.com\/sv\/eta-kanadas-officiella-webbplats\/\",\"name\":\"Officiell webbplats f\u00f6r eTA Kanada\",\"isPartOf\":{\"@id\":\"https:\/\/ave-eta-canada.com\/sv\/#website\"},\"datePublished\":\"2022-09-06T07:58:30+00:00\",\"dateModified\":\"2022-09-09T20:39:50+00:00\",\"description\":\"Presentation av den kanadensiska regeringens officiella webbplats f\u00f6r att erh\u00e5lla det elektroniska resetillst\u00e5nd som kr\u00e4vs f\u00f6r resor till Kanada.\",\"breadcrumb\":{\"@id\":\"https:\/\/ave-eta-canada.com\/sv\/eta-kanadas-officiella-webbplats\/#breadcrumb\"},\"inLanguage\":\"sv-SE\",\"potentialAction\":[{\"@type\":\"ReadAction\",\"target\":[\"https:\/\/ave-eta-canada.com\/sv\/eta-kanadas-officiella-webbplats\/\"]}]},{\"@type\":\"BreadcrumbList\",\"@id\":\"https:\/\/ave-eta-canada.com\/sv\/eta-kanadas-officiella-webbplats\/#breadcrumb\",\"itemListElement\":[{\"@type\":\"ListItem\",\"position\":1,\"name\":\"Home\",\"item\":\"https:\/\/ave-eta-canada.com\/sv\/\"},{\"@type\":\"ListItem\",\"position\":2,\"name\":\"Officiell webbplats f\u00f6r eTA Kanada\"}]},{\"@type\":\"WebSite\",\"@id\":\"https:\/\/ave-eta-canada.com\/sv\/#website\",\"url\":\"https:\/\/ave-eta-canada.com\/sv\/\",\"name\":\"VISA CANADA\",\"description\":\"Autorisation Voyage Electronique\",\"potentialAction\":[{\"@type\":\"SearchAction\",\"target\":{\"@type\":\"EntryPoint\",\"urlTemplate\":\"https:\/\/ave-eta-canada.com\/sv\/?s={search_term_string}\"},\"query-input\":{\"@type\":\"PropertyValueSpecification\",\"valueRequired\":true,\"valueName\":\"search_term_string\"}}],\"inLanguage\":\"sv-SE\"}]}<\/script>\n<!-- \/ Yoast SEO plugin. -->","yoast_head_json":{"title":"Officiell webbplats f\u00f6r eTA Kanada","description":"Presentation av den kanadensiska regeringens officiella webbplats f\u00f6r att erh\u00e5lla det elektroniska resetillst\u00e5nd som kr\u00e4vs f\u00f6r resor till Kanada.","robots":{"index":"index","follow":"follow","max-snippet":"max-snippet:-1","max-image-preview":"max-image-preview:large","max-video-preview":"max-video-preview:-1"},"canonical":"https:\/\/ave-eta-canada.com\/sv\/eta-kanadas-officiella-webbplats\/","og_locale":"sv_SE","og_type":"article","og_title":"Officiell webbplats f\u00f6r eTA Kanada","og_description":"Presentation av den kanadensiska regeringens officiella webbplats f\u00f6r att erh\u00e5lla det elektroniska resetillst\u00e5nd som kr\u00e4vs f\u00f6r resor till Kanada.","og_url":"https:\/\/ave-eta-canada.com\/sv\/eta-kanadas-officiella-webbplats\/","og_site_name":"VISA CANADA","article_modified_time":"2022-09-09T20:39:50+00:00","twitter_card":"summary_large_image","twitter_misc":{"Ber\u00e4knad l\u00e4stid":"5 minuter"},"schema":{"@context":"https:\/\/schema.org","@graph":[{"@type":"WebPage","@id":"https:\/\/ave-eta-canada.com\/sv\/eta-kanadas-officiella-webbplats\/","url":"https:\/\/ave-eta-canada.com\/sv\/eta-kanadas-officiella-webbplats\/","name":"Officiell webbplats f\u00f6r eTA Kanada","isPartOf":{"@id":"https:\/\/ave-eta-canada.com\/sv\/#website"},"datePublished":"2022-09-06T07:58:30+00:00","dateModified":"2022-09-09T20:39:50+00:00","description":"Presentation av den kanadensiska regeringens officiella webbplats f\u00f6r att erh\u00e5lla det elektroniska resetillst\u00e5nd som kr\u00e4vs f\u00f6r resor till Kanada.","breadcrumb":{"@id":"https:\/\/ave-eta-canada.com\/sv\/eta-kanadas-officiella-webbplats\/#breadcrumb"},"inLanguage":"sv-SE","potentialAction":[{"@type":"ReadAction","target":["https:\/\/ave-eta-canada.com\/sv\/eta-kanadas-officiella-webbplats\/"]}]},{"@type":"BreadcrumbList","@id":"https:\/\/ave-eta-canada.com\/sv\/eta-kanadas-officiella-webbplats\/#breadcrumb","itemListElement":[{"@type":"ListItem","position":1,"name":"Home","item":"https:\/\/ave-eta-canada.com\/sv\/"},{"@type":"ListItem","position":2,"name":"Officiell webbplats f\u00f6r eTA Kanada"}]},{"@type":"WebSite","@id":"https:\/\/ave-eta-canada.com\/sv\/#website","url":"https:\/\/ave-eta-canada.com\/sv\/","name":"VISA CANADA","description":"Autorisation Voyage Electronique","potentialAction":[{"@type":"SearchAction","target":{"@type":"EntryPoint","urlTemplate":"https:\/\/ave-eta-canada.com\/sv\/?s={search_term_string}"},"query-input":{"@type":"PropertyValueSpecification","valueRequired":true,"valueName":"search_term_string"}}],"inLanguage":"sv-SE"}]}},"_links":{"self":[{"href":"https:\/\/ave-eta-canada.com\/sv\/wp-json\/wp\/v2\/pages\/2624","targetHints":{"allow":["GET"]}}],"collection":[{"href":"https:\/\/ave-eta-canada.com\/sv\/wp-json\/wp\/v2\/pages"}],"about":[{"href":"https:\/\/ave-eta-canada.com\/sv\/wp-json\/wp\/v2\/types\/page"}],"author":[{"embeddable":true,"href":"https:\/\/ave-eta-canada.com\/sv\/wp-json\/wp\/v2\/users\/1"}],"replies":[{"embeddable":true,"href":"https:\/\/ave-eta-canada.com\/sv\/wp-json\/wp\/v2\/comments?post=2624"}],"version-history":[{"count":0,"href":"https:\/\/ave-eta-canada.com\/sv\/wp-json\/wp\/v2\/pages\/2624\/revisions"}],"wp:attachment":[{"href":"https:\/\/ave-eta-canada.com\/sv\/wp-json\/wp\/v2\/media?parent=2624"}],"curies":[{"name":"wp","href":"https:\/\/api.w.org\/{rel}","templated":true}]}}