{"id":2631,"date":"2022-09-06T07:58:31","date_gmt":"2022-09-06T07:58:31","guid":{"rendered":"https:\/\/ave-eta-canada.com\/all-kunskap-om-efterfragan-pa-kanada\/"},"modified":"2022-09-09T20:26:54","modified_gmt":"2022-09-09T20:26:54","slug":"allt-du-behover-veta-om-kanadas-eta-applikation","status":"publish","type":"page","link":"https:\/\/ave-eta-canada.com\/sv\/allt-du-behover-veta-om-kanadas-eta-applikation\/","title":{"rendered":"Allt om att ans\u00f6ka om ett eTA f\u00f6r Kanada"},"content":{"rendered":"\n<h1 class=\"wp-block-heading\">Ans\u00f6kan om eTA Kanada<\/h1>\n\n<p>Det elektroniska resetillst\u00e5ndet (eTA) \u00e4r inte helt olikt det amerikanska ESTA-tillst\u00e5ndet. F\u00f6r alla vistelser i Kanada kr\u00e4vs ett resetillst\u00e5nd (eTA Kanada) eller ett kanadensiskt visum. <\/p>\n\n<p><strong>F\u00f6r en vistelse p\u00e5 mindre \u00e4n 6 m\u00e5nader i Kanada<\/strong>: Du kan fylla i formaliteterna f\u00f6r inresa till Kanada direkt via Internet genom att klicka p\u00e5 <a href=\"https:\/\/ave-eta-canada.com\/sv\/kanada-eta-formular-online\/\">onlineformul\u00e4ret<\/a>. Det \u00e4r inte n\u00f6dv\u00e4ndigt att boka ett m\u00f6te p\u00e5 Kanadas ambassad eller konsulat.<\/p>\n\n<p>Nedan f\u00f6rklarar vi vem som har r\u00e4tt att ans\u00f6ka om ett eTA Kanada och hur man g\u00e5r tillv\u00e4ga f\u00f6r att f\u00e5 ett s\u00e5dant.<br\/><\/p>\n\n<h2 class=\"wp-block-heading\">Vem kan ans\u00f6ka om eTA Kanada?<\/h2>\n\n<p>F\u00f6r att kunna <a href=\"https:\/\/ave-eta-canada.com\/sv\/\">ans\u00f6ka om ett Kanadas eTA<\/a> m\u00e5ste resen\u00e4ren vara medborgare i ett av de viseringsfria l\u00e4nderna. De l\u00e4nder som ber\u00f6rs av detta undantag \u00e4r :<\/p>\n\n<p>Andorra, Australien, Australien, Bahamas, Barbados, Belgien, Brasilien*, Brunei Darussalam, Bulgarien*, Chile, Cypern, Danmark, Estland, Finland, Frankrike, Kroatien, Grekland, Hongkong, Island, Irland, Israel, Italien, Salomon\u00f6arna, Spanien, Storbritannien, Tyskland, Ungern och \u00d6sterrike, Japan, Lettland, Liechtenstein, Litauen, Luxemburg, Malta, Mexiko, Monaco, Nederl\u00e4nderna, Nya Zeeland, Norge, Papua Nya Guinea, Polen, Portugal, Republiken Korea, Rum\u00e4nien, Samoa, Salomon\u00f6arna, Singapore, Slovakien, Slovenien, Spanien, Sverige, Schweiz, Taiwan och Vatikanen. (*p\u00e5 vissa villkor)<\/p>\n\n<p>Endast flygresor till Kanada omfattas av ett <a href=\"https:\/\/ave-eta-canada.com\/sv\/obligatorisk-eta-kanada\/\">eTA-krav<\/a>, vilket inkluderar transitresor. eTA Kanada erk\u00e4nns inte f\u00f6r resor till lands och till sj\u00f6ss. <\/p>\n\n<p>Kanadensiska viseringsinnehavare beh\u00f6ver inte heller ans\u00f6ka om ett kanadensiskt visum. Detta g\u00e4ller \u00e4ven f\u00f6r franska medborgare som bor i Saint-Pierre-et-Miquelon om de reser in i Kanada med flyg direkt fr\u00e5n Saint-Pierre-et-Miquelon.<\/p>\n\n<p>F\u00f6r att ans\u00f6ka om eTA Kanada m\u00e5ste resen\u00e4ren ha ett giltigt pass. Kanada kr\u00e4ver inte att du har ett biometriskt pass f\u00f6r att ans\u00f6ka om eTA Kanada, men det rekommenderas att det har minst sex m\u00e5naders giltighet kvar.<\/p>\n\n<p>F\u00f6r att vara ber\u00e4ttigad till eTA Kanada m\u00e5ste vistelsen vara kortare \u00e4n 6 m\u00e5nader och kan endast vara f\u00f6r turism eller aff\u00e4rsverksamhet. En biljett kan kr\u00e4vas vid tullklarering. F\u00f6r ett minder\u00e5rigt barn ska ett f\u00f6delsebevis och andra handlingar som f\u00f6rklarar barnets familjesituation (tillst\u00e5nd fr\u00e5n den f\u00f6r\u00e4lder som inte reser med barnet, en fotokopia av v\u00e5rdnadsbeslutet vid skilsm\u00e4ssa etc.) uppvisas.<br\/><br\/><\/p>\n\n<h2 class=\"wp-block-heading\">Hur ans\u00f6ker jag om eTA Kanada?<\/h2>\n\n<p>Ans\u00f6kan om eTA Kanada g\u00f6rs via ett onlineformul\u00e4r som finns p\u00e5 den officiella kanadensiska regeringens webbplats eller p\u00e5 en privat webbplats. Det \u00e4r f\u00f6r n\u00e4rvarande inte m\u00f6jligt att g\u00f6ra gruppans\u00f6kningar.<\/p>\n\n<p><a href=\"https:\/\/ave-eta-canada.com\/sv\/nar-du-ska-ansoka-om-din-eta-kanada\/\">N\u00e4r ska man ans\u00f6ka om eTA<\/a>? Det \u00e4r viktigt att ans\u00f6ka om tillst\u00e5nd flera dagar f\u00f6re avresa (vi rekommenderar att du l\u00e4ser v\u00e5r sida om hur l\u00e5ng tid det tar att f\u00e5 en eTA i Kanada). Vi rekommenderar dock att du g\u00f6r det s\u00e5 snart som m\u00f6jligt f\u00f6r att undvika besvikelser. Det \u00e4r inte n\u00f6dv\u00e4ndigt att komma till flygplatsen utan detta resetillst\u00e5nd, eftersom f\u00f6retagen \u00e4r skyldiga att neka ombordstigning. \u00c4ven om du f\u00e5r tilltr\u00e4de till planet, kommer immigrationsmyndigheterna vid den kanadensiska gr\u00e4nsen inte att till\u00e5ta dig att resa in i Kanada utan ett giltigt tillst\u00e5nd (eTA eller visum).<\/p>\n\n<p>F\u00f6r att <a href=\"https:\/\/ave-eta-canada.com\/sv\/fylla-i-blankett-eta-formular-for-kanada\/\">fylla i ans\u00f6kningsformul\u00e4ret f\u00f6r eTA Kanada<\/a> beh\u00f6ver du ditt pass och ett betalkort. eTA kostar 7 CAN$. Formul\u00e4ret b\u00f6rjar med att fastst\u00e4lla om ans\u00f6kan g\u00f6rs av resen\u00e4ren sj\u00e4lv eller f\u00f6r en annan person.<\/p>\n\n<p>De uppgifter som ska fyllas i g\u00e4ller f\u00f6rst och fr\u00e4mst passet: passnummer, efternamn och f\u00f6rnamn som st\u00e5r p\u00e5 dokumentet, f\u00f6delsedatum, k\u00f6n, f\u00f6delseort, datum f\u00f6r utf\u00e4rdande och giltighetstid. Den andra delen av formul\u00e4ret avser personlig information: dubbelt medborgarskap, familjesituation, tidigare ans\u00f6kan om resetillst\u00e5nd f\u00f6r Kanada, yrkesm\u00e4ssig situation, postadress, giltig e-postadress. D\u00e4refter f\u00f6ljer information om din vistelse i Kanada, inklusive datum. Den sista delen av formul\u00e4ret handlar om din bakgrund: inresef\u00f6rbud, brottsliga handlingar, medicinsk historia med tonvikt p\u00e5 tuberkulos osv.<\/p>\n\n<p>Du bekr\u00e4ftar ditt onlineformul\u00e4r genom att godk\u00e4nna villkoren och betala ans\u00f6kningsavgiften.<\/p>\n\n<p>Efter en eTA Kanada-ans\u00f6kan skickar IRCC (Immigration, Refugees and Citizenship Canada) ett elektroniskt mottagningsbevis. I de allra flesta fall skickas godk\u00e4nnandet (eller avslaget) n\u00e4stan samtidigt. Det \u00e4r dock m\u00f6jligt att en ans\u00f6kan kan ta l\u00e4ngre tid och att de kanadensiska myndigheterna kan kr\u00e4va ytterligare dokumentation. Om ans\u00f6kan avsl\u00e5s ska du ans\u00f6ka om visum p\u00e5 den kanadensiska ambassaden. F\u00f6rfarandena f\u00f6r att f\u00e5 en visering \u00e4r mer komplicerade, l\u00e4ngre och dyrare.<\/p>\n\n<p>eTA \u00e4r giltigt i fem \u00e5r fr\u00e5n och med utf\u00e4rdandedagen eller tills passet l\u00f6per ut om det l\u00f6per ut tidigare. eTA \u00e4r s\u00e5ledes knutet till passet och varje \u00e4ndring (nytt pass eller \u00e4ndring av uppgifterna i passet) kr\u00e4ver en ny ans\u00f6kan. Det \u00e4r m\u00f6jligt att <a href=\"https:\/\/ave-eta-canada.com\/sv\/hur-du-kontrollerar-statusen-pa-din-ansokan-eta-kanada\/\">kontrollera statusen f\u00f6r sitt tillst\u00e5nd <\/a>direkt p\u00e5 den kanadensiska regeringens webbplats.<\/p>\n","protected":false},"excerpt":{"rendered":"<p>Ans\u00f6kan om eTA Kanada Det elektroniska resetillst\u00e5ndet (eTA) \u00e4r inte helt olikt det amerikanska ESTA-tillst\u00e5ndet. F\u00f6r alla vistelser i Kanada kr\u00e4vs ett resetillst\u00e5nd (eTA Kanada) eller ett kanadensiskt visum. F\u00f6r en vistelse p\u00e5 mindre \u00e4n 6 m\u00e5nader i Kanada: Du kan fylla i formaliteterna f\u00f6r inresa till Kanada direkt via Internet genom att klicka p\u00e5 [&hellip;]<\/p>\n","protected":false},"author":1,"featured_media":0,"parent":0,"menu_order":0,"comment_status":"closed","ping_status":"closed","template":"","meta":{"footnotes":""},"class_list":["post-2631","page","type-page","status-publish","hentry"],"yoast_head":"<!-- This site is optimized with the Yoast SEO plugin v26.9 - https:\/\/yoast.com\/product\/yoast-seo-wordpress\/ -->\n<title>Allt om att ans\u00f6ka om ett eTA f\u00f6r Kanada<\/title>\n<meta name=\"description\" content=\"H\u00e4r hittar du all information om hur du ans\u00f6ker om eTA Kanada: vem som har r\u00e4tt att ans\u00f6ka om eTA, n\u00e4r du ska ans\u00f6ka och hur du ska g\u00e5 tillv\u00e4ga.\" \/>\n<meta name=\"robots\" content=\"index, follow, max-snippet:-1, max-image-preview:large, max-video-preview:-1\" \/>\n<link rel=\"canonical\" href=\"https:\/\/ave-eta-canada.com\/sv\/allt-du-behover-veta-om-kanadas-eta-applikation\/\" \/>\n<meta property=\"og:locale\" content=\"sv_SE\" \/>\n<meta property=\"og:type\" content=\"article\" \/>\n<meta property=\"og:title\" content=\"Allt om att ans\u00f6ka om ett eTA f\u00f6r Kanada\" \/>\n<meta property=\"og:description\" content=\"H\u00e4r hittar du all information om hur du ans\u00f6ker om eTA Kanada: vem som har r\u00e4tt att ans\u00f6ka om eTA, n\u00e4r du ska ans\u00f6ka och hur du ska g\u00e5 tillv\u00e4ga.\" \/>\n<meta property=\"og:url\" content=\"https:\/\/ave-eta-canada.com\/sv\/allt-du-behover-veta-om-kanadas-eta-applikation\/\" \/>\n<meta property=\"og:site_name\" content=\"VISA CANADA\" \/>\n<meta property=\"article:modified_time\" content=\"2022-09-09T20:26:54+00:00\" \/>\n<meta name=\"twitter:card\" content=\"summary_large_image\" \/>\n<meta name=\"twitter:label1\" content=\"Ber\u00e4knad l\u00e4stid\" \/>\n\t<meta name=\"twitter:data1\" content=\"4 minuter\" \/>\n<script type=\"application\/ld+json\" class=\"yoast-schema-graph\">{\"@context\":\"https:\/\/schema.org\",\"@graph\":[{\"@type\":\"WebPage\",\"@id\":\"https:\/\/ave-eta-canada.com\/sv\/allt-du-behover-veta-om-kanadas-eta-applikation\/\",\"url\":\"https:\/\/ave-eta-canada.com\/sv\/allt-du-behover-veta-om-kanadas-eta-applikation\/\",\"name\":\"Allt om att ans\u00f6ka om ett eTA f\u00f6r Kanada\",\"isPartOf\":{\"@id\":\"https:\/\/ave-eta-canada.com\/sv\/#website\"},\"datePublished\":\"2022-09-06T07:58:31+00:00\",\"dateModified\":\"2022-09-09T20:26:54+00:00\",\"description\":\"H\u00e4r hittar du all information om hur du ans\u00f6ker om eTA Kanada: vem som har r\u00e4tt att ans\u00f6ka om eTA, n\u00e4r du ska ans\u00f6ka och hur du ska g\u00e5 tillv\u00e4ga.\",\"breadcrumb\":{\"@id\":\"https:\/\/ave-eta-canada.com\/sv\/allt-du-behover-veta-om-kanadas-eta-applikation\/#breadcrumb\"},\"inLanguage\":\"sv-SE\",\"potentialAction\":[{\"@type\":\"ReadAction\",\"target\":[\"https:\/\/ave-eta-canada.com\/sv\/allt-du-behover-veta-om-kanadas-eta-applikation\/\"]}]},{\"@type\":\"BreadcrumbList\",\"@id\":\"https:\/\/ave-eta-canada.com\/sv\/allt-du-behover-veta-om-kanadas-eta-applikation\/#breadcrumb\",\"itemListElement\":[{\"@type\":\"ListItem\",\"position\":1,\"name\":\"Home\",\"item\":\"https:\/\/ave-eta-canada.com\/sv\/\"},{\"@type\":\"ListItem\",\"position\":2,\"name\":\"Allt om att ans\u00f6ka om ett eTA f\u00f6r Kanada\"}]},{\"@type\":\"WebSite\",\"@id\":\"https:\/\/ave-eta-canada.com\/sv\/#website\",\"url\":\"https:\/\/ave-eta-canada.com\/sv\/\",\"name\":\"VISA CANADA\",\"description\":\"Autorisation Voyage Electronique\",\"potentialAction\":[{\"@type\":\"SearchAction\",\"target\":{\"@type\":\"EntryPoint\",\"urlTemplate\":\"https:\/\/ave-eta-canada.com\/sv\/?s={search_term_string}\"},\"query-input\":{\"@type\":\"PropertyValueSpecification\",\"valueRequired\":true,\"valueName\":\"search_term_string\"}}],\"inLanguage\":\"sv-SE\"}]}<\/script>\n<!-- \/ Yoast SEO plugin. -->","yoast_head_json":{"title":"Allt om att ans\u00f6ka om ett eTA f\u00f6r Kanada","description":"H\u00e4r hittar du all information om hur du ans\u00f6ker om eTA Kanada: vem som har r\u00e4tt att ans\u00f6ka om eTA, n\u00e4r du ska ans\u00f6ka och hur du ska g\u00e5 tillv\u00e4ga.","robots":{"index":"index","follow":"follow","max-snippet":"max-snippet:-1","max-image-preview":"max-image-preview:large","max-video-preview":"max-video-preview:-1"},"canonical":"https:\/\/ave-eta-canada.com\/sv\/allt-du-behover-veta-om-kanadas-eta-applikation\/","og_locale":"sv_SE","og_type":"article","og_title":"Allt om att ans\u00f6ka om ett eTA f\u00f6r Kanada","og_description":"H\u00e4r hittar du all information om hur du ans\u00f6ker om eTA Kanada: vem som har r\u00e4tt att ans\u00f6ka om eTA, n\u00e4r du ska ans\u00f6ka och hur du ska g\u00e5 tillv\u00e4ga.","og_url":"https:\/\/ave-eta-canada.com\/sv\/allt-du-behover-veta-om-kanadas-eta-applikation\/","og_site_name":"VISA CANADA","article_modified_time":"2022-09-09T20:26:54+00:00","twitter_card":"summary_large_image","twitter_misc":{"Ber\u00e4knad l\u00e4stid":"4 minuter"},"schema":{"@context":"https:\/\/schema.org","@graph":[{"@type":"WebPage","@id":"https:\/\/ave-eta-canada.com\/sv\/allt-du-behover-veta-om-kanadas-eta-applikation\/","url":"https:\/\/ave-eta-canada.com\/sv\/allt-du-behover-veta-om-kanadas-eta-applikation\/","name":"Allt om att ans\u00f6ka om ett eTA f\u00f6r Kanada","isPartOf":{"@id":"https:\/\/ave-eta-canada.com\/sv\/#website"},"datePublished":"2022-09-06T07:58:31+00:00","dateModified":"2022-09-09T20:26:54+00:00","description":"H\u00e4r hittar du all information om hur du ans\u00f6ker om eTA Kanada: vem som har r\u00e4tt att ans\u00f6ka om eTA, n\u00e4r du ska ans\u00f6ka och hur du ska g\u00e5 tillv\u00e4ga.","breadcrumb":{"@id":"https:\/\/ave-eta-canada.com\/sv\/allt-du-behover-veta-om-kanadas-eta-applikation\/#breadcrumb"},"inLanguage":"sv-SE","potentialAction":[{"@type":"ReadAction","target":["https:\/\/ave-eta-canada.com\/sv\/allt-du-behover-veta-om-kanadas-eta-applikation\/"]}]},{"@type":"BreadcrumbList","@id":"https:\/\/ave-eta-canada.com\/sv\/allt-du-behover-veta-om-kanadas-eta-applikation\/#breadcrumb","itemListElement":[{"@type":"ListItem","position":1,"name":"Home","item":"https:\/\/ave-eta-canada.com\/sv\/"},{"@type":"ListItem","position":2,"name":"Allt om att ans\u00f6ka om ett eTA f\u00f6r Kanada"}]},{"@type":"WebSite","@id":"https:\/\/ave-eta-canada.com\/sv\/#website","url":"https:\/\/ave-eta-canada.com\/sv\/","name":"VISA CANADA","description":"Autorisation Voyage Electronique","potentialAction":[{"@type":"SearchAction","target":{"@type":"EntryPoint","urlTemplate":"https:\/\/ave-eta-canada.com\/sv\/?s={search_term_string}"},"query-input":{"@type":"PropertyValueSpecification","valueRequired":true,"valueName":"search_term_string"}}],"inLanguage":"sv-SE"}]}},"_links":{"self":[{"href":"https:\/\/ave-eta-canada.com\/sv\/wp-json\/wp\/v2\/pages\/2631","targetHints":{"allow":["GET"]}}],"collection":[{"href":"https:\/\/ave-eta-canada.com\/sv\/wp-json\/wp\/v2\/pages"}],"about":[{"href":"https:\/\/ave-eta-canada.com\/sv\/wp-json\/wp\/v2\/types\/page"}],"author":[{"embeddable":true,"href":"https:\/\/ave-eta-canada.com\/sv\/wp-json\/wp\/v2\/users\/1"}],"replies":[{"embeddable":true,"href":"https:\/\/ave-eta-canada.com\/sv\/wp-json\/wp\/v2\/comments?post=2631"}],"version-history":[{"count":0,"href":"https:\/\/ave-eta-canada.com\/sv\/wp-json\/wp\/v2\/pages\/2631\/revisions"}],"wp:attachment":[{"href":"https:\/\/ave-eta-canada.com\/sv\/wp-json\/wp\/v2\/media?parent=2631"}],"curies":[{"name":"wp","href":"https:\/\/api.w.org\/{rel}","templated":true}]}}