{"id":2638,"date":"2022-09-06T07:58:33","date_gmt":"2022-09-06T07:58:33","guid":{"rendered":"https:\/\/ave-eta-canada.com\/the-wash-validity-canada-2\/"},"modified":"2022-09-09T20:43:41","modified_gmt":"2022-09-09T20:43:41","slug":"giltigheten-av-eta-kanada","status":"publish","type":"page","link":"https:\/\/ave-eta-canada.com\/sv\/giltigheten-av-eta-kanada\/","title":{"rendered":"Giltigheten av eTA Kanada"},"content":{"rendered":"\n<h1 class=\"wp-block-heading\">Vad \u00e4r giltigheten av eTA Canada?<\/h1>\n\n<p>F\u00f6r att resa till Kanada kr\u00e4vs ett elektroniskt resetillst\u00e5nd. Detta tillst\u00e5nd utf\u00e4rdas via Internet p\u00e5 samma s\u00e4tt som en ESTA-ans\u00f6kan f\u00f6r USA.<\/p>\n\n<p><strong>F\u00f6r en vistelse p\u00e5 mindre \u00e4n 6 m\u00e5nader i Kanada<\/strong>: Du kan fylla i formaliteterna f\u00f6r inresa till Kanada direkt via Internet genom att klicka p\u00e5 <a href=\"https:\/\/ave-eta-canada.com\/sv\/kanada-eta-formular-online\/\">onlineformul\u00e4ret<\/a>. Det \u00e4r inte n\u00f6dv\u00e4ndigt att boka ett m\u00f6te p\u00e5 Kanadas ambassad eller konsulat.<\/p>\n\n<p>Nedan ger vi dig information om eTA:s giltighet.<br\/><\/p>\n\n<h2 class=\"wp-block-heading\">Hur kontrollerar jag giltigheten av en eTA Kanada?<\/h2>\n\n<p>eTA Kanada, som st\u00e5r f\u00f6r Electronic Travel Authorization, \u00e4r ett officiellt elektroniskt dokument som erh\u00e5lls genom en ans\u00f6kan online p\u00e5 den kanadensiska regeringens webbplats. Det \u00e4r med andra ord inte n\u00f6dv\u00e4ndigt att g\u00e5 till den kanadensiska ambassaden, eller konsulatet i f\u00f6rekommande fall, f\u00f6r att f\u00e5 detta tillst\u00e5nd. Endast IRCC (Immigration, Refugees, Citizenship Canada) har r\u00e4tt att utf\u00e4rda en EVP till medborgare i kanadensiska l\u00e4nder som \u00e4r undantagna fr\u00e5n viseringskravet och som uppfyller <a href=\"https:\/\/ave-eta-canada.com\/sv\/eta-kanada-resevillkor\/\">kraven f\u00f6r att f\u00e5<\/a> visum.<\/p>\n\n<p>Eftersom endast den kanadensiska regeringen kan utf\u00e4rda ett resetillst\u00e5nd kr\u00e4vs ingen ans\u00f6kan p\u00e5 den officiella webbplatsen. Det \u00e4r fullt m\u00f6jligt att anv\u00e4nda en privat organisation, t.ex. v\u00e5r partner, f\u00f6r att ans\u00f6ka om en eTA. Till skillnad fr\u00e5n ministeriets webbplats erbjuder en privat organisation personlig hj\u00e4lp vid behov. Giltigheten av eTA Kanada p\u00e5verkas inte p\u00e5 n\u00e5got s\u00e4tt om den erh\u00e5lls via en privat webbplats.<\/p>\n\n<p>Giltighetstiden f\u00f6r eTA Kanada beror p\u00e5 vilket pass det \u00e4r kopplat till. Naturligtvis godk\u00e4nns endast ett giltigt pass (reser\u00e5d: det rekommenderas att ha sex m\u00e5naders giltighet kvar). Om du f\u00e5r ett nytt pass eller om passuppgifterna \u00e4ndras m\u00e5ste du l\u00e4mna in en ny ans\u00f6kan till de kanadensiska myndigheterna. Vi p\u00e5minner dig om att f\u00f6r att fylla i eTA Kanada-blanketten m\u00e5ste passets nummer, innehavarens f\u00f6r- och efternamn, f\u00f6delsedatum och f\u00f6delseort, k\u00f6n, utf\u00e4rdandedatum och utg\u00e5ngsdatum fyllas i. En \u00e4ndring av dessa uppgifter g\u00f6r att eTA:n blir ogiltig.<\/p>\n\n<p>Eftersom ans\u00f6kan om tillst\u00e5nd ocks\u00e5 baseras p\u00e5 fyra fr\u00e5gor om resen\u00e4rens situation beror giltigheten av eTA Kanada p\u00e5 hur situationen utvecklas. Om en ny obehandlad sjukdom eller ett nytt brott intr\u00e4ffar \u00e4r eTA inte l\u00e4ngre giltig. Denna information \u00e4r dock sv\u00e5r att kontrollera och beror d\u00e4rf\u00f6r p\u00e5 resen\u00e4rens \u00e4rlighet.<\/p>\n\n<p>Du beh\u00f6ver inte skriva ut tillst\u00e5ndet eftersom det \u00e4r elektroniskt. Det \u00e4r dock obligatoriskt att f\u00e5 tillst\u00e5nd innan man \u00e5ker. Giltigheten av eTA Kanada \u00e4ventyras inte av att det inte finns n\u00e5gon pappersversion. Gr\u00e4nstj\u00e4nstemannen ber inte om att f\u00e5 se eTA, men kommer f\u00f6rmodligen att be om utresebiljetten och andra n\u00f6dv\u00e4ndiga dokument som \u00e4r relevanta f\u00f6r situationen, s\u00e4rskilt om du har ett minder\u00e5rigt barn med dig (t.ex. f\u00f6delseattest, kopia av skilsm\u00e4ssobeviset osv.).<br\/><br\/><\/p>\n\n<h2 class=\"wp-block-heading\">Hur l\u00e4nge \u00e4r eTA Kanada giltigt?<\/h2>\n\n<p>Du beh\u00f6ver inte fylla i <a href=\"https:\/\/ave-eta-canada.com\/sv\/fylla-i-blankett-eta-formular-for-kanada\/\">onlineformul\u00e4ret<\/a> f\u00f6r alla resor till Kanada: eTA Kanada \u00e4r giltigt i fem \u00e5r fr\u00e5n utf\u00e4rdandedatumet. Godk\u00e4nnande eller avslag meddelas mycket snabbt via e-post n\u00e4r <a href=\"https:\/\/ave-eta-canada.com\/sv\/eta-kanada-att-priset\/\">betalningen p\u00e5 7 $ CAN<\/a> har gjorts. I undantagsfall kan Canada Immigration Services v\u00e4nta med att behandla en ans\u00f6kan om ytterligare dokumentation kr\u00e4vs. Den kanadensiska immigrationsmyndigheten kontaktar i alla fall den s\u00f6kande inom n\u00e5gra dagar. Du f\u00e5r ett mottagningsbevis inom 72 timmar. Om ans\u00f6kan avsl\u00e5s kan den s\u00f6kande g\u00f6ra en ny ans\u00f6kan om han\/hon anser att det negativa svaret beror p\u00e5 ett inmatningsfel. Om inga misstag har beg\u00e5tts kan visumans\u00f6kan skickas vidare till den kanadensiska ambassaden. Att inte vara ber\u00e4ttigad till eTA \u00e4r inget hinder f\u00f6r att f\u00e5 en kanadensisk visering.<\/p>\n\n<p>Det b\u00f6r noteras att <a href=\"https:\/\/ave-eta-canada.com\/sv\/eta-kanada-giltighetstid\/\">giltighetstiden f\u00f6r Kanada eTA<\/a> beror p\u00e5 giltighetstiden f\u00f6r det pass som anv\u00e4nds vid ans\u00f6kningstillf\u00e4llet. Den kanadensiska regeringen utf\u00e4rdar ett eTA f\u00f6r h\u00f6gst fem \u00e5r, f\u00f6rutsatt att passet inte l\u00f6per ut innan dess. Om t.ex. ett e-pass eller biometriskt pass l\u00f6per ut inom tre \u00e5r efter ans\u00f6kan \u00e4r eTA:n giltig i tre \u00e5r. Det \u00e4r inte m\u00f6jligt att \u00f6verf\u00f6ra de \u00e5terst\u00e5ende tv\u00e5 \u00e5ren till ett nytt pass.<\/p>\n\n<p>Resen\u00e4ren kan g\u00f6ra s\u00e5 m\u00e5nga bes\u00f6k som han eller hon vill under den fem\u00e5riga giltighetstiden f\u00f6r Kanada eTA, f\u00f6rutsatt att varje bes\u00f6k inte \u00f6verstiger sex m\u00e5nader. Det handlar inte om att vara permanent bosatt med ett eTA-tillst\u00e5nd, utan bara om en turistvistelse. Det b\u00f6r ocks\u00e5 noteras att ett eTA endast kr\u00e4vs f\u00f6r inresa till Kanada med flyg, inklusive transitering.<\/p>\n","protected":false},"excerpt":{"rendered":"<p>Vad \u00e4r giltigheten av eTA Canada? F\u00f6r att resa till Kanada kr\u00e4vs ett elektroniskt resetillst\u00e5nd. Detta tillst\u00e5nd utf\u00e4rdas via Internet p\u00e5 samma s\u00e4tt som en ESTA-ans\u00f6kan f\u00f6r USA. F\u00f6r en vistelse p\u00e5 mindre \u00e4n 6 m\u00e5nader i Kanada: Du kan fylla i formaliteterna f\u00f6r inresa till Kanada direkt via Internet genom att klicka p\u00e5 onlineformul\u00e4ret. [&hellip;]<\/p>\n","protected":false},"author":1,"featured_media":0,"parent":0,"menu_order":0,"comment_status":"closed","ping_status":"closed","template":"","meta":{"footnotes":""},"class_list":["post-2638","page","type-page","status-publish","hentry"],"yoast_head":"<!-- This site is optimized with the Yoast SEO plugin v26.9 - https:\/\/yoast.com\/product\/yoast-seo-wordpress\/ -->\n<title>Giltigheten av eTA Kanada<\/title>\n<meta name=\"description\" content=\"Kanada har inf\u00f6rt ett elektroniskt resetillst\u00e5nd (ETA) som m\u00e5ste erh\u00e5llas f\u00f6re avresa. Hur l\u00e4nge \u00e4r tillst\u00e5ndet giltigt?\" \/>\n<meta name=\"robots\" content=\"index, follow, max-snippet:-1, max-image-preview:large, max-video-preview:-1\" \/>\n<link rel=\"canonical\" href=\"https:\/\/ave-eta-canada.com\/sv\/giltigheten-av-eta-kanada\/\" \/>\n<meta property=\"og:locale\" content=\"sv_SE\" \/>\n<meta property=\"og:type\" content=\"article\" \/>\n<meta property=\"og:title\" content=\"Giltigheten av eTA Kanada\" \/>\n<meta property=\"og:description\" content=\"Kanada har inf\u00f6rt ett elektroniskt resetillst\u00e5nd (ETA) som m\u00e5ste erh\u00e5llas f\u00f6re avresa. Hur l\u00e4nge \u00e4r tillst\u00e5ndet giltigt?\" \/>\n<meta property=\"og:url\" content=\"https:\/\/ave-eta-canada.com\/sv\/giltigheten-av-eta-kanada\/\" \/>\n<meta property=\"og:site_name\" content=\"VISA CANADA\" \/>\n<meta property=\"article:modified_time\" content=\"2022-09-09T20:43:41+00:00\" \/>\n<meta name=\"twitter:card\" content=\"summary_large_image\" \/>\n<meta name=\"twitter:label1\" content=\"Ber\u00e4knad l\u00e4stid\" \/>\n\t<meta name=\"twitter:data1\" content=\"4 minuter\" \/>\n<script type=\"application\/ld+json\" class=\"yoast-schema-graph\">{\"@context\":\"https:\/\/schema.org\",\"@graph\":[{\"@type\":\"WebPage\",\"@id\":\"https:\/\/ave-eta-canada.com\/sv\/giltigheten-av-eta-kanada\/\",\"url\":\"https:\/\/ave-eta-canada.com\/sv\/giltigheten-av-eta-kanada\/\",\"name\":\"Giltigheten av eTA Kanada\",\"isPartOf\":{\"@id\":\"https:\/\/ave-eta-canada.com\/sv\/#website\"},\"datePublished\":\"2022-09-06T07:58:33+00:00\",\"dateModified\":\"2022-09-09T20:43:41+00:00\",\"description\":\"Kanada har inf\u00f6rt ett elektroniskt resetillst\u00e5nd (ETA) som m\u00e5ste erh\u00e5llas f\u00f6re avresa. Hur l\u00e4nge \u00e4r tillst\u00e5ndet giltigt?\",\"breadcrumb\":{\"@id\":\"https:\/\/ave-eta-canada.com\/sv\/giltigheten-av-eta-kanada\/#breadcrumb\"},\"inLanguage\":\"sv-SE\",\"potentialAction\":[{\"@type\":\"ReadAction\",\"target\":[\"https:\/\/ave-eta-canada.com\/sv\/giltigheten-av-eta-kanada\/\"]}]},{\"@type\":\"BreadcrumbList\",\"@id\":\"https:\/\/ave-eta-canada.com\/sv\/giltigheten-av-eta-kanada\/#breadcrumb\",\"itemListElement\":[{\"@type\":\"ListItem\",\"position\":1,\"name\":\"Home\",\"item\":\"https:\/\/ave-eta-canada.com\/sv\/\"},{\"@type\":\"ListItem\",\"position\":2,\"name\":\"Giltigheten av eTA Kanada\"}]},{\"@type\":\"WebSite\",\"@id\":\"https:\/\/ave-eta-canada.com\/sv\/#website\",\"url\":\"https:\/\/ave-eta-canada.com\/sv\/\",\"name\":\"VISA CANADA\",\"description\":\"Autorisation Voyage Electronique\",\"potentialAction\":[{\"@type\":\"SearchAction\",\"target\":{\"@type\":\"EntryPoint\",\"urlTemplate\":\"https:\/\/ave-eta-canada.com\/sv\/?s={search_term_string}\"},\"query-input\":{\"@type\":\"PropertyValueSpecification\",\"valueRequired\":true,\"valueName\":\"search_term_string\"}}],\"inLanguage\":\"sv-SE\"}]}<\/script>\n<!-- \/ Yoast SEO plugin. -->","yoast_head_json":{"title":"Giltigheten av eTA Kanada","description":"Kanada har inf\u00f6rt ett elektroniskt resetillst\u00e5nd (ETA) som m\u00e5ste erh\u00e5llas f\u00f6re avresa. Hur l\u00e4nge \u00e4r tillst\u00e5ndet giltigt?","robots":{"index":"index","follow":"follow","max-snippet":"max-snippet:-1","max-image-preview":"max-image-preview:large","max-video-preview":"max-video-preview:-1"},"canonical":"https:\/\/ave-eta-canada.com\/sv\/giltigheten-av-eta-kanada\/","og_locale":"sv_SE","og_type":"article","og_title":"Giltigheten av eTA Kanada","og_description":"Kanada har inf\u00f6rt ett elektroniskt resetillst\u00e5nd (ETA) som m\u00e5ste erh\u00e5llas f\u00f6re avresa. Hur l\u00e4nge \u00e4r tillst\u00e5ndet giltigt?","og_url":"https:\/\/ave-eta-canada.com\/sv\/giltigheten-av-eta-kanada\/","og_site_name":"VISA CANADA","article_modified_time":"2022-09-09T20:43:41+00:00","twitter_card":"summary_large_image","twitter_misc":{"Ber\u00e4knad l\u00e4stid":"4 minuter"},"schema":{"@context":"https:\/\/schema.org","@graph":[{"@type":"WebPage","@id":"https:\/\/ave-eta-canada.com\/sv\/giltigheten-av-eta-kanada\/","url":"https:\/\/ave-eta-canada.com\/sv\/giltigheten-av-eta-kanada\/","name":"Giltigheten av eTA Kanada","isPartOf":{"@id":"https:\/\/ave-eta-canada.com\/sv\/#website"},"datePublished":"2022-09-06T07:58:33+00:00","dateModified":"2022-09-09T20:43:41+00:00","description":"Kanada har inf\u00f6rt ett elektroniskt resetillst\u00e5nd (ETA) som m\u00e5ste erh\u00e5llas f\u00f6re avresa. Hur l\u00e4nge \u00e4r tillst\u00e5ndet giltigt?","breadcrumb":{"@id":"https:\/\/ave-eta-canada.com\/sv\/giltigheten-av-eta-kanada\/#breadcrumb"},"inLanguage":"sv-SE","potentialAction":[{"@type":"ReadAction","target":["https:\/\/ave-eta-canada.com\/sv\/giltigheten-av-eta-kanada\/"]}]},{"@type":"BreadcrumbList","@id":"https:\/\/ave-eta-canada.com\/sv\/giltigheten-av-eta-kanada\/#breadcrumb","itemListElement":[{"@type":"ListItem","position":1,"name":"Home","item":"https:\/\/ave-eta-canada.com\/sv\/"},{"@type":"ListItem","position":2,"name":"Giltigheten av eTA Kanada"}]},{"@type":"WebSite","@id":"https:\/\/ave-eta-canada.com\/sv\/#website","url":"https:\/\/ave-eta-canada.com\/sv\/","name":"VISA CANADA","description":"Autorisation Voyage Electronique","potentialAction":[{"@type":"SearchAction","target":{"@type":"EntryPoint","urlTemplate":"https:\/\/ave-eta-canada.com\/sv\/?s={search_term_string}"},"query-input":{"@type":"PropertyValueSpecification","valueRequired":true,"valueName":"search_term_string"}}],"inLanguage":"sv-SE"}]}},"_links":{"self":[{"href":"https:\/\/ave-eta-canada.com\/sv\/wp-json\/wp\/v2\/pages\/2638","targetHints":{"allow":["GET"]}}],"collection":[{"href":"https:\/\/ave-eta-canada.com\/sv\/wp-json\/wp\/v2\/pages"}],"about":[{"href":"https:\/\/ave-eta-canada.com\/sv\/wp-json\/wp\/v2\/types\/page"}],"author":[{"embeddable":true,"href":"https:\/\/ave-eta-canada.com\/sv\/wp-json\/wp\/v2\/users\/1"}],"replies":[{"embeddable":true,"href":"https:\/\/ave-eta-canada.com\/sv\/wp-json\/wp\/v2\/comments?post=2638"}],"version-history":[{"count":0,"href":"https:\/\/ave-eta-canada.com\/sv\/wp-json\/wp\/v2\/pages\/2638\/revisions"}],"wp:attachment":[{"href":"https:\/\/ave-eta-canada.com\/sv\/wp-json\/wp\/v2\/media?parent=2638"}],"curies":[{"name":"wp","href":"https:\/\/api.w.org\/{rel}","templated":true}]}}