{"id":2647,"date":"2022-09-06T07:59:15","date_gmt":"2022-09-06T07:59:15","guid":{"rendered":"https:\/\/ave-eta-canada.com\/pa\/"},"modified":"2025-06-06T09:07:37","modified_gmt":"2025-06-06T09:07:37","slug":"sv","status":"publish","type":"page","link":"https:\/\/ave-eta-canada.com\/sv\/","title":{"rendered":"KANADA: Elektroniskt resetillst\u00e5nd"},"content":{"rendered":"\n<h1 class=\"wp-block-heading\">Inreseformaliteter i Kanada<\/h1>\n\n<p>Electronic Travel Authorization Canada (eTA Canada) \u00e4r ett automatiserat system f\u00f6r att godk\u00e4nna resor till Kanada. Denna elektroniska enhet introducerades i september 2016. Det finns en avgift f\u00f6r detta obligatoriska intyg, som m\u00e5ste erh\u00e5llas f\u00f6re din vistelse i Kanada. Det ger dig m\u00f6jlighet att resa in i Kanada utan att ans\u00f6ka om en kanadensisk visering. Ans\u00f6kan om eTA m\u00e5ste g\u00f6ras online och innan boardingkortet till Kanada utf\u00e4rdas.<\/p>\n\n<p><strong>F\u00f6r en vistelse p\u00e5 mindre \u00e4n 6 m\u00e5nader i Kanada<\/strong>: Du kan fylla i formaliteterna f\u00f6r inresa till Kanada direkt via Internet genom att klicka p\u00e5 <a href=\"https:\/\/ave-eta-canada.com\/sv\/kanada-eta-formular-online\/\">onlineformul\u00e4ret<\/a>. Det \u00e4r inte n\u00f6dv\u00e4ndigt att boka ett m\u00f6te p\u00e5 Kanadas ambassad eller konsulat.<\/p>\n\n<div style=\"height:30px\" aria-hidden=\"true\" class=\"wp-block-spacer\"><\/div>\n\n<h2 class=\"wp-block-heading\">Vad \u00e4r syftet med eTA Kanada?<\/h2>\n\n<p>Detta elektroniska dokument f\u00f6re resan f\u00f6rb\u00e4ttrar den inhemska s\u00e4kerheten vid flygningar och transporter till Kanada. Som en del av din <a href=\"https:\/\/ave-eta-canada.com\/sv\/vad-ar-vilt-eta-kanada\/\">ETA-ans\u00f6kan f\u00f6r Kanada<\/a> kan systemet, genom att du l\u00e4mnar dina uppgifter f\u00f6re flygningen, kontrollera att du uppfyller kriterierna f\u00f6r godk\u00e4nnande p\u00e5 kanadensisk mark innan du ens anl\u00e4nder. Tidigare utf\u00f6rdes denna kontroll direkt vid gr\u00e4nskontrollstationen.<\/p>\n\n<p>Detta \u00e4r ett fr\u00e5geformul\u00e4r som ska fyllas i p\u00e5 Internet och vars svar avg\u00f6r om du blir antagen till eTA eller inte. Fr\u00e5gorna \u00e4r enkla och ibland \u00f6verraskande; de syftar till att f\u00f6rs\u00e4kra de kanadensiska myndigheterna om att du inte \u00e4r kopplad till en terroristorganisation, att du inte \u00e4r kriminell osv. Det h\u00e4r fr\u00e5geformul\u00e4ret ers\u00e4tter det gr\u00f6na bladet som du fick vid flygningen.<\/p>\n\n<h2 class=\"wp-block-heading\">eTA \u00e4r l\u00e4ttare att f\u00e5 \u00e4n visum<\/h2>\n\n<p><a href=\"https:\/\/ave-eta-canada.com\/sv\/vad-ar-eta-kanada\/\">eTA:s anv\u00e4ndbarhet<\/a> bekr\u00e4ftas f\u00f6r specifika resor: turism, transit eller aff\u00e4rsresor. Om du reser till Kanada av n\u00e5gon av dessa anledningar och resan \u00e4r begr\u00e4nsad till h\u00f6gst 6 m\u00e5nader kan du dra nytta av ett enklare system \u00e4n det <a href=\"https:\/\/usa-esta.net\/sv\/turist-visum-kanada\/\">kanadensiska turistvisumet<\/a>, tack vare eTA. Processen f\u00f6r resetillst\u00e5nd kr\u00e4ver inte bara n\u00e5gra f\u00e5 klick p\u00e5 Internet, utan du beh\u00f6ver inte heller betala hundratals dollar, vilket vanligtvis \u00e4r fallet med ett Kanada-visum. eTA \u00e4r l\u00f6sningen f\u00f6r att resa enkelt och billigt till Kanada.<\/p>\n\n<p>Nedan visas en illustration av en kanadensisk inresevisering.<\/p>\n\n<figure class=\"wp-block-image size-large\"><img decoding=\"async\" src=\"https:\/\/ave-eta-canada.com\/wp-content\/uploads\/2020\/04\/visa-canada-1-1024x734.png\" alt=\"\" class=\"wp-image-832\"\/><figcaption class=\"wp-element-caption\">Fotovisum Kanada<\/figcaption><\/figure>\n\n<h2 class=\"wp-block-heading\">Hur f\u00e5r jag tillg\u00e5ng till ans\u00f6kningsformul\u00e4ret?<\/h2>\n\n<p>Det \u00e4r l\u00e4tt att komma \u00e5t formul\u00e4ret. Du fyller i din <a href=\"https:\/\/ave-eta-canada.com\/sv\/gor-en-ansokan-hos-kanadas-officiella-myndighet\/\">eTA-ans\u00f6kan<\/a> direkt p\u00e5 Internet och den behandlas automatiskt. Svaret (godk\u00e4nnande eller avslag) kommer n\u00e4stan omedelbart, men det rekommenderas att du ans\u00f6ker s\u00e5 snart du planerar din resa.<\/p>\n\n<p>Registreringssidan \u00e4r p\u00e5 svenska och du f\u00e5r st\u00f6d och hj\u00e4lp hela tiden. Dessutom lagras dina kontaktuppgifter och ditt kvitto p\u00e5 webbplatsen, vilket kan vara anv\u00e4ndbart i h\u00e4ndelse av f\u00f6rlust.<\/p>\n\n<h2 class=\"wp-block-heading\">eTA-godk\u00e4nnandet i korthet<\/h2>\n\n<p>eTA \u00e4r inte en fysisk handling som ett pass. Detta \u00e4r ett svar som du kan hitta p\u00e5 Internet, via ditt konto som du skapade n\u00e4r du ans\u00f6kte om eTA. N\u00e4r du skickar in webbformul\u00e4ret behandlar datasystemen dina uppgifter och svaren p\u00e5 fr\u00e5gorna f\u00f6r att avg\u00f6ra om din fil uppfyller villkoren f\u00f6r godk\u00e4nnande. D\u00e4rf\u00f6r b\u00f6r du vara p\u00e5 jakt och ta initiativ till att sj\u00e4lv bes\u00f6ka webbplatsen f\u00f6r att se resultatet av din fr\u00e5ga. Om du f\u00e5r en bekr\u00e4ftelse p\u00e5 din resa till Kanada via ett eTA \u00e4r det inget som hindrar dig fr\u00e5n att skriva ut meddelandet, men det \u00e4r inte obligatoriskt. De kanadensiska myndigheterna kommer att kunna se din fil direkt i sina datorverktyg.<\/p>\n\n<h2 class=\"wp-block-heading\">Finns det n\u00e5gra f\u00f6rdelar f\u00f6r resen\u00e4rer?<\/h2>\n\n<p>Ja, resen\u00e4rerna gynnas ocks\u00e5 eftersom de inte <a href=\"https:\/\/ave-eta-canada.com\/sv\/visum-eller-eta-kanada\/\">beh\u00f6ver ans\u00f6ka om visum n\u00e4r de reser med ett eTA<\/a>. Vissa villkor m\u00e5ste dock vara uppfyllda. Du m\u00e5ste komma fr\u00e5n ett av de l\u00e4nder som har undertecknat erk\u00e4nnandet av viseringsundantaget (varav Europa \u00e4r ett). Du f\u00e5r stanna i Kanada i h\u00f6gst sex m\u00e5nader, och syftet med resan \u00e4r begr\u00e4nsat: transit, turist- eller aff\u00e4rsresa. Liksom m\u00e5nga andra l\u00e4nder kr\u00e4ver Kanada dessutom att bes\u00f6kare ska ha ett giltigt elektroniskt eller biometriskt pass. Om du uppfyller alla dessa krav b\u00f6r din resa till Kanada g\u00e5 smidigt med eTA. Priset p\u00e5 eTA och den f\u00f6renklade onlineprocessen \u00e4r en verklig f\u00f6rdel f\u00f6r resen\u00e4rer som vill resa in i Kanada.<\/p>\n\n<h2 class=\"wp-block-heading\">Hur l\u00e4nge \u00e4r denna ans\u00f6kan giltig?<\/h2>\n\n<p>N\u00e4r du har ans\u00f6kt <a href=\"https:\/\/ave-eta-canada.com\/sv\/eta-kanada-giltighetstid\/\">kan du anv\u00e4nda ditt uppeh\u00e5llstillst\u00e5nd i fem \u00e5r<\/a> eller tills ditt pass l\u00f6per ut. Din vistelse i Kanada f\u00e5r dock inte \u00f6verstiga sex m\u00e5nader. Du kan resa in och ut i Kanada flera g\u00e5nger tills de sex m\u00e5naderna l\u00f6per ut.<\/p>\n\n<h2 class=\"wp-block-heading\">Finns det en risk f\u00f6r att en eTA inte kan genomf\u00f6ras?<\/h2>\n\n<p>Du kan vara s\u00e4ker p\u00e5 att n\u00e4stan alla f\u00f6rfr\u00e5gningar f\u00e5r ett positivt svar. Avslag p\u00e5 eTA-resetillst\u00e5nd beror p\u00e5 inmatningsfel och naturligtvis p\u00e5 att villkoren f\u00f6r tillst\u00e5ndet inte har uppfyllts (\u00f6verskridet uppeh\u00e5llstillst\u00e5nd, utg\u00e5nget pass osv.). Om du uppfyller de f\u00e5 kraven i programmet kan du utan tvekan vistas i Kanada med hj\u00e4lp av en eTA. Ta dig tid att kontrollera dina uppgifter innan du skickar in formul\u00e4ret, eftersom det \u00e4r l\u00e4tt att ett stavfel kan komma in. Om du f\u00e5r avslag m\u00e5ste du v\u00e4nta 10 dagar innan du kan l\u00e4mna in en ny ans\u00f6kan.<\/p>\n\n<h2 class=\"wp-block-heading\">Hur man f\u00e5r ett turistvisum f\u00f6r Kanada<\/h2>\n\n<p>Ans\u00f6kan om ett kanadensiskt turistvisum g\u00f6rs p\u00e5 det kanadensiska konsulatet i ditt hemland. Processen f\u00f6r att f\u00e5 ett turistvisum f\u00f6r Kanada omfattar flera steg. Till skillnad fr\u00e5n den <a href=\"https:\/\/usa-esta.net\/sv\/usa-visum\/\">amerikanska visumprocessen<\/a> kan du f\u00e5 ett kanadensiskt visum utan en fysisk intervju p\u00e5 den kanadensiska ambassaden. De viktigaste stegen i det kanadensiska turistvisumet \u00e4r f\u00f6ljande:<\/p>\n\n<ol class=\"wp-block-list\">\n<li>F\u00f6rst och fr\u00e4mst m\u00e5ste du kontrollera att du \u00e4r ber\u00e4ttigad till ett turistvisum f\u00f6r Kanada;<\/li>\n\n\n\n<li>D\u00e4refter m\u00e5ste du skapa en bes\u00f6kartillg\u00e5ng p\u00e5 den kanadensiska administrativa internetportalen <a href=\"https:\/\/www.canada.ca\/en\/immigration-refugees-citizenship\/services\/visit-canada\/visitor-visa-application-start.html\">IRCC<\/a>;<\/li>\n\n\n\n<li>N\u00e4r du har loggat in m\u00e5ste du fylla i alla dokument som kr\u00e4vs f\u00f6r den kanadensiska turistviseringen;<\/li>\n\n\n\n<li>N\u00e4r du \u00e4r klar kan du validera din ans\u00f6kan om kanadensisk visering;<\/li>\n\n\n\n<li>Du m\u00e5ste ocks\u00e5 bifoga alla de dokument som de kanadensiska myndigheterna kr\u00e4ver f\u00f6r att slutf\u00f6ra din ans\u00f6kan om turistvisum;<\/li>\n\n\n\n<li>N\u00e4r du har skickat in ans\u00f6kningshandlingarna m\u00e5ste du v\u00e4nta p\u00e5 att avdelningen f\u00f6r behandling av turistvisum \u00e5terkommer. Visumavdelningen kan kontakta dig f\u00f6r ytterligare information.<\/li>\n\n\n\n<li>N\u00e4r din ans\u00f6kan har godk\u00e4nts m\u00e5ste du skicka in ditt pass f\u00f6r att f\u00e5 det st\u00e4mplat av den officiella kanadensiska visumtj\u00e4nsten.<\/li>\n<\/ol>\n\n<div style=\"height:20px\" aria-hidden=\"true\" class=\"wp-block-spacer\"><\/div>\n\n<h2 class=\"wp-block-heading\">Kan jag f\u00f6rl\u00e4nga min vistelse med ett eTA Canada-tillst\u00e5nd?<\/h2>\n\n<p>\u00c4ven om ett eTA Kanada ger r\u00e4tt till en f\u00f6rsta vistelse p\u00e5 upp till 6 m\u00e5nader p\u00e5 kanadensisk mark, \u00e4r det ibland m\u00f6jligt att f\u00e5 en f\u00f6rl\u00e4ngning. F\u00f6r att g\u00f6ra detta m\u00e5ste du l\u00e4mna in en s\u00e4rskild ans\u00f6kan till de kanadensiska myndigheterna innan din f\u00f6rsta vistelse l\u00f6per ut. Denna process utf\u00f6rs direkt online p\u00e5 <a href=\"https:\/\/www.canada.ca\/en\/immigration-refugees-citizenship\/services\/application\/account.html\">IRCC-portalen<\/a> och kr\u00e4ver att du anger giltiga sk\u00e4l och bevis f\u00f6r att motivera din beg\u00e4ran (familj, yrkesm\u00e4ssiga, medicinska sk\u00e4l etc.). Det \u00e4r d\u00e4rf\u00f6r viktigt att planera denna process i god tid.   <\/p>\n\n<h2 class=\"wp-block-heading\">Vad ska du g\u00f6ra om ditt pass g\u00e5r ut innan du har f\u00e5tt tillst\u00e5nd att resa?<\/h2>\n\n<p>Om ditt pass upph\u00f6r att g\u00e4lla innan giltighetstiden f\u00f6r ditt resetillst\u00e5nd l\u00f6per ut (5 \u00e5r) m\u00e5ste du ans\u00f6ka om ett nytt tillst\u00e5nd online s\u00e5 snart du f\u00e5r ditt nya pass. Detta beror p\u00e5 att det elektroniska tillst\u00e5ndet \u00e4r direkt kopplat till det passnummer som anv\u00e4ndes vid den f\u00f6rsta ans\u00f6kan. Alla \u00e4ndringar eller byten av pass kr\u00e4ver d\u00e4rf\u00f6r ett nytt tillst\u00e5nd f\u00f6r att undvika nekad ombordstigning eller gr\u00e4nsproblem.  <\/p>\n\n<h2 class=\"wp-block-heading\">ETA Kanada f\u00f6r minder\u00e5riga<\/h2>\n\n<p>Om du reser med minder\u00e5riga barn \u00e4r det viktigt att veta att varje barn m\u00e5ste ha ett eget resetillst\u00e5nd. Ett individuellt tillst\u00e5nd m\u00e5ste fyllas i online f\u00f6r varje barn, \u00e4ven om de \u00e5tf\u00f6ljs av b\u00e5da sina f\u00f6r\u00e4ldrar eller v\u00e5rdnadshavare. Dessutom rekommenderar de kanadensiska myndigheterna starkt att vuxna som reser ensamma med ett minder\u00e5rigt barn har ett brev med f\u00f6r\u00e4ldratillst\u00e5nd undertecknat av den andra f\u00f6r\u00e4ldern eller den fr\u00e5nvarande v\u00e5rdnadshavaren, f\u00f6r att undvika eventuella blockeringar vid gr\u00e4nspassagerna.  <\/p>\n\n<h2 class=\"wp-block-heading\">Gl\u00f6m inte formaliteterna f\u00f6r att resa till Storbritannien<\/h2>\n\n<p>Om du ocks\u00e5 planerar att <a href=\"https:\/\/uk-gb.net\/fr\/\">bes\u00f6ka Storbritannien<\/a> b\u00f6r du k\u00e4nna till att landet nyligen inf\u00f6rde sitt eget elektroniska system f\u00f6r resetillst\u00e5nd. Precis som det kanadensiska elektroniska resetillst\u00e5ndet \u00e4r det brittiska ETA ett elektroniskt tillst\u00e5nd f\u00f6re resan. Det har inf\u00f6rts f\u00f6r att f\u00f6renkla <a href=\"https:\/\/uk-gb.net\/fr\/visa-royaume-uni\/\">formaliteterna<\/a> vid inresa till Storbritannien och f\u00f6r att st\u00e4rka s\u00e4kerhetskontrollerna. Detta certifikat kommer att vara obligatoriskt f\u00f6r visumfria bes\u00f6kare som vill stanna en kort tid i Storbritannien. S\u00e5 kom ih\u00e5g att g\u00f6ra dina formaliteter online innan du reser s\u00e5 att du slipper obehagliga \u00f6verraskningar n\u00e4r du kommer fram till Storbritannien.    <\/p>\n","protected":false},"excerpt":{"rendered":"<p>Inreseformaliteter i Kanada Electronic Travel Authorization Canada (eTA Canada) \u00e4r ett automatiserat system f\u00f6r att godk\u00e4nna resor till Kanada. Denna elektroniska enhet introducerades i september 2016. Det finns en avgift f\u00f6r detta obligatoriska intyg, som m\u00e5ste erh\u00e5llas f\u00f6re din vistelse i Kanada. Det ger dig m\u00f6jlighet att resa in i Kanada utan att ans\u00f6ka om [&hellip;]<\/p>\n","protected":false},"author":1,"featured_media":0,"parent":0,"menu_order":0,"comment_status":"closed","ping_status":"closed","template":"","meta":{"footnotes":""},"class_list":["post-2647","page","type-page","status-publish","hentry"],"yoast_head":"<!-- This site is optimized with the Yoast SEO plugin v26.9 - https:\/\/yoast.com\/product\/yoast-seo-wordpress\/ -->\n<title>KANADA: Elektroniskt resetillst\u00e5nd<\/title>\n<meta name=\"description\" content=\"All information om eTA Kanada, det elektroniska intyget om inresa till Kanada.\" \/>\n<meta name=\"robots\" content=\"index, follow, max-snippet:-1, max-image-preview:large, max-video-preview:-1\" \/>\n<link rel=\"canonical\" href=\"https:\/\/ave-eta-canada.com\/sv\/\" \/>\n<meta property=\"og:locale\" content=\"sv_SE\" \/>\n<meta property=\"og:type\" content=\"article\" \/>\n<meta property=\"og:title\" content=\"KANADA: Elektroniskt resetillst\u00e5nd\" \/>\n<meta property=\"og:description\" content=\"All information om eTA Kanada, det elektroniska intyget om inresa till Kanada.\" \/>\n<meta property=\"og:url\" content=\"https:\/\/ave-eta-canada.com\/sv\/\" \/>\n<meta property=\"og:site_name\" content=\"VISA CANADA\" \/>\n<meta property=\"article:modified_time\" content=\"2025-06-06T09:07:37+00:00\" \/>\n<meta property=\"og:image\" content=\"https:\/\/ave-eta-canada.com\/wp-content\/uploads\/2020\/04\/visa-canada-1.webp\" \/>\n\t<meta property=\"og:image:width\" content=\"1920\" \/>\n\t<meta property=\"og:image:height\" content=\"1376\" \/>\n\t<meta property=\"og:image:type\" content=\"image\/webp\" \/>\n<meta name=\"twitter:card\" content=\"summary_large_image\" \/>\n<meta name=\"twitter:label1\" content=\"Ber\u00e4knad l\u00e4stid\" \/>\n\t<meta name=\"twitter:data1\" content=\"8 minuter\" \/>\n<script type=\"application\/ld+json\" class=\"yoast-schema-graph\">{\"@context\":\"https:\/\/schema.org\",\"@graph\":[{\"@type\":\"WebPage\",\"@id\":\"https:\/\/ave-eta-canada.com\/sv\/\",\"url\":\"https:\/\/ave-eta-canada.com\/sv\/\",\"name\":\"KANADA: Elektroniskt resetillst\u00e5nd\",\"isPartOf\":{\"@id\":\"https:\/\/ave-eta-canada.com\/sv\/#website\"},\"primaryImageOfPage\":{\"@id\":\"https:\/\/ave-eta-canada.com\/sv\/#primaryimage\"},\"image\":{\"@id\":\"https:\/\/ave-eta-canada.com\/sv\/#primaryimage\"},\"thumbnailUrl\":\"https:\/\/ave-eta-canada.com\/wp-content\/uploads\/2020\/04\/visa-canada-1-1024x734.png\",\"datePublished\":\"2022-09-06T07:59:15+00:00\",\"dateModified\":\"2025-06-06T09:07:37+00:00\",\"description\":\"All information om eTA Kanada, det elektroniska intyget om inresa till Kanada.\",\"breadcrumb\":{\"@id\":\"https:\/\/ave-eta-canada.com\/sv\/#breadcrumb\"},\"inLanguage\":\"sv-SE\",\"potentialAction\":[{\"@type\":\"ReadAction\",\"target\":[\"https:\/\/ave-eta-canada.com\/sv\/\"]}]},{\"@type\":\"ImageObject\",\"inLanguage\":\"sv-SE\",\"@id\":\"https:\/\/ave-eta-canada.com\/sv\/#primaryimage\",\"url\":\"https:\/\/ave-eta-canada.com\/wp-content\/uploads\/2020\/04\/visa-canada-1-1024x734.png\",\"contentUrl\":\"https:\/\/ave-eta-canada.com\/wp-content\/uploads\/2020\/04\/visa-canada-1-1024x734.png\"},{\"@type\":\"BreadcrumbList\",\"@id\":\"https:\/\/ave-eta-canada.com\/sv\/#breadcrumb\",\"itemListElement\":[{\"@type\":\"ListItem\",\"position\":1,\"name\":\"Home\",\"item\":\"https:\/\/ave-eta-canada.com\/sv\/\"},{\"@type\":\"ListItem\",\"position\":2,\"name\":\"KANADA: Elektroniskt resetillst\u00e5nd\"}]},{\"@type\":\"WebSite\",\"@id\":\"https:\/\/ave-eta-canada.com\/sv\/#website\",\"url\":\"https:\/\/ave-eta-canada.com\/sv\/\",\"name\":\"VISA CANADA\",\"description\":\"Autorisation Voyage Electronique\",\"potentialAction\":[{\"@type\":\"SearchAction\",\"target\":{\"@type\":\"EntryPoint\",\"urlTemplate\":\"https:\/\/ave-eta-canada.com\/sv\/?s={search_term_string}\"},\"query-input\":{\"@type\":\"PropertyValueSpecification\",\"valueRequired\":true,\"valueName\":\"search_term_string\"}}],\"inLanguage\":\"sv-SE\"}]}<\/script>\n<!-- \/ Yoast SEO plugin. -->","yoast_head_json":{"title":"KANADA: Elektroniskt resetillst\u00e5nd","description":"All information om eTA Kanada, det elektroniska intyget om inresa till Kanada.","robots":{"index":"index","follow":"follow","max-snippet":"max-snippet:-1","max-image-preview":"max-image-preview:large","max-video-preview":"max-video-preview:-1"},"canonical":"https:\/\/ave-eta-canada.com\/sv\/","og_locale":"sv_SE","og_type":"article","og_title":"KANADA: Elektroniskt resetillst\u00e5nd","og_description":"All information om eTA Kanada, det elektroniska intyget om inresa till Kanada.","og_url":"https:\/\/ave-eta-canada.com\/sv\/","og_site_name":"VISA CANADA","article_modified_time":"2025-06-06T09:07:37+00:00","og_image":[{"width":1920,"height":1376,"url":"https:\/\/ave-eta-canada.com\/wp-content\/uploads\/2020\/04\/visa-canada-1.webp","type":"image\/webp"}],"twitter_card":"summary_large_image","twitter_misc":{"Ber\u00e4knad l\u00e4stid":"8 minuter"},"schema":{"@context":"https:\/\/schema.org","@graph":[{"@type":"WebPage","@id":"https:\/\/ave-eta-canada.com\/sv\/","url":"https:\/\/ave-eta-canada.com\/sv\/","name":"KANADA: Elektroniskt resetillst\u00e5nd","isPartOf":{"@id":"https:\/\/ave-eta-canada.com\/sv\/#website"},"primaryImageOfPage":{"@id":"https:\/\/ave-eta-canada.com\/sv\/#primaryimage"},"image":{"@id":"https:\/\/ave-eta-canada.com\/sv\/#primaryimage"},"thumbnailUrl":"https:\/\/ave-eta-canada.com\/wp-content\/uploads\/2020\/04\/visa-canada-1-1024x734.png","datePublished":"2022-09-06T07:59:15+00:00","dateModified":"2025-06-06T09:07:37+00:00","description":"All information om eTA Kanada, det elektroniska intyget om inresa till Kanada.","breadcrumb":{"@id":"https:\/\/ave-eta-canada.com\/sv\/#breadcrumb"},"inLanguage":"sv-SE","potentialAction":[{"@type":"ReadAction","target":["https:\/\/ave-eta-canada.com\/sv\/"]}]},{"@type":"ImageObject","inLanguage":"sv-SE","@id":"https:\/\/ave-eta-canada.com\/sv\/#primaryimage","url":"https:\/\/ave-eta-canada.com\/wp-content\/uploads\/2020\/04\/visa-canada-1-1024x734.png","contentUrl":"https:\/\/ave-eta-canada.com\/wp-content\/uploads\/2020\/04\/visa-canada-1-1024x734.png"},{"@type":"BreadcrumbList","@id":"https:\/\/ave-eta-canada.com\/sv\/#breadcrumb","itemListElement":[{"@type":"ListItem","position":1,"name":"Home","item":"https:\/\/ave-eta-canada.com\/sv\/"},{"@type":"ListItem","position":2,"name":"KANADA: Elektroniskt resetillst\u00e5nd"}]},{"@type":"WebSite","@id":"https:\/\/ave-eta-canada.com\/sv\/#website","url":"https:\/\/ave-eta-canada.com\/sv\/","name":"VISA CANADA","description":"Autorisation Voyage Electronique","potentialAction":[{"@type":"SearchAction","target":{"@type":"EntryPoint","urlTemplate":"https:\/\/ave-eta-canada.com\/sv\/?s={search_term_string}"},"query-input":{"@type":"PropertyValueSpecification","valueRequired":true,"valueName":"search_term_string"}}],"inLanguage":"sv-SE"}]}},"_links":{"self":[{"href":"https:\/\/ave-eta-canada.com\/sv\/wp-json\/wp\/v2\/pages\/2647","targetHints":{"allow":["GET"]}}],"collection":[{"href":"https:\/\/ave-eta-canada.com\/sv\/wp-json\/wp\/v2\/pages"}],"about":[{"href":"https:\/\/ave-eta-canada.com\/sv\/wp-json\/wp\/v2\/types\/page"}],"author":[{"embeddable":true,"href":"https:\/\/ave-eta-canada.com\/sv\/wp-json\/wp\/v2\/users\/1"}],"replies":[{"embeddable":true,"href":"https:\/\/ave-eta-canada.com\/sv\/wp-json\/wp\/v2\/comments?post=2647"}],"version-history":[{"count":7,"href":"https:\/\/ave-eta-canada.com\/sv\/wp-json\/wp\/v2\/pages\/2647\/revisions"}],"predecessor-version":[{"id":6142,"href":"https:\/\/ave-eta-canada.com\/sv\/wp-json\/wp\/v2\/pages\/2647\/revisions\/6142"}],"wp:attachment":[{"href":"https:\/\/ave-eta-canada.com\/sv\/wp-json\/wp\/v2\/media?parent=2647"}],"curies":[{"name":"wp","href":"https:\/\/api.w.org\/{rel}","templated":true}]}}