{"id":2653,"date":"2022-09-06T07:59:16","date_gmt":"2022-09-06T07:59:16","guid":{"rendered":"https:\/\/ave-eta-canada.com\/med-kanada-att-priset\/"},"modified":"2022-09-09T20:33:46","modified_gmt":"2022-09-09T20:33:46","slug":"eta-kanada-att-priset","status":"publish","type":"page","link":"https:\/\/ave-eta-canada.com\/sv\/eta-kanada-att-priset\/","title":{"rendered":"eTA Kanada: dess pris"},"content":{"rendered":"\n<h1 class=\"wp-block-heading\">Hur mycket kostar en eTA Kanada?<\/h1>\n\n<p>Kanada \u00e4r ett dr\u00f6mresm\u00e5l f\u00f6r miljontals m\u00e4nniskor varje \u00e5r. Perfekt f\u00f6r semestern med familjen, v\u00e4nnerna, paren eller ensamma, det \u00e4r nu m\u00f6jligt att resa dit p\u00e5 ett enkelt s\u00e4tt tack vare eTA Kanada (Electronic Travel Authorisation). Med det elektroniska resetillst\u00e5ndet f\u00f6r Kanada kan du njuta av m\u00e5nga aktiviteter i Kanada utan att beh\u00f6va ans\u00f6ka om visum.  <\/p>\n\n<p><strong>F\u00f6r en vistelse p\u00e5 mindre \u00e4n 6 m\u00e5nader i Kanada<\/strong>: Du kan fylla i formaliteterna f\u00f6r inresa till Kanada direkt via Internet genom att klicka p\u00e5 <a href=\"https:\/\/ave-eta-canada.com\/sv\/kanada-eta-formular-online\/\">onlineformul\u00e4ret<\/a>. Det \u00e4r inte n\u00f6dv\u00e4ndigt att boka ett m\u00f6te p\u00e5 Kanadas ambassad eller konsulat.<\/p>\n\n<br\/>\n\n<h2 class=\"wp-block-heading\">J\u00e4mf\u00f6relse av priset p\u00e5 eTA Kanada och visumet<\/h2>\n\n<p>ETA <a href=\"https:\/\/ave-eta-canada.com\/sv\/nar-du-ska-ansoka-om-din-eta-kanada\/\">Electronic Travel Authorization<\/a> g\u00f6r det m\u00f6jligt f\u00f6r utl\u00e4ndska medborgare att undantas fr\u00e5n viseringskrav f\u00f6r att resa till Kanada med flyg eller i transit innan de flyger till en annan destination. Endast medborgare i de l\u00e4nder som ber\u00f6rs av denna ordning kan utnyttja detta pass. Resen\u00e4ren m\u00e5ste ocks\u00e5 ha ett giltigt pass och vistas i Kanada i h\u00f6gst sex m\u00e5nader. F\u00f6rdelen med eTA \u00e4r att det \u00e4r giltigt i fem \u00e5r, vilket g\u00f6r att du kan \u00e5terv\u00e4nda till Kanada s\u00e5 m\u00e5nga g\u00e5nger du vill inom den tid som \u00e4r till\u00e5ten f\u00f6r varje bes\u00f6k (h\u00f6gst 6 m\u00e5nader). Du ska dock inte r\u00e4kna med att kunna arbeta i Kanada, bo i Kanada, g\u00f6ra praktik eller studera vid ett kanadensiskt universitet med en eTA. Om det \u00e4r ditt m\u00e5l b\u00f6r du ans\u00f6ka om ett WHP (Working Holiday Permit) eller ett visum.<\/p>\n\n<p>Det kan vara komplicerat att f\u00e5 visum f\u00f6r en semesterresa till Kanada. Den kanadensiska regeringen m\u00e5ste faktiskt respektera kvoter f\u00f6r utf\u00e4rdande. D\u00e4rf\u00f6r \u00e4r det sv\u00e5rt att uppfylla villkoren (bland annat att bevisa att man har stora ekonomiska resurser). Stegen (ans\u00f6kan och uppr\u00e4ttandet av en fil med n\u00f6dv\u00e4ndiga dokument) och svarstiden \u00e4r l\u00e5nga och priset \u00e4r h\u00f6gre \u00e4n f\u00f6r en eTA Kanada. Priset f\u00f6r ett tillf\u00e4lligt visum f\u00f6r bos\u00e4ttning i Kanada \u00e4r 100-150 dollar CAD, vilket \u00e4r en riktig budget j\u00e4mf\u00f6rt med avgiften f\u00f6r <a>eTA Canada<\/a>, s\u00e4rskilt om du reser med fler \u00e4n en person! Mer information om kanadensiska visum finns p\u00e5 den kanadensiska ambassadens webbplats.<\/p>\n\n<p>Som du kan se rekommenderar vi starkt att du ans\u00f6ker om en eTA Kanada-resa f\u00f6r att uppt\u00e4cka Kanada och smaka p\u00e5 specialiteter som poutine eller shepherd&#8217;s pie (som liknar v\u00e5r shepherd&#8217;s pie, men med majs), eftersom priset \u00e4r mycket l\u00e4gre \u00e4n f\u00f6r ett visum. Toronto (den mest kosmopolitiska staden!), Quebec City, Ottawa och Vancouver v\u00e4ntar p\u00e5 dig!<br\/><br\/><\/p>\n\n<h2 class=\"wp-block-heading\">Best\u00e4llning av ett eTA Kanada och information om avgiften<\/h2>\n\n<p>Om du reser till Kanada med flera personer \u00e4r det \u00e4nnu inte m\u00f6jligt att ans\u00f6ka som en grupp och betala eTA Kanada-avgiften f\u00f6r flera personer samtidigt. Ans\u00f6kningarna g\u00f6rs en och en, individuellt, och <a href=\"https:\/\/ave-eta-canada.com\/sv\/eta-kanada-att-priset\/\">eTA Kanada-avgiften<\/a> m\u00e5ste betalas separat.<\/p>\n\n<p>De dokument som kr\u00e4vs f\u00f6r att ans\u00f6ka \u00e4r f\u00f6ljande: alla pass du beh\u00f6ver (kontrollera deras giltighet) och ett betalkort. Det finns tv\u00e5 s\u00e4tt att ans\u00f6ka om eTA online:<\/p>\n\n<ul class=\"wp-block-list\"><li>g\u00f6r en beg\u00e4ran via en privat webbplats, ett team kommer d\u00e5 att ta hand om best\u00e4llningen \u00e5t dig f\u00f6r att undvika misstag n\u00e4r du fyller i onlineformul\u00e4ret;<\/li><li>ans\u00f6ka p\u00e5 den kanadensiska regeringens officiella webbplats. Varje f\u00e4lt p\u00e5 blanketten ska fyllas i noggrant och fr\u00e5gorna ska besvaras \u00e4rligt. Observera att ett enda fel kan leda till att din ans\u00f6kan avsl\u00e5s omedelbart.<\/li><\/ul>\n\n<p>N\u00e4r du har fyllt i blanketten s\u00e5 noggrant som m\u00f6jligt kommer du att bli ombedd att betala en avgift f\u00f6r att godk\u00e4nna din ans\u00f6kan.<\/p>\n\n<p>Via den kanadensiska regeringens webbplats kommer du att bli ombedd att betala en avgift p\u00e5 7 CAD$ (kanadensiska dollar). Om du beg\u00e4r tj\u00e4nster fr\u00e5n en privat plattform tillkommer ytterligare avgifter, men priset \u00e4r fortfarande attraktivt!<\/p>\n\n<p>Du f\u00e5r ett svar till din e-postadress vanligtvis inom n\u00e5gra minuter. Men oroa dig inte, om du inte har f\u00e5tt ett omedelbart svar kan det ta n\u00e5gra dagar.<\/p>\n\n<p>N\u00e4r<a href=\"https:\/\/ave-eta-canada.com\/sv\/dags-att-skaffa-eta-kanada\/\">din eTA Kanada<\/a> har bekr\u00e4ftats kan du flyga till Kanada. Du b\u00f6r dock vara medveten om att det endast \u00e4r tulltj\u00e4nstemannen p\u00e5 plats som avg\u00f6r om du f\u00e5r resa in i Kanada eller inte.<\/p>\n\n<p>H\u00e4r \u00e4r v\u00e5rt sista r\u00e5d till resen\u00e4rer nu n\u00e4r du vet hur mycket eTA Kanada kostar: innan du \u00e5ker till Kanada f\u00e5r du inte gl\u00f6mma att t\u00e4nka p\u00e5 resef\u00f6rs\u00e4kring i h\u00e4ndelse av problem och en chapka om du flyger p\u00e5 vintern.<\/p>\n\n<p>H\u00e4r \u00e4r det, njut av din vistelse i Kanada!<\/p>\n","protected":false},"excerpt":{"rendered":"<p>Hur mycket kostar en eTA Kanada? Kanada \u00e4r ett dr\u00f6mresm\u00e5l f\u00f6r miljontals m\u00e4nniskor varje \u00e5r. Perfekt f\u00f6r semestern med familjen, v\u00e4nnerna, paren eller ensamma, det \u00e4r nu m\u00f6jligt att resa dit p\u00e5 ett enkelt s\u00e4tt tack vare eTA Kanada (Electronic Travel Authorisation). Med det elektroniska resetillst\u00e5ndet f\u00f6r Kanada kan du njuta av m\u00e5nga aktiviteter i [&hellip;]<\/p>\n","protected":false},"author":1,"featured_media":0,"parent":0,"menu_order":0,"comment_status":"closed","ping_status":"closed","template":"","meta":{"footnotes":""},"class_list":["post-2653","page","type-page","status-publish","hentry"],"yoast_head":"<!-- This site is optimized with the Yoast SEO plugin v26.9 - https:\/\/yoast.com\/product\/yoast-seo-wordpress\/ -->\n<title>eTA Kanada: dess pris<\/title>\n<meta name=\"description\" content=\"Vill du ans\u00f6ka om en eTA Kanada, men vet inte hur mycket det kommer att kosta? V\u00e5rt expertteam ber\u00e4ttar allt om det i den h\u00e4r artikeln!\" \/>\n<meta name=\"robots\" content=\"index, follow, max-snippet:-1, max-image-preview:large, max-video-preview:-1\" \/>\n<link rel=\"canonical\" href=\"https:\/\/ave-eta-canada.com\/sv\/eta-kanada-att-priset\/\" \/>\n<meta property=\"og:locale\" content=\"sv_SE\" \/>\n<meta property=\"og:type\" content=\"article\" \/>\n<meta property=\"og:title\" content=\"eTA Kanada: dess pris\" \/>\n<meta property=\"og:description\" content=\"Vill du ans\u00f6ka om en eTA Kanada, men vet inte hur mycket det kommer att kosta? V\u00e5rt expertteam ber\u00e4ttar allt om det i den h\u00e4r artikeln!\" \/>\n<meta property=\"og:url\" content=\"https:\/\/ave-eta-canada.com\/sv\/eta-kanada-att-priset\/\" \/>\n<meta property=\"og:site_name\" content=\"VISA CANADA\" \/>\n<meta property=\"article:modified_time\" content=\"2022-09-09T20:33:46+00:00\" \/>\n<meta name=\"twitter:card\" content=\"summary_large_image\" \/>\n<meta name=\"twitter:label1\" content=\"Ber\u00e4knad l\u00e4stid\" \/>\n\t<meta name=\"twitter:data1\" content=\"4 minuter\" \/>\n<script type=\"application\/ld+json\" class=\"yoast-schema-graph\">{\"@context\":\"https:\/\/schema.org\",\"@graph\":[{\"@type\":\"WebPage\",\"@id\":\"https:\/\/ave-eta-canada.com\/sv\/eta-kanada-att-priset\/\",\"url\":\"https:\/\/ave-eta-canada.com\/sv\/eta-kanada-att-priset\/\",\"name\":\"eTA Kanada: dess pris\",\"isPartOf\":{\"@id\":\"https:\/\/ave-eta-canada.com\/sv\/#website\"},\"datePublished\":\"2022-09-06T07:59:16+00:00\",\"dateModified\":\"2022-09-09T20:33:46+00:00\",\"description\":\"Vill du ans\u00f6ka om en eTA Kanada, men vet inte hur mycket det kommer att kosta? V\u00e5rt expertteam ber\u00e4ttar allt om det i den h\u00e4r artikeln!\",\"breadcrumb\":{\"@id\":\"https:\/\/ave-eta-canada.com\/sv\/eta-kanada-att-priset\/#breadcrumb\"},\"inLanguage\":\"sv-SE\",\"potentialAction\":[{\"@type\":\"ReadAction\",\"target\":[\"https:\/\/ave-eta-canada.com\/sv\/eta-kanada-att-priset\/\"]}]},{\"@type\":\"BreadcrumbList\",\"@id\":\"https:\/\/ave-eta-canada.com\/sv\/eta-kanada-att-priset\/#breadcrumb\",\"itemListElement\":[{\"@type\":\"ListItem\",\"position\":1,\"name\":\"Home\",\"item\":\"https:\/\/ave-eta-canada.com\/sv\/\"},{\"@type\":\"ListItem\",\"position\":2,\"name\":\"eTA Kanada: dess pris\"}]},{\"@type\":\"WebSite\",\"@id\":\"https:\/\/ave-eta-canada.com\/sv\/#website\",\"url\":\"https:\/\/ave-eta-canada.com\/sv\/\",\"name\":\"VISA CANADA\",\"description\":\"Autorisation Voyage Electronique\",\"potentialAction\":[{\"@type\":\"SearchAction\",\"target\":{\"@type\":\"EntryPoint\",\"urlTemplate\":\"https:\/\/ave-eta-canada.com\/sv\/?s={search_term_string}\"},\"query-input\":{\"@type\":\"PropertyValueSpecification\",\"valueRequired\":true,\"valueName\":\"search_term_string\"}}],\"inLanguage\":\"sv-SE\"}]}<\/script>\n<!-- \/ Yoast SEO plugin. -->","yoast_head_json":{"title":"eTA Kanada: dess pris","description":"Vill du ans\u00f6ka om en eTA Kanada, men vet inte hur mycket det kommer att kosta? V\u00e5rt expertteam ber\u00e4ttar allt om det i den h\u00e4r artikeln!","robots":{"index":"index","follow":"follow","max-snippet":"max-snippet:-1","max-image-preview":"max-image-preview:large","max-video-preview":"max-video-preview:-1"},"canonical":"https:\/\/ave-eta-canada.com\/sv\/eta-kanada-att-priset\/","og_locale":"sv_SE","og_type":"article","og_title":"eTA Kanada: dess pris","og_description":"Vill du ans\u00f6ka om en eTA Kanada, men vet inte hur mycket det kommer att kosta? V\u00e5rt expertteam ber\u00e4ttar allt om det i den h\u00e4r artikeln!","og_url":"https:\/\/ave-eta-canada.com\/sv\/eta-kanada-att-priset\/","og_site_name":"VISA CANADA","article_modified_time":"2022-09-09T20:33:46+00:00","twitter_card":"summary_large_image","twitter_misc":{"Ber\u00e4knad l\u00e4stid":"4 minuter"},"schema":{"@context":"https:\/\/schema.org","@graph":[{"@type":"WebPage","@id":"https:\/\/ave-eta-canada.com\/sv\/eta-kanada-att-priset\/","url":"https:\/\/ave-eta-canada.com\/sv\/eta-kanada-att-priset\/","name":"eTA Kanada: dess pris","isPartOf":{"@id":"https:\/\/ave-eta-canada.com\/sv\/#website"},"datePublished":"2022-09-06T07:59:16+00:00","dateModified":"2022-09-09T20:33:46+00:00","description":"Vill du ans\u00f6ka om en eTA Kanada, men vet inte hur mycket det kommer att kosta? V\u00e5rt expertteam ber\u00e4ttar allt om det i den h\u00e4r artikeln!","breadcrumb":{"@id":"https:\/\/ave-eta-canada.com\/sv\/eta-kanada-att-priset\/#breadcrumb"},"inLanguage":"sv-SE","potentialAction":[{"@type":"ReadAction","target":["https:\/\/ave-eta-canada.com\/sv\/eta-kanada-att-priset\/"]}]},{"@type":"BreadcrumbList","@id":"https:\/\/ave-eta-canada.com\/sv\/eta-kanada-att-priset\/#breadcrumb","itemListElement":[{"@type":"ListItem","position":1,"name":"Home","item":"https:\/\/ave-eta-canada.com\/sv\/"},{"@type":"ListItem","position":2,"name":"eTA Kanada: dess pris"}]},{"@type":"WebSite","@id":"https:\/\/ave-eta-canada.com\/sv\/#website","url":"https:\/\/ave-eta-canada.com\/sv\/","name":"VISA CANADA","description":"Autorisation Voyage Electronique","potentialAction":[{"@type":"SearchAction","target":{"@type":"EntryPoint","urlTemplate":"https:\/\/ave-eta-canada.com\/sv\/?s={search_term_string}"},"query-input":{"@type":"PropertyValueSpecification","valueRequired":true,"valueName":"search_term_string"}}],"inLanguage":"sv-SE"}]}},"_links":{"self":[{"href":"https:\/\/ave-eta-canada.com\/sv\/wp-json\/wp\/v2\/pages\/2653","targetHints":{"allow":["GET"]}}],"collection":[{"href":"https:\/\/ave-eta-canada.com\/sv\/wp-json\/wp\/v2\/pages"}],"about":[{"href":"https:\/\/ave-eta-canada.com\/sv\/wp-json\/wp\/v2\/types\/page"}],"author":[{"embeddable":true,"href":"https:\/\/ave-eta-canada.com\/sv\/wp-json\/wp\/v2\/users\/1"}],"replies":[{"embeddable":true,"href":"https:\/\/ave-eta-canada.com\/sv\/wp-json\/wp\/v2\/comments?post=2653"}],"version-history":[{"count":0,"href":"https:\/\/ave-eta-canada.com\/sv\/wp-json\/wp\/v2\/pages\/2653\/revisions"}],"wp:attachment":[{"href":"https:\/\/ave-eta-canada.com\/sv\/wp-json\/wp\/v2\/media?parent=2653"}],"curies":[{"name":"wp","href":"https:\/\/api.w.org\/{rel}","templated":true}]}}