{"id":2654,"date":"2022-09-06T07:59:16","date_gmt":"2022-09-06T07:59:16","guid":{"rendered":"https:\/\/ave-eta-canada.com\/ave-canada-validity-duration\/"},"modified":"2022-09-09T20:36:13","modified_gmt":"2022-09-09T20:36:13","slug":"eta-kanada-giltighetstid","status":"publish","type":"page","link":"https:\/\/ave-eta-canada.com\/sv\/eta-kanada-giltighetstid\/","title":{"rendered":"eTA Kanada: giltighetstid"},"content":{"rendered":"\n<h1 class=\"wp-block-heading\">Hur l\u00e4nge \u00e4r eTA Kanada giltigt?<\/h1>\n\n<p>Om du dr\u00f6mmer om att bes\u00f6ka Kanada \u00e4r Vancouver, Quebec City, Klippiga bergen, Niagarafallen, Ottawa och Toronto bara ett klick bort. Om du vill resa till Kanada som turist beh\u00f6ver du ett elektroniskt resetillst\u00e5nd.<\/p>\n\n<p><strong>F\u00f6r en vistelse p\u00e5 mindre \u00e4n 6 m\u00e5nader i Kanada<\/strong>: Du kan fylla i formaliteterna f\u00f6r inresa till Kanada direkt via Internet genom att klicka p\u00e5 <a href=\"https:\/\/ave-eta-canada.com\/sv\/kanada-eta-formular-online\/\">onlineformul\u00e4ret<\/a>. Det \u00e4r inte n\u00f6dv\u00e4ndigt att boka ett m\u00f6te p\u00e5 Kanadas ambassad eller konsulat.<\/p>\n\n<p>Det <a href=\"https:\/\/ave-eta-canada.com\/sv\/\">elektroniska resetillst\u00e5nd<\/a> som den kanadensiska regeringen har inf\u00f6rt som en del av programmet f\u00f6r viseringsundantag. Giltighetstiden f\u00f6r eTA Kanada \u00e4r mycket f\u00f6rdelaktig och ger innehavaren m\u00f6jlighet att resa till Kanada med flyg s\u00e5 m\u00e5nga g\u00e5nger han\/hon vill utan att beh\u00f6va ans\u00f6ka om visum p\u00e5 den kanadensiska ambassaden. M\u00e5nga l\u00e4nder runt om i v\u00e4rlden har undertecknat ett avtal med de kanadensiska myndigheterna f\u00f6r att g\u00f6ra det l\u00e4ttare f\u00f6r miljontals utl\u00e4ndska resen\u00e4rer att bes\u00f6ka Kanada.<\/p>\n\n<p>eTA-tillst\u00e5ndet ger dig inte r\u00e4tt att utvandra till Kanada, studera, praktisera eller arbeta och ger dig inte heller r\u00e4tt till kanadensiskt medborgarskap. Det \u00e4r en del av en turist- eller transitresa.<\/p>\n\n<p>Hur l\u00e4nge \u00e4r eTA Kanada giltigt? Hur l\u00e4nge kan jag stanna i Kanada? Det ska vi ta reda p\u00e5 i den h\u00e4r artikeln.<br\/><br\/><\/p>\n\n<h2 class=\"wp-block-heading\">Hur f\u00e5r jag eTA Kanada? Hur l\u00e4nge \u00e4r den giltig?<\/h2>\n\n<p><a href=\"https:\/\/ave-eta-canada.com\/sv\/vad-ar-eta-kanada\/\">eTA Kanada<\/a> \u00e4r ett elektroniskt resetillst\u00e5nd som g\u00f6r det m\u00f6jligt f\u00f6r medborgare i vissa l\u00e4nder att resa till Kanada utan visum. Kanada eTA \u00e4r giltigt under en annan tidsperiod \u00e4n visumet och s\u00f6ks inte p\u00e5 den kanadensiska ambassaden eller generalkonsulatet, utan p\u00e5 den kanadensiska regeringens officiella webbplats.<\/p>\n\n<p>F\u00f6r att ans\u00f6ka om eTa Canada m\u00e5ste du fylla i <a href=\"https:\/\/ave-eta-canada.com\/sv\/fylla-i-blankett-eta-formular-for-kanada\/\">eTA-formul\u00e4ret<\/a>. Den senare best\u00e5r av olika fr\u00e5gor om dig, ditt arbete, passuppgifter eller ditt h\u00e4lsotillst\u00e5nd (t.ex. fr\u00e5gor om tuberkulos). Gl\u00f6m inte att ta med dig ditt pass (du kommer att bli ombedd att uppge numret) och ditt kreditkort f\u00f6r att betala. <a href=\"https:\/\/ave-eta-canada.com\/sv\/eta-kanada-att-priset\/\">Kostnaden f\u00f6r en eTA \u00e4r 7$ CAN<\/a> (kanadensiska dollar) som ska betalas direkt vid ans\u00f6kningstillf\u00e4llet.<\/p>\n\n<p>Giltighetstiden f\u00f6r eTA Kanada \u00e4r direkt kopplad till giltighetstiden f\u00f6r din resehandling (biometriskt pass eller e-pass), vilket inneb\u00e4r att om du beh\u00f6ver f\u00f6rnya den m\u00e5ste du ans\u00f6ka om en ny eTA Kanada.<\/p>\n\n<p>Du b\u00f6r veta att det finns oberoende webbplatser, till exempel den som tillh\u00f6r v\u00e5r partner, som erbjuder sig att kontrollera dina uppgifter innan du skickar eTA-formul\u00e4ret. Genom att v\u00e4lja den h\u00e4r l\u00f6sningen minskar du risken f\u00f6r att bli avvisad (och beh\u00f6va betala igen f\u00f6r en ny ans\u00f6kan) eftersom ett team av yrkesverksamma s\u00e4kerst\u00e4ller att den information som anges \u00e4r korrekt (r\u00e4tt passnummer, inga fel eller skrivfel osv.).<br\/><br\/><\/p>\n\n<h2 class=\"wp-block-heading\">Giltighetstid f\u00f6r eTA Kanada och vistelsens l\u00e4ngd<\/h2>\n\n<p><a href=\"https:\/\/ave-eta-canada.com\/sv\/eta-kanada-giltighetstid\/\">eTA Kanada \u00e4r giltigt<\/a> under en l\u00e5ng tid s\u00e5 att du kan njuta av landet. eTA Kanada \u00e4r giltigt i fem \u00e5r n\u00e4r det v\u00e4l har erh\u00e5llits.<\/p>\n\n<p>Under denna period \u00e4r flera resor till Kanada till\u00e5tna. <a href=\"https:\/\/ave-eta-canada.com\/sv\/\">eTA-tillst\u00e5ndet<\/a> ger m\u00f6jlighet till vistelser p\u00e5 ett halv\u00e5r, och den vistelsetid som godk\u00e4nns av eTA Kanada f\u00e5r vara h\u00f6gst sex m\u00e5nader per vistelse.<\/p>\n\n<p>Observera att till skillnad fr\u00e5n ett kanadensiskt visum (arbetstillst\u00e5nd, studietillst\u00e5nd) eller ett WHP ger ett eTA dig inte r\u00e4tt att arbeta, studera eller g\u00f6ra praktik p\u00e5 kanadensiskt territorium. Det ger dig inte alls permanent uppeh\u00e5llstillst\u00e5nd och ska inte f\u00f6rv\u00e4xlas med ett uppeh\u00e5llskort.<\/p>\n\n<p>Det \u00e4r tillr\u00e5dligt att ans\u00f6ka om eTA i god tid f\u00f6re resan f\u00f6r att undvika eventuella avslag.<\/p>\n\n<p>Tveka inte att kontakta v\u00e5rt team om du har n\u00e5gra fr\u00e5gor om giltigheten av eTA Kanada f\u00f6r att f\u00f6rbereda din resa till Kanada. Ha en trevlig resa<\/p>\n","protected":false},"excerpt":{"rendered":"<p>Hur l\u00e4nge \u00e4r eTA Kanada giltigt? Om du dr\u00f6mmer om att bes\u00f6ka Kanada \u00e4r Vancouver, Quebec City, Klippiga bergen, Niagarafallen, Ottawa och Toronto bara ett klick bort. Om du vill resa till Kanada som turist beh\u00f6ver du ett elektroniskt resetillst\u00e5nd. F\u00f6r en vistelse p\u00e5 mindre \u00e4n 6 m\u00e5nader i Kanada: Du kan fylla i formaliteterna [&hellip;]<\/p>\n","protected":false},"author":1,"featured_media":0,"parent":0,"menu_order":0,"comment_status":"closed","ping_status":"closed","template":"","meta":{"footnotes":""},"class_list":["post-2654","page","type-page","status-publish","hentry"],"yoast_head":"<!-- This site is optimized with the Yoast SEO plugin v26.9 - https:\/\/yoast.com\/product\/yoast-seo-wordpress\/ -->\n<title>eTA Kanada: giltighetstid<\/title>\n<meta name=\"description\" content=\"eTA Kanada \u00e4r ett elektroniskt resetillst\u00e5nd som g\u00f6r det m\u00f6jligt f\u00f6r innehavaren att resa till Kanada utan visum. Hur l\u00e4nge \u00e4r den giltig?\" \/>\n<meta name=\"robots\" content=\"index, follow, max-snippet:-1, max-image-preview:large, max-video-preview:-1\" \/>\n<link rel=\"canonical\" href=\"https:\/\/ave-eta-canada.com\/sv\/eta-kanada-giltighetstid\/\" \/>\n<meta property=\"og:locale\" content=\"sv_SE\" \/>\n<meta property=\"og:type\" content=\"article\" \/>\n<meta property=\"og:title\" content=\"eTA Kanada: giltighetstid\" \/>\n<meta property=\"og:description\" content=\"eTA Kanada \u00e4r ett elektroniskt resetillst\u00e5nd som g\u00f6r det m\u00f6jligt f\u00f6r innehavaren att resa till Kanada utan visum. Hur l\u00e4nge \u00e4r den giltig?\" \/>\n<meta property=\"og:url\" content=\"https:\/\/ave-eta-canada.com\/sv\/eta-kanada-giltighetstid\/\" \/>\n<meta property=\"og:site_name\" content=\"VISA CANADA\" \/>\n<meta property=\"article:modified_time\" content=\"2022-09-09T20:36:13+00:00\" \/>\n<meta name=\"twitter:card\" content=\"summary_large_image\" \/>\n<meta name=\"twitter:label1\" content=\"Ber\u00e4knad l\u00e4stid\" \/>\n\t<meta name=\"twitter:data1\" content=\"3 minuter\" \/>\n<script type=\"application\/ld+json\" class=\"yoast-schema-graph\">{\"@context\":\"https:\/\/schema.org\",\"@graph\":[{\"@type\":\"WebPage\",\"@id\":\"https:\/\/ave-eta-canada.com\/sv\/eta-kanada-giltighetstid\/\",\"url\":\"https:\/\/ave-eta-canada.com\/sv\/eta-kanada-giltighetstid\/\",\"name\":\"eTA Kanada: giltighetstid\",\"isPartOf\":{\"@id\":\"https:\/\/ave-eta-canada.com\/sv\/#website\"},\"datePublished\":\"2022-09-06T07:59:16+00:00\",\"dateModified\":\"2022-09-09T20:36:13+00:00\",\"description\":\"eTA Kanada \u00e4r ett elektroniskt resetillst\u00e5nd som g\u00f6r det m\u00f6jligt f\u00f6r innehavaren att resa till Kanada utan visum. Hur l\u00e4nge \u00e4r den giltig?\",\"breadcrumb\":{\"@id\":\"https:\/\/ave-eta-canada.com\/sv\/eta-kanada-giltighetstid\/#breadcrumb\"},\"inLanguage\":\"sv-SE\",\"potentialAction\":[{\"@type\":\"ReadAction\",\"target\":[\"https:\/\/ave-eta-canada.com\/sv\/eta-kanada-giltighetstid\/\"]}]},{\"@type\":\"BreadcrumbList\",\"@id\":\"https:\/\/ave-eta-canada.com\/sv\/eta-kanada-giltighetstid\/#breadcrumb\",\"itemListElement\":[{\"@type\":\"ListItem\",\"position\":1,\"name\":\"Home\",\"item\":\"https:\/\/ave-eta-canada.com\/sv\/\"},{\"@type\":\"ListItem\",\"position\":2,\"name\":\"eTA Kanada: giltighetstid\"}]},{\"@type\":\"WebSite\",\"@id\":\"https:\/\/ave-eta-canada.com\/sv\/#website\",\"url\":\"https:\/\/ave-eta-canada.com\/sv\/\",\"name\":\"VISA CANADA\",\"description\":\"Autorisation Voyage Electronique\",\"potentialAction\":[{\"@type\":\"SearchAction\",\"target\":{\"@type\":\"EntryPoint\",\"urlTemplate\":\"https:\/\/ave-eta-canada.com\/sv\/?s={search_term_string}\"},\"query-input\":{\"@type\":\"PropertyValueSpecification\",\"valueRequired\":true,\"valueName\":\"search_term_string\"}}],\"inLanguage\":\"sv-SE\"}]}<\/script>\n<!-- \/ Yoast SEO plugin. -->","yoast_head_json":{"title":"eTA Kanada: giltighetstid","description":"eTA Kanada \u00e4r ett elektroniskt resetillst\u00e5nd som g\u00f6r det m\u00f6jligt f\u00f6r innehavaren att resa till Kanada utan visum. Hur l\u00e4nge \u00e4r den giltig?","robots":{"index":"index","follow":"follow","max-snippet":"max-snippet:-1","max-image-preview":"max-image-preview:large","max-video-preview":"max-video-preview:-1"},"canonical":"https:\/\/ave-eta-canada.com\/sv\/eta-kanada-giltighetstid\/","og_locale":"sv_SE","og_type":"article","og_title":"eTA Kanada: giltighetstid","og_description":"eTA Kanada \u00e4r ett elektroniskt resetillst\u00e5nd som g\u00f6r det m\u00f6jligt f\u00f6r innehavaren att resa till Kanada utan visum. Hur l\u00e4nge \u00e4r den giltig?","og_url":"https:\/\/ave-eta-canada.com\/sv\/eta-kanada-giltighetstid\/","og_site_name":"VISA CANADA","article_modified_time":"2022-09-09T20:36:13+00:00","twitter_card":"summary_large_image","twitter_misc":{"Ber\u00e4knad l\u00e4stid":"3 minuter"},"schema":{"@context":"https:\/\/schema.org","@graph":[{"@type":"WebPage","@id":"https:\/\/ave-eta-canada.com\/sv\/eta-kanada-giltighetstid\/","url":"https:\/\/ave-eta-canada.com\/sv\/eta-kanada-giltighetstid\/","name":"eTA Kanada: giltighetstid","isPartOf":{"@id":"https:\/\/ave-eta-canada.com\/sv\/#website"},"datePublished":"2022-09-06T07:59:16+00:00","dateModified":"2022-09-09T20:36:13+00:00","description":"eTA Kanada \u00e4r ett elektroniskt resetillst\u00e5nd som g\u00f6r det m\u00f6jligt f\u00f6r innehavaren att resa till Kanada utan visum. Hur l\u00e4nge \u00e4r den giltig?","breadcrumb":{"@id":"https:\/\/ave-eta-canada.com\/sv\/eta-kanada-giltighetstid\/#breadcrumb"},"inLanguage":"sv-SE","potentialAction":[{"@type":"ReadAction","target":["https:\/\/ave-eta-canada.com\/sv\/eta-kanada-giltighetstid\/"]}]},{"@type":"BreadcrumbList","@id":"https:\/\/ave-eta-canada.com\/sv\/eta-kanada-giltighetstid\/#breadcrumb","itemListElement":[{"@type":"ListItem","position":1,"name":"Home","item":"https:\/\/ave-eta-canada.com\/sv\/"},{"@type":"ListItem","position":2,"name":"eTA Kanada: giltighetstid"}]},{"@type":"WebSite","@id":"https:\/\/ave-eta-canada.com\/sv\/#website","url":"https:\/\/ave-eta-canada.com\/sv\/","name":"VISA CANADA","description":"Autorisation Voyage Electronique","potentialAction":[{"@type":"SearchAction","target":{"@type":"EntryPoint","urlTemplate":"https:\/\/ave-eta-canada.com\/sv\/?s={search_term_string}"},"query-input":{"@type":"PropertyValueSpecification","valueRequired":true,"valueName":"search_term_string"}}],"inLanguage":"sv-SE"}]}},"_links":{"self":[{"href":"https:\/\/ave-eta-canada.com\/sv\/wp-json\/wp\/v2\/pages\/2654","targetHints":{"allow":["GET"]}}],"collection":[{"href":"https:\/\/ave-eta-canada.com\/sv\/wp-json\/wp\/v2\/pages"}],"about":[{"href":"https:\/\/ave-eta-canada.com\/sv\/wp-json\/wp\/v2\/types\/page"}],"author":[{"embeddable":true,"href":"https:\/\/ave-eta-canada.com\/sv\/wp-json\/wp\/v2\/users\/1"}],"replies":[{"embeddable":true,"href":"https:\/\/ave-eta-canada.com\/sv\/wp-json\/wp\/v2\/comments?post=2654"}],"version-history":[{"count":0,"href":"https:\/\/ave-eta-canada.com\/sv\/wp-json\/wp\/v2\/pages\/2654\/revisions"}],"wp:attachment":[{"href":"https:\/\/ave-eta-canada.com\/sv\/wp-json\/wp\/v2\/media?parent=2654"}],"curies":[{"name":"wp","href":"https:\/\/api.w.org\/{rel}","templated":true}]}}