{"id":2665,"date":"2022-09-06T07:59:16","date_gmt":"2022-09-06T07:59:16","guid":{"rendered":"https:\/\/ave-eta-canada.com\/gor-en-ansokan-hos-kanadas-officiella-myndighet\/"},"modified":"2023-05-08T10:31:28","modified_gmt":"2023-05-08T10:31:28","slug":"gor-en-ansokan-hos-kanadas-officiella-myndighet","status":"publish","type":"page","link":"https:\/\/ave-eta-canada.com\/sv\/gor-en-ansokan-hos-kanadas-officiella-myndighet\/","title":{"rendered":"G\u00f6r en officiell eTA Kanada-ans\u00f6kan"},"content":{"rendered":"\n<h1 class=\"wp-block-heading\">Hur ans\u00f6ker man om en officiell eTA Kanada?<\/h1>\n\n<p>Om du planerar en resa till Kanada m\u00e5ste du se till att du har r\u00e4tt dokument i handen: pass, f\u00f6rs\u00e4kring, returbiljett, men ocks\u00e5 ditt officiella resetillst\u00e5nd. Den officiella eTA Kanada \u00e4r ett mycket viktigt dokument f\u00f6r alla som vill resa till Kanada med flyg utan att beh\u00f6va ans\u00f6ka om ett dyrt visum p\u00e5 den kanadensiska ambassaden.<\/p>\n\n<p><strong>F\u00f6r en vistelse p\u00e5 mindre \u00e4n 6 m\u00e5nader i Kanada<\/strong>: Du kan fylla i formaliteterna f\u00f6r inresa till Kanada direkt via Internet genom att klicka p\u00e5 <a href=\"https:\/\/ave-eta-canada.com\/sv\/kanada-eta-formular-online\/\">onlineformul\u00e4ret<\/a>. Det \u00e4r inte n\u00f6dv\u00e4ndigt att boka ett m\u00f6te p\u00e5 Kanadas ambassad eller konsulat.<\/p>\n\n<p>Det \u00e4r m\u00f6jligt f\u00f6r miljontals medborgare runt om i v\u00e4rlden att resa till Kanada med ett elektroniskt <a href=\"https:\/\/ave-eta-canada.com\/sv\/eta-eller-esta-vilket-resetillstand\/\">resetillst\u00e5nd<\/a> som erh\u00e5lls direkt online (eTA). Genom att ans\u00f6ka om en officiell eTA Kanada kan du stanna i Kanada i upp till sex m\u00e5nader under de kommande fem \u00e5ren.<\/p>\n\n<h3 class=\"wp-block-heading\">F\u00f6rteckning \u00f6ver 61 territorier som \u00e4r ber\u00e4ttigade till den officiella eTA Kanada (Uppdaterad maj 2023)<\/h3>\n\n<figure class=\"wp-block-table\"><table><tbody><tr><td class=\"has-text-align-center\" data-align=\"center\">Tyskland<\/td><td class=\"has-text-align-center\" data-align=\"center\">Spanien<\/td><td class=\"has-text-align-center\" data-align=\"center\">Island<\/td><td class=\"has-text-align-center\" data-align=\"center\">Polen<\/td><td class=\"has-text-align-center\" data-align=\"center\">Vatikanen<\/td><\/tr><tr><td class=\"has-text-align-center\" data-align=\"center\">Andorra<\/td><td class=\"has-text-align-center\" data-align=\"center\">Estland<\/td><td class=\"has-text-align-center\" data-align=\"center\">Italien<\/td><td class=\"has-text-align-center\" data-align=\"center\">Portugal<\/td><td class=\"has-text-align-center\" data-align=\"center\"><strong>Sedan 2023 :<\/strong><\/td><\/tr><tr><td class=\"has-text-align-center\" data-align=\"center\">Anguilla<\/td><td class=\"has-text-align-center\" data-align=\"center\">Finland<\/td><td class=\"has-text-align-center\" data-align=\"center\">Japan<\/td><td class=\"has-text-align-center\" data-align=\"center\">Tjeckien<\/td><td class=\"has-text-align-center\" data-align=\"center\"><strong>Antigua och Barbuda<\/strong><\/td><\/tr><tr><td class=\"has-text-align-center\" data-align=\"center\">Australien<\/td><td class=\"has-text-align-center\" data-align=\"center\">Frankrike<\/td><td class=\"has-text-align-center\" data-align=\"center\">Lettland<\/td><td class=\"has-text-align-center\" data-align=\"center\">Republiken Korea<\/td><td class=\"has-text-align-center\" data-align=\"center\"><strong>Argentina<\/strong><\/td><\/tr><tr><td class=\"has-text-align-center\" data-align=\"center\">\u00d6sterrike<\/td><td class=\"has-text-align-center\" data-align=\"center\">Gibraltar<\/td><td class=\"has-text-align-center\" data-align=\"center\">Liechtenstein<\/td><td class=\"has-text-align-center\" data-align=\"center\">Rum\u00e4nien<\/td><td class=\"has-text-align-center\" data-align=\"center\"><strong>Costa Rica<\/strong><\/td><\/tr><tr><td class=\"has-text-align-center\" data-align=\"center\">bahamansk<\/td><td class=\"has-text-align-center\" data-align=\"center\">Grekland<\/td><td class=\"has-text-align-center\" data-align=\"center\">Litauen<\/td><td class=\"has-text-align-center\" data-align=\"center\">Storbritannien<\/td><td class=\"has-text-align-center\" data-align=\"center\"><strong>Marocko<\/strong><\/td><\/tr><tr><td class=\"has-text-align-center\" data-align=\"center\">Barbados<\/td><td class=\"has-text-align-center\" data-align=\"center\">hong kong<\/td><td class=\"has-text-align-center\" data-align=\"center\">Luxemburg<\/td><td class=\"has-text-align-center\" data-align=\"center\">Sainte-H\u00e9l\u00e8ne<\/td><td class=\"has-text-align-center\" data-align=\"center\"><strong>Panama<\/strong><\/td><\/tr><tr><td class=\"has-text-align-center\" data-align=\"center\">Belgien<\/td><td class=\"has-text-align-center\" data-align=\"center\">Ungern<\/td><td class=\"has-text-align-center\" data-align=\"center\">Malta<\/td><td class=\"has-text-align-center\" data-align=\"center\">San Marino<\/td><td class=\"has-text-align-center\" data-align=\"center\"><strong>Filippinerna<\/strong><\/td><\/tr><tr><td class=\"has-text-align-center\" data-align=\"center\">Bermuda<\/td><td class=\"has-text-align-center\" data-align=\"center\">Cayman\u00f6arna<\/td><td class=\"has-text-align-center\" data-align=\"center\">Mexiko<\/td><td class=\"has-text-align-center\" data-align=\"center\">Samoa<\/td><td class=\"has-text-align-center\" data-align=\"center\"><strong>Saint Kitts och Nevis<\/strong><\/td><\/tr><tr><td class=\"has-text-align-center\" data-align=\"center\">Brunei<\/td><td class=\"has-text-align-center\" data-align=\"center\">Falklands\u00f6arna<\/td><td class=\"has-text-align-center\" data-align=\"center\">Monaco<\/td><td class=\"has-text-align-center\" data-align=\"center\">Singapore<\/td><td class=\"has-text-align-center\" data-align=\"center\"><strong>Sankta Lucia<\/strong><\/td><\/tr><tr><td class=\"has-text-align-center\" data-align=\"center\">Bulgarien<\/td><td class=\"has-text-align-center\" data-align=\"center\">Pitcairn\u00f6arna<\/td><td class=\"has-text-align-center\" data-align=\"center\">Montserrat<\/td><td class=\"has-text-align-center\" data-align=\"center\">Slovakien<\/td><td class=\"has-text-align-center\" data-align=\"center\"><strong>Saint Vincent och Grenadinerna<\/strong><\/td><\/tr><tr><td class=\"has-text-align-center\" data-align=\"center\">Chile<\/td><td class=\"has-text-align-center\" data-align=\"center\">Salomon\u00f6arna<\/td><td class=\"has-text-align-center\" data-align=\"center\">Norge<\/td><td class=\"has-text-align-center\" data-align=\"center\">Slovenien<\/td><td class=\"has-text-align-center\" data-align=\"center\"><strong>Seychellerna<\/strong><\/td><\/tr><tr><td class=\"has-text-align-center\" data-align=\"center\">Cypern<\/td><td class=\"has-text-align-center\" data-align=\"center\">Turks- och Caicos\u00f6arna<\/td><td class=\"has-text-align-center\" data-align=\"center\">Nya Zeeland<\/td><td class=\"has-text-align-center\" data-align=\"center\">Sverige<\/td><td class=\"has-text-align-center\" data-align=\"center\"><strong>Thailand<\/strong><\/td><\/tr><tr><td class=\"has-text-align-center\" data-align=\"center\">Kroatien<\/td><td class=\"has-text-align-center\" data-align=\"center\">Brittiska Jungfru\u00f6arna<\/td><td class=\"has-text-align-center\" data-align=\"center\">Papua Nya Guinea<\/td><td class=\"has-text-align-center\" data-align=\"center\">schweiziska<\/td><td class=\"has-text-align-center\" data-align=\"center\"><strong>Trinidad och Tobago<\/strong><\/td><\/tr><tr><td class=\"has-text-align-center\" data-align=\"center\">Danmark<\/td><td class=\"has-text-align-center\" data-align=\"center\">Irland<\/td><td class=\"has-text-align-center\" data-align=\"center\">Nederl\u00e4nderna<\/td><td class=\"has-text-align-center\" data-align=\"center\">Taiwan<\/td><td class=\"has-text-align-center\" data-align=\"center\"><strong>Uruguay<\/strong><\/td><\/tr><\/tbody><\/table><figcaption class=\"wp-element-caption\">F\u00f6rteckning \u00f6ver l\u00e4nder som omfattas av det kanadensiska programmet f\u00f6r viseringsundantag<\/figcaption><\/figure>\n\n<h2 class=\"wp-block-heading\">G\u00f6r en officiell eTA Kanada-ans\u00f6kan<\/h2>\n\n<p>Den officiella eTA Kanada skapades av den kanadensiska regeringen f\u00f6r att underl\u00e4tta viseringsans\u00f6kningar och ans\u00f6kningar om l\u00e4ngre eller kortare vistelser f\u00f6r kanadensiska medborgare i Kanada. Ans\u00f6kan om eTA Kanada g\u00f6rs endast online, s\u00e5 du beh\u00f6ver inte g\u00e5 till den kanadensiska ambassaden eller konsulatet f\u00f6r att f\u00e5 den, eftersom det inte \u00e4r samma sak som f\u00f6r en visumans\u00f6kan.<\/p>\n\n<p>Den kanadensiska regeringen har inf\u00f6rt ett system f\u00f6r ans\u00f6kan och behandling av ans\u00f6kningar som endast sker online. Det \u00e4r m\u00f6jligt att ans\u00f6ka om ett officiellt eTA Kanada-visum via<a href=\"https:\/\/www.canada.ca\/fr.html\">  Kanadas regering<\/a> eller via oberoende webbplatser som v\u00e4gleder dig genom den administrativa processen och kontrollerar de uppgifter du l\u00e4mnar f\u00f6r att se till att inga misstag g\u00f6rs som kan leda till att din officiella eTA Kanada nekas.<\/p>\n\n<p>N\u00e4r du ans\u00f6ker om en officiell eTA Kanada m\u00e5ste du fylla i eTA-formul\u00e4ret.<\/p>\n\n<p>Du kommer att bli ombedd att fylla i olika personuppgifter om dig sj\u00e4lv, t.ex. f\u00f6rnamn, efternamn, adress, f\u00f6delseort och f\u00f6delsedatum, yrke osv.<\/p>\n\n<p>I detta<a href=\"https:\/\/ave-eta-canada.com\/sv\/fylla-i-blankett-eta-formular-for-kanada\/\"> webbformul\u00e4r<\/a> m\u00e5ste du ocks\u00e5 svara p\u00e5 fr\u00e5gor om din bakgrund: ditt h\u00e4lsotillst\u00e5nd, dina tidigare problem med lagen, om du n\u00e5gonsin har nekats inresa till Kanada eller ett annat land osv.<\/p>\n\n<p>Det \u00e4r mycket viktigt att ha ett giltigt pass f\u00f6r att ans\u00f6ka om ett officiellt Canada eTA, eftersom EVP:et \u00e4r kopplat till ditt biometriska eller elektroniska passnummer. Om du beh\u00f6ver ett nytt pass m\u00e5ste du <a href=\"https:\/\/ave-eta-canada.com\/sv\/gor-en-ansokan-hos-kanadas-officiella-myndighet\/\">ans\u00f6ka om en ny eTA<\/a>.<\/p>\n","protected":false},"excerpt":{"rendered":"<p>Hur ans\u00f6ker man om en officiell eTA Kanada? Om du planerar en resa till Kanada m\u00e5ste du se till att du har r\u00e4tt dokument i handen: pass, f\u00f6rs\u00e4kring, returbiljett, men ocks\u00e5 ditt officiella resetillst\u00e5nd. Den officiella eTA Kanada \u00e4r ett mycket viktigt dokument f\u00f6r alla som vill resa till Kanada med flyg utan att beh\u00f6va [&hellip;]<\/p>\n","protected":false},"author":1,"featured_media":0,"parent":0,"menu_order":0,"comment_status":"closed","ping_status":"closed","template":"","meta":{"footnotes":""},"class_list":["post-2665","page","type-page","status-publish","hentry"],"yoast_head":"<!-- This site is optimized with the Yoast SEO plugin v26.9 - https:\/\/yoast.com\/product\/yoast-seo-wordpress\/ -->\n<title>G\u00f6r en officiell eTA Kanada-ans\u00f6kan<\/title>\n<meta name=\"description\" content=\"Ans\u00f6k om en officiell eTA Kanada p\u00e5 den kanadensiska regeringens webbplats eller p\u00e5 en s\u00e4ker oberoende webbplats.\" \/>\n<meta name=\"robots\" content=\"index, follow, max-snippet:-1, max-image-preview:large, max-video-preview:-1\" \/>\n<link rel=\"canonical\" href=\"https:\/\/ave-eta-canada.com\/sv\/gor-en-ansokan-hos-kanadas-officiella-myndighet\/\" \/>\n<meta property=\"og:locale\" content=\"sv_SE\" \/>\n<meta property=\"og:type\" content=\"article\" \/>\n<meta property=\"og:title\" content=\"G\u00f6r en officiell eTA Kanada-ans\u00f6kan\" \/>\n<meta property=\"og:description\" content=\"Ans\u00f6k om en officiell eTA Kanada p\u00e5 den kanadensiska regeringens webbplats eller p\u00e5 en s\u00e4ker oberoende webbplats.\" \/>\n<meta property=\"og:url\" content=\"https:\/\/ave-eta-canada.com\/sv\/gor-en-ansokan-hos-kanadas-officiella-myndighet\/\" \/>\n<meta property=\"og:site_name\" content=\"VISA CANADA\" \/>\n<meta property=\"article:modified_time\" content=\"2023-05-08T10:31:28+00:00\" \/>\n<meta name=\"twitter:card\" content=\"summary_large_image\" \/>\n<meta name=\"twitter:label1\" content=\"Ber\u00e4knad l\u00e4stid\" \/>\n\t<meta name=\"twitter:data1\" content=\"2 minuter\" \/>\n<script type=\"application\/ld+json\" class=\"yoast-schema-graph\">{\"@context\":\"https:\/\/schema.org\",\"@graph\":[{\"@type\":\"WebPage\",\"@id\":\"https:\/\/ave-eta-canada.com\/sv\/gor-en-ansokan-hos-kanadas-officiella-myndighet\/\",\"url\":\"https:\/\/ave-eta-canada.com\/sv\/gor-en-ansokan-hos-kanadas-officiella-myndighet\/\",\"name\":\"G\u00f6r en officiell eTA Kanada-ans\u00f6kan\",\"isPartOf\":{\"@id\":\"https:\/\/ave-eta-canada.com\/sv\/#website\"},\"datePublished\":\"2022-09-06T07:59:16+00:00\",\"dateModified\":\"2023-05-08T10:31:28+00:00\",\"description\":\"Ans\u00f6k om en officiell eTA Kanada p\u00e5 den kanadensiska regeringens webbplats eller p\u00e5 en s\u00e4ker oberoende webbplats.\",\"breadcrumb\":{\"@id\":\"https:\/\/ave-eta-canada.com\/sv\/gor-en-ansokan-hos-kanadas-officiella-myndighet\/#breadcrumb\"},\"inLanguage\":\"sv-SE\",\"potentialAction\":[{\"@type\":\"ReadAction\",\"target\":[\"https:\/\/ave-eta-canada.com\/sv\/gor-en-ansokan-hos-kanadas-officiella-myndighet\/\"]}]},{\"@type\":\"BreadcrumbList\",\"@id\":\"https:\/\/ave-eta-canada.com\/sv\/gor-en-ansokan-hos-kanadas-officiella-myndighet\/#breadcrumb\",\"itemListElement\":[{\"@type\":\"ListItem\",\"position\":1,\"name\":\"Home\",\"item\":\"https:\/\/ave-eta-canada.com\/sv\/\"},{\"@type\":\"ListItem\",\"position\":2,\"name\":\"G\u00f6r en officiell eTA Kanada-ans\u00f6kan\"}]},{\"@type\":\"WebSite\",\"@id\":\"https:\/\/ave-eta-canada.com\/sv\/#website\",\"url\":\"https:\/\/ave-eta-canada.com\/sv\/\",\"name\":\"VISA CANADA\",\"description\":\"Autorisation Voyage Electronique\",\"potentialAction\":[{\"@type\":\"SearchAction\",\"target\":{\"@type\":\"EntryPoint\",\"urlTemplate\":\"https:\/\/ave-eta-canada.com\/sv\/?s={search_term_string}\"},\"query-input\":{\"@type\":\"PropertyValueSpecification\",\"valueRequired\":true,\"valueName\":\"search_term_string\"}}],\"inLanguage\":\"sv-SE\"}]}<\/script>\n<!-- \/ Yoast SEO plugin. -->","yoast_head_json":{"title":"G\u00f6r en officiell eTA Kanada-ans\u00f6kan","description":"Ans\u00f6k om en officiell eTA Kanada p\u00e5 den kanadensiska regeringens webbplats eller p\u00e5 en s\u00e4ker oberoende webbplats.","robots":{"index":"index","follow":"follow","max-snippet":"max-snippet:-1","max-image-preview":"max-image-preview:large","max-video-preview":"max-video-preview:-1"},"canonical":"https:\/\/ave-eta-canada.com\/sv\/gor-en-ansokan-hos-kanadas-officiella-myndighet\/","og_locale":"sv_SE","og_type":"article","og_title":"G\u00f6r en officiell eTA Kanada-ans\u00f6kan","og_description":"Ans\u00f6k om en officiell eTA Kanada p\u00e5 den kanadensiska regeringens webbplats eller p\u00e5 en s\u00e4ker oberoende webbplats.","og_url":"https:\/\/ave-eta-canada.com\/sv\/gor-en-ansokan-hos-kanadas-officiella-myndighet\/","og_site_name":"VISA CANADA","article_modified_time":"2023-05-08T10:31:28+00:00","twitter_card":"summary_large_image","twitter_misc":{"Ber\u00e4knad l\u00e4stid":"2 minuter"},"schema":{"@context":"https:\/\/schema.org","@graph":[{"@type":"WebPage","@id":"https:\/\/ave-eta-canada.com\/sv\/gor-en-ansokan-hos-kanadas-officiella-myndighet\/","url":"https:\/\/ave-eta-canada.com\/sv\/gor-en-ansokan-hos-kanadas-officiella-myndighet\/","name":"G\u00f6r en officiell eTA Kanada-ans\u00f6kan","isPartOf":{"@id":"https:\/\/ave-eta-canada.com\/sv\/#website"},"datePublished":"2022-09-06T07:59:16+00:00","dateModified":"2023-05-08T10:31:28+00:00","description":"Ans\u00f6k om en officiell eTA Kanada p\u00e5 den kanadensiska regeringens webbplats eller p\u00e5 en s\u00e4ker oberoende webbplats.","breadcrumb":{"@id":"https:\/\/ave-eta-canada.com\/sv\/gor-en-ansokan-hos-kanadas-officiella-myndighet\/#breadcrumb"},"inLanguage":"sv-SE","potentialAction":[{"@type":"ReadAction","target":["https:\/\/ave-eta-canada.com\/sv\/gor-en-ansokan-hos-kanadas-officiella-myndighet\/"]}]},{"@type":"BreadcrumbList","@id":"https:\/\/ave-eta-canada.com\/sv\/gor-en-ansokan-hos-kanadas-officiella-myndighet\/#breadcrumb","itemListElement":[{"@type":"ListItem","position":1,"name":"Home","item":"https:\/\/ave-eta-canada.com\/sv\/"},{"@type":"ListItem","position":2,"name":"G\u00f6r en officiell eTA Kanada-ans\u00f6kan"}]},{"@type":"WebSite","@id":"https:\/\/ave-eta-canada.com\/sv\/#website","url":"https:\/\/ave-eta-canada.com\/sv\/","name":"VISA CANADA","description":"Autorisation Voyage Electronique","potentialAction":[{"@type":"SearchAction","target":{"@type":"EntryPoint","urlTemplate":"https:\/\/ave-eta-canada.com\/sv\/?s={search_term_string}"},"query-input":{"@type":"PropertyValueSpecification","valueRequired":true,"valueName":"search_term_string"}}],"inLanguage":"sv-SE"}]}},"_links":{"self":[{"href":"https:\/\/ave-eta-canada.com\/sv\/wp-json\/wp\/v2\/pages\/2665","targetHints":{"allow":["GET"]}}],"collection":[{"href":"https:\/\/ave-eta-canada.com\/sv\/wp-json\/wp\/v2\/pages"}],"about":[{"href":"https:\/\/ave-eta-canada.com\/sv\/wp-json\/wp\/v2\/types\/page"}],"author":[{"embeddable":true,"href":"https:\/\/ave-eta-canada.com\/sv\/wp-json\/wp\/v2\/users\/1"}],"replies":[{"embeddable":true,"href":"https:\/\/ave-eta-canada.com\/sv\/wp-json\/wp\/v2\/comments?post=2665"}],"version-history":[{"count":0,"href":"https:\/\/ave-eta-canada.com\/sv\/wp-json\/wp\/v2\/pages\/2665\/revisions"}],"wp:attachment":[{"href":"https:\/\/ave-eta-canada.com\/sv\/wp-json\/wp\/v2\/media?parent=2665"}],"curies":[{"name":"wp","href":"https:\/\/api.w.org\/{rel}","templated":true}]}}