{"id":2667,"date":"2022-09-06T07:59:17","date_gmt":"2022-09-06T07:59:17","guid":{"rendered":"https:\/\/ave-eta-canada.com\/wash-canada-is-it-mandatory\/"},"modified":"2022-09-09T21:02:45","modified_gmt":"2022-09-09T21:02:45","slug":"obligatorisk-eta-kanada","status":"publish","type":"page","link":"https:\/\/ave-eta-canada.com\/sv\/obligatorisk-eta-kanada\/","title":{"rendered":"\u00c4r eTA Kanada obligatoriskt?"},"content":{"rendered":"\n<h1 class=\"wp-block-heading\">\u00c4r eTA Kanada ett krav?<\/h1>\n\n<p>eTA Kanada \u00e4r ett elektroniskt resetillst\u00e5nd som inf\u00f6rts av den kanadensiska regeringen. Det ska erh\u00e5llas f\u00f6re resan till Kanada genom ett formul\u00e4r som finns p\u00e5 regeringens webbplats.  <\/p>\n\n<p><strong>F\u00f6r en vistelse p\u00e5 mindre \u00e4n 6 m\u00e5nader i Kanada<\/strong>: Du kan fylla i formaliteterna f\u00f6r inresa till Kanada direkt via Internet genom att klicka p\u00e5 <a href=\"https:\/\/ave-eta-canada.com\/sv\/kanada-eta-formular-online\/\">onlineformul\u00e4ret<\/a>. Det \u00e4r inte n\u00f6dv\u00e4ndigt att boka ett m\u00f6te p\u00e5 Kanadas ambassad eller konsulat.<\/p>\n\n<p>P\u00e5 fr\u00e5gan om eTA Kanada \u00e4r obligatoriskt? Svaret \u00e4r ja. Det kanadensiska elektroniska resetillst\u00e5ndet \u00e4r obligatoriskt f\u00f6r vissa resen\u00e4rer p\u00e5 vissa villkor. H\u00e4r f\u00f6rklarar vi vilka skyldigheter eTA Kanada har.<br\/><br\/><\/p>\n\n<h2 class=\"wp-block-heading\">N\u00e4r kr\u00e4vs en eTA Kanada?<\/h2>\n\n<p>eTA Kanada blev obligatoriskt i november 2016 av de kanadensiska myndigheterna. Principen \u00e4r enkel: man ska f\u00e5 ett resetillst\u00e5nd innan man reser till Kanada och p\u00e5 s\u00e5 s\u00e4tt minska tr\u00e4ngseln vid kanadensiska ambassader och gr\u00e4ns\u00f6verg\u00e5ngar samtidigt som man garanterar landets inre s\u00e4kerhet.<\/p>\n\n<p><a href=\"https:\/\/ave-eta-canada.com\/sv\/allt-du-behover-veta-om-kanadas-eta-applikation\/\">eTA Kanada kr\u00e4vs <\/a>endast f\u00f6r inresa till Kanada med flyg. Du beh\u00f6ver inte ans\u00f6ka om ett eTA Kanada f\u00f6r alla resor till Kanada p\u00e5 land eller till sj\u00f6ss. Det b\u00f6r noteras att eTA Kanada krav \u00e4ven g\u00e4ller f\u00f6r flygresor.<\/p>\n\n<p>Det \u00e4r ingen id\u00e9 att anl\u00e4nda till flygplatsen utan det obligatoriska Kanada eTA-kortet, eftersom flygbolagen \u00e4r skyldiga att neka ombordstigning f\u00f6r alla som inte uppfyller den kanadensiska regeringens invandringskrav. Det \u00e4r d\u00e4rf\u00f6r viktigt att f\u00e5 resetillst\u00e5nd innan man reser.<br\/><br\/><\/p>\n\n<h2 class=\"wp-block-heading\">Vem \u00e4r eTA Kanada-kravet avsett f\u00f6r?<\/h2>\n\n<p>Kravet p\u00e5 eTA Kanada g\u00e4ller endast f\u00f6r medborgare fr\u00e5n viseringsfria l\u00e4nder. Eftersom Sverige \u00e4r en av dem m\u00e5ste svenska medborgare genomg\u00e5 eTA Kanada-kravet f\u00f6r att f\u00e5 resa till Kanada.<\/p>\n\n<p>Kravet p\u00e5 eTA Kanada g\u00e4ller dock inte franska medborgare som \u00e4r bosatta i Saint-Pierre-et-Miquelon om de reser till Kanada direkt fr\u00e5n Saint-Pierre-et-Miquelon. Undantagna fr\u00e5n kravet p\u00e5 eTA Kanada \u00e4r ocks\u00e5 personer med dubbla medborgarskap i Kanada och USA (f\u00f6rutsatt att de har ett giltigt pass &#8211; kanadensiskt eller amerikanskt), permanent bosatta i Kanada och, p\u00e5 vissa villkor, innehavare av en giltig kanadensisk visering (tillf\u00e4lligt uppeh\u00e5llstillst\u00e5nd, WHP, arbetstillst\u00e5nd, studietillst\u00e5nd etc.).<\/p>\n\n<p>Resetillst\u00e5ndet ger dig inte r\u00e4tt att <a href=\"https:\/\/ave-eta-canada.com\/sv\/hur-man-far-ett-whv-arbetssemestertillstand-kanada\/\">arbeta eller studera i Kanada<\/a>. Det \u00e4r inte heller ett inresetillst\u00e5nd: det \u00e4r gr\u00e4nstj\u00e4nstemannen som ansvarar f\u00f6r att acceptera eller avvisa passagerare som presenterar sig vid gr\u00e4nsen. Beslutet baseras p\u00e5 uppvisande av n\u00f6dv\u00e4ndiga resehandlingar (pass, eTA, utresebiljett osv.).<br\/><br\/><\/p>\n\n<h2 class=\"wp-block-heading\">Vilka andra skyldigheter har eTA Kanada?<\/h2>\n\n<p>eTA Kanada \u00e4r kopplat till resen\u00e4rens pass. Varje \u00e4ndring av passet g\u00f6r allts\u00e5 eTA:n ogiltig, \u00e4ven om passet f\u00f6rnyas. Den obligatoriska eTA Kanada m\u00e5ste vara uppdaterad, annars f\u00e5r du inte resa in i Kanada.<\/p>\n\n<p>Innehavaren av en eTA Kanada \u00e4r skyldig att l\u00e4mna landet senast sex m\u00e5nader efter ankomsten. Han\/hon f\u00e5r dock g\u00f6ra s\u00e5 m\u00e5nga resor till Kanada som han\/hon vill under <a href=\"https:\/\/ave-eta-canada.com\/sv\/eta-kanada-giltighetstid\/\">eTA:s giltighetstid<\/a>. Det b\u00f6r noteras att tillst\u00e5ndet utf\u00e4rdas f\u00f6r en period p\u00e5 fem \u00e5r eller tills passet l\u00f6per ut, om det senare l\u00f6per ut innan den officiella giltighetstiden f\u00f6r eTA-tillst\u00e5ndet l\u00f6per ut.<br\/><br\/><\/p>\n\n<h2 class=\"wp-block-heading\">Hur f\u00e5r jag den obligatoriska Kanada eTA?<\/h2>\n\n<p>Den obligatoriska Kanada eTA kan endast erh\u00e5llas online via den officiella kanadensiska regeringens webbplats eller via en privat organisation, som v\u00e5r partner, f\u00f6r personlig hj\u00e4lp. Du beh\u00f6ver inte kontakta den kanadensiska ambassaden eller konsulatet, eftersom endast ans\u00f6kningar online behandlas.<\/p>\n\n<p>eTA Kanada-ans\u00f6kan best\u00e5r av ett formul\u00e4r med f\u00e4lt som inneh\u00e5ller passuppgifter och personlig information om innehavaren.  <a href=\"https:\/\/ave-eta-canada.com\/sv\/fylla-i-blankett-eta-formular-for-kanada\/\">Onlineformul\u00e4ret<\/a> kompletteras med fyra fr\u00e5gor om obehandlade sjukdomar, brott och resen\u00e4rens tidigare vistelser.<\/p>\n\n<p>Formul\u00e4ret som ska fyllas i valideras n\u00e4r du har betalat 7 kanadensiska dollar i auktoriseringsavgift. Ett mottagningsbevis skickas automatiskt till den e-postadress som anges i formul\u00e4ret. Det slutliga svaret kommer vanligtvis inom n\u00e5gra minuter. Om en ans\u00f6kan inte \u00e4r klar, vilket \u00e4r s\u00e4llsynt, skickas ett e-postmeddelande inom n\u00e5gra dagar med en lista \u00f6ver ytterligare dokument som ska l\u00e4mnas in. Observera att du kan <a href=\"https:\/\/ave-eta-canada.com\/sv\/hur-man-hittar-en-eta-kanada\/\">h\u00e4mta din eTA-ans\u00f6kan<\/a> med hj\u00e4lp av det nummer som du fick via e-post.<\/p>\n\n<p>Det b\u00f6r noteras att ett avslag p\u00e5 en eTA Kanada inte \u00e4r ett definitivt f\u00f6rbud mot inresa till Kanada. Resen\u00e4ren kan antingen g\u00f6ra en ny ans\u00f6kan om han\/hon uppt\u00e4cker ett fel i inresan eller ans\u00f6ka om visum p\u00e5 ambassaden.<\/p>\n","protected":false},"excerpt":{"rendered":"<p>\u00c4r eTA Kanada ett krav? eTA Kanada \u00e4r ett elektroniskt resetillst\u00e5nd som inf\u00f6rts av den kanadensiska regeringen. Det ska erh\u00e5llas f\u00f6re resan till Kanada genom ett formul\u00e4r som finns p\u00e5 regeringens webbplats. F\u00f6r en vistelse p\u00e5 mindre \u00e4n 6 m\u00e5nader i Kanada: Du kan fylla i formaliteterna f\u00f6r inresa till Kanada direkt via Internet genom [&hellip;]<\/p>\n","protected":false},"author":1,"featured_media":0,"parent":0,"menu_order":0,"comment_status":"closed","ping_status":"closed","template":"","meta":{"footnotes":""},"class_list":["post-2667","page","type-page","status-publish","hentry"],"yoast_head":"<!-- This site is optimized with the Yoast SEO plugin v26.9 - https:\/\/yoast.com\/product\/yoast-seo-wordpress\/ -->\n<title>\u00c4r eTA Kanada obligatoriskt?<\/title>\n<meta name=\"description\" content=\"I november 2016 inf\u00f6rde den kanadensiska regeringen ett elektroniskt resetillst\u00e5nd (ETA). \u00c4r det obligatoriskt? Det fullst\u00e4ndiga svaret finns h\u00e4r.\" \/>\n<meta name=\"robots\" content=\"index, follow, max-snippet:-1, max-image-preview:large, max-video-preview:-1\" \/>\n<link rel=\"canonical\" href=\"https:\/\/ave-eta-canada.com\/sv\/obligatorisk-eta-kanada\/\" \/>\n<meta property=\"og:locale\" content=\"sv_SE\" \/>\n<meta property=\"og:type\" content=\"article\" \/>\n<meta property=\"og:title\" content=\"\u00c4r eTA Kanada obligatoriskt?\" \/>\n<meta property=\"og:description\" content=\"I november 2016 inf\u00f6rde den kanadensiska regeringen ett elektroniskt resetillst\u00e5nd (ETA). \u00c4r det obligatoriskt? Det fullst\u00e4ndiga svaret finns h\u00e4r.\" \/>\n<meta property=\"og:url\" content=\"https:\/\/ave-eta-canada.com\/sv\/obligatorisk-eta-kanada\/\" \/>\n<meta property=\"og:site_name\" content=\"VISA CANADA\" \/>\n<meta property=\"article:modified_time\" content=\"2022-09-09T21:02:45+00:00\" \/>\n<meta name=\"twitter:card\" content=\"summary_large_image\" \/>\n<meta name=\"twitter:label1\" content=\"Ber\u00e4knad l\u00e4stid\" \/>\n\t<meta name=\"twitter:data1\" content=\"4 minuter\" \/>\n<script type=\"application\/ld+json\" class=\"yoast-schema-graph\">{\"@context\":\"https:\/\/schema.org\",\"@graph\":[{\"@type\":\"WebPage\",\"@id\":\"https:\/\/ave-eta-canada.com\/sv\/obligatorisk-eta-kanada\/\",\"url\":\"https:\/\/ave-eta-canada.com\/sv\/obligatorisk-eta-kanada\/\",\"name\":\"\u00c4r eTA Kanada obligatoriskt?\",\"isPartOf\":{\"@id\":\"https:\/\/ave-eta-canada.com\/sv\/#website\"},\"datePublished\":\"2022-09-06T07:59:17+00:00\",\"dateModified\":\"2022-09-09T21:02:45+00:00\",\"description\":\"I november 2016 inf\u00f6rde den kanadensiska regeringen ett elektroniskt resetillst\u00e5nd (ETA). \u00c4r det obligatoriskt? Det fullst\u00e4ndiga svaret finns h\u00e4r.\",\"breadcrumb\":{\"@id\":\"https:\/\/ave-eta-canada.com\/sv\/obligatorisk-eta-kanada\/#breadcrumb\"},\"inLanguage\":\"sv-SE\",\"potentialAction\":[{\"@type\":\"ReadAction\",\"target\":[\"https:\/\/ave-eta-canada.com\/sv\/obligatorisk-eta-kanada\/\"]}]},{\"@type\":\"BreadcrumbList\",\"@id\":\"https:\/\/ave-eta-canada.com\/sv\/obligatorisk-eta-kanada\/#breadcrumb\",\"itemListElement\":[{\"@type\":\"ListItem\",\"position\":1,\"name\":\"Home\",\"item\":\"https:\/\/ave-eta-canada.com\/sv\/\"},{\"@type\":\"ListItem\",\"position\":2,\"name\":\"\u00c4r eTA Kanada obligatoriskt?\"}]},{\"@type\":\"WebSite\",\"@id\":\"https:\/\/ave-eta-canada.com\/sv\/#website\",\"url\":\"https:\/\/ave-eta-canada.com\/sv\/\",\"name\":\"VISA CANADA\",\"description\":\"Autorisation Voyage Electronique\",\"potentialAction\":[{\"@type\":\"SearchAction\",\"target\":{\"@type\":\"EntryPoint\",\"urlTemplate\":\"https:\/\/ave-eta-canada.com\/sv\/?s={search_term_string}\"},\"query-input\":{\"@type\":\"PropertyValueSpecification\",\"valueRequired\":true,\"valueName\":\"search_term_string\"}}],\"inLanguage\":\"sv-SE\"}]}<\/script>\n<!-- \/ Yoast SEO plugin. -->","yoast_head_json":{"title":"\u00c4r eTA Kanada obligatoriskt?","description":"I november 2016 inf\u00f6rde den kanadensiska regeringen ett elektroniskt resetillst\u00e5nd (ETA). \u00c4r det obligatoriskt? Det fullst\u00e4ndiga svaret finns h\u00e4r.","robots":{"index":"index","follow":"follow","max-snippet":"max-snippet:-1","max-image-preview":"max-image-preview:large","max-video-preview":"max-video-preview:-1"},"canonical":"https:\/\/ave-eta-canada.com\/sv\/obligatorisk-eta-kanada\/","og_locale":"sv_SE","og_type":"article","og_title":"\u00c4r eTA Kanada obligatoriskt?","og_description":"I november 2016 inf\u00f6rde den kanadensiska regeringen ett elektroniskt resetillst\u00e5nd (ETA). \u00c4r det obligatoriskt? Det fullst\u00e4ndiga svaret finns h\u00e4r.","og_url":"https:\/\/ave-eta-canada.com\/sv\/obligatorisk-eta-kanada\/","og_site_name":"VISA CANADA","article_modified_time":"2022-09-09T21:02:45+00:00","twitter_card":"summary_large_image","twitter_misc":{"Ber\u00e4knad l\u00e4stid":"4 minuter"},"schema":{"@context":"https:\/\/schema.org","@graph":[{"@type":"WebPage","@id":"https:\/\/ave-eta-canada.com\/sv\/obligatorisk-eta-kanada\/","url":"https:\/\/ave-eta-canada.com\/sv\/obligatorisk-eta-kanada\/","name":"\u00c4r eTA Kanada obligatoriskt?","isPartOf":{"@id":"https:\/\/ave-eta-canada.com\/sv\/#website"},"datePublished":"2022-09-06T07:59:17+00:00","dateModified":"2022-09-09T21:02:45+00:00","description":"I november 2016 inf\u00f6rde den kanadensiska regeringen ett elektroniskt resetillst\u00e5nd (ETA). \u00c4r det obligatoriskt? Det fullst\u00e4ndiga svaret finns h\u00e4r.","breadcrumb":{"@id":"https:\/\/ave-eta-canada.com\/sv\/obligatorisk-eta-kanada\/#breadcrumb"},"inLanguage":"sv-SE","potentialAction":[{"@type":"ReadAction","target":["https:\/\/ave-eta-canada.com\/sv\/obligatorisk-eta-kanada\/"]}]},{"@type":"BreadcrumbList","@id":"https:\/\/ave-eta-canada.com\/sv\/obligatorisk-eta-kanada\/#breadcrumb","itemListElement":[{"@type":"ListItem","position":1,"name":"Home","item":"https:\/\/ave-eta-canada.com\/sv\/"},{"@type":"ListItem","position":2,"name":"\u00c4r eTA Kanada obligatoriskt?"}]},{"@type":"WebSite","@id":"https:\/\/ave-eta-canada.com\/sv\/#website","url":"https:\/\/ave-eta-canada.com\/sv\/","name":"VISA CANADA","description":"Autorisation Voyage Electronique","potentialAction":[{"@type":"SearchAction","target":{"@type":"EntryPoint","urlTemplate":"https:\/\/ave-eta-canada.com\/sv\/?s={search_term_string}"},"query-input":{"@type":"PropertyValueSpecification","valueRequired":true,"valueName":"search_term_string"}}],"inLanguage":"sv-SE"}]}},"_links":{"self":[{"href":"https:\/\/ave-eta-canada.com\/sv\/wp-json\/wp\/v2\/pages\/2667","targetHints":{"allow":["GET"]}}],"collection":[{"href":"https:\/\/ave-eta-canada.com\/sv\/wp-json\/wp\/v2\/pages"}],"about":[{"href":"https:\/\/ave-eta-canada.com\/sv\/wp-json\/wp\/v2\/types\/page"}],"author":[{"embeddable":true,"href":"https:\/\/ave-eta-canada.com\/sv\/wp-json\/wp\/v2\/users\/1"}],"replies":[{"embeddable":true,"href":"https:\/\/ave-eta-canada.com\/sv\/wp-json\/wp\/v2\/comments?post=2667"}],"version-history":[{"count":0,"href":"https:\/\/ave-eta-canada.com\/sv\/wp-json\/wp\/v2\/pages\/2667\/revisions"}],"wp:attachment":[{"href":"https:\/\/ave-eta-canada.com\/sv\/wp-json\/wp\/v2\/media?parent=2667"}],"curies":[{"name":"wp","href":"https:\/\/api.w.org\/{rel}","templated":true}]}}