{"id":2670,"date":"2022-09-06T07:59:17","date_gmt":"2022-09-06T07:59:17","guid":{"rendered":"https:\/\/ave-eta-canada.com\/hur-man-kontrollerar-en-mask\/"},"modified":"2022-09-10T07:12:20","modified_gmt":"2022-09-10T07:12:20","slug":"hur-man-kontrollerar-en-eta","status":"publish","type":"page","link":"https:\/\/ave-eta-canada.com\/sv\/hur-man-kontrollerar-en-eta\/","title":{"rendered":"Hur kontrollerar man en eTA?"},"content":{"rendered":"\n<h1 class=\"wp-block-heading\">Hur kontrollerar du din eTA f\u00f6r Kanada?<\/h1>\n\n<p>Om du planerar att resa till Kanada inom en snar framtid b\u00f6r du innan du reser kontrollera att du har ditt elektroniska resetillst\u00e5nd eTA f\u00f6r Kanada och att det fortfarande \u00e4r giltigt.<\/p>\n\n<p><strong>F\u00f6r en vistelse p\u00e5 mindre \u00e4n 6 m\u00e5nader i Kanada<\/strong>: Du kan fylla i formaliteterna f\u00f6r inresa till Kanada direkt via Internet genom att klicka p\u00e5 <a href=\"https:\/\/ave-eta-canada.com\/sv\/kanada-eta-formular-online\/\">onlineformul\u00e4ret<\/a>. Det \u00e4r inte n\u00f6dv\u00e4ndigt att boka ett m\u00f6te p\u00e5 Kanadas ambassad eller konsulat.<\/p>\n\n<p>F\u00f6r att <a href=\"https:\/\/ave-eta-canada.com\/sv\/hur-du-kontrollerar-statusen-pa-din-ansokan-eta-kanada\/\">kontrollera din eTA<\/a> har du tv\u00e5 m\u00f6jligheter: <\/p>\n\n<ul class=\"wp-block-list\"><li>Kontrollera de inmatade uppgifterna f\u00f6r att se till att tillst\u00e5ndet har erh\u00e5llits.<\/li><li>Kontrollera eTA-statusen n\u00e4r ans\u00f6kan har skickats.<\/li><\/ul>\n\n<p>F\u00f6r att hj\u00e4lpa dig i denna process beskriver vi hur du ska g\u00e5 tillv\u00e4ga i b\u00e5da fallen.<\/p>\n\n<h2 class=\"wp-block-heading\">Vad \u00e4r eTA Kanada?<\/h2>\n\n<p>Innan vi beskriver hur man kontrollerar en eTA, ska vi erinra oss hur den definieras och p\u00e5 vilka villkor den utf\u00e4rdas.<\/p>\n\n<p>eTA Electronic Travel Authorization, \u00e4r ett tillst\u00e5nd f\u00f6r resa eller transitering genom Kanada. Liksom ESTA f\u00f6r USA har eTA Kanada formen av ett elektroniskt dokument som via ett datorsystem f\u00e4sts direkt i ditt pass. eTA \u00e4r giltigt i fem \u00e5r fr\u00e5n och med dagen f\u00f6r utf\u00e4rdandet. Om ditt pass g\u00e5r ut f\u00f6re tidsfristen eller om du byter ut det, \u00e4r eTA inte l\u00e4ngre giltigt. Under giltighetstiden kan du bes\u00f6ka Kanada s\u00e5 m\u00e5nga g\u00e5nger du vill, f\u00f6rutsatt att du respekterar den lagliga vistelsen (h\u00f6gst sex m\u00e5nader i f\u00f6ljd).<\/p>\n\n<h3 class=\"wp-block-heading\">F\u00f6r vem g\u00e4ller eTA Kanada?<\/h3>\n\n<p>eTA Kanada g\u00e4ller f\u00f6r alla viseringsfria medborgare, som reser till Kanada med flyg eller i transit via en kanadensisk flygplats. I dag \u00e4r medborgare i cirka 50 l\u00e4nder undantagna fr\u00e5n viseringskrav f\u00f6r resor till Kanada, d\u00e4ribland Europeiska unionens l\u00e4nder och Australien.<\/p>\n\n<p>Observera att resen\u00e4rer som har en visering, oavsett om det \u00e4r en turistvisering, en studentvisering eller ett arbetstillst\u00e5nd som utf\u00e4rdats av de konsul\u00e4ra myndigheterna, inte beh\u00f6ver ans\u00f6ka om en eTA.<\/p>\n\n<h3 class=\"wp-block-heading\">Krav f\u00f6r att f\u00e5 en eTA<\/h3>\n\n<p>Innan du best\u00e4ller en eTA Kanada ska du vara medveten om att vissa villkor g\u00e4ller, bland annat f\u00f6ljande<\/p>\n\n<ul class=\"wp-block-list\"><li>ha ett giltigt biometriskt pass (helst);<\/li><li>Resan ska vara en turistresa eller en yrkesresa (aff\u00e4rsresa);<\/li><li>resa med flyg ;<\/li><li>inte stanna i mer \u00e4n sex m\u00e5nader i f\u00f6ljd.<\/li><\/ul>\n\n<h3 class=\"wp-block-heading\">Hur ans\u00f6ker man om eTA?<\/h3>\n\n<p>Att ans\u00f6ka om eTA visum f\u00f6r Kanada \u00e4r en relativt enkel process om den g\u00f6rs p\u00e5 r\u00e4tt s\u00e4tt, och det finns tv\u00e5 huvudsakliga s\u00e4tt att g\u00e5 tillv\u00e4ga:<\/p>\n\n<ul class=\"wp-block-list\"><li>best\u00e4lla ett eTA direkt fr\u00e5n den officiella webbplatsen f\u00f6r den kanadensiska regeringen;<\/li><li>anv\u00e4nda privata webbplatser, t.ex. v\u00e5r partner, f\u00f6r att tillhandah\u00e5lla en supporttj\u00e4nst under hela eTA:s best\u00e4llningsprocess.<\/li><\/ul>\n\n<p>Nu n\u00e4r du vet mer om tillst\u00e5nd att vistas i Kanada ska vi titta p\u00e5 de viktigaste uppgifterna som ska kontrolleras p\u00e5 en eTA f\u00f6r att s\u00e4kerst\u00e4lla att den \u00e4r giltig.<br\/><br\/><\/p>\n\n<h2 class=\"wp-block-heading\">Viktig information att kontrollera p\u00e5 ett eTA<\/h2>\n\n<p>En av de f\u00f6rsta sakerna man b\u00f6r g\u00f6ra n\u00e4r man kontrollerar en eTA \u00e4r att se till att personuppgifterna i dokumentet (efternamn, f\u00f6rnamn osv.) i alla avseenden st\u00e4mmer \u00f6verens med dem som finns i passet. Det r\u00e4cker med ett enkelt skrivfel n\u00e4r du fyller i <a href=\"https:\/\/ave-eta-canada.com\/sv\/fylla-i-blankett-eta-formular-for-kanada\/\">webbformul\u00e4ret <\/a>f\u00f6r att din eTA ska nekas.<\/p>\n\n<p>Samtidigt \u00e4r det n\u00f6dv\u00e4ndigt att kontrollera att passnumret p\u00e5 eTA \u00e4r detsamma som i ditt eget pass. Om det finns minsta fel kommer du sannolikt att nekas tillst\u00e5nd.<\/p>\n\n<p>Observera att du m\u00e5ste kontrollera din e-postadress, eftersom det \u00e4r s\u00e5 du f\u00e5r ditt svar.<\/p>\n\n<h2 class=\"wp-block-heading\">Kontrollera statusen f\u00f6r en eTA<\/h2>\n\n<p>Efter en eTA-ans\u00f6kan p\u00e5 n\u00e4tet skickar den kanadensiska regeringen flera e-postmeddelanden till den e-postadress som anges p\u00e5 formul\u00e4ret f\u00f6r att :<\/p>\n\n<ul class=\"wp-block-list\"><li>f\u00f6r att bekr\u00e4fta mottagandet av ans\u00f6kan;<\/li><li>f\u00f6r att beg\u00e4ra uppdatering av information eller tillhandah\u00e5lla ytterligare information, om det beh\u00f6vs;<\/li><li>informera om beslutet om ans\u00f6kan.<\/li><\/ul>\n\n<p>Dessutom tillhandah\u00e5ller de kanadensiska myndigheterna ett verifieringsverktyg online f\u00f6r att kontrollera statusen f\u00f6r en eTA. Den senare \u00e4r avsedd f\u00f6r tv\u00e5 typer av situationer:<\/p>\n\n<ul class=\"wp-block-list\"><li>resen\u00e4ren har gjort en ny ans\u00f6kan och vill kontrollera tillst\u00e5ndets status;<\/li><li>Resen\u00e4ren har redan ett eTA, men vill f\u00f6rs\u00e4kra sig om att det fortfarande \u00e4r giltigt eller helt enkelt hitta det.<\/li><\/ul>\n\n<p>F\u00f6r att kontrollera statusen f\u00f6r din eTA via detta verktyg beh\u00f6ver du bara ditt pass och ans\u00f6kningsnumret i bekr\u00e4ftelsemeddelandet. De passuppgifter som beg\u00e4rs \u00e4r passnummer, utf\u00e4rdande land, datum f\u00f6r utf\u00e4rdande och giltighetstid.<\/p>\n\n<p>Om det visar sig, efter att ha  <a href=\"https:\/\/ave-eta-canada.com\/sv\/hur-du-kontrollerar-statusen-pa-din-ansokan-eta-kanada\/\">kontrollera statusen f\u00f6r din eTA,<\/a>  Om ans\u00f6kan avsl\u00e5s m\u00e5ste man ans\u00f6ka om visering p\u00e5 den kanadensiska ambassaden om kraven f\u00f6r beh\u00f6righet inte kan uppfyllas eller g\u00f6ra en ny ans\u00f6kan om avslaget beror p\u00e5 ett inmatningsfel.<\/p>\n\n<p>N\u00e4r du har genomf\u00f6rt alla kontroller och f\u00f6rs\u00e4krat dig om att <a href=\"https:\/\/ave-eta-canada.com\/sv\/hur-man-kontrollerar-en-eta\/\">din eTA \u00e4r giltig<\/a> har du officiellt r\u00e4tt att resa till Maple Country.<\/p>\n\n<p>Observera att \u00e4ven om du har kontrollerat att din eTA \u00e4r korrekt, \u00e4r detta ingen garanti f\u00f6r att du f\u00e5r tilltr\u00e4de till territoriet. N\u00e4r du anl\u00e4nder till flygplatsen kommer du att kontrolleras av tullen via en gr\u00e4nskontrolltj\u00e4nsteman, som \u00e4r den enda person som har r\u00e4tt att bed\u00f6ma om du har r\u00e4tt att stanna i eller transiteras genom Kanada.<\/p>\n\n<p>Observera: Om du har <a href=\"https:\/\/ave-eta-canada.com\/sv\/hur-man-hittar-man-en-forlorad-eta-kanada\/\">f\u00f6rlorat din eTA Kanada<\/a> kan du ocks\u00e5 s\u00f6ka p\u00e5 den officiella webbplatsen f\u00f6r den kanadensiska regeringen. <\/p>\n","protected":false},"excerpt":{"rendered":"<p>Hur kontrollerar du din eTA f\u00f6r Kanada? Om du planerar att resa till Kanada inom en snar framtid b\u00f6r du innan du reser kontrollera att du har ditt elektroniska resetillst\u00e5nd eTA f\u00f6r Kanada och att det fortfarande \u00e4r giltigt. F\u00f6r en vistelse p\u00e5 mindre \u00e4n 6 m\u00e5nader i Kanada: Du kan fylla i formaliteterna f\u00f6r [&hellip;]<\/p>\n","protected":false},"author":1,"featured_media":0,"parent":0,"menu_order":0,"comment_status":"closed","ping_status":"closed","template":"","meta":{"footnotes":""},"class_list":["post-2670","page","type-page","status-publish","hentry"],"yoast_head":"<!-- This site is optimized with the Yoast SEO plugin v26.9 - https:\/\/yoast.com\/product\/yoast-seo-wordpress\/ -->\n<title>Hur kontrollerar man en eTA?<\/title>\n<meta name=\"description\" content=\"Innan du reser till Kanada \u00e4r det viktigt att kontrollera att ditt eTA-tillst\u00e5nd \u00e4r giltigt. Ta reda p\u00e5 hur du enkelt kan g\u00f6ra detta.\" \/>\n<meta name=\"robots\" content=\"index, follow, max-snippet:-1, max-image-preview:large, max-video-preview:-1\" \/>\n<link rel=\"canonical\" href=\"https:\/\/ave-eta-canada.com\/sv\/hur-man-kontrollerar-en-eta\/\" \/>\n<meta property=\"og:locale\" content=\"sv_SE\" \/>\n<meta property=\"og:type\" content=\"article\" \/>\n<meta property=\"og:title\" content=\"Hur kontrollerar man en eTA?\" \/>\n<meta property=\"og:description\" content=\"Innan du reser till Kanada \u00e4r det viktigt att kontrollera att ditt eTA-tillst\u00e5nd \u00e4r giltigt. Ta reda p\u00e5 hur du enkelt kan g\u00f6ra detta.\" \/>\n<meta property=\"og:url\" content=\"https:\/\/ave-eta-canada.com\/sv\/hur-man-kontrollerar-en-eta\/\" \/>\n<meta property=\"og:site_name\" content=\"VISA CANADA\" \/>\n<meta property=\"article:modified_time\" content=\"2022-09-10T07:12:20+00:00\" \/>\n<meta name=\"twitter:card\" content=\"summary_large_image\" \/>\n<meta name=\"twitter:label1\" content=\"Ber\u00e4knad l\u00e4stid\" \/>\n\t<meta name=\"twitter:data1\" content=\"5 minuter\" \/>\n<script type=\"application\/ld+json\" class=\"yoast-schema-graph\">{\"@context\":\"https:\/\/schema.org\",\"@graph\":[{\"@type\":\"WebPage\",\"@id\":\"https:\/\/ave-eta-canada.com\/sv\/hur-man-kontrollerar-en-eta\/\",\"url\":\"https:\/\/ave-eta-canada.com\/sv\/hur-man-kontrollerar-en-eta\/\",\"name\":\"Hur kontrollerar man en eTA?\",\"isPartOf\":{\"@id\":\"https:\/\/ave-eta-canada.com\/sv\/#website\"},\"datePublished\":\"2022-09-06T07:59:17+00:00\",\"dateModified\":\"2022-09-10T07:12:20+00:00\",\"description\":\"Innan du reser till Kanada \u00e4r det viktigt att kontrollera att ditt eTA-tillst\u00e5nd \u00e4r giltigt. Ta reda p\u00e5 hur du enkelt kan g\u00f6ra detta.\",\"breadcrumb\":{\"@id\":\"https:\/\/ave-eta-canada.com\/sv\/hur-man-kontrollerar-en-eta\/#breadcrumb\"},\"inLanguage\":\"sv-SE\",\"potentialAction\":[{\"@type\":\"ReadAction\",\"target\":[\"https:\/\/ave-eta-canada.com\/sv\/hur-man-kontrollerar-en-eta\/\"]}]},{\"@type\":\"BreadcrumbList\",\"@id\":\"https:\/\/ave-eta-canada.com\/sv\/hur-man-kontrollerar-en-eta\/#breadcrumb\",\"itemListElement\":[{\"@type\":\"ListItem\",\"position\":1,\"name\":\"Home\",\"item\":\"https:\/\/ave-eta-canada.com\/sv\/\"},{\"@type\":\"ListItem\",\"position\":2,\"name\":\"Hur kontrollerar man en eTA?\"}]},{\"@type\":\"WebSite\",\"@id\":\"https:\/\/ave-eta-canada.com\/sv\/#website\",\"url\":\"https:\/\/ave-eta-canada.com\/sv\/\",\"name\":\"VISA CANADA\",\"description\":\"Autorisation Voyage Electronique\",\"potentialAction\":[{\"@type\":\"SearchAction\",\"target\":{\"@type\":\"EntryPoint\",\"urlTemplate\":\"https:\/\/ave-eta-canada.com\/sv\/?s={search_term_string}\"},\"query-input\":{\"@type\":\"PropertyValueSpecification\",\"valueRequired\":true,\"valueName\":\"search_term_string\"}}],\"inLanguage\":\"sv-SE\"}]}<\/script>\n<!-- \/ Yoast SEO plugin. -->","yoast_head_json":{"title":"Hur kontrollerar man en eTA?","description":"Innan du reser till Kanada \u00e4r det viktigt att kontrollera att ditt eTA-tillst\u00e5nd \u00e4r giltigt. Ta reda p\u00e5 hur du enkelt kan g\u00f6ra detta.","robots":{"index":"index","follow":"follow","max-snippet":"max-snippet:-1","max-image-preview":"max-image-preview:large","max-video-preview":"max-video-preview:-1"},"canonical":"https:\/\/ave-eta-canada.com\/sv\/hur-man-kontrollerar-en-eta\/","og_locale":"sv_SE","og_type":"article","og_title":"Hur kontrollerar man en eTA?","og_description":"Innan du reser till Kanada \u00e4r det viktigt att kontrollera att ditt eTA-tillst\u00e5nd \u00e4r giltigt. Ta reda p\u00e5 hur du enkelt kan g\u00f6ra detta.","og_url":"https:\/\/ave-eta-canada.com\/sv\/hur-man-kontrollerar-en-eta\/","og_site_name":"VISA CANADA","article_modified_time":"2022-09-10T07:12:20+00:00","twitter_card":"summary_large_image","twitter_misc":{"Ber\u00e4knad l\u00e4stid":"5 minuter"},"schema":{"@context":"https:\/\/schema.org","@graph":[{"@type":"WebPage","@id":"https:\/\/ave-eta-canada.com\/sv\/hur-man-kontrollerar-en-eta\/","url":"https:\/\/ave-eta-canada.com\/sv\/hur-man-kontrollerar-en-eta\/","name":"Hur kontrollerar man en eTA?","isPartOf":{"@id":"https:\/\/ave-eta-canada.com\/sv\/#website"},"datePublished":"2022-09-06T07:59:17+00:00","dateModified":"2022-09-10T07:12:20+00:00","description":"Innan du reser till Kanada \u00e4r det viktigt att kontrollera att ditt eTA-tillst\u00e5nd \u00e4r giltigt. Ta reda p\u00e5 hur du enkelt kan g\u00f6ra detta.","breadcrumb":{"@id":"https:\/\/ave-eta-canada.com\/sv\/hur-man-kontrollerar-en-eta\/#breadcrumb"},"inLanguage":"sv-SE","potentialAction":[{"@type":"ReadAction","target":["https:\/\/ave-eta-canada.com\/sv\/hur-man-kontrollerar-en-eta\/"]}]},{"@type":"BreadcrumbList","@id":"https:\/\/ave-eta-canada.com\/sv\/hur-man-kontrollerar-en-eta\/#breadcrumb","itemListElement":[{"@type":"ListItem","position":1,"name":"Home","item":"https:\/\/ave-eta-canada.com\/sv\/"},{"@type":"ListItem","position":2,"name":"Hur kontrollerar man en eTA?"}]},{"@type":"WebSite","@id":"https:\/\/ave-eta-canada.com\/sv\/#website","url":"https:\/\/ave-eta-canada.com\/sv\/","name":"VISA CANADA","description":"Autorisation Voyage Electronique","potentialAction":[{"@type":"SearchAction","target":{"@type":"EntryPoint","urlTemplate":"https:\/\/ave-eta-canada.com\/sv\/?s={search_term_string}"},"query-input":{"@type":"PropertyValueSpecification","valueRequired":true,"valueName":"search_term_string"}}],"inLanguage":"sv-SE"}]}},"_links":{"self":[{"href":"https:\/\/ave-eta-canada.com\/sv\/wp-json\/wp\/v2\/pages\/2670","targetHints":{"allow":["GET"]}}],"collection":[{"href":"https:\/\/ave-eta-canada.com\/sv\/wp-json\/wp\/v2\/pages"}],"about":[{"href":"https:\/\/ave-eta-canada.com\/sv\/wp-json\/wp\/v2\/types\/page"}],"author":[{"embeddable":true,"href":"https:\/\/ave-eta-canada.com\/sv\/wp-json\/wp\/v2\/users\/1"}],"replies":[{"embeddable":true,"href":"https:\/\/ave-eta-canada.com\/sv\/wp-json\/wp\/v2\/comments?post=2670"}],"version-history":[{"count":0,"href":"https:\/\/ave-eta-canada.com\/sv\/wp-json\/wp\/v2\/pages\/2670\/revisions"}],"wp:attachment":[{"href":"https:\/\/ave-eta-canada.com\/sv\/wp-json\/wp\/v2\/media?parent=2670"}],"curies":[{"name":"wp","href":"https:\/\/api.w.org\/{rel}","templated":true}]}}