{"id":2675,"date":"2022-09-06T07:59:17","date_gmt":"2022-09-06T07:59:17","guid":{"rendered":"https:\/\/ave-eta-canada.com\/hur-du-kontrollerar-statusen-pa-din-ansokan-hos-kanada\/"},"modified":"2022-09-09T19:32:32","modified_gmt":"2022-09-09T19:32:32","slug":"hur-du-kontrollerar-statusen-pa-din-ansokan-eta-kanada","status":"publish","type":"page","link":"https:\/\/ave-eta-canada.com\/sv\/hur-du-kontrollerar-statusen-pa-din-ansokan-eta-kanada\/","title":{"rendered":"Hur kontrollerar du statusen f\u00f6r din ans\u00f6kan om eTA Kanada?"},"content":{"rendered":"\n<h1 class=\"wp-block-heading\">Resa till Kanada: kontrollera statusen f\u00f6r din eTA-ans\u00f6kan<\/h1>\n\n<p>Alla resor till Kanada kr\u00e4ver ett resetillst\u00e5nd. Om du ska stanna l\u00e4nge m\u00e5ste du ans\u00f6ka om visum.  <\/p>\n\n<p><strong>F\u00f6r en vistelse p\u00e5 mindre \u00e4n 6 m\u00e5nader i Kanada<\/strong>: Du kan fylla i formaliteterna f\u00f6r inresa till Kanada direkt via Internet genom att klicka p\u00e5 <a href=\"https:\/\/ave-eta-canada.com\/sv\/kanada-eta-formular-online\/\">onlineformul\u00e4ret<\/a>. Det \u00e4r inte n\u00f6dv\u00e4ndigt att boka ett m\u00f6te p\u00e5 Kanadas ambassad eller konsulat.<\/p>\n\n<p>Nedan f\u00f6rklarar vi hur du kontrollerar statusen f\u00f6r ditt resetillst\u00e5nd efter att du har ans\u00f6kt online.<br\/><\/p>\n\n<h2 class=\"wp-block-heading\">eTA-status: ans\u00f6kningsfasen p\u00e5 n\u00e4tet<\/h2>\n\n<p>Det <a href=\"https:\/\/ave-eta-canada.com\/sv\/\">elektroniska resetillst\u00e5ndet eTA<\/a>, \u00e4ven kallat eTA, ger dig r\u00e4tt att stanna i Kanada i sex m\u00e5nader i f\u00f6ljd. Till skillnad fr\u00e5n den kanadensiska viseringen kan detta resetillst\u00e5nd endast erh\u00e5llas online. Det \u00e4r relativt enkelt att ans\u00f6ka om ett ESTA f\u00f6r att resa till USA, dvs. genom att fylla i ett formul\u00e4r online.<\/p>\n\n<p><a href=\"https:\/\/ave-eta-canada.com\/sv\/fylla-i-blankett-eta-formular-for-kanada\/\">eTA-formul\u00e4ret<\/a> finns p\u00e5 m\u00e5nga webbplatser. Du kan antingen fylla i det p\u00e5 den officiella webbplatsen f\u00f6r den kanadensiska regeringen eller ans\u00f6ka via v\u00e5r partnerwebbplats.<\/p>\n\n<p>Om du redan har ett visum f\u00f6r Kanada, ett arbetstillst\u00e5nd eller till och med ett permanent uppeh\u00e5llstillst\u00e5nd beh\u00f6ver du inte ans\u00f6ka om en eTA.<\/p>\n\n<h3 class=\"wp-block-heading\">Att fylla i eTA Kanada-formul\u00e4ret<\/h3>\n\n<p>N\u00e4r du fyller i <a href=\"https:\/\/ave-eta-canada.com\/sv\/hur-man-fyller-i-en-eta-for-att-resa-i-kanada\/\">webbformul\u00e4ret<\/a> ombeds du ange de viktigaste uppgifterna i ditt pass (namn, datum, f\u00f6delseort, k\u00f6n, adress, nationalitet, passnummer osv.) N\u00e4r du har fyllt i dina personuppgifter visas ett kort fr\u00e5geformul\u00e4r. Du kommer sedan att f\u00e5 olika fr\u00e5gor om din h\u00e4lsa, din nuvarande anst\u00e4llning och din r\u00e4ttsliga bakgrund.<\/p>\n\n<p>Det sista steget f\u00f6r att validera din eTA-fil \u00e4r onlinebetalningen. F\u00f6r denna formalitet beh\u00f6ver du bara ta med ditt kreditkort (Visa, MasterCard eller American Express) och ange dina bankuppgifter.<br\/><br\/><\/p>\n\n<h2 class=\"wp-block-heading\">De olika statuserna f\u00f6r eTA-ans\u00f6kningar<\/h2>\n\n<p>N\u00e4r du har betalat <a href=\"https:\/\/ave-eta-canada.com\/sv\/eta-kanada-att-priset\/\">eTA<\/a> b\u00f6r du f\u00e5 ett e-postmeddelande fr\u00e5n de kanadensiska myndigheterna om att din ans\u00f6kan har mottagits och att den h\u00e5ller p\u00e5 att granskas.<\/p>\n\n<p>Svaren som du anger i webbformul\u00e4ret analyseras av IRCC (Immigration, Refugees and Citizenship Canada). Detta statliga organ kommer d\u00e4rf\u00f6r att granska varje eTA-ans\u00f6kan f\u00f6r att se till att varje medborgare inte utg\u00f6r ett hot mot landets inre s\u00e4kerhet. Efter denna analys kan din eTA-ans\u00f6kan ha tre statusar: &#8221;ans\u00f6kan godk\u00e4nd&#8221;, &#8221;ans\u00f6kan v\u00e4ntar&#8221; eller &#8221;ans\u00f6kan avsl\u00e5s&#8221;.<\/p>\n\n<h3 class=\"wp-block-heading\">Status: eTA Canada v\u00e4ntar<\/h3>\n\n<p>Majoriteten av ans\u00f6kningarna leder till att eTA-ans\u00f6kan godk\u00e4nns inom n\u00e5gra minuter efter att ans\u00f6kan skickats. Det kan dock h\u00e4nda att beg\u00e4ran kr\u00e4ver l\u00e4ngre tid. Om din eTA-ans\u00f6kan \u00e4r p\u00e5g\u00e5ende f\u00e5r du ett e-postmeddelande fr\u00e5n IRCC inom n\u00e5gra timmar eller dagar. Du kan till exempel bli ombedd att tillhandah\u00e5lla vissa styrkande dokument eller ytterligare information.<\/p>\n\n<p>Statusen f\u00f6r eTA-ans\u00f6kan kan f\u00f6ljas med hj\u00e4lp av verifieringsverktyget som tillhandah\u00e5lls av Kanadas regering. F\u00f6r att g\u00f6ra detta beh\u00f6ver du :<\/p>\n\n<ul class=\"wp-block-list\"><li>ditt eTA-ans\u00f6kningsnummer som meddelas via e-post;<\/li><li>Vissa uppgifter fr\u00e5n det pass som du ans\u00f6kte med (utf\u00e4rdande land, passnummer, utf\u00e4rdandedatum och utg\u00e5ngsdatum).<\/li><\/ul>\n\n<p>Det h\u00e4r verktyget \u00e4r ocks\u00e5 anv\u00e4ndbart om du redan har ett tillf\u00e4lligt resetillst\u00e5nd men vill <a>h\u00e4mta din eTA<\/a> f\u00f6r att konsultera din fil.<\/p>\n\n<h3 class=\"wp-block-heading\">Status: eTA Kanada godk\u00e4nt<\/h3>\n\n<p>N\u00e4r din eTA Kanada-ans\u00f6kan f\u00e5r status &#8221;godk\u00e4nd&#8221; f\u00e5r du ditt eTA-nummer via e-post tillsammans med utg\u00e5ngsdatum och passnummer som tilldelats resetillst\u00e5ndet.<\/p>\n\n<p>Med en eTA kan du resa till Kanada och stanna mindre \u00e4n sex m\u00e5nader i landet. eTA \u00e4r giltigt i fem \u00e5r, vilket inneb\u00e4r att du kan bes\u00f6ka Kanada hur m\u00e5nga g\u00e5nger som helst under denna period, s\u00e5 l\u00e4nge du respekterar den maximala vistelsen (h\u00f6gst sex m\u00e5nader) och har ett giltigt pass.<\/p>\n\n<p>Observera att en &#8221;godk\u00e4nd&#8221; eTA Kanada-status inte n\u00f6dv\u00e4ndigtvis inneb\u00e4r att du f\u00e5r resa in i Kanada, utan endast att du f\u00e5r resa till Kanada med flyg. N\u00e4r du anl\u00e4nder till gr\u00e4nsen kontrolleras du av en gr\u00e4nskontrollant, som \u00e4r den enda person som kan bekr\u00e4fta din inresa till Kanada.<\/p>\n\n<h3 class=\"wp-block-heading\">Status : eTA Kanada v\u00e4grar<\/h3>\n\n<p>Det \u00e4r ovanligt att den kanadensiska staten avsl\u00e5r ans\u00f6kningar om tillf\u00e4lligt uppeh\u00e5llstillst\u00e5nd. Om du efter att ha kontrollerat statusen f\u00f6r din eTA Kanada uppt\u00e4cker att din ans\u00f6kan har avslagits, kontrollera f\u00f6rst att det inte beror p\u00e5 ett misstag n\u00e4r du fyllde i webbformul\u00e4ret. Eftersom de flesta uppgifter inte kan \u00e4ndras efter att ans\u00f6kan har skickats in m\u00e5ste du ans\u00f6ka p\u00e5 nytt online och betala de n\u00f6dv\u00e4ndiga avgifterna.<\/p>\n\n<p>F\u00f6r att du ska ha alla chanser att f\u00e5 eTA-statusen &#8221;godk\u00e4nd&#8221; och resa till Kanada med sinnesro, f\u00f6resl\u00e5r vi att du ans\u00f6ker via v\u00e5r partnerwebbplats. Deras team av yrkesverksamma kommer att kontrollera din fil i alla avseenden och korrigera eventuella fel eller utel\u00e4mnanden om det beh\u00f6vs.<\/p>\n\n<p>Om inget fel visas \u00e4r det troligt att du inte uppfyller n\u00e5got av <a href=\"https:\/\/ave-eta-canada.com\/sv\/eta-kanada-resevillkor\/\">kraven f\u00f6r st\u00f6dber\u00e4ttigande f\u00f6r eTA<\/a>. Som en p\u00e5minnelse kan du h\u00e4r l\u00e4sa om de olika punkter som m\u00e5ste respekteras f\u00f6r att du ska kunna dra nytta av den &#8221;godk\u00e4nda&#8221; eTA-statusen:<\/p>\n\n<ul class=\"wp-block-list\"><li>vara medborgare i ett land som \u00e4r undantaget fr\u00e5n viseringskravet (franska medborgare \u00e4r undantagna);<\/li><li>Reser till Kanada f\u00f6r turism eller aff\u00e4rer;<\/li><li>inte stanna l\u00e4ngre \u00e4n sex m\u00e5nader;  <\/li><li>ha ett giltigt biometriskt eller elektroniskt pass.<\/li><\/ul>\n\n<p>Som du ser kan du inte omfattas av eTA om du vill studera, praktisera eller arbeta i Kanada. Du m\u00e5ste sedan g\u00e5 till Kanadas ambassad och <a href=\"https:\/\/ave-eta-canada.com\/sv\/hur-man-far-ett-whv-arbetssemestertillstand-kanada\/\">ans\u00f6ka om visum eller PVT<\/a>(detta kan ocks\u00e5 g\u00f6ras p\u00e5 konsulatet).<\/p>\n","protected":false},"excerpt":{"rendered":"<p>Resa till Kanada: kontrollera statusen f\u00f6r din eTA-ans\u00f6kan Alla resor till Kanada kr\u00e4ver ett resetillst\u00e5nd. Om du ska stanna l\u00e4nge m\u00e5ste du ans\u00f6ka om visum. F\u00f6r en vistelse p\u00e5 mindre \u00e4n 6 m\u00e5nader i Kanada: Du kan fylla i formaliteterna f\u00f6r inresa till Kanada direkt via Internet genom att klicka p\u00e5 onlineformul\u00e4ret. Det \u00e4r inte [&hellip;]<\/p>\n","protected":false},"author":1,"featured_media":0,"parent":0,"menu_order":0,"comment_status":"closed","ping_status":"closed","template":"","meta":{"footnotes":""},"class_list":["post-2675","page","type-page","status-publish","hentry"],"yoast_head":"<!-- This site is optimized with the Yoast SEO plugin v26.9 - https:\/\/yoast.com\/product\/yoast-seo-wordpress\/ -->\n<title>Hur kontrollerar du statusen f\u00f6r din ans\u00f6kan om eTA Kanada?<\/title>\n<meta name=\"description\" content=\"F\u00f6r att ans\u00f6ka om eTA m\u00e5ste du fylla i ett formul\u00e4r p\u00e5 n\u00e4tet. N\u00e4r fr\u00e5geformul\u00e4ret har skickats in ger den kanadensiska regeringen din eTA-ans\u00f6kan status.\" \/>\n<meta name=\"robots\" content=\"index, follow, max-snippet:-1, max-image-preview:large, max-video-preview:-1\" \/>\n<link rel=\"canonical\" href=\"https:\/\/ave-eta-canada.com\/sv\/hur-du-kontrollerar-statusen-pa-din-ansokan-eta-kanada\/\" \/>\n<meta property=\"og:locale\" content=\"sv_SE\" \/>\n<meta property=\"og:type\" content=\"article\" \/>\n<meta property=\"og:title\" content=\"Hur kontrollerar du statusen f\u00f6r din ans\u00f6kan om eTA Kanada?\" \/>\n<meta property=\"og:description\" content=\"F\u00f6r att ans\u00f6ka om eTA m\u00e5ste du fylla i ett formul\u00e4r p\u00e5 n\u00e4tet. N\u00e4r fr\u00e5geformul\u00e4ret har skickats in ger den kanadensiska regeringen din eTA-ans\u00f6kan status.\" \/>\n<meta property=\"og:url\" content=\"https:\/\/ave-eta-canada.com\/sv\/hur-du-kontrollerar-statusen-pa-din-ansokan-eta-kanada\/\" \/>\n<meta property=\"og:site_name\" content=\"VISA CANADA\" \/>\n<meta property=\"article:modified_time\" content=\"2022-09-09T19:32:32+00:00\" \/>\n<meta name=\"twitter:card\" content=\"summary_large_image\" \/>\n<meta name=\"twitter:label1\" content=\"Ber\u00e4knad l\u00e4stid\" \/>\n\t<meta name=\"twitter:data1\" content=\"5 minuter\" \/>\n<script type=\"application\/ld+json\" class=\"yoast-schema-graph\">{\"@context\":\"https:\/\/schema.org\",\"@graph\":[{\"@type\":\"WebPage\",\"@id\":\"https:\/\/ave-eta-canada.com\/sv\/hur-du-kontrollerar-statusen-pa-din-ansokan-eta-kanada\/\",\"url\":\"https:\/\/ave-eta-canada.com\/sv\/hur-du-kontrollerar-statusen-pa-din-ansokan-eta-kanada\/\",\"name\":\"Hur kontrollerar du statusen f\u00f6r din ans\u00f6kan om eTA Kanada?\",\"isPartOf\":{\"@id\":\"https:\/\/ave-eta-canada.com\/sv\/#website\"},\"datePublished\":\"2022-09-06T07:59:17+00:00\",\"dateModified\":\"2022-09-09T19:32:32+00:00\",\"description\":\"F\u00f6r att ans\u00f6ka om eTA m\u00e5ste du fylla i ett formul\u00e4r p\u00e5 n\u00e4tet. N\u00e4r fr\u00e5geformul\u00e4ret har skickats in ger den kanadensiska regeringen din eTA-ans\u00f6kan status.\",\"breadcrumb\":{\"@id\":\"https:\/\/ave-eta-canada.com\/sv\/hur-du-kontrollerar-statusen-pa-din-ansokan-eta-kanada\/#breadcrumb\"},\"inLanguage\":\"sv-SE\",\"potentialAction\":[{\"@type\":\"ReadAction\",\"target\":[\"https:\/\/ave-eta-canada.com\/sv\/hur-du-kontrollerar-statusen-pa-din-ansokan-eta-kanada\/\"]}]},{\"@type\":\"BreadcrumbList\",\"@id\":\"https:\/\/ave-eta-canada.com\/sv\/hur-du-kontrollerar-statusen-pa-din-ansokan-eta-kanada\/#breadcrumb\",\"itemListElement\":[{\"@type\":\"ListItem\",\"position\":1,\"name\":\"Home\",\"item\":\"https:\/\/ave-eta-canada.com\/sv\/\"},{\"@type\":\"ListItem\",\"position\":2,\"name\":\"Hur kontrollerar du statusen f\u00f6r din ans\u00f6kan om eTA Kanada?\"}]},{\"@type\":\"WebSite\",\"@id\":\"https:\/\/ave-eta-canada.com\/sv\/#website\",\"url\":\"https:\/\/ave-eta-canada.com\/sv\/\",\"name\":\"VISA CANADA\",\"description\":\"Autorisation Voyage Electronique\",\"potentialAction\":[{\"@type\":\"SearchAction\",\"target\":{\"@type\":\"EntryPoint\",\"urlTemplate\":\"https:\/\/ave-eta-canada.com\/sv\/?s={search_term_string}\"},\"query-input\":{\"@type\":\"PropertyValueSpecification\",\"valueRequired\":true,\"valueName\":\"search_term_string\"}}],\"inLanguage\":\"sv-SE\"}]}<\/script>\n<!-- \/ Yoast SEO plugin. -->","yoast_head_json":{"title":"Hur kontrollerar du statusen f\u00f6r din ans\u00f6kan om eTA Kanada?","description":"F\u00f6r att ans\u00f6ka om eTA m\u00e5ste du fylla i ett formul\u00e4r p\u00e5 n\u00e4tet. N\u00e4r fr\u00e5geformul\u00e4ret har skickats in ger den kanadensiska regeringen din eTA-ans\u00f6kan status.","robots":{"index":"index","follow":"follow","max-snippet":"max-snippet:-1","max-image-preview":"max-image-preview:large","max-video-preview":"max-video-preview:-1"},"canonical":"https:\/\/ave-eta-canada.com\/sv\/hur-du-kontrollerar-statusen-pa-din-ansokan-eta-kanada\/","og_locale":"sv_SE","og_type":"article","og_title":"Hur kontrollerar du statusen f\u00f6r din ans\u00f6kan om eTA Kanada?","og_description":"F\u00f6r att ans\u00f6ka om eTA m\u00e5ste du fylla i ett formul\u00e4r p\u00e5 n\u00e4tet. N\u00e4r fr\u00e5geformul\u00e4ret har skickats in ger den kanadensiska regeringen din eTA-ans\u00f6kan status.","og_url":"https:\/\/ave-eta-canada.com\/sv\/hur-du-kontrollerar-statusen-pa-din-ansokan-eta-kanada\/","og_site_name":"VISA CANADA","article_modified_time":"2022-09-09T19:32:32+00:00","twitter_card":"summary_large_image","twitter_misc":{"Ber\u00e4knad l\u00e4stid":"5 minuter"},"schema":{"@context":"https:\/\/schema.org","@graph":[{"@type":"WebPage","@id":"https:\/\/ave-eta-canada.com\/sv\/hur-du-kontrollerar-statusen-pa-din-ansokan-eta-kanada\/","url":"https:\/\/ave-eta-canada.com\/sv\/hur-du-kontrollerar-statusen-pa-din-ansokan-eta-kanada\/","name":"Hur kontrollerar du statusen f\u00f6r din ans\u00f6kan om eTA Kanada?","isPartOf":{"@id":"https:\/\/ave-eta-canada.com\/sv\/#website"},"datePublished":"2022-09-06T07:59:17+00:00","dateModified":"2022-09-09T19:32:32+00:00","description":"F\u00f6r att ans\u00f6ka om eTA m\u00e5ste du fylla i ett formul\u00e4r p\u00e5 n\u00e4tet. N\u00e4r fr\u00e5geformul\u00e4ret har skickats in ger den kanadensiska regeringen din eTA-ans\u00f6kan status.","breadcrumb":{"@id":"https:\/\/ave-eta-canada.com\/sv\/hur-du-kontrollerar-statusen-pa-din-ansokan-eta-kanada\/#breadcrumb"},"inLanguage":"sv-SE","potentialAction":[{"@type":"ReadAction","target":["https:\/\/ave-eta-canada.com\/sv\/hur-du-kontrollerar-statusen-pa-din-ansokan-eta-kanada\/"]}]},{"@type":"BreadcrumbList","@id":"https:\/\/ave-eta-canada.com\/sv\/hur-du-kontrollerar-statusen-pa-din-ansokan-eta-kanada\/#breadcrumb","itemListElement":[{"@type":"ListItem","position":1,"name":"Home","item":"https:\/\/ave-eta-canada.com\/sv\/"},{"@type":"ListItem","position":2,"name":"Hur kontrollerar du statusen f\u00f6r din ans\u00f6kan om eTA Kanada?"}]},{"@type":"WebSite","@id":"https:\/\/ave-eta-canada.com\/sv\/#website","url":"https:\/\/ave-eta-canada.com\/sv\/","name":"VISA CANADA","description":"Autorisation Voyage Electronique","potentialAction":[{"@type":"SearchAction","target":{"@type":"EntryPoint","urlTemplate":"https:\/\/ave-eta-canada.com\/sv\/?s={search_term_string}"},"query-input":{"@type":"PropertyValueSpecification","valueRequired":true,"valueName":"search_term_string"}}],"inLanguage":"sv-SE"}]}},"_links":{"self":[{"href":"https:\/\/ave-eta-canada.com\/sv\/wp-json\/wp\/v2\/pages\/2675","targetHints":{"allow":["GET"]}}],"collection":[{"href":"https:\/\/ave-eta-canada.com\/sv\/wp-json\/wp\/v2\/pages"}],"about":[{"href":"https:\/\/ave-eta-canada.com\/sv\/wp-json\/wp\/v2\/types\/page"}],"author":[{"embeddable":true,"href":"https:\/\/ave-eta-canada.com\/sv\/wp-json\/wp\/v2\/users\/1"}],"replies":[{"embeddable":true,"href":"https:\/\/ave-eta-canada.com\/sv\/wp-json\/wp\/v2\/comments?post=2675"}],"version-history":[{"count":0,"href":"https:\/\/ave-eta-canada.com\/sv\/wp-json\/wp\/v2\/pages\/2675\/revisions"}],"wp:attachment":[{"href":"https:\/\/ave-eta-canada.com\/sv\/wp-json\/wp\/v2\/media?parent=2675"}],"curies":[{"name":"wp","href":"https:\/\/api.w.org\/{rel}","templated":true}]}}