{"id":2685,"date":"2022-09-06T07:59:18","date_gmt":"2022-09-06T07:59:18","guid":{"rendered":"https:\/\/ave-eta-canada.com\/x-games-for-the-first-time-in-canada\/"},"modified":"2022-09-09T14:06:01","modified_gmt":"2022-09-09T14:06:01","slug":"x-games-for-forsta-gangen-i-kanada","status":"publish","type":"page","link":"https:\/\/ave-eta-canada.com\/sv\/x-games-for-forsta-gangen-i-kanada\/","title":{"rendered":"X Games i Kanada"},"content":{"rendered":"\n<h1 class=\"wp-block-heading\">Kanada \u00e4r v\u00e4rd f\u00f6r Winter X Games i 3 \u00e5r<\/h1>\n\n<p>Om du gillar extremsporter och festivalatmosf\u00e4ren \u00e4r X Games n\u00e5got f\u00f6r dig! Spelen, som organiseras och s\u00e4nds i USA, kan nu h\u00e5llas i Kanada, i staden Calgary. Detta \u00e4r ett utm\u00e4rkt tillf\u00e4lle f\u00f6r resen\u00e4rer som vill uppt\u00e4cka l\u00f6nnsirapens land och samtidigt dra nytta av X Games, ett evenemang som inte f\u00e5r missa.<\/p>\n\n<h2 class=\"wp-block-heading\">De m\u00e5ste se X Games-t\u00e4vlingarna<\/h2>\n\n<p> <a href=\"http:\/\/www.xgames.com\/\">X Games<\/a> \u00e4r en \u00e5rlig t\u00e4vling i flera extrema sporter som s\u00e4nds i 140 l\u00e4nder. F\u00f6rst inf\u00f6rdes de i USA som Summer X Games, men ESPN inf\u00f6rde senare Winter X Games p\u00e5 grund av deras v\u00e4xande framg\u00e5ng.<\/p>\n\n<p>Winter X Games \u00e4r ett evenemang som ingen snowboard\u00e5kare eller freestyle\u00e5kare med sj\u00e4lvrespekt f\u00e5r missa! \u00c5rets b\u00e4sta idrottare tilldelas guld-, silver- och bronsmedaljer.<\/p>\n\n<p>Vinterevenemanget \u00e4r k\u00e4nt \u00f6ver hela v\u00e4rlden f\u00f6r sina m\u00e5nga sp\u00e4nnande t\u00e4vlingar och sin festliga atmosf\u00e4r.<\/p>\n\n<p>Sedan 2010 har en X Games Europe-version skapats (som ocks\u00e5 h\u00f6lls i Frankrike under flera \u00e5r).<\/p>\n\n<h2 class=\"wp-block-heading\">Ett starkare arv fr\u00e5n turismen<\/h2>\n\n<p>Provinsen Alberta har s\u00e4krat de exklusiva r\u00e4ttigheterna att vara v\u00e4rd f\u00f6r Kanadas f\u00f6rsta X Games, vilket g\u00f6r Calgary till den f\u00f6rsta kanadensiska staden att ansluta sig till X Games-organisationen.<\/p>\n\n<p>Enligt provinsens tj\u00e4nstem\u00e4n har staden tillst\u00e5nd att st\u00e5 v\u00e4rd f\u00f6r X Games under minst tre \u00e5r i rad och hoppas kunna st\u00e5 v\u00e4rd f\u00f6r evenemangen 2020, 2021 och 2022.<\/p>\n\n<p>Kultur- och turismminister Ricardo Miranda sade: &#8221;Spelen \u00e4r en investering i v\u00e5r framtid, b\u00e5de n\u00e4r det g\u00e4ller turism, kultur, sport och utveckling och diversifiering av v\u00e5r ekonomi&#8221;, och de kommer att st\u00e4rka Calgarys och Albertas arv som vintersportdestination.<\/p>\n\n<h3 class=\"wp-block-heading\">Den ekonomiska f\u00f6rdelen<\/h3>\n\n<p>Spelen anses vara ett vinterevenemang som m\u00e5ste ses och lockar tusentals \u00e5sk\u00e5dare varje \u00e5r, med v\u00e4rldens b\u00e4sta extremsportsatleter som deltagare.<\/p>\n\n<p>Kanada uppskattar att X Games skulle kunna locka cirka 75 000 \u00e5sk\u00e5dare och 75 miljoner dollar per \u00e5r! En betydande ekonomisk effekt som &#8221;st\u00f6der resor och turism, ekonomisk utveckling, spin-off-f\u00f6retag som restauranger och hotell i hela samh\u00e4llet&#8221;, s\u00e4ger borgm\u00e4staren i Calgary.<\/p>\n\n<p>Spelen kommer att introducera en ny publik till Calgary och inspirera n\u00e4sta generation idrottare som kommer att titta p\u00e5 spelen.<\/p>\n\n<p>\u00c4ven om den<a href=\"https:\/\/www.canada.ca\/fr.html\"> kanadensiska regeringen<\/a> har avsatt en betydande summa pengar f\u00f6r att vara v\u00e4rd f\u00f6r v\u00e4rldsevenemanget (13,5 miljoner dollar), s\u00e4ger turismf\u00f6retr\u00e4dare att spelen kommer att skapa cirka 540 arbetstillf\u00e4llen per \u00e5r. Ett 14 v\u00e5ningar h\u00f6gt torn kommer att byggas i Stampede Park f\u00f6r att ta emot en del av evenemangen, medan den andra delen kommer att \u00e4ga rum i WinSport Olympic Park.<\/p>\n\n<p>Om du \u00e4r intresserad av detta sportevenemang kan du inte v\u00e4nta l\u00e4ngre och organisera din <a href=\"https:\/\/ave-eta-canada.com\/sv\/hur-man-fyller-i-en-eta-for-att-resa-i-kanada\/\">resa till Kanada<\/a>, gl\u00f6m inte att <a href=\"https:\/\/ave-eta-canada.com\/sv\/gor-en-ansokan-hos-kanadas-officiella-myndighet\/\">ans\u00f6ka om eTA<\/a>.<\/p>\n","protected":false},"excerpt":{"rendered":"<p>Kanada \u00e4r v\u00e4rd f\u00f6r Winter X Games i 3 \u00e5r Om du gillar extremsporter och festivalatmosf\u00e4ren \u00e4r X Games n\u00e5got f\u00f6r dig! Spelen, som organiseras och s\u00e4nds i USA, kan nu h\u00e5llas i Kanada, i staden Calgary. Detta \u00e4r ett utm\u00e4rkt tillf\u00e4lle f\u00f6r resen\u00e4rer som vill uppt\u00e4cka l\u00f6nnsirapens land och samtidigt dra nytta av X [&hellip;]<\/p>\n","protected":false},"author":1,"featured_media":0,"parent":0,"menu_order":0,"comment_status":"closed","ping_status":"closed","template":"","meta":{"footnotes":""},"class_list":["post-2685","page","type-page","status-publish","hentry"],"yoast_head":"<!-- This site is optimized with the Yoast SEO plugin v26.9 - https:\/\/yoast.com\/product\/yoast-seo-wordpress\/ -->\n<title>X Games i Kanada<\/title>\n<meta name=\"description\" content=\"F\u00f6r f\u00f6rsta g\u00e5ngen fick Kanada ensamr\u00e4tt att st\u00e5 v\u00e4rd f\u00f6r Winter X Games i staden Calgary. \u00c4r du intresserad? Den finns h\u00e4r.\" \/>\n<meta name=\"robots\" content=\"index, follow, max-snippet:-1, max-image-preview:large, max-video-preview:-1\" \/>\n<link rel=\"canonical\" href=\"https:\/\/ave-eta-canada.com\/sv\/x-games-for-forsta-gangen-i-kanada\/\" \/>\n<meta property=\"og:locale\" content=\"sv_SE\" \/>\n<meta property=\"og:type\" content=\"article\" \/>\n<meta property=\"og:title\" content=\"X Games i Kanada\" \/>\n<meta property=\"og:description\" content=\"F\u00f6r f\u00f6rsta g\u00e5ngen fick Kanada ensamr\u00e4tt att st\u00e5 v\u00e4rd f\u00f6r Winter X Games i staden Calgary. \u00c4r du intresserad? Den finns h\u00e4r.\" \/>\n<meta property=\"og:url\" content=\"https:\/\/ave-eta-canada.com\/sv\/x-games-for-forsta-gangen-i-kanada\/\" \/>\n<meta property=\"og:site_name\" content=\"VISA CANADA\" \/>\n<meta property=\"article:modified_time\" content=\"2022-09-09T14:06:01+00:00\" \/>\n<meta name=\"twitter:card\" content=\"summary_large_image\" \/>\n<meta name=\"twitter:label1\" content=\"Ber\u00e4knad l\u00e4stid\" \/>\n\t<meta name=\"twitter:data1\" content=\"3 minuter\" \/>\n<script type=\"application\/ld+json\" class=\"yoast-schema-graph\">{\"@context\":\"https:\/\/schema.org\",\"@graph\":[{\"@type\":\"WebPage\",\"@id\":\"https:\/\/ave-eta-canada.com\/sv\/x-games-for-forsta-gangen-i-kanada\/\",\"url\":\"https:\/\/ave-eta-canada.com\/sv\/x-games-for-forsta-gangen-i-kanada\/\",\"name\":\"X Games i Kanada\",\"isPartOf\":{\"@id\":\"https:\/\/ave-eta-canada.com\/sv\/#website\"},\"datePublished\":\"2022-09-06T07:59:18+00:00\",\"dateModified\":\"2022-09-09T14:06:01+00:00\",\"description\":\"F\u00f6r f\u00f6rsta g\u00e5ngen fick Kanada ensamr\u00e4tt att st\u00e5 v\u00e4rd f\u00f6r Winter X Games i staden Calgary. \u00c4r du intresserad? Den finns h\u00e4r.\",\"breadcrumb\":{\"@id\":\"https:\/\/ave-eta-canada.com\/sv\/x-games-for-forsta-gangen-i-kanada\/#breadcrumb\"},\"inLanguage\":\"sv-SE\",\"potentialAction\":[{\"@type\":\"ReadAction\",\"target\":[\"https:\/\/ave-eta-canada.com\/sv\/x-games-for-forsta-gangen-i-kanada\/\"]}]},{\"@type\":\"BreadcrumbList\",\"@id\":\"https:\/\/ave-eta-canada.com\/sv\/x-games-for-forsta-gangen-i-kanada\/#breadcrumb\",\"itemListElement\":[{\"@type\":\"ListItem\",\"position\":1,\"name\":\"Home\",\"item\":\"https:\/\/ave-eta-canada.com\/sv\/\"},{\"@type\":\"ListItem\",\"position\":2,\"name\":\"X Games i Kanada\"}]},{\"@type\":\"WebSite\",\"@id\":\"https:\/\/ave-eta-canada.com\/sv\/#website\",\"url\":\"https:\/\/ave-eta-canada.com\/sv\/\",\"name\":\"VISA CANADA\",\"description\":\"Autorisation Voyage Electronique\",\"potentialAction\":[{\"@type\":\"SearchAction\",\"target\":{\"@type\":\"EntryPoint\",\"urlTemplate\":\"https:\/\/ave-eta-canada.com\/sv\/?s={search_term_string}\"},\"query-input\":{\"@type\":\"PropertyValueSpecification\",\"valueRequired\":true,\"valueName\":\"search_term_string\"}}],\"inLanguage\":\"sv-SE\"}]}<\/script>\n<!-- \/ Yoast SEO plugin. -->","yoast_head_json":{"title":"X Games i Kanada","description":"F\u00f6r f\u00f6rsta g\u00e5ngen fick Kanada ensamr\u00e4tt att st\u00e5 v\u00e4rd f\u00f6r Winter X Games i staden Calgary. \u00c4r du intresserad? Den finns h\u00e4r.","robots":{"index":"index","follow":"follow","max-snippet":"max-snippet:-1","max-image-preview":"max-image-preview:large","max-video-preview":"max-video-preview:-1"},"canonical":"https:\/\/ave-eta-canada.com\/sv\/x-games-for-forsta-gangen-i-kanada\/","og_locale":"sv_SE","og_type":"article","og_title":"X Games i Kanada","og_description":"F\u00f6r f\u00f6rsta g\u00e5ngen fick Kanada ensamr\u00e4tt att st\u00e5 v\u00e4rd f\u00f6r Winter X Games i staden Calgary. \u00c4r du intresserad? Den finns h\u00e4r.","og_url":"https:\/\/ave-eta-canada.com\/sv\/x-games-for-forsta-gangen-i-kanada\/","og_site_name":"VISA CANADA","article_modified_time":"2022-09-09T14:06:01+00:00","twitter_card":"summary_large_image","twitter_misc":{"Ber\u00e4knad l\u00e4stid":"3 minuter"},"schema":{"@context":"https:\/\/schema.org","@graph":[{"@type":"WebPage","@id":"https:\/\/ave-eta-canada.com\/sv\/x-games-for-forsta-gangen-i-kanada\/","url":"https:\/\/ave-eta-canada.com\/sv\/x-games-for-forsta-gangen-i-kanada\/","name":"X Games i Kanada","isPartOf":{"@id":"https:\/\/ave-eta-canada.com\/sv\/#website"},"datePublished":"2022-09-06T07:59:18+00:00","dateModified":"2022-09-09T14:06:01+00:00","description":"F\u00f6r f\u00f6rsta g\u00e5ngen fick Kanada ensamr\u00e4tt att st\u00e5 v\u00e4rd f\u00f6r Winter X Games i staden Calgary. \u00c4r du intresserad? Den finns h\u00e4r.","breadcrumb":{"@id":"https:\/\/ave-eta-canada.com\/sv\/x-games-for-forsta-gangen-i-kanada\/#breadcrumb"},"inLanguage":"sv-SE","potentialAction":[{"@type":"ReadAction","target":["https:\/\/ave-eta-canada.com\/sv\/x-games-for-forsta-gangen-i-kanada\/"]}]},{"@type":"BreadcrumbList","@id":"https:\/\/ave-eta-canada.com\/sv\/x-games-for-forsta-gangen-i-kanada\/#breadcrumb","itemListElement":[{"@type":"ListItem","position":1,"name":"Home","item":"https:\/\/ave-eta-canada.com\/sv\/"},{"@type":"ListItem","position":2,"name":"X Games i Kanada"}]},{"@type":"WebSite","@id":"https:\/\/ave-eta-canada.com\/sv\/#website","url":"https:\/\/ave-eta-canada.com\/sv\/","name":"VISA CANADA","description":"Autorisation Voyage Electronique","potentialAction":[{"@type":"SearchAction","target":{"@type":"EntryPoint","urlTemplate":"https:\/\/ave-eta-canada.com\/sv\/?s={search_term_string}"},"query-input":{"@type":"PropertyValueSpecification","valueRequired":true,"valueName":"search_term_string"}}],"inLanguage":"sv-SE"}]}},"_links":{"self":[{"href":"https:\/\/ave-eta-canada.com\/sv\/wp-json\/wp\/v2\/pages\/2685","targetHints":{"allow":["GET"]}}],"collection":[{"href":"https:\/\/ave-eta-canada.com\/sv\/wp-json\/wp\/v2\/pages"}],"about":[{"href":"https:\/\/ave-eta-canada.com\/sv\/wp-json\/wp\/v2\/types\/page"}],"author":[{"embeddable":true,"href":"https:\/\/ave-eta-canada.com\/sv\/wp-json\/wp\/v2\/users\/1"}],"replies":[{"embeddable":true,"href":"https:\/\/ave-eta-canada.com\/sv\/wp-json\/wp\/v2\/comments?post=2685"}],"version-history":[{"count":0,"href":"https:\/\/ave-eta-canada.com\/sv\/wp-json\/wp\/v2\/pages\/2685\/revisions"}],"wp:attachment":[{"href":"https:\/\/ave-eta-canada.com\/sv\/wp-json\/wp\/v2\/media?parent=2685"}],"curies":[{"name":"wp","href":"https:\/\/api.w.org\/{rel}","templated":true}]}}