{"id":2688,"date":"2022-09-06T07:59:18","date_gmt":"2022-09-06T07:59:18","guid":{"rendered":"https:\/\/ave-eta-canada.com\/vad-ar-leta-canada\/"},"modified":"2023-05-09T08:13:42","modified_gmt":"2023-05-09T08:13:42","slug":"vad-ar-eta-kanada","status":"publish","type":"page","link":"https:\/\/ave-eta-canada.com\/sv\/vad-ar-eta-kanada\/","title":{"rendered":"Vad \u00e4r Kanadas eTA?"},"content":{"rendered":"\n<h1 class=\"wp-block-heading\">eTA Canada Auktoriserings\u00f6versikt<\/h1>\n\n<p>I likhet med USA har Kanada inf\u00f6rt ett elektroniskt resetillst\u00e5nd, som p\u00e5 engelska kallas eTA Canada.<\/p>\n\n<p><strong>F\u00f6r en vistelse p\u00e5 mindre \u00e4n 6 m\u00e5nader i Kanada<\/strong>: Du kan fylla i formaliteterna f\u00f6r inresa till Kanada direkt via Internet genom att klicka p\u00e5 <a href=\"https:\/\/ave-eta-canada.com\/sv\/kanada-eta-formular-online\/\">onlineformul\u00e4ret<\/a>. Det \u00e4r inte n\u00f6dv\u00e4ndigt att boka ett m\u00f6te p\u00e5 Kanadas ambassad eller konsulat.<br\/><\/p>\n\n<h2 class=\"wp-block-heading\">eTA Kanada, ett obligatoriskt resetillst\u00e5nd<\/h2>\n\n<p><a href=\"https:\/\/ave-eta-canada.com\/sv\/\">eTA Kanada<\/a> \u00e4r ett elektroniskt dokument som g\u00f6r det m\u00f6jligt f\u00f6r medborgare fr\u00e5n flera l\u00e4nder att bes\u00f6ka Kanada utan visum. Eftersom Sverige \u00e4r ett kanadensiskt viseringsfritt land kan svenska medborgare resa till Kanada utan att f\u00f6rst kontakta den kanadensiska ambassaden.<\/p>\n\n<p>Villkoren f\u00f6r att f\u00e5 <a href=\"https:\/\/ave-eta-canada.com\/sv\/vad-ar-eta-kanada\/\">eTA Kanada<\/a> \u00e4r inte s\u00e4rskilt restriktiva, men det \u00e4r \u00e4nd\u00e5 obligatoriskt. De kanadensiska immigrationsmyndigheterna till\u00e5ter inte inresa till Kanada utan ett giltigt tillst\u00e5nd. F\u00f6r att ans\u00f6ka om ett eTA Kanada-tillst\u00e5nd m\u00e5ste resen\u00e4ren :<\/p>\n\n<ul class=\"wp-block-list\"><li>vara medborgare i ett av de l\u00e4nder som \u00e4r ber\u00e4ttigade till st\u00f6d;<\/li><li>ha ett giltigt pass med minst sex m\u00e5naders giltighet kvar;<\/li><li>resa till Kanada med flyg ;<\/li><li>vistas i Kanada i h\u00f6gst 6 m\u00e5nader;<\/li><li>inte vara otill\u00e5tna att resa till Kanada (eller n\u00e5gon annanstans);<\/li><li>inte ha beg\u00e5tt ett brott;<\/li><li>inte ha n\u00e5gra obehandlade h\u00e4lsoproblem, inklusive alkohol- och drogmissbruk;<\/li><li>inte ha haft tuberkulos eller varit i kontakt med en person med tuberkulos under de senaste tv\u00e5 \u00e5ren.  <\/li><\/ul>\n\n<p>Det kanadensiska resetillst\u00e5ndet eTA \u00e4r giltigt i fem \u00e5r fr\u00e5n utf\u00e4rdandedatumet. Denna period kan vara kortare om det pass som anv\u00e4nds f\u00f6r ans\u00f6kan l\u00f6per ut tidigare. Eftersom tillst\u00e5ndet \u00e4r kopplat till passet \u00e4r det viktigt att du ans\u00f6ker igen om du f\u00e5r ett nytt pass eller om uppgifterna i passet \u00e4ndras. Det b\u00f6r noteras att det inte finns n\u00e5gon begr\u00e4nsning av antalet vistelser i Kanada under<a href=\"https:\/\/ave-eta-canada.com\/sv\/eta-kanada-giltighetstid\/\"> tillst\u00e5ndets giltighetstid<\/a>, men att en vistelse f\u00e5r vara h\u00f6gst sex m\u00e5nader per g\u00e5ng.<\/p>\n\n<p>eTA Kanada \u00e4r ett resetillst\u00e5nd, inte ett inresetillst\u00e5nd. Det \u00e4r gr\u00e4nstj\u00e4nstemannen som ska godk\u00e4nna inresan till Kanada. Beslutet grundar sig p\u00e5 om de n\u00f6dv\u00e4ndiga resehandlingarna (giltigt pass, eTA, utresebiljett osv.) finns med och p\u00e5 svaren p\u00e5 fr\u00e5gorna.<br\/><br\/><\/p>\n\n<h2 class=\"wp-block-heading\">eTA Kanada ska erh\u00e5llas f\u00f6re avresa<\/h2>\n\n<p>eTA Kanada \u00e4r ett resetillst\u00e5nd och m\u00e5ste erh\u00e5llas f\u00f6re avresa till Kanada. Utan den \u00e4r ombordstigning inte till\u00e5ten.  <\/p>\n\n<p>Ans\u00f6kan om eTA Kanada g\u00f6rs endast p\u00e5 Internet, vilket inneb\u00e4r att du inte beh\u00f6ver g\u00e5 till den kanadensiska ambassaden. Ans\u00f6kningsformul\u00e4ret finns p\u00e5 den kanadensiska regeringens officiella webbplats. Om du vill ha ett f\u00f6renklat formul\u00e4r och tillg\u00e5ng till personlig assistans kan du ocks\u00e5 anv\u00e4nda en privat organisation, till exempel v\u00e5r partner.<\/p>\n\n<p>F\u00f6r att <a href=\"https:\/\/ave-eta-canada.com\/sv\/fylla-i-blankett-eta-formular-for-kanada\/\">fylla i formul\u00e4ret<\/a> beh\u00f6ver du ditt pass och ett bankkort. De f\u00e4lt som ska fyllas i avser passuppgifter och personlig information. Fyra fr\u00e5gor st\u00e4lls ocks\u00e5 och svaren ska v\u00e4ljas fr\u00e5n en rullgardinsmeny. Det \u00e4r viktigt att ange en giltig e-postadress, eftersom det \u00e4r s\u00e5 svaret skickas.<\/p>\n\n<p>eTA Kanada-ans\u00f6kan valideras n\u00e4r samtycket har undertecknats och betalningen har gjorts. Ett mottagningsbevis skickas automatiskt med ans\u00f6kningsnumret. Det slutgiltiga svaret f\u00f6ljer n\u00e4stan omedelbart. I s\u00e4llsynta fall kan en ans\u00f6kan avbrytas. Inom n\u00e5gra dagar skickas ett e-postmeddelande med antingen det slutliga svaret eller en lista \u00f6ver ytterligare dokument som ska l\u00e4mnas in.<\/p>\n\n<p>Om svaret \u00e4r nej \u00e4r det l\u00e4mpligt att kontrollera att den information som l\u00e4mnats \u00e4r korrekt. Om du har skrivfel eller felaktiga uppgifter kan du g\u00f6ra en <a href=\"https:\/\/ave-eta-canada.com\/sv\/vad-du-ska-gora-vid-fel-pa-eta-kanada\/\">ny ans\u00f6kan<\/a>. Om s\u00e5 inte \u00e4r fallet m\u00e5ste en ans\u00f6kan om visum eller ett WHP g\u00f6ras till den kanadensiska ambassaden.<\/p>\n","protected":false},"excerpt":{"rendered":"<p>eTA Canada Auktoriserings\u00f6versikt I likhet med USA har Kanada inf\u00f6rt ett elektroniskt resetillst\u00e5nd, som p\u00e5 engelska kallas eTA Canada. F\u00f6r en vistelse p\u00e5 mindre \u00e4n 6 m\u00e5nader i Kanada: Du kan fylla i formaliteterna f\u00f6r inresa till Kanada direkt via Internet genom att klicka p\u00e5 onlineformul\u00e4ret. Det \u00e4r inte n\u00f6dv\u00e4ndigt att boka ett m\u00f6te p\u00e5 [&hellip;]<\/p>\n","protected":false},"author":1,"featured_media":0,"parent":0,"menu_order":0,"comment_status":"closed","ping_status":"closed","template":"","meta":{"footnotes":""},"class_list":["post-2688","page","type-page","status-publish","hentry"],"yoast_head":"<!-- This site is optimized with the Yoast SEO plugin v26.9 - https:\/\/yoast.com\/product\/yoast-seo-wordpress\/ -->\n<title>Vad \u00e4r Kanadas eTA?<\/title>\n<meta name=\"description\" content=\"eTA Kanada som inte f\u00e5r f\u00f6rv\u00e4xlas med ESTA, \u00e4r ett elektroniskt resetillst\u00e5nd f\u00f6r resor till Kanada. V\u00e5r f\u00f6rklaring h\u00e4r.\" \/>\n<meta name=\"robots\" content=\"index, follow, max-snippet:-1, max-image-preview:large, max-video-preview:-1\" \/>\n<link rel=\"canonical\" href=\"https:\/\/ave-eta-canada.com\/sv\/vad-ar-eta-kanada\/\" \/>\n<meta property=\"og:locale\" content=\"sv_SE\" \/>\n<meta property=\"og:type\" content=\"article\" \/>\n<meta property=\"og:title\" content=\"Vad \u00e4r Kanadas eTA?\" \/>\n<meta property=\"og:description\" content=\"eTA Kanada som inte f\u00e5r f\u00f6rv\u00e4xlas med ESTA, \u00e4r ett elektroniskt resetillst\u00e5nd f\u00f6r resor till Kanada. V\u00e5r f\u00f6rklaring h\u00e4r.\" \/>\n<meta property=\"og:url\" content=\"https:\/\/ave-eta-canada.com\/sv\/vad-ar-eta-kanada\/\" \/>\n<meta property=\"og:site_name\" content=\"VISA CANADA\" \/>\n<meta property=\"article:modified_time\" content=\"2023-05-09T08:13:42+00:00\" \/>\n<meta name=\"twitter:card\" content=\"summary_large_image\" \/>\n<meta name=\"twitter:label1\" content=\"Ber\u00e4knad l\u00e4stid\" \/>\n\t<meta name=\"twitter:data1\" content=\"3 minuter\" \/>\n<script type=\"application\/ld+json\" class=\"yoast-schema-graph\">{\"@context\":\"https:\/\/schema.org\",\"@graph\":[{\"@type\":\"WebPage\",\"@id\":\"https:\/\/ave-eta-canada.com\/sv\/vad-ar-eta-kanada\/\",\"url\":\"https:\/\/ave-eta-canada.com\/sv\/vad-ar-eta-kanada\/\",\"name\":\"Vad \u00e4r Kanadas eTA?\",\"isPartOf\":{\"@id\":\"https:\/\/ave-eta-canada.com\/sv\/#website\"},\"datePublished\":\"2022-09-06T07:59:18+00:00\",\"dateModified\":\"2023-05-09T08:13:42+00:00\",\"description\":\"eTA Kanada som inte f\u00e5r f\u00f6rv\u00e4xlas med ESTA, \u00e4r ett elektroniskt resetillst\u00e5nd f\u00f6r resor till Kanada. V\u00e5r f\u00f6rklaring h\u00e4r.\",\"breadcrumb\":{\"@id\":\"https:\/\/ave-eta-canada.com\/sv\/vad-ar-eta-kanada\/#breadcrumb\"},\"inLanguage\":\"sv-SE\",\"potentialAction\":[{\"@type\":\"ReadAction\",\"target\":[\"https:\/\/ave-eta-canada.com\/sv\/vad-ar-eta-kanada\/\"]}]},{\"@type\":\"BreadcrumbList\",\"@id\":\"https:\/\/ave-eta-canada.com\/sv\/vad-ar-eta-kanada\/#breadcrumb\",\"itemListElement\":[{\"@type\":\"ListItem\",\"position\":1,\"name\":\"Home\",\"item\":\"https:\/\/ave-eta-canada.com\/sv\/\"},{\"@type\":\"ListItem\",\"position\":2,\"name\":\"Vad \u00e4r Kanadas eTA?\"}]},{\"@type\":\"WebSite\",\"@id\":\"https:\/\/ave-eta-canada.com\/sv\/#website\",\"url\":\"https:\/\/ave-eta-canada.com\/sv\/\",\"name\":\"VISA CANADA\",\"description\":\"Autorisation Voyage Electronique\",\"potentialAction\":[{\"@type\":\"SearchAction\",\"target\":{\"@type\":\"EntryPoint\",\"urlTemplate\":\"https:\/\/ave-eta-canada.com\/sv\/?s={search_term_string}\"},\"query-input\":{\"@type\":\"PropertyValueSpecification\",\"valueRequired\":true,\"valueName\":\"search_term_string\"}}],\"inLanguage\":\"sv-SE\"}]}<\/script>\n<!-- \/ Yoast SEO plugin. -->","yoast_head_json":{"title":"Vad \u00e4r Kanadas eTA?","description":"eTA Kanada som inte f\u00e5r f\u00f6rv\u00e4xlas med ESTA, \u00e4r ett elektroniskt resetillst\u00e5nd f\u00f6r resor till Kanada. V\u00e5r f\u00f6rklaring h\u00e4r.","robots":{"index":"index","follow":"follow","max-snippet":"max-snippet:-1","max-image-preview":"max-image-preview:large","max-video-preview":"max-video-preview:-1"},"canonical":"https:\/\/ave-eta-canada.com\/sv\/vad-ar-eta-kanada\/","og_locale":"sv_SE","og_type":"article","og_title":"Vad \u00e4r Kanadas eTA?","og_description":"eTA Kanada som inte f\u00e5r f\u00f6rv\u00e4xlas med ESTA, \u00e4r ett elektroniskt resetillst\u00e5nd f\u00f6r resor till Kanada. V\u00e5r f\u00f6rklaring h\u00e4r.","og_url":"https:\/\/ave-eta-canada.com\/sv\/vad-ar-eta-kanada\/","og_site_name":"VISA CANADA","article_modified_time":"2023-05-09T08:13:42+00:00","twitter_card":"summary_large_image","twitter_misc":{"Ber\u00e4knad l\u00e4stid":"3 minuter"},"schema":{"@context":"https:\/\/schema.org","@graph":[{"@type":"WebPage","@id":"https:\/\/ave-eta-canada.com\/sv\/vad-ar-eta-kanada\/","url":"https:\/\/ave-eta-canada.com\/sv\/vad-ar-eta-kanada\/","name":"Vad \u00e4r Kanadas eTA?","isPartOf":{"@id":"https:\/\/ave-eta-canada.com\/sv\/#website"},"datePublished":"2022-09-06T07:59:18+00:00","dateModified":"2023-05-09T08:13:42+00:00","description":"eTA Kanada som inte f\u00e5r f\u00f6rv\u00e4xlas med ESTA, \u00e4r ett elektroniskt resetillst\u00e5nd f\u00f6r resor till Kanada. V\u00e5r f\u00f6rklaring h\u00e4r.","breadcrumb":{"@id":"https:\/\/ave-eta-canada.com\/sv\/vad-ar-eta-kanada\/#breadcrumb"},"inLanguage":"sv-SE","potentialAction":[{"@type":"ReadAction","target":["https:\/\/ave-eta-canada.com\/sv\/vad-ar-eta-kanada\/"]}]},{"@type":"BreadcrumbList","@id":"https:\/\/ave-eta-canada.com\/sv\/vad-ar-eta-kanada\/#breadcrumb","itemListElement":[{"@type":"ListItem","position":1,"name":"Home","item":"https:\/\/ave-eta-canada.com\/sv\/"},{"@type":"ListItem","position":2,"name":"Vad \u00e4r Kanadas eTA?"}]},{"@type":"WebSite","@id":"https:\/\/ave-eta-canada.com\/sv\/#website","url":"https:\/\/ave-eta-canada.com\/sv\/","name":"VISA CANADA","description":"Autorisation Voyage Electronique","potentialAction":[{"@type":"SearchAction","target":{"@type":"EntryPoint","urlTemplate":"https:\/\/ave-eta-canada.com\/sv\/?s={search_term_string}"},"query-input":{"@type":"PropertyValueSpecification","valueRequired":true,"valueName":"search_term_string"}}],"inLanguage":"sv-SE"}]}},"_links":{"self":[{"href":"https:\/\/ave-eta-canada.com\/sv\/wp-json\/wp\/v2\/pages\/2688","targetHints":{"allow":["GET"]}}],"collection":[{"href":"https:\/\/ave-eta-canada.com\/sv\/wp-json\/wp\/v2\/pages"}],"about":[{"href":"https:\/\/ave-eta-canada.com\/sv\/wp-json\/wp\/v2\/types\/page"}],"author":[{"embeddable":true,"href":"https:\/\/ave-eta-canada.com\/sv\/wp-json\/wp\/v2\/users\/1"}],"replies":[{"embeddable":true,"href":"https:\/\/ave-eta-canada.com\/sv\/wp-json\/wp\/v2\/comments?post=2688"}],"version-history":[{"count":0,"href":"https:\/\/ave-eta-canada.com\/sv\/wp-json\/wp\/v2\/pages\/2688\/revisions"}],"wp:attachment":[{"href":"https:\/\/ave-eta-canada.com\/sv\/wp-json\/wp\/v2\/media?parent=2688"}],"curies":[{"name":"wp","href":"https:\/\/api.w.org\/{rel}","templated":true}]}}