{"id":2692,"date":"2022-09-06T07:59:18","date_gmt":"2022-09-06T07:59:18","guid":{"rendered":"https:\/\/ave-eta-canada.com\/vad-ar-vaskedagen-i-kanada\/"},"modified":"2022-09-09T20:31:26","modified_gmt":"2022-09-09T20:31:26","slug":"dags-att-skaffa-eta-kanada","status":"publish","type":"page","link":"https:\/\/ave-eta-canada.com\/sv\/dags-att-skaffa-eta-kanada\/","title":{"rendered":"Hur l\u00e5ng tid tar det att f\u00e5 en eTA i Kanada?"},"content":{"rendered":"\n<h1 class=\"wp-block-heading\">Hur l\u00e5ng tid tar det att f\u00e5 en eTA Kanada?<\/h1>\n\n<p>Sedan flera \u00e5r tillbaka har medborgare fr\u00e5n vissa l\u00e4nder beviljats viseringsfrihet f\u00f6r resor till Kanada. Visumfriheten undantar inte resen\u00e4rer fr\u00e5n kravet p\u00e5 att skaffa ett elektroniskt resetillst\u00e5nd.  <\/p>\n\n<p><strong>F\u00f6r en vistelse p\u00e5 mindre \u00e4n 6 m\u00e5nader i Kanada<\/strong>: Du kan fylla i formaliteterna f\u00f6r inresa till Kanada direkt via Internet genom att klicka p\u00e5 <a href=\"https:\/\/ave-eta-canada.com\/sv\/kanada-eta-formular-online\/\">onlineformul\u00e4ret<\/a>. Det \u00e4r inte n\u00f6dv\u00e4ndigt att boka ett m\u00f6te p\u00e5 Kanadas ambassad eller konsulat. Detta resetillst\u00e5nd kallas AVE (Autorisation de Voyage \u00c9lectronique p\u00e5 franska) eller eTA (Electronic Travel Authorization p\u00e5 engelska), som \u00e4r Kanadas officiella spr\u00e5k.<\/p>\n\n<p>Hur l\u00e5ng tid tar det att f\u00e5 ett resetillst\u00e5nd och hur l\u00e4nge f\u00f6re vistelsen i Kanada ska jag ans\u00f6ka om det? Hur l\u00e4nge \u00e4r den giltig? Det \u00e4r n\u00e5gra av de fr\u00e5gor som vi besvarar nedan.<br\/><\/p>\n\n<h2 class=\"wp-block-heading\">Principerna f\u00f6r eTA<\/h2>\n\n<p>eTA g\u00f6r det m\u00f6jligt f\u00f6r medborgare fr\u00e5n vissa l\u00e4nder att bes\u00f6ka Kanada utan att beh\u00f6va ans\u00f6ka om en kanadensisk visering. Att slippa g\u00e5 till den kanadensiska ambassaden f\u00f6r att ans\u00f6ka om visum \u00e4r en avsev\u00e4rd tidsbesparing, f\u00f6r att inte tala om en betydande kostnadsbesparing. Den kanadensiska regeringen har inf\u00f6rt ett resetillst\u00e5nd som liknar det ESTA som inf\u00f6rts i USA, f\u00f6r de mest popul\u00e4ra tillf\u00e4lliga vistelserna som endast kr\u00e4ver en snabb identitetskontroll: transitering p\u00e5 en kanadensisk flygplats, turistvistelser och aff\u00e4rsresor (utan betalning p\u00e5 plats).<\/p>\n\n<p>F\u00f6r att f\u00e5 resa till Kanada med en eTA m\u00e5ste resen\u00e4ren uppfylla vissa <a href=\"https:\/\/ave-eta-canada.com\/sv\/eta-kanada-resevillkor\/\">beh\u00f6righetskrav<\/a>. Som n\u00e4mnts ovan \u00e4r det f\u00f6rsta kriteriet medlemskap i programmet f\u00f6r viseringsundantag det f\u00f6rsta kriteriet. Det m\u00e5ste ocks\u00e5 framg\u00e5 vilken typ av resa till Kanada det r\u00f6r sig om (mellanlandning, turism och aff\u00e4rer). Uppeh\u00e5llet i fr\u00e5ga f\u00e5r inte \u00f6verstiga sex m\u00e5nader och m\u00e5ste ske med flyg. Det s\u00e4ger sig sj\u00e4lvt att resor inte kan ske utan ett giltigt pass utf\u00e4rdat av ett av de undertecknande l\u00e4nderna. Den kanadensiska regeringen kr\u00e4ver inte att franska medborgare ska ha ett biometriskt pass, det elektroniska passet accepteras. Resetips: Passet b\u00f6r helst vara giltigt i mer \u00e4n sex m\u00e5nader.  <br\/><br\/><\/p>\n\n<h2 class=\"wp-block-heading\">Hur l\u00e5ng tid tar det att f\u00e5 eTA Kanada?<\/h2>\n\n<p>Om du \u00e4r ber\u00e4ttigad m\u00e5ste du <a href=\"https:\/\/ave-eta-canada.com\/sv\/hur-man-fyller-i-en-eta-for-att-resa-i-kanada\/\">fylla i eTA<\/a> med dina personuppgifter. N\u00e4r ditt \u00e4rende har skickats till de kanadensiska myndigheterna har du inte l\u00e5ng tid att v\u00e4nta. Du f\u00e5r vanligtvis ett svar via e-post inom n\u00e5gra minuter. Det kan ta n\u00e5gra dagar om den kanadensiska immigrationsmyndigheten beh\u00f6ver mer information fr\u00e5n dig.<\/p>\n\n<p>Se till att du anger en giltig e-postadress eftersom det \u00e4r s\u00e5 din <a href=\"https:\/\/ave-eta-canada.com\/sv\/hur-du-kontrollerar-statusen-pa-din-ansokan-eta-kanada\/\">AVE-status<\/a> kommer att meddelas dig.<br\/><br\/><\/p>\n\n<h2 class=\"wp-block-heading\">N\u00e4r ska du ans\u00f6ka om eTA f\u00f6r snabb leverans?<\/h2>\n\n<p>\u00c4ven om det g\u00e5r snabbt att fylla i formul\u00e4ret och f\u00e5 ett <a href=\"https:\/\/ave-eta-canada.com\/sv\/vad-ar-eta-kanada\/\">eTA Kanada<\/a>, \u00e4r det starkt rekommenderat att du ans\u00f6ker om ett eTA s\u00e5 snart du planerar att tillbringa en semester i Kanada. P\u00e5 s\u00e5 s\u00e4tt har du tid att \u00e5terh\u00e4mta dig om du g\u00f6r ett misstag.<\/p>\n\n<p>Beroende p\u00e5 orsaken till avslaget kan du antingen f\u00f6rs\u00f6ka p\u00e5 nytt (inresefel) eller ans\u00f6ka om visering vid den kanadensiska ambassadens konsul\u00e4ra tj\u00e4nster (avvisning). Tiden som kr\u00e4vs varierar kraftigt, eftersom den kanadensiska visumans\u00f6kan \u00e4r mycket l\u00e4ngre \u00e4n eTA-ans\u00f6kan online.<\/p>\n\n<p>F\u00f6rs\u00f6k inte att skaffa eTA p\u00e5 plats. Detta tillst\u00e5nd m\u00e5ste erh\u00e5llas innan du g\u00e5r ombord p\u00e5 internationella flygningar.<\/p>\n\n<p>Det b\u00f6r noteras att eTA-ans\u00f6kan kan g\u00f6ras fr\u00e5n den officiella webbplatsen f\u00f6r den kanadensiska regeringen eller via en specialiserad f\u00f6rmedlare. F\u00f6rdelen med en privat plattform \u00e4r att du erbjuds hj\u00e4lp i denna process. Det tar samma tid att ta emot eTA:n fr\u00e5n en plats till en annan. Det \u00e4r f\u00f6r n\u00e4rvarande inte heller m\u00f6jligt att g\u00f6ra gruppapplikationer, t.ex. f\u00f6r alla familjemedlemmar samtidigt. Varje ans\u00f6kan om eTA m\u00e5ste g\u00f6ras individuellt.<br\/><br\/><\/p>\n\n<h2 class=\"wp-block-heading\">Hur l\u00e4nge g\u00e4ller eTA?<\/h2>\n\n<p>Detta elektroniska dokument \u00e4r <a href=\"https:\/\/ave-eta-canada.com\/sv\/eta-kanada-giltighetstid\/\">giltigt i fem \u00e5r<\/a>, vilket g\u00f6r att du kan g\u00f6ra m\u00e5nga fina resor till Kanada: Vancouver, Toronto, Ottawa, Quebec, etc. Du kan v\u00e4lja sj\u00e4lv. Du kommer att kunna resa till de olika provinserna och utf\u00f6ra en m\u00e4ngd aktiviteter som erbjuds i landet inom den tidsgr\u00e4ns som eTA Kanada beviljar.<\/p>\n\n<p>Observera att ditt eTA-tillst\u00e5nd \u00e4r kopplat till ditt pass. Detta inneb\u00e4r att om din identitetshandling l\u00f6per ut eller om ditt pass f\u00f6rloras, f\u00f6rlorar eTA-handlingen sin giltighet. Du m\u00e5ste ans\u00f6ka om ett nytt eTA f\u00f6r att bes\u00f6ka Kanada, vilket ger dig ytterligare fem \u00e5r. P\u00e5 samma s\u00e4tt avg\u00f6r giltighetstiden f\u00f6r det franska passet giltighetstiden f\u00f6r eTA: om det pass som anv\u00e4nds f\u00f6r ans\u00f6kan l\u00f6per ut inom fem \u00e5r, \u00e4r giltighetstiden f\u00f6r eTA densamma som giltighetstiden f\u00f6r passet.<br\/><br\/><\/p>\n\n<h2 class=\"wp-block-heading\">Hur l\u00e4nge kan du vara borta med en eTA?<\/h2>\n\n<p>Om du har f\u00e5tt ditt eTA-tillst\u00e5nd har du r\u00e4tt att stanna i Kanada i 6 m\u00e5nader. Under eTA-dokumentets giltighetstid har du r\u00e4tt att resa till Kanada flera g\u00e5nger, med en maximal f\u00f6rsening p\u00e5 6 m\u00e5nader f\u00f6r varje resa.<\/p>\n\n<p>Men ta inga risker och \u00f6verskrid inte den tidsgr\u00e4ns som eTA Kanada har fastst\u00e4llt, eftersom du d\u00e5 kan r\u00e5ka illa ut. Detsamma g\u00e4ller resans kanada: eTA till\u00e5ter inte att du<a href=\"https:\/\/ave-eta-canada.com\/sv\/fler-utlandska-studenter-i-kanada\/\">studerar vid ett kanadensiskt universitet<\/a>, g\u00f6r praktik eller arbetar i Kanada. Utlandsvistelse och invandring till Kanada \u00e4r naturligtvis inte heller m\u00f6jligt. F\u00f6r dessa reseanledningar m\u00e5ste du ans\u00f6ka om turistvisum, arbetstillst\u00e5nd, PVT (Permis Vacances Travail) eller permanent uppeh\u00e5llstillst\u00e5nd. Vi uppmanar dig att bes\u00f6ka regeringens webbplats f\u00f6r mer information om detta och en f\u00f6rteckning \u00f6ver n\u00f6dv\u00e4ndiga dokument.  <\/p>\n\n<p>Slutligen \u00e4r eTA inte det enda resedokumentet som ska uppvisas. Kanadensisk immigrationstj\u00e4nsteman kommer att beg\u00e4ra att f\u00e5 se ditt pass, en biljett f\u00f6r att l\u00e4mna landet i form av en returbiljett eller en biljett till slutdestinationen n\u00e4r du g\u00e5r igenom tullen. Andra dokument kan kr\u00e4vas beroende p\u00e5 situationen, s\u00e4rskilt om du reser med minder\u00e5riga barn. Observera att immigrationshandl\u00e4ggaren inte kommer att be dig om eTA-numret eftersom det \u00e4r elektroniskt kopplat till ditt passnummer. <\/p>\n","protected":false},"excerpt":{"rendered":"<p>Hur l\u00e5ng tid tar det att f\u00e5 en eTA Kanada? Sedan flera \u00e5r tillbaka har medborgare fr\u00e5n vissa l\u00e4nder beviljats viseringsfrihet f\u00f6r resor till Kanada. Visumfriheten undantar inte resen\u00e4rer fr\u00e5n kravet p\u00e5 att skaffa ett elektroniskt resetillst\u00e5nd. F\u00f6r en vistelse p\u00e5 mindre \u00e4n 6 m\u00e5nader i Kanada: Du kan fylla i formaliteterna f\u00f6r inresa till [&hellip;]<\/p>\n","protected":false},"author":1,"featured_media":0,"parent":0,"menu_order":0,"comment_status":"closed","ping_status":"closed","template":"","meta":{"footnotes":""},"class_list":["post-2692","page","type-page","status-publish","hentry"],"yoast_head":"<!-- This site is optimized with the Yoast SEO plugin v26.9 - https:\/\/yoast.com\/product\/yoast-seo-wordpress\/ -->\n<title>Hur l\u00e5ng tid tar det att f\u00e5 en eTA i Kanada?<\/title>\n<meta name=\"description\" content=\"Du vill bes\u00f6ka Kanada och vill veta hur l\u00e5ng tid det tar att f\u00e5 eTA f\u00f6r att organisera din vistelse? V\u00e5rt svar h\u00e4r\" \/>\n<meta name=\"robots\" content=\"index, follow, max-snippet:-1, max-image-preview:large, max-video-preview:-1\" \/>\n<link rel=\"canonical\" href=\"https:\/\/ave-eta-canada.com\/sv\/dags-att-skaffa-eta-kanada\/\" \/>\n<meta property=\"og:locale\" content=\"sv_SE\" \/>\n<meta property=\"og:type\" content=\"article\" \/>\n<meta property=\"og:title\" content=\"Hur l\u00e5ng tid tar det att f\u00e5 en eTA i Kanada?\" \/>\n<meta property=\"og:description\" content=\"Du vill bes\u00f6ka Kanada och vill veta hur l\u00e5ng tid det tar att f\u00e5 eTA f\u00f6r att organisera din vistelse? V\u00e5rt svar h\u00e4r\" \/>\n<meta property=\"og:url\" content=\"https:\/\/ave-eta-canada.com\/sv\/dags-att-skaffa-eta-kanada\/\" \/>\n<meta property=\"og:site_name\" content=\"VISA CANADA\" \/>\n<meta property=\"article:modified_time\" content=\"2022-09-09T20:31:26+00:00\" \/>\n<meta name=\"twitter:card\" content=\"summary_large_image\" \/>\n<meta name=\"twitter:label1\" content=\"Ber\u00e4knad l\u00e4stid\" \/>\n\t<meta name=\"twitter:data1\" content=\"6 minuter\" \/>\n<script type=\"application\/ld+json\" class=\"yoast-schema-graph\">{\"@context\":\"https:\/\/schema.org\",\"@graph\":[{\"@type\":\"WebPage\",\"@id\":\"https:\/\/ave-eta-canada.com\/sv\/dags-att-skaffa-eta-kanada\/\",\"url\":\"https:\/\/ave-eta-canada.com\/sv\/dags-att-skaffa-eta-kanada\/\",\"name\":\"Hur l\u00e5ng tid tar det att f\u00e5 en eTA i Kanada?\",\"isPartOf\":{\"@id\":\"https:\/\/ave-eta-canada.com\/sv\/#website\"},\"datePublished\":\"2022-09-06T07:59:18+00:00\",\"dateModified\":\"2022-09-09T20:31:26+00:00\",\"description\":\"Du vill bes\u00f6ka Kanada och vill veta hur l\u00e5ng tid det tar att f\u00e5 eTA f\u00f6r att organisera din vistelse? V\u00e5rt svar h\u00e4r\",\"breadcrumb\":{\"@id\":\"https:\/\/ave-eta-canada.com\/sv\/dags-att-skaffa-eta-kanada\/#breadcrumb\"},\"inLanguage\":\"sv-SE\",\"potentialAction\":[{\"@type\":\"ReadAction\",\"target\":[\"https:\/\/ave-eta-canada.com\/sv\/dags-att-skaffa-eta-kanada\/\"]}]},{\"@type\":\"BreadcrumbList\",\"@id\":\"https:\/\/ave-eta-canada.com\/sv\/dags-att-skaffa-eta-kanada\/#breadcrumb\",\"itemListElement\":[{\"@type\":\"ListItem\",\"position\":1,\"name\":\"Home\",\"item\":\"https:\/\/ave-eta-canada.com\/sv\/\"},{\"@type\":\"ListItem\",\"position\":2,\"name\":\"Hur l\u00e5ng tid tar det att f\u00e5 en eTA i Kanada?\"}]},{\"@type\":\"WebSite\",\"@id\":\"https:\/\/ave-eta-canada.com\/sv\/#website\",\"url\":\"https:\/\/ave-eta-canada.com\/sv\/\",\"name\":\"VISA CANADA\",\"description\":\"Autorisation Voyage Electronique\",\"potentialAction\":[{\"@type\":\"SearchAction\",\"target\":{\"@type\":\"EntryPoint\",\"urlTemplate\":\"https:\/\/ave-eta-canada.com\/sv\/?s={search_term_string}\"},\"query-input\":{\"@type\":\"PropertyValueSpecification\",\"valueRequired\":true,\"valueName\":\"search_term_string\"}}],\"inLanguage\":\"sv-SE\"}]}<\/script>\n<!-- \/ Yoast SEO plugin. -->","yoast_head_json":{"title":"Hur l\u00e5ng tid tar det att f\u00e5 en eTA i Kanada?","description":"Du vill bes\u00f6ka Kanada och vill veta hur l\u00e5ng tid det tar att f\u00e5 eTA f\u00f6r att organisera din vistelse? V\u00e5rt svar h\u00e4r","robots":{"index":"index","follow":"follow","max-snippet":"max-snippet:-1","max-image-preview":"max-image-preview:large","max-video-preview":"max-video-preview:-1"},"canonical":"https:\/\/ave-eta-canada.com\/sv\/dags-att-skaffa-eta-kanada\/","og_locale":"sv_SE","og_type":"article","og_title":"Hur l\u00e5ng tid tar det att f\u00e5 en eTA i Kanada?","og_description":"Du vill bes\u00f6ka Kanada och vill veta hur l\u00e5ng tid det tar att f\u00e5 eTA f\u00f6r att organisera din vistelse? V\u00e5rt svar h\u00e4r","og_url":"https:\/\/ave-eta-canada.com\/sv\/dags-att-skaffa-eta-kanada\/","og_site_name":"VISA CANADA","article_modified_time":"2022-09-09T20:31:26+00:00","twitter_card":"summary_large_image","twitter_misc":{"Ber\u00e4knad l\u00e4stid":"6 minuter"},"schema":{"@context":"https:\/\/schema.org","@graph":[{"@type":"WebPage","@id":"https:\/\/ave-eta-canada.com\/sv\/dags-att-skaffa-eta-kanada\/","url":"https:\/\/ave-eta-canada.com\/sv\/dags-att-skaffa-eta-kanada\/","name":"Hur l\u00e5ng tid tar det att f\u00e5 en eTA i Kanada?","isPartOf":{"@id":"https:\/\/ave-eta-canada.com\/sv\/#website"},"datePublished":"2022-09-06T07:59:18+00:00","dateModified":"2022-09-09T20:31:26+00:00","description":"Du vill bes\u00f6ka Kanada och vill veta hur l\u00e5ng tid det tar att f\u00e5 eTA f\u00f6r att organisera din vistelse? V\u00e5rt svar h\u00e4r","breadcrumb":{"@id":"https:\/\/ave-eta-canada.com\/sv\/dags-att-skaffa-eta-kanada\/#breadcrumb"},"inLanguage":"sv-SE","potentialAction":[{"@type":"ReadAction","target":["https:\/\/ave-eta-canada.com\/sv\/dags-att-skaffa-eta-kanada\/"]}]},{"@type":"BreadcrumbList","@id":"https:\/\/ave-eta-canada.com\/sv\/dags-att-skaffa-eta-kanada\/#breadcrumb","itemListElement":[{"@type":"ListItem","position":1,"name":"Home","item":"https:\/\/ave-eta-canada.com\/sv\/"},{"@type":"ListItem","position":2,"name":"Hur l\u00e5ng tid tar det att f\u00e5 en eTA i Kanada?"}]},{"@type":"WebSite","@id":"https:\/\/ave-eta-canada.com\/sv\/#website","url":"https:\/\/ave-eta-canada.com\/sv\/","name":"VISA CANADA","description":"Autorisation Voyage Electronique","potentialAction":[{"@type":"SearchAction","target":{"@type":"EntryPoint","urlTemplate":"https:\/\/ave-eta-canada.com\/sv\/?s={search_term_string}"},"query-input":{"@type":"PropertyValueSpecification","valueRequired":true,"valueName":"search_term_string"}}],"inLanguage":"sv-SE"}]}},"_links":{"self":[{"href":"https:\/\/ave-eta-canada.com\/sv\/wp-json\/wp\/v2\/pages\/2692","targetHints":{"allow":["GET"]}}],"collection":[{"href":"https:\/\/ave-eta-canada.com\/sv\/wp-json\/wp\/v2\/pages"}],"about":[{"href":"https:\/\/ave-eta-canada.com\/sv\/wp-json\/wp\/v2\/types\/page"}],"author":[{"embeddable":true,"href":"https:\/\/ave-eta-canada.com\/sv\/wp-json\/wp\/v2\/users\/1"}],"replies":[{"embeddable":true,"href":"https:\/\/ave-eta-canada.com\/sv\/wp-json\/wp\/v2\/comments?post=2692"}],"version-history":[{"count":0,"href":"https:\/\/ave-eta-canada.com\/sv\/wp-json\/wp\/v2\/pages\/2692\/revisions"}],"wp:attachment":[{"href":"https:\/\/ave-eta-canada.com\/sv\/wp-json\/wp\/v2\/media?parent=2692"}],"curies":[{"name":"wp","href":"https:\/\/api.w.org\/{rel}","templated":true}]}}