{"id":2698,"date":"2022-09-06T07:59:18","date_gmt":"2022-09-06T07:59:18","guid":{"rendered":"https:\/\/ave-eta-canada.com\/vad-man-ska-gora-om-det-finns-problem-i-landet\/"},"modified":"2022-09-10T07:18:02","modified_gmt":"2022-09-10T07:18:02","slug":"vad-du-ska-gora-vid-fel-pa-eta-kanada","status":"publish","type":"page","link":"https:\/\/ave-eta-canada.com\/sv\/vad-du-ska-gora-vid-fel-pa-eta-kanada\/","title":{"rendered":"Vad g\u00f6r jag om det finns ett fel i eTA Kanada?"},"content":{"rendered":"\n<h1 class=\"wp-block-heading\">Fel p\u00e5 eTA Kanada: vad ska man g\u00f6ra?<\/h1>\n\n<p>F\u00f6r att resa till Kanada kr\u00e4ver den kanadensiska regeringen att utl\u00e4ndska medborgare ans\u00f6ker om ett eTA (Electronic Travel Authorization). F\u00f6r att f\u00e5 detta tillst\u00e5nd att stanna i Kanada fyller du bara i <a href=\"https:\/\/ave-eta-canada.com\/sv\/kanada-eta-formular-online\/\">formul\u00e4ret online<\/a>.  <\/p>\n\n<p>Det \u00e4r inte n\u00f6dv\u00e4ndigt att g\u00e5 till den kanadensiska ambassaden f\u00f6r att ans\u00f6ka om ett kanadensiskt visum. \u00c4ven om formaliteterna f\u00f6r eTA \u00e4r mycket enklare, kr\u00e4ver processen en viss noggrannhet. Om du g\u00f6r ett misstag kan din eTA Kanada nekas.<\/p>\n\n<p><a href=\"https:\/\/ave-eta-canada.com\/sv\/\">eTA-blanketten<\/a> f\u00f6ljer samma princip som ESTA-blanketten som de amerikanska myndigheterna har uppr\u00e4ttat f\u00f6r resor till USA. Det sker i form av ett fr\u00e5geformul\u00e4r p\u00e5 n\u00e4tet d\u00e4r flera olika typer av information efterfr\u00e5gas, bland annat uppgifter om identitet och pass. De uppgifter som anges m\u00e5ste \u00f6verensst\u00e4mma exakt med uppgifterna i passet. Ett enda fel i eTA Kanada r\u00e4cker f\u00f6r att avbryta din ans\u00f6kan.<\/p>\n\n<p>L\u00e5t oss titta p\u00e5 hur du ska g\u00e5 tillv\u00e4ga om du har gjort ett misstag n\u00e4r du ans\u00f6ker om uppeh\u00e5llstillst\u00e5nd i Kanada.<br\/><br\/><\/p>\n\n<h2 class=\"wp-block-heading\">Fel p\u00e5 eTA Kanada: f\u00f6re eller efter att du skickat ans\u00f6kan?<\/h2>\n\n<p>Som en p\u00e5minnelse \u00e4r eTA Kanada avsett f\u00f6r medborgare fr\u00e5n l\u00e4nder som \u00e4r medlemmar i det kanadensiska programmet f\u00f6r viseringsundantag. Det utf\u00e4rdas i samband med en turist-, transit- eller aff\u00e4rsresa p\u00e5 mindre \u00e4n sex m\u00e5nader med flyg. Till skillnad fr\u00e5n ett visum kan du f\u00e5 ett eTA p\u00e5 distans och beh\u00f6ver bara ett giltigt pass.<\/p>\n\n<p>Det organ som ansvarar f\u00f6r utf\u00e4rdandet av eTA Kanada, IRCC (Immigration, Refugees and Citizenship Canada), kontrollerar noggrant den information som l\u00e4mnas i online-ans\u00f6kan. Om datasystemen uppt\u00e4cker att den s\u00f6kande har l\u00e4mnat felaktiga uppgifter eller gjort ett misstag i eTA Kanada n\u00e4r han eller hon fyller i <a href=\"https:\/\/ave-eta-canada.com\/sv\/fylla-i-blankett-eta-formular-for-kanada\/\">eTA-formul\u00e4ret<\/a>, kommer ans\u00f6kan sannolikt att annulleras.<\/p>\n\n<h3 class=\"wp-block-heading\">Fel f\u00f6re onlinebetalning<\/h3>\n\n<p>Oavsett om du ans\u00f6ker om ett tillf\u00e4lligt uppeh\u00e5llstillst\u00e5nd p\u00e5 den kanadensiska regeringens webbplats eller p\u00e5 en privat webbplats har du alltid m\u00f6jlighet att \u00e4ndra din information och korrigera eventuella fel p\u00e5 eTA Kanada innan du betalar och validerar ans\u00f6kan.<\/p>\n\n<p>Om du d\u00e4remot inser att du har gjort ett misstag efter att du har betalat din ans\u00f6kan \u00e4r formaliteterna annorlunda.<\/p>\n\n<h3 class=\"wp-block-heading\">Fel efter att ha skickat eTA-ans\u00f6kan<\/h3>\n\n<p>Om du har uppt\u00e4ckt ett fel i din eTA Kanada efter att du har skickat in din ans\u00f6kan \u00e4r det tyv\u00e4rr f\u00f6r sent. Om tillsynen till exempel g\u00e4ller ditt passnummer eller namn kan du inte <a href=\"https:\/\/ave-eta-canada.com\/sv\/hur-man-andrar-en-eta-for-kanada\/\">\u00e4ndra eTA:n<\/a> efter betalning och inl\u00e4mning av ans\u00f6kan.<\/p>\n\n<p>Den enda m\u00f6jliga l\u00f6sningen \u00e4r att ans\u00f6ka om ett nytt resetillst\u00e5nd till Kanada, antingen p\u00e5 den kanadensiska regeringens officiella webbplats eller p\u00e5 v\u00e5r partners webbplats.<\/p>\n\n<p>Det finns en avgift f\u00f6r att f\u00f6rnya en ans\u00f6kan. Efter att ha skickat den nya ans\u00f6kan m\u00e5ste du \u00e5terigen betala den administrativa avgiften f\u00f6r att f\u00e5 eTA.<\/p>\n\n<p>Observera dock att du har m\u00f6jlighet att \u00e4ndra vissa uppgifter i ditt resetillst\u00e5nd (e-postadress och telefonnummer) \u00e4ven efter det att du skickat det. F\u00f6r att <a href=\"https:\/\/ave-eta-canada.com\/sv\/hur-man-hittar-man-en-forlorad-eta-kanada\/\">h\u00e4mta och \u00e4ndra din eTA<\/a> beh\u00f6ver du bara det filnummer som du fick n\u00e4r du registrerade dig online.<br\/><br\/><\/p>\n\n<h2 class=\"wp-block-heading\">F\u00f6rhindra fel i din eTA Kanada-ans\u00f6kan<\/h2>\n\n<p>N\u00e4r du fyller i eTA-formul\u00e4ret p\u00e5 n\u00e4tet \u00e4r det l\u00e4mpligt att noggrant kontrollera den information som l\u00e4mnas. Observera att de flesta fel i eTA-Kanada-ans\u00f6kan \u00e4r relaterade till det biometriska numret eller numret p\u00e5 e-passet. H\u00e4r \u00e4r n\u00e5gra tips f\u00f6r att ange detta nummer korrekt:<\/p>\n\n<ul class=\"wp-block-list\"><li>De flesta passnummer \u00e4r 9 tecken l\u00e5nga. Se d\u00e4rf\u00f6r till att numret du skriver inte \u00e4r l\u00e4ngre eller kortare;<\/li><li>Passnumret \u00e4r en alfanumerisk sekvens, s\u00e5 var f\u00f6rsiktig s\u00e5 att du inte f\u00f6rv\u00e4xlar siffran 0 med bokstaven O och siffran 1 med bokstaven I;<\/li><li>Se till att du inte anger n\u00e5gra andra tecken, t.ex. streck eller skiljetecken.<\/li><\/ul>\n\n<p>Dessutom kan vissa fel i eTA-Kanada-ans\u00f6kan bero p\u00e5 att du har valt fel landskod f\u00f6r utf\u00e4rdande av passet. Varje stat har en identifieringskod. Om du \u00e4r svensk medborgare ska du v\u00e4lja koden &#8221;SVE&#8221;.<\/p>\n\n<p>Om du vill maximera dina chanser att f\u00e5 en eTA kan det vara bra att ans\u00f6ka om den via en privat webbplats, till exempel v\u00e5r partners webbplats. Dessa plattformar best\u00e5r av experter som kontrollerar din fil och korrigerar eventuella fel om det beh\u00f6vs.<\/p>\n\n<h3 class=\"wp-block-heading\">Avslag efter r\u00e4ttelse av fel i eTA Kanada<\/h3>\n\n<p>Om regeringen v\u00e4grar att ge dig tillst\u00e5nd att resa till Kanada, \u00e4ven efter att du har korrigerat dina misstag i Kanada eTA-ans\u00f6kan, betyder det att du f\u00f6rmodligen inte uppfyller n\u00e5got av <a href=\"https:\/\/ave-eta-canada.com\/sv\/eta-kanada-resevillkor\/\">villkoren f\u00f6r att vara ber\u00e4ttigad till eTA<\/a>.<\/p>\n\n<p>Kontrollera f\u00f6rst och fr\u00e4mst att du har ett giltigt pass. Om s\u00e5 \u00e4r fallet m\u00e5ste du ans\u00f6ka om ett nytt pass.<\/p>\n\n<p>Om du planerar att g\u00f6ra praktik, studera eller arbeta i Kanada b\u00f6r du veta att eTA inte g\u00e4ller i dessa fall. F\u00f6r att g\u00f6ra detta m\u00e5ste du g\u00e5 till Kanadas ambassad och ans\u00f6ka om visum.<\/p>\n\n<p>Observera att om du redan har ett kanadensiskt visum eller permanent uppeh\u00e5llstillst\u00e5nd \u00e4r eTA-dokumentet inte anv\u00e4ndbart.<\/p>\n","protected":false},"excerpt":{"rendered":"<p>Fel p\u00e5 eTA Kanada: vad ska man g\u00f6ra? F\u00f6r att resa till Kanada kr\u00e4ver den kanadensiska regeringen att utl\u00e4ndska medborgare ans\u00f6ker om ett eTA (Electronic Travel Authorization). F\u00f6r att f\u00e5 detta tillst\u00e5nd att stanna i Kanada fyller du bara i formul\u00e4ret online. Det \u00e4r inte n\u00f6dv\u00e4ndigt att g\u00e5 till den kanadensiska ambassaden f\u00f6r att ans\u00f6ka [&hellip;]<\/p>\n","protected":false},"author":1,"featured_media":0,"parent":0,"menu_order":0,"comment_status":"closed","ping_status":"closed","template":"","meta":{"footnotes":""},"class_list":["post-2698","page","type-page","status-publish","hentry"],"yoast_head":"<!-- This site is optimized with the Yoast SEO plugin v26.9 - https:\/\/yoast.com\/product\/yoast-seo-wordpress\/ -->\n<title>Vad g\u00f6r jag om det finns ett fel i eTA Kanada?<\/title>\n<meta name=\"description\" content=\"eTA Canada \u00e4r ett viktigt dokument f\u00f6r att resa till Kanada. Om det finns n\u00e5got fel i webbans\u00f6kan kan tillst\u00e5ndet vara ogiltigt.\" \/>\n<meta name=\"robots\" content=\"index, follow, max-snippet:-1, max-image-preview:large, max-video-preview:-1\" \/>\n<link rel=\"canonical\" href=\"https:\/\/ave-eta-canada.com\/sv\/vad-du-ska-gora-vid-fel-pa-eta-kanada\/\" \/>\n<meta property=\"og:locale\" content=\"sv_SE\" \/>\n<meta property=\"og:type\" content=\"article\" \/>\n<meta property=\"og:title\" content=\"Vad g\u00f6r jag om det finns ett fel i eTA Kanada?\" \/>\n<meta property=\"og:description\" content=\"eTA Canada \u00e4r ett viktigt dokument f\u00f6r att resa till Kanada. Om det finns n\u00e5got fel i webbans\u00f6kan kan tillst\u00e5ndet vara ogiltigt.\" \/>\n<meta property=\"og:url\" content=\"https:\/\/ave-eta-canada.com\/sv\/vad-du-ska-gora-vid-fel-pa-eta-kanada\/\" \/>\n<meta property=\"og:site_name\" content=\"VISA CANADA\" \/>\n<meta property=\"article:modified_time\" content=\"2022-09-10T07:18:02+00:00\" \/>\n<meta name=\"twitter:card\" content=\"summary_large_image\" \/>\n<meta name=\"twitter:label1\" content=\"Ber\u00e4knad l\u00e4stid\" \/>\n\t<meta name=\"twitter:data1\" content=\"5 minuter\" \/>\n<script type=\"application\/ld+json\" class=\"yoast-schema-graph\">{\"@context\":\"https:\/\/schema.org\",\"@graph\":[{\"@type\":\"WebPage\",\"@id\":\"https:\/\/ave-eta-canada.com\/sv\/vad-du-ska-gora-vid-fel-pa-eta-kanada\/\",\"url\":\"https:\/\/ave-eta-canada.com\/sv\/vad-du-ska-gora-vid-fel-pa-eta-kanada\/\",\"name\":\"Vad g\u00f6r jag om det finns ett fel i eTA Kanada?\",\"isPartOf\":{\"@id\":\"https:\/\/ave-eta-canada.com\/sv\/#website\"},\"datePublished\":\"2022-09-06T07:59:18+00:00\",\"dateModified\":\"2022-09-10T07:18:02+00:00\",\"description\":\"eTA Canada \u00e4r ett viktigt dokument f\u00f6r att resa till Kanada. Om det finns n\u00e5got fel i webbans\u00f6kan kan tillst\u00e5ndet vara ogiltigt.\",\"breadcrumb\":{\"@id\":\"https:\/\/ave-eta-canada.com\/sv\/vad-du-ska-gora-vid-fel-pa-eta-kanada\/#breadcrumb\"},\"inLanguage\":\"sv-SE\",\"potentialAction\":[{\"@type\":\"ReadAction\",\"target\":[\"https:\/\/ave-eta-canada.com\/sv\/vad-du-ska-gora-vid-fel-pa-eta-kanada\/\"]}]},{\"@type\":\"BreadcrumbList\",\"@id\":\"https:\/\/ave-eta-canada.com\/sv\/vad-du-ska-gora-vid-fel-pa-eta-kanada\/#breadcrumb\",\"itemListElement\":[{\"@type\":\"ListItem\",\"position\":1,\"name\":\"Home\",\"item\":\"https:\/\/ave-eta-canada.com\/sv\/\"},{\"@type\":\"ListItem\",\"position\":2,\"name\":\"Vad g\u00f6r jag om det finns ett fel i eTA Kanada?\"}]},{\"@type\":\"WebSite\",\"@id\":\"https:\/\/ave-eta-canada.com\/sv\/#website\",\"url\":\"https:\/\/ave-eta-canada.com\/sv\/\",\"name\":\"VISA CANADA\",\"description\":\"Autorisation Voyage Electronique\",\"potentialAction\":[{\"@type\":\"SearchAction\",\"target\":{\"@type\":\"EntryPoint\",\"urlTemplate\":\"https:\/\/ave-eta-canada.com\/sv\/?s={search_term_string}\"},\"query-input\":{\"@type\":\"PropertyValueSpecification\",\"valueRequired\":true,\"valueName\":\"search_term_string\"}}],\"inLanguage\":\"sv-SE\"}]}<\/script>\n<!-- \/ Yoast SEO plugin. -->","yoast_head_json":{"title":"Vad g\u00f6r jag om det finns ett fel i eTA Kanada?","description":"eTA Canada \u00e4r ett viktigt dokument f\u00f6r att resa till Kanada. Om det finns n\u00e5got fel i webbans\u00f6kan kan tillst\u00e5ndet vara ogiltigt.","robots":{"index":"index","follow":"follow","max-snippet":"max-snippet:-1","max-image-preview":"max-image-preview:large","max-video-preview":"max-video-preview:-1"},"canonical":"https:\/\/ave-eta-canada.com\/sv\/vad-du-ska-gora-vid-fel-pa-eta-kanada\/","og_locale":"sv_SE","og_type":"article","og_title":"Vad g\u00f6r jag om det finns ett fel i eTA Kanada?","og_description":"eTA Canada \u00e4r ett viktigt dokument f\u00f6r att resa till Kanada. Om det finns n\u00e5got fel i webbans\u00f6kan kan tillst\u00e5ndet vara ogiltigt.","og_url":"https:\/\/ave-eta-canada.com\/sv\/vad-du-ska-gora-vid-fel-pa-eta-kanada\/","og_site_name":"VISA CANADA","article_modified_time":"2022-09-10T07:18:02+00:00","twitter_card":"summary_large_image","twitter_misc":{"Ber\u00e4knad l\u00e4stid":"5 minuter"},"schema":{"@context":"https:\/\/schema.org","@graph":[{"@type":"WebPage","@id":"https:\/\/ave-eta-canada.com\/sv\/vad-du-ska-gora-vid-fel-pa-eta-kanada\/","url":"https:\/\/ave-eta-canada.com\/sv\/vad-du-ska-gora-vid-fel-pa-eta-kanada\/","name":"Vad g\u00f6r jag om det finns ett fel i eTA Kanada?","isPartOf":{"@id":"https:\/\/ave-eta-canada.com\/sv\/#website"},"datePublished":"2022-09-06T07:59:18+00:00","dateModified":"2022-09-10T07:18:02+00:00","description":"eTA Canada \u00e4r ett viktigt dokument f\u00f6r att resa till Kanada. Om det finns n\u00e5got fel i webbans\u00f6kan kan tillst\u00e5ndet vara ogiltigt.","breadcrumb":{"@id":"https:\/\/ave-eta-canada.com\/sv\/vad-du-ska-gora-vid-fel-pa-eta-kanada\/#breadcrumb"},"inLanguage":"sv-SE","potentialAction":[{"@type":"ReadAction","target":["https:\/\/ave-eta-canada.com\/sv\/vad-du-ska-gora-vid-fel-pa-eta-kanada\/"]}]},{"@type":"BreadcrumbList","@id":"https:\/\/ave-eta-canada.com\/sv\/vad-du-ska-gora-vid-fel-pa-eta-kanada\/#breadcrumb","itemListElement":[{"@type":"ListItem","position":1,"name":"Home","item":"https:\/\/ave-eta-canada.com\/sv\/"},{"@type":"ListItem","position":2,"name":"Vad g\u00f6r jag om det finns ett fel i eTA Kanada?"}]},{"@type":"WebSite","@id":"https:\/\/ave-eta-canada.com\/sv\/#website","url":"https:\/\/ave-eta-canada.com\/sv\/","name":"VISA CANADA","description":"Autorisation Voyage Electronique","potentialAction":[{"@type":"SearchAction","target":{"@type":"EntryPoint","urlTemplate":"https:\/\/ave-eta-canada.com\/sv\/?s={search_term_string}"},"query-input":{"@type":"PropertyValueSpecification","valueRequired":true,"valueName":"search_term_string"}}],"inLanguage":"sv-SE"}]}},"_links":{"self":[{"href":"https:\/\/ave-eta-canada.com\/sv\/wp-json\/wp\/v2\/pages\/2698","targetHints":{"allow":["GET"]}}],"collection":[{"href":"https:\/\/ave-eta-canada.com\/sv\/wp-json\/wp\/v2\/pages"}],"about":[{"href":"https:\/\/ave-eta-canada.com\/sv\/wp-json\/wp\/v2\/types\/page"}],"author":[{"embeddable":true,"href":"https:\/\/ave-eta-canada.com\/sv\/wp-json\/wp\/v2\/users\/1"}],"replies":[{"embeddable":true,"href":"https:\/\/ave-eta-canada.com\/sv\/wp-json\/wp\/v2\/comments?post=2698"}],"version-history":[{"count":0,"href":"https:\/\/ave-eta-canada.com\/sv\/wp-json\/wp\/v2\/pages\/2698\/revisions"}],"wp:attachment":[{"href":"https:\/\/ave-eta-canada.com\/sv\/wp-json\/wp\/v2\/media?parent=2698"}],"curies":[{"name":"wp","href":"https:\/\/api.w.org\/{rel}","templated":true}]}}