{"id":2710,"date":"2022-09-06T07:59:19","date_gmt":"2022-09-06T07:59:19","guid":{"rendered":"https:\/\/ave-eta-canada.com\/visa-ou-ave-canada\/"},"modified":"2022-09-10T07:19:55","modified_gmt":"2022-09-10T07:19:55","slug":"visum-eller-eta-kanada","status":"publish","type":"page","link":"https:\/\/ave-eta-canada.com\/sv\/visum-eller-eta-kanada\/","title":{"rendered":"Visum eller eTA Kanada?"},"content":{"rendered":"\n<h1 class=\"wp-block-heading\">Beh\u00f6ver jag ans\u00f6ka om ett visum f\u00f6r Kanada eller en eTA?<\/h1>\n\n<p>Beh\u00f6ver jag ans\u00f6ka om ett Kanada-visum eller en eTA n\u00e4r jag reser till Kanada? Att v\u00e4lja r\u00e4tt resetillst\u00e5nd \u00e4r ett viktigt steg i f\u00f6rberedelserna inf\u00f6r din resa till Kanada, eftersom det avg\u00f6r om du kan resa in i Kanada eller inte.<\/p>\n\n<p><strong>F\u00f6r en vistelse p\u00e5 mindre \u00e4n 6 m\u00e5nader i Kanada<\/strong>: Du kan fylla i formaliteterna f\u00f6r inresa till Kanada direkt via Internet genom att klicka p\u00e5 <a href=\"https:\/\/ave-eta-canada.com\/sv\/kanada-eta-formular-online\/\">onlineformul\u00e4ret<\/a>. Det \u00e4r inte n\u00f6dv\u00e4ndigt att boka ett m\u00f6te p\u00e5 Kanadas ambassad eller konsulat.<\/p>\n\n<p>Det finns en hel del administrativa steg att ta innan du \u00e5ker: ett giltigt pass att skaffa, en resef\u00f6rs\u00e4kring att best\u00e4lla, boende och transport. I den h\u00e4r artikeln kommer vi att skilja mellan kraven f\u00f6r ett kanadensiskt visum och eTA Kanada f\u00f6r att avg\u00f6ra vilket dokument som \u00e4r l\u00e4mpligast f\u00f6r din vistelse.<br\/><\/p>\n\n<h2 class=\"wp-block-heading\">eTA-ans\u00f6kan eller visumans\u00f6kan?<\/h2>\n\n<p>Innan du <a href=\"https:\/\/ave-eta-canada.com\/sv\/visum-ar-det-vasentligt-att-komma-till-kanada\/\">ans\u00f6ker om ett visum eller en eTA Kanada<\/a> \u00e4r det b\u00e4st att ta reda p\u00e5 mer om \u00e4mnet.<\/p>\n\n<h3 class=\"wp-block-heading\">Presentation av eTA<\/h3>\n\n<p>Kanada-eTA-visumet \u00e4r ett elektroniskt resetillst\u00e5nd som kan erh\u00e5llas av ber\u00e4ttigade personer som vill bes\u00f6ka Kanada f\u00f6r turism, aff\u00e4rer (utan ers\u00e4ttning) eller transit under h\u00f6gst sex m\u00e5nader. Canada EV kr\u00e4vs endast f\u00f6r flygresor och \u00e4r <a href=\"https:\/\/ave-eta-canada.com\/sv\/eta-kanada-giltighetstid\/\">giltigt i h\u00f6gst 5 \u00e5r<\/a>.<\/p>\n\n<p><a href=\"https:\/\/ave-eta-canada.com\/sv\/\">eTA Canada<\/a> \u00e4r ett dokument som endast finns online. F\u00f6r att ans\u00f6ka m\u00e5ste du fylla i formul\u00e4ret antingen p\u00e5 regeringens webbplats eller via ett privat f\u00f6retag som sk\u00f6ter pappersarbetet \u00e5t dig och kontrollerar alla uppgifter du anger f\u00f6r att minska risken f\u00f6r att din ans\u00f6kan avsl\u00e5s. eTA \u00e4r direkt kopplat till ditt pass, dvs. om du f\u00e5r ett nytt pass m\u00e5ste du ans\u00f6ka om en ny eTA Kanada.<\/p>\n\n<h3 class=\"wp-block-heading\">Presentation av Kanada-visumet<\/h3>\n\n<p>Om du vill studera i Kanada, arbeta eller g\u00f6ra praktik m\u00e5ste du ans\u00f6ka om ett kanadensiskt visum. Visumans\u00f6kan g\u00f6rs p\u00e5 den kanadensiska ambassaden och beror p\u00e5 hur vistelsen ska se ut:<\/p>\n\n<ul class=\"wp-block-list\"><li>visering f\u00f6r bes\u00f6kare (eller turister) ;<\/li><li>visum f\u00f6r studerande ;<\/li><li>arbetstillst\u00e5nd ;<\/li><li>tillf\u00e4lligt uppeh\u00e5llstillst\u00e5nd ;<\/li><li><a href=\"https:\/\/ave-eta-canada.com\/sv\/hur-man-far-ett-whv-arbetssemestertillstand-kanada\/\">Tillst\u00e5nd f\u00f6r arbetsledighet eller WHP (Working Holiday Permission)<\/a><\/li><\/ul>\n\n<p>Det \u00e4r d\u00e4rf\u00f6r m\u00f6jligt att arbeta eller studera i Kanada med visum. Dessa typer av visum \u00e4r dock inte l\u00e4tta att f\u00e5 och ans\u00f6kan m\u00e5ste vara v\u00e4l f\u00f6rberedd (erbjudande om arbete i Kanada, brev om inskrivning i skolan och godk\u00e4nnande av skolan etc.).<\/p>\n\n<p>En bes\u00f6ksvisering ers\u00e4tter eTA-viseringen f\u00f6r medborgare fr\u00e5n l\u00e4nder som inte har r\u00e4tt till den senare. men ocks\u00e5 f\u00f6r vissa medborgare som vill resa till Kanada p\u00e5 land eller till sj\u00f6ss. Om du vill resa till Kanada landv\u00e4gen beh\u00f6ver du inte ans\u00f6ka om en bes\u00f6ksvisering eller en eTA-ans\u00f6kan om du \u00e4r medborgare i ett EU-land.<\/p>\n\n<p>Det finns ocks\u00e5 ett visum f\u00f6r permanent bos\u00e4ttning, men det \u00e4r sv\u00e5rt att f\u00e5, eftersom den kanadensiska regeringen filtrerar och godk\u00e4nner endast de profiler som den anser vara intressanta.<br\/><br\/><\/p>\n\n<h2 class=\"wp-block-heading\">Betala f\u00f6r en eTA kanada eller en visumans\u00f6kan<\/h2>\n\n<p>Det \u00e4r inte gratis att ans\u00f6ka om visum eller eTA Kanada. <a href=\"https:\/\/ave-eta-canada.com\/sv\/eta-kanada-att-priset\/\">Priset f\u00f6r en eTA Kanada<\/a> \u00e4r 7 $ CAN, ett visum kostar mellan 100 och 150 $ CAN.<\/p>\n\n<p>Nu har du all information du beh\u00f6ver f\u00f6r att veta om du ska ans\u00f6ka om ett visum eller en eTA Kanada. Tror du att du beh\u00f6ver ett kanadensiskt visum eller en eTA? \u00c4r du redo att bes\u00f6ka landet med karibun och l\u00f6nnsirap?<\/p>\n","protected":false},"excerpt":{"rendered":"<p>Beh\u00f6ver jag ans\u00f6ka om ett visum f\u00f6r Kanada eller en eTA? Beh\u00f6ver jag ans\u00f6ka om ett Kanada-visum eller en eTA n\u00e4r jag reser till Kanada? Att v\u00e4lja r\u00e4tt resetillst\u00e5nd \u00e4r ett viktigt steg i f\u00f6rberedelserna inf\u00f6r din resa till Kanada, eftersom det avg\u00f6r om du kan resa in i Kanada eller inte. F\u00f6r en vistelse [&hellip;]<\/p>\n","protected":false},"author":1,"featured_media":0,"parent":0,"menu_order":0,"comment_status":"closed","ping_status":"closed","template":"","meta":{"footnotes":""},"class_list":["post-2710","page","type-page","status-publish","hentry"],"yoast_head":"<!-- This site is optimized with the Yoast SEO plugin v26.9 - https:\/\/yoast.com\/product\/yoast-seo-wordpress\/ -->\n<title>Visum eller eTA Kanada?<\/title>\n<meta name=\"description\" content=\"Om du planerar att bes\u00f6ka Kanada inom en snar framtid beh\u00f6ver du ett inresetillst\u00e5nd. S\u00e5, visum eller eTA Kanada?\" \/>\n<meta name=\"robots\" content=\"index, follow, max-snippet:-1, max-image-preview:large, max-video-preview:-1\" \/>\n<link rel=\"canonical\" href=\"https:\/\/ave-eta-canada.com\/sv\/visum-eller-eta-kanada\/\" \/>\n<meta property=\"og:locale\" content=\"sv_SE\" \/>\n<meta property=\"og:type\" content=\"article\" \/>\n<meta property=\"og:title\" content=\"Visum eller eTA Kanada?\" \/>\n<meta property=\"og:description\" content=\"Om du planerar att bes\u00f6ka Kanada inom en snar framtid beh\u00f6ver du ett inresetillst\u00e5nd. S\u00e5, visum eller eTA Kanada?\" \/>\n<meta property=\"og:url\" content=\"https:\/\/ave-eta-canada.com\/sv\/visum-eller-eta-kanada\/\" \/>\n<meta property=\"og:site_name\" content=\"VISA CANADA\" \/>\n<meta property=\"article:modified_time\" content=\"2022-09-10T07:19:55+00:00\" \/>\n<meta name=\"twitter:card\" content=\"summary_large_image\" \/>\n<meta name=\"twitter:label1\" content=\"Ber\u00e4knad l\u00e4stid\" \/>\n\t<meta name=\"twitter:data1\" content=\"3 minuter\" \/>\n<script type=\"application\/ld+json\" class=\"yoast-schema-graph\">{\"@context\":\"https:\/\/schema.org\",\"@graph\":[{\"@type\":\"WebPage\",\"@id\":\"https:\/\/ave-eta-canada.com\/sv\/visum-eller-eta-kanada\/\",\"url\":\"https:\/\/ave-eta-canada.com\/sv\/visum-eller-eta-kanada\/\",\"name\":\"Visum eller eTA Kanada?\",\"isPartOf\":{\"@id\":\"https:\/\/ave-eta-canada.com\/sv\/#website\"},\"datePublished\":\"2022-09-06T07:59:19+00:00\",\"dateModified\":\"2022-09-10T07:19:55+00:00\",\"description\":\"Om du planerar att bes\u00f6ka Kanada inom en snar framtid beh\u00f6ver du ett inresetillst\u00e5nd. S\u00e5, visum eller eTA Kanada?\",\"breadcrumb\":{\"@id\":\"https:\/\/ave-eta-canada.com\/sv\/visum-eller-eta-kanada\/#breadcrumb\"},\"inLanguage\":\"sv-SE\",\"potentialAction\":[{\"@type\":\"ReadAction\",\"target\":[\"https:\/\/ave-eta-canada.com\/sv\/visum-eller-eta-kanada\/\"]}]},{\"@type\":\"BreadcrumbList\",\"@id\":\"https:\/\/ave-eta-canada.com\/sv\/visum-eller-eta-kanada\/#breadcrumb\",\"itemListElement\":[{\"@type\":\"ListItem\",\"position\":1,\"name\":\"Home\",\"item\":\"https:\/\/ave-eta-canada.com\/sv\/\"},{\"@type\":\"ListItem\",\"position\":2,\"name\":\"Visum eller eTA Kanada?\"}]},{\"@type\":\"WebSite\",\"@id\":\"https:\/\/ave-eta-canada.com\/sv\/#website\",\"url\":\"https:\/\/ave-eta-canada.com\/sv\/\",\"name\":\"VISA CANADA\",\"description\":\"Autorisation Voyage Electronique\",\"potentialAction\":[{\"@type\":\"SearchAction\",\"target\":{\"@type\":\"EntryPoint\",\"urlTemplate\":\"https:\/\/ave-eta-canada.com\/sv\/?s={search_term_string}\"},\"query-input\":{\"@type\":\"PropertyValueSpecification\",\"valueRequired\":true,\"valueName\":\"search_term_string\"}}],\"inLanguage\":\"sv-SE\"}]}<\/script>\n<!-- \/ Yoast SEO plugin. -->","yoast_head_json":{"title":"Visum eller eTA Kanada?","description":"Om du planerar att bes\u00f6ka Kanada inom en snar framtid beh\u00f6ver du ett inresetillst\u00e5nd. S\u00e5, visum eller eTA Kanada?","robots":{"index":"index","follow":"follow","max-snippet":"max-snippet:-1","max-image-preview":"max-image-preview:large","max-video-preview":"max-video-preview:-1"},"canonical":"https:\/\/ave-eta-canada.com\/sv\/visum-eller-eta-kanada\/","og_locale":"sv_SE","og_type":"article","og_title":"Visum eller eTA Kanada?","og_description":"Om du planerar att bes\u00f6ka Kanada inom en snar framtid beh\u00f6ver du ett inresetillst\u00e5nd. S\u00e5, visum eller eTA Kanada?","og_url":"https:\/\/ave-eta-canada.com\/sv\/visum-eller-eta-kanada\/","og_site_name":"VISA CANADA","article_modified_time":"2022-09-10T07:19:55+00:00","twitter_card":"summary_large_image","twitter_misc":{"Ber\u00e4knad l\u00e4stid":"3 minuter"},"schema":{"@context":"https:\/\/schema.org","@graph":[{"@type":"WebPage","@id":"https:\/\/ave-eta-canada.com\/sv\/visum-eller-eta-kanada\/","url":"https:\/\/ave-eta-canada.com\/sv\/visum-eller-eta-kanada\/","name":"Visum eller eTA Kanada?","isPartOf":{"@id":"https:\/\/ave-eta-canada.com\/sv\/#website"},"datePublished":"2022-09-06T07:59:19+00:00","dateModified":"2022-09-10T07:19:55+00:00","description":"Om du planerar att bes\u00f6ka Kanada inom en snar framtid beh\u00f6ver du ett inresetillst\u00e5nd. S\u00e5, visum eller eTA Kanada?","breadcrumb":{"@id":"https:\/\/ave-eta-canada.com\/sv\/visum-eller-eta-kanada\/#breadcrumb"},"inLanguage":"sv-SE","potentialAction":[{"@type":"ReadAction","target":["https:\/\/ave-eta-canada.com\/sv\/visum-eller-eta-kanada\/"]}]},{"@type":"BreadcrumbList","@id":"https:\/\/ave-eta-canada.com\/sv\/visum-eller-eta-kanada\/#breadcrumb","itemListElement":[{"@type":"ListItem","position":1,"name":"Home","item":"https:\/\/ave-eta-canada.com\/sv\/"},{"@type":"ListItem","position":2,"name":"Visum eller eTA Kanada?"}]},{"@type":"WebSite","@id":"https:\/\/ave-eta-canada.com\/sv\/#website","url":"https:\/\/ave-eta-canada.com\/sv\/","name":"VISA CANADA","description":"Autorisation Voyage Electronique","potentialAction":[{"@type":"SearchAction","target":{"@type":"EntryPoint","urlTemplate":"https:\/\/ave-eta-canada.com\/sv\/?s={search_term_string}"},"query-input":{"@type":"PropertyValueSpecification","valueRequired":true,"valueName":"search_term_string"}}],"inLanguage":"sv-SE"}]}},"_links":{"self":[{"href":"https:\/\/ave-eta-canada.com\/sv\/wp-json\/wp\/v2\/pages\/2710","targetHints":{"allow":["GET"]}}],"collection":[{"href":"https:\/\/ave-eta-canada.com\/sv\/wp-json\/wp\/v2\/pages"}],"about":[{"href":"https:\/\/ave-eta-canada.com\/sv\/wp-json\/wp\/v2\/types\/page"}],"author":[{"embeddable":true,"href":"https:\/\/ave-eta-canada.com\/sv\/wp-json\/wp\/v2\/users\/1"}],"replies":[{"embeddable":true,"href":"https:\/\/ave-eta-canada.com\/sv\/wp-json\/wp\/v2\/comments?post=2710"}],"version-history":[{"count":0,"href":"https:\/\/ave-eta-canada.com\/sv\/wp-json\/wp\/v2\/pages\/2710\/revisions"}],"wp:attachment":[{"href":"https:\/\/ave-eta-canada.com\/sv\/wp-json\/wp\/v2\/media?parent=2710"}],"curies":[{"name":"wp","href":"https:\/\/api.w.org\/{rel}","templated":true}]}}