{"id":2713,"date":"2022-09-06T07:59:19","date_gmt":"2022-09-06T07:59:19","guid":{"rendered":"https:\/\/ave-eta-canada.com\/vad-du-ska-gora-om-du-forlorar-numret-med-kanada\/"},"modified":"2022-09-10T07:15:48","modified_gmt":"2022-09-10T07:15:48","slug":"vad-du-ska-gora-om-du-forlorar-numret-eta-kanada","status":"publish","type":"page","link":"https:\/\/ave-eta-canada.com\/sv\/vad-du-ska-gora-om-du-forlorar-numret-eta-kanada\/","title":{"rendered":"Vad g\u00f6r du om du f\u00f6rlorar ditt eTA Kanada-nummer?"},"content":{"rendered":"\n<h1 class=\"wp-block-heading\">F\u00f6rlorat eTA-nummer: vad ska jag g\u00f6ra?<\/h1>\n\n<p>Det elektroniska resetillst\u00e5ndet (eTA) \u00e4r ett dokument som g\u00f6r det m\u00f6jligt f\u00f6r dig att resa till Kanada i upp till sex m\u00e5nader f\u00f6r turism eller aff\u00e4rer. <strong>F\u00f6r att f\u00e5 detta resetillst\u00e5nd m\u00e5ste du fylla<\/strong> i ett <a href=\"https:\/\/ave-eta-canada.com\/sv\/kanada-eta-formular-online\/\">webbformul\u00e4r<\/a>. Detta skickas sedan vidare till de kanadensiska myndigheterna f\u00f6r att avg\u00f6ra om din ans\u00f6kan \u00e4r ber\u00e4ttigad. Om din eTA-ans\u00f6kan godk\u00e4nns f\u00e5r du ett eTA-nummer via e-post. Men vad \u00e4r syftet med detta nummer och vad kan du g\u00f6ra om du inte l\u00e4ngre hittar det? Vi svarar p\u00e5 alla dina fr\u00e5gor i den h\u00e4r artikeln.<br\/><\/p>\n\n<h2 class=\"wp-block-heading\">N\u00e4r \u00f6verf\u00f6rs eTA-numret?<\/h2>\n\n<p>Alla ans\u00f6kningar om eTA f\u00f6r resor till Kanada kr\u00e4ver en ans\u00f6kan online. Detta resedokument \u00e4r inte tillg\u00e4ngligt f\u00f6r alla. F\u00f6r att s\u00e4kerst\u00e4lla att du uppfyller <a href=\"https:\/\/ave-eta-canada.com\/sv\/eta-kanada-resevillkor\/\">kraven f\u00f6r att f\u00e5 delta <\/a>i programmet f\u00f6r viseringsundantag kr\u00e4ver Kanadas regering att du fyller i ett fr\u00e5geformul\u00e4r online.<\/p>\n\n<p>Svaren p\u00e5 fr\u00e5gorna i formul\u00e4ret \u00e4r d\u00e4rf\u00f6r avg\u00f6rande f\u00f6r <a href=\"https:\/\/ave-eta-canada.com\/sv\/hur-du-kontrollerar-statusen-pa-din-ansokan-eta-kanada\/\">statusen p\u00e5 din eTA-ans\u00f6kan<\/a>. Om den kanadensiska regeringen godk\u00e4nner din ans\u00f6kan om uppeh\u00e5llstillst\u00e5nd f\u00e5r du ett sammanfattande e-postmeddelande med ett eTA-nummer. Detta identifikationsnummer \u00e4r unikt och \u00e4r direkt kopplat till det pass med vilket ans\u00f6kan gjordes.<\/p>\n\n<p>eTA-numret g\u00f6r det m\u00f6jligt f\u00f6r dig att se din akt f\u00f6r att kontrollera om ditt intyg om bos\u00e4ttning i Kanada fortfarande \u00e4r giltigt. F\u00f6r att se till att du <a href=\"https:\/\/ave-eta-canada.com\/sv\/giltigheten-av-eta-kanada\/\">fortfarande har ett giltigt eTA<\/a> tillhandah\u00e5ller den kanadensiska regeringen ett verktyg som g\u00f6r det m\u00f6jligt f\u00f6r utl\u00e4ndska medborgare att kontrollera statusen p\u00e5 sitt eTA. Allt du beh\u00f6ver f\u00f6r att anv\u00e4nda den \u00e4r f\u00f6ljande:<\/p>\n\n<ul class=\"wp-block-list\"><li>eTA-ans\u00f6kningsnummer ;<\/li><li>passnummer ;<\/li><li>Det land d\u00e4r identitetshandlingen har utf\u00e4rdats ;<\/li><li>Datum f\u00f6r passets utf\u00e4rdande och giltighetstid.<\/li><\/ul>\n\n<p>Observera att om du redan har ett <a href=\"https:\/\/ave-eta-canada.com\/sv\/hur-man-far-ett-whv-arbetssemestertillstand-kanada\/\">WHP Canada<\/a> (Working Holiday Program) beh\u00f6ver du inte ans\u00f6ka om ett eTA. Detta g\u00e4ller \u00e4ven om du har ett permanent uppeh\u00e5llstillst\u00e5nd.<br\/><br\/><\/p>\n\n<h2 class=\"wp-block-heading\">Hur hittar du ditt eTA-nummer?<\/h2>\n\n<p>Som n\u00e4mnts ovan leder eTA-tilltr\u00e4de n\u00f6dv\u00e4ndigtvis till att ett eTA-nummer genereras. Du b\u00f6r veta att denna identifierare skickas via den e-postadress som du angav n\u00e4r du fyllde i fr\u00e5geformul\u00e4ret. Om du har mer \u00e4n en e-postadress, se till att du tittar p\u00e5 den som motsvarar din eTA-ans\u00f6kan. Dessutom kan e-postmeddelandet om eTA-numret hamna i skr\u00e4ppostmappen, s\u00e5 det \u00e4r l\u00e4mpligt att kontrollera \u00e4ven denna del.<\/p>\n\n<p>Om du inte har f\u00e5tt ett mottagningsbevis inom 72 timmar efter din ans\u00f6kan m\u00e5ste du fylla i ett formul\u00e4r p\u00e5 den officiella webbplatsen f\u00f6r den kanadensiska regeringen. Din beg\u00e4ran kommer att behandlas inom n\u00e5gra dagar. Det \u00e4r sj\u00e4lvklart att du m\u00e5ste vara s\u00e4ker p\u00e5 att du har angett r\u00e4tt adress och att du har kontrollerat din skr\u00e4ppost.<br\/><br\/><\/p>\n\n<h2 class=\"wp-block-heading\">F\u00f6rlust av eTA Canada-numret: \u00e4r det allvarligt?<\/h2>\n\n<p>Om du efter en noggrann s\u00f6kning fortfarande inte hittar e-postmeddelandet fr\u00e5n IRCC (Immigration, Refugees and Citizenship Canada) kan vi f\u00f6rs\u00e4kra dig om att detta inte n\u00f6dv\u00e4ndigtvis p\u00e5verkar din resa till Kanada. eTA \u00e4r ett elektroniskt tillst\u00e5nd, det finns ingen officiell pappersversion. N\u00e4r din ans\u00f6kan har godk\u00e4nts kopplas eTA elektroniskt till ditt e-pass eller biometriska pass. Detta inneb\u00e4r att flygbolagens personal och den kanadensiska gr\u00e4nsmyndigheten kommer att kunna f\u00e5 tillg\u00e5ng till ditt eTA elektroniskt genom att skanna ditt pass. Du beh\u00f6ver inte ge dem ditt eTA Kanada-nummer. <\/p>\n\n<p>Ett AVE-kort \u00e4r giltigt i fem \u00e5r, s\u00e5 om du har ans\u00f6kt nyligen och <a href=\"https:\/\/ave-eta-canada.com\/sv\/hur-man-hittar-man-en-forlorad-eta-kanada\/\">f\u00f6rlorat ditt eTA Kanada-nummer<\/a> \u00e4r det inget problem. Se till att ditt pass \u00e4r giltigt under hela vistelsen. I s\u00e5 fall upph\u00f6r din eTA att g\u00e4lla samma dag som din identitetshandling upph\u00f6r att g\u00e4lla. N\u00e4sta steg \u00e4r att best\u00e4lla ett nytt biometriskt pass fr\u00e5n ditt lokala stadshus och sedan ans\u00f6ka p\u00e5 nytt online.<\/p>\n\n<h3 class=\"wp-block-heading\">Ans\u00f6kan om ett nytt eTA-nummer<\/h3>\n\n<p>Om din ans\u00f6kan \u00e4r flera \u00e5r gammal och du inte l\u00e4ngre minns det exakta datumet f\u00f6r utf\u00e4rdandet, rekommenderar vi dig att ans\u00f6ka om en ny eTA-ans\u00f6kan. Det vore synd att planera resan i detalj och sedan nekas tilltr\u00e4de till flygplatsen p\u00e5 grund av en inaktuell eTA.<\/p>\n\n<p>F\u00f6r att ans\u00f6ka p\u00e5 nytt kan du g\u00e5 till den officiella webbplatsen f\u00f6r den kanadensiska regeringen eller till v\u00e5r partnerwebbplats. Om du v\u00e4ljer det andra alternativet f\u00e5r du personlig hj\u00e4lp med att f\u00e5 eTA. Om du tappar bort ditt eTA Canada-nummer efter att ha best\u00e4llt ditt tillst\u00e5nd via v\u00e5r partnerwebbplats, sparas bekr\u00e4ftelsen via e-post i ditt kundomr\u00e5de. Om du beh\u00f6ver hj\u00e4lp st\u00e5r v\u00e5r kundtj\u00e4nst ocks\u00e5 till ditt f\u00f6rfogande.<\/p>\n\n<p>\u00c4ven om en ny ans\u00f6kan medf\u00f6r eTA-avgifter \u00e4r det fortfarande en bra aff\u00e4r j\u00e4mf\u00f6rt med ett Kanada-visum eller ett <a href=\"https:\/\/ave-eta-canada.com\/sv\/hur-man-far-ett-whv-arbetssemestertillstand-kanada\/\">WHP (Working Holiday Program<\/a>), som kostar cirka 100 kanadensiska dollar.<\/p>\n\n<p>Observera att om du planerar att resa till USA efter din vistelse i Kanada beh\u00f6ver du f\u00f6rmodligen ett ESTA-tillst\u00e5nd, som fungerar enligt exakt samma princip som eTA.<\/p>\n","protected":false},"excerpt":{"rendered":"<p>F\u00f6rlorat eTA-nummer: vad ska jag g\u00f6ra? Det elektroniska resetillst\u00e5ndet (eTA) \u00e4r ett dokument som g\u00f6r det m\u00f6jligt f\u00f6r dig att resa till Kanada i upp till sex m\u00e5nader f\u00f6r turism eller aff\u00e4rer. F\u00f6r att f\u00e5 detta resetillst\u00e5nd m\u00e5ste du fylla i ett webbformul\u00e4r. Detta skickas sedan vidare till de kanadensiska myndigheterna f\u00f6r att avg\u00f6ra om [&hellip;]<\/p>\n","protected":false},"author":1,"featured_media":0,"parent":0,"menu_order":0,"comment_status":"closed","ping_status":"closed","template":"","meta":{"footnotes":""},"class_list":["post-2713","page","type-page","status-publish","hentry"],"yoast_head":"<!-- This site is optimized with the Yoast SEO plugin v26.9 - https:\/\/yoast.com\/product\/yoast-seo-wordpress\/ -->\n<title>Vad g\u00f6r du om du f\u00f6rlorar ditt eTA Kanada-nummer?<\/title>\n<meta name=\"description\" content=\"Varje tillf\u00e4lligt resetillst\u00e5nd till Kanada har ett tillh\u00f6rande eTA-nummer. Ta reda p\u00e5 hur du \u00e5terf\u00e5r ett f\u00f6rlorat eTA-ans\u00f6kningsnummer.\" \/>\n<meta name=\"robots\" content=\"index, follow, max-snippet:-1, max-image-preview:large, max-video-preview:-1\" \/>\n<link rel=\"canonical\" href=\"https:\/\/ave-eta-canada.com\/sv\/vad-du-ska-gora-om-du-forlorar-numret-eta-kanada\/\" \/>\n<meta property=\"og:locale\" content=\"sv_SE\" \/>\n<meta property=\"og:type\" content=\"article\" \/>\n<meta property=\"og:title\" content=\"Vad g\u00f6r du om du f\u00f6rlorar ditt eTA Kanada-nummer?\" \/>\n<meta property=\"og:description\" content=\"Varje tillf\u00e4lligt resetillst\u00e5nd till Kanada har ett tillh\u00f6rande eTA-nummer. Ta reda p\u00e5 hur du \u00e5terf\u00e5r ett f\u00f6rlorat eTA-ans\u00f6kningsnummer.\" \/>\n<meta property=\"og:url\" content=\"https:\/\/ave-eta-canada.com\/sv\/vad-du-ska-gora-om-du-forlorar-numret-eta-kanada\/\" \/>\n<meta property=\"og:site_name\" content=\"VISA CANADA\" \/>\n<meta property=\"article:modified_time\" content=\"2022-09-10T07:15:48+00:00\" \/>\n<meta name=\"twitter:card\" content=\"summary_large_image\" \/>\n<meta name=\"twitter:label1\" content=\"Ber\u00e4knad l\u00e4stid\" \/>\n\t<meta name=\"twitter:data1\" content=\"5 minuter\" \/>\n<script type=\"application\/ld+json\" class=\"yoast-schema-graph\">{\"@context\":\"https:\/\/schema.org\",\"@graph\":[{\"@type\":\"WebPage\",\"@id\":\"https:\/\/ave-eta-canada.com\/sv\/vad-du-ska-gora-om-du-forlorar-numret-eta-kanada\/\",\"url\":\"https:\/\/ave-eta-canada.com\/sv\/vad-du-ska-gora-om-du-forlorar-numret-eta-kanada\/\",\"name\":\"Vad g\u00f6r du om du f\u00f6rlorar ditt eTA Kanada-nummer?\",\"isPartOf\":{\"@id\":\"https:\/\/ave-eta-canada.com\/sv\/#website\"},\"datePublished\":\"2022-09-06T07:59:19+00:00\",\"dateModified\":\"2022-09-10T07:15:48+00:00\",\"description\":\"Varje tillf\u00e4lligt resetillst\u00e5nd till Kanada har ett tillh\u00f6rande eTA-nummer. Ta reda p\u00e5 hur du \u00e5terf\u00e5r ett f\u00f6rlorat eTA-ans\u00f6kningsnummer.\",\"breadcrumb\":{\"@id\":\"https:\/\/ave-eta-canada.com\/sv\/vad-du-ska-gora-om-du-forlorar-numret-eta-kanada\/#breadcrumb\"},\"inLanguage\":\"sv-SE\",\"potentialAction\":[{\"@type\":\"ReadAction\",\"target\":[\"https:\/\/ave-eta-canada.com\/sv\/vad-du-ska-gora-om-du-forlorar-numret-eta-kanada\/\"]}]},{\"@type\":\"BreadcrumbList\",\"@id\":\"https:\/\/ave-eta-canada.com\/sv\/vad-du-ska-gora-om-du-forlorar-numret-eta-kanada\/#breadcrumb\",\"itemListElement\":[{\"@type\":\"ListItem\",\"position\":1,\"name\":\"Home\",\"item\":\"https:\/\/ave-eta-canada.com\/sv\/\"},{\"@type\":\"ListItem\",\"position\":2,\"name\":\"Vad g\u00f6r du om du f\u00f6rlorar ditt eTA Kanada-nummer?\"}]},{\"@type\":\"WebSite\",\"@id\":\"https:\/\/ave-eta-canada.com\/sv\/#website\",\"url\":\"https:\/\/ave-eta-canada.com\/sv\/\",\"name\":\"VISA CANADA\",\"description\":\"Autorisation Voyage Electronique\",\"potentialAction\":[{\"@type\":\"SearchAction\",\"target\":{\"@type\":\"EntryPoint\",\"urlTemplate\":\"https:\/\/ave-eta-canada.com\/sv\/?s={search_term_string}\"},\"query-input\":{\"@type\":\"PropertyValueSpecification\",\"valueRequired\":true,\"valueName\":\"search_term_string\"}}],\"inLanguage\":\"sv-SE\"}]}<\/script>\n<!-- \/ Yoast SEO plugin. -->","yoast_head_json":{"title":"Vad g\u00f6r du om du f\u00f6rlorar ditt eTA Kanada-nummer?","description":"Varje tillf\u00e4lligt resetillst\u00e5nd till Kanada har ett tillh\u00f6rande eTA-nummer. Ta reda p\u00e5 hur du \u00e5terf\u00e5r ett f\u00f6rlorat eTA-ans\u00f6kningsnummer.","robots":{"index":"index","follow":"follow","max-snippet":"max-snippet:-1","max-image-preview":"max-image-preview:large","max-video-preview":"max-video-preview:-1"},"canonical":"https:\/\/ave-eta-canada.com\/sv\/vad-du-ska-gora-om-du-forlorar-numret-eta-kanada\/","og_locale":"sv_SE","og_type":"article","og_title":"Vad g\u00f6r du om du f\u00f6rlorar ditt eTA Kanada-nummer?","og_description":"Varje tillf\u00e4lligt resetillst\u00e5nd till Kanada har ett tillh\u00f6rande eTA-nummer. Ta reda p\u00e5 hur du \u00e5terf\u00e5r ett f\u00f6rlorat eTA-ans\u00f6kningsnummer.","og_url":"https:\/\/ave-eta-canada.com\/sv\/vad-du-ska-gora-om-du-forlorar-numret-eta-kanada\/","og_site_name":"VISA CANADA","article_modified_time":"2022-09-10T07:15:48+00:00","twitter_card":"summary_large_image","twitter_misc":{"Ber\u00e4knad l\u00e4stid":"5 minuter"},"schema":{"@context":"https:\/\/schema.org","@graph":[{"@type":"WebPage","@id":"https:\/\/ave-eta-canada.com\/sv\/vad-du-ska-gora-om-du-forlorar-numret-eta-kanada\/","url":"https:\/\/ave-eta-canada.com\/sv\/vad-du-ska-gora-om-du-forlorar-numret-eta-kanada\/","name":"Vad g\u00f6r du om du f\u00f6rlorar ditt eTA Kanada-nummer?","isPartOf":{"@id":"https:\/\/ave-eta-canada.com\/sv\/#website"},"datePublished":"2022-09-06T07:59:19+00:00","dateModified":"2022-09-10T07:15:48+00:00","description":"Varje tillf\u00e4lligt resetillst\u00e5nd till Kanada har ett tillh\u00f6rande eTA-nummer. Ta reda p\u00e5 hur du \u00e5terf\u00e5r ett f\u00f6rlorat eTA-ans\u00f6kningsnummer.","breadcrumb":{"@id":"https:\/\/ave-eta-canada.com\/sv\/vad-du-ska-gora-om-du-forlorar-numret-eta-kanada\/#breadcrumb"},"inLanguage":"sv-SE","potentialAction":[{"@type":"ReadAction","target":["https:\/\/ave-eta-canada.com\/sv\/vad-du-ska-gora-om-du-forlorar-numret-eta-kanada\/"]}]},{"@type":"BreadcrumbList","@id":"https:\/\/ave-eta-canada.com\/sv\/vad-du-ska-gora-om-du-forlorar-numret-eta-kanada\/#breadcrumb","itemListElement":[{"@type":"ListItem","position":1,"name":"Home","item":"https:\/\/ave-eta-canada.com\/sv\/"},{"@type":"ListItem","position":2,"name":"Vad g\u00f6r du om du f\u00f6rlorar ditt eTA Kanada-nummer?"}]},{"@type":"WebSite","@id":"https:\/\/ave-eta-canada.com\/sv\/#website","url":"https:\/\/ave-eta-canada.com\/sv\/","name":"VISA CANADA","description":"Autorisation Voyage Electronique","potentialAction":[{"@type":"SearchAction","target":{"@type":"EntryPoint","urlTemplate":"https:\/\/ave-eta-canada.com\/sv\/?s={search_term_string}"},"query-input":{"@type":"PropertyValueSpecification","valueRequired":true,"valueName":"search_term_string"}}],"inLanguage":"sv-SE"}]}},"_links":{"self":[{"href":"https:\/\/ave-eta-canada.com\/sv\/wp-json\/wp\/v2\/pages\/2713","targetHints":{"allow":["GET"]}}],"collection":[{"href":"https:\/\/ave-eta-canada.com\/sv\/wp-json\/wp\/v2\/pages"}],"about":[{"href":"https:\/\/ave-eta-canada.com\/sv\/wp-json\/wp\/v2\/types\/page"}],"author":[{"embeddable":true,"href":"https:\/\/ave-eta-canada.com\/sv\/wp-json\/wp\/v2\/users\/1"}],"replies":[{"embeddable":true,"href":"https:\/\/ave-eta-canada.com\/sv\/wp-json\/wp\/v2\/comments?post=2713"}],"version-history":[{"count":0,"href":"https:\/\/ave-eta-canada.com\/sv\/wp-json\/wp\/v2\/pages\/2713\/revisions"}],"wp:attachment":[{"href":"https:\/\/ave-eta-canada.com\/sv\/wp-json\/wp\/v2\/media?parent=2713"}],"curies":[{"name":"wp","href":"https:\/\/api.w.org\/{rel}","templated":true}]}}