{"id":2721,"date":"2022-09-06T07:59:20","date_gmt":"2022-09-06T07:59:20","guid":{"rendered":"https:\/\/ave-eta-canada.com\/med-eller-med-vilket-resetillstand-valj-for-din-vistelse\/"},"modified":"2022-09-07T20:30:54","modified_gmt":"2022-09-07T20:30:54","slug":"eta-eller-esta-vilket-resetillstand","status":"publish","type":"page","link":"https:\/\/ave-eta-canada.com\/sv\/eta-eller-esta-vilket-resetillstand\/","title":{"rendered":"eTA eller ESTA: vilket resetillst\u00e5nd ska jag v\u00e4lja?"},"content":{"rendered":"\n<h1 class=\"wp-block-heading\">Vilket resetillst\u00e5nd (eTA eller ESTA) ska du v\u00e4lja?<\/h1>\n\n<p>Om du snart ska resa till Nordamerika beh\u00f6ver du resehandlingar. Med alla dessa normer och best\u00e4mmelser \u00e4r det inte l\u00e4tt att se klart. Ans\u00f6kan om visum eller resetillst\u00e5nd (eTA eller ESTA)? Vi f\u00f6rklarar allt i den h\u00e4r artikeln.<\/p>\n\n<p><strong>F\u00f6r en vistelse p\u00e5 mindre \u00e4n 6 m\u00e5nader i Kanada<\/strong>: Du kan fylla i formaliteterna f\u00f6r inresa till Kanada direkt via Internet genom att klicka p\u00e5 <a href=\"https:\/\/ave-eta-canada.com\/sv\/kanada-eta-formular-online\/\">onlineformul\u00e4ret<\/a>. Det \u00e4r inte n\u00f6dv\u00e4ndigt att boka ett m\u00f6te p\u00e5 Kanadas ambassad eller konsulat.<\/p>\n\n<br\/>\n\n<h2 class=\"wp-block-heading\">eTA och ESTA, uppvisande av dessa tv\u00e5 resetillst\u00e5nd.<\/h2>\n\n<h3 class=\"wp-block-heading\">ESTA<\/h3>\n\n<p>ESTA st\u00e5r f\u00f6r Electronic System for Travel Authorization (elektroniskt system f\u00f6r resetillst\u00e5nd). Detta \u00e4r ett resetillst\u00e5nd som utf\u00e4rdas av den amerikanska regeringen f\u00f6r personer som vill resa till USA med flyg eller b\u00e5t. Detta tillst\u00e5nd ers\u00e4tter turistvisum f\u00f6r resen\u00e4rer som kommer fr\u00e5n ett medlemsland i programmet f\u00f6r viseringsundantag.<\/p>\n\n<p>F\u00f6r att ans\u00f6ka m\u00e5ste du uppfylla flera kriterier:<\/p>\n\n<ul class=\"wp-block-list\"><li>vara medborgare i ett land som deltar i programmet f\u00f6r viseringsundantag;<\/li><li>inneha ett giltigt biometriskt eller elektroniskt pass;<\/li><li>som reser till F\u00f6renta staterna f\u00f6r turism, aff\u00e4rer eller transitering;<\/li><li>anl\u00e4nder till amerikansk mark med flyg eller till sj\u00f6ss;<\/li><li>vistelsen f\u00e5r inte vara l\u00e4ngre \u00e4n 90 dagar.<\/li><\/ul>\n\n<h4 class=\"wp-block-heading\">Hur f\u00e5r jag ett ESTA?<\/h4>\n\n<p>Ans\u00f6kan om ESTA-tillst\u00e5nd g\u00f6rs uteslutande online, p\u00e5 den amerikanska regeringens webbplats eller via en privat tj\u00e4nsteleverant\u00f6r.<\/p>\n\n<p>Du kommer att bli ombedd att fylla i ett onlineformul\u00e4r f\u00f6r din ESTA-ans\u00f6kan. ESTA-formul\u00e4ret fokuserar p\u00e5 din identitet, ditt liv och ditt resedokument: namn (flicknamn eller gift namn beroende p\u00e5 passet), f\u00f6rnamn, f\u00f6delsedatum och f\u00f6delseort, passnummer, datum f\u00f6r utf\u00e4rdande och upph\u00f6rande, kontaktuppgifter, kriminell och medicinsk historia, tidigare utlandsvistelser osv. N\u00e4r du har fyllt i din ESTA-blankett m\u00e5ste du ange ett betalkort f\u00f6r att betala ans\u00f6kningsavgiften f\u00f6r din ESTA-ans\u00f6kan.<\/p>\n\n<p>Ett ESTA \u00e4r giltigt i tv\u00e5 \u00e5r, med f\u00f6rbeh\u00e5ll f\u00f6r passets giltighetsdatum.<\/p>\n\n<p>S\u00e5 om du vill bes\u00f6ka USA under dessa f\u00f6rh\u00e5llanden b\u00f6r du v\u00e4lja mellan eTA och ESTA.<\/p>\n\n<h3 class=\"wp-block-heading\">eTA<\/h3>\n\n<p>eTA st\u00e5r f\u00f6r Electronic Travel Authorisation (elektronisk reseauktorisation). F\u00f6r engelsktalande \u00e4r detta k\u00e4nt som <a href=\"https:\/\/ave-eta-canada.com\/sv\/vad-ar-eta-kanada\/\">eTA<\/a> (Electronic Travel Authorization). Du b\u00f6r veta att dessa tv\u00e5 namn syftar p\u00e5 exakt samma sak.<\/p>\n\n<p>eTA \u00e4r ett tillst\u00e5nd som kr\u00e4vs f\u00f6r att resa in i Kanada. Det \u00e4r d\u00e4rf\u00f6r inte n\u00f6dv\u00e4ndigt att g\u00f6ra en eTA om man anl\u00e4nder med b\u00e5t, inte ens med ett kryssningsfartyg.<\/p>\n\n<p>AVE g\u00e4ller f\u00f6r medborgare i de 61 l\u00e4nder som ing\u00e5r i Kanadas program f\u00f6r viseringsundantag. Det \u00e4r obligatoriskt att ha ett giltigt biometriskt pass eller e-pass f\u00f6r att kunna ans\u00f6ka. Din vistelse f\u00e5r inte vara l\u00e4ngre \u00e4n 6 m\u00e5nader.<\/p>\n\n<h4 class=\"wp-block-heading\">Hur f\u00e5r du din eTA?<\/h4>\n\n<p>F\u00f6r att <a href=\"https:\/\/ave-eta-canada.com\/sv\/\">ans\u00f6ka om eTA<\/a> m\u00e5ste du fylla i en blankett p\u00e5 n\u00e4tet och betala den n\u00f6dv\u00e4ndiga avgiften. F\u00f6r att g\u00f6ra detta kan du antingen g\u00e5 till den officiella webbplatsen f\u00f6r den kanadensiska regeringen eller anv\u00e4nda dig av en privat leverant\u00f6r. Om du v\u00e4ljer en privat webbplats kan du f\u00e5 personlig hj\u00e4lp och minska risken f\u00f6r avslag.  <\/p>\n\n<p>Ett eTA \u00e4r giltigt i fem \u00e5r, upp till passets utg\u00e5ngsdatum. Om du vill bes\u00f6ka Kanada b\u00f6r du v\u00e4lja mellan eTA och ESTA.<br\/><br\/><\/p>\n\n<h2 class=\"wp-block-heading\">ESTA och eTA, likheterna<\/h2>\n\n<p>Som du kanske har m\u00e4rkt finns det m\u00e5nga likheter mellan ett eTA och ett ESTA; det kanadensiska eTA \u00e4r kopierat fr\u00e5n det amerikanska ESTA.<\/p>\n\n<ul class=\"wp-block-list\"><li>ESTA och eTA \u00e4r resetillst\u00e5nd som \u00e4r kopplade till passet. Det \u00e4r viktigt att samma pass anv\u00e4nds vid alla resor. Tulltj\u00e4nstem\u00e4nnen kontrollerar att du \u00e4r i ordning genom att skanna ditt pass.  <\/li><li>eTA, liksom ESTA, ska erh\u00e5llas f\u00f6re avresan. Flygbolagets personal kontrollerar din eTA- eller ESTA-handling, redan innan du g\u00e5r ombord.<\/li><li>B\u00e5da dessa resetillst\u00e5nd kan endast erh\u00e5llas genom en ans\u00f6kan online. Du beh\u00f6ver inte boka tid p\u00e5 n\u00e4rmaste amerikanska eller kanadensiska ambassad.<\/li><li>ESTA och eTA ger dig tillst\u00e5nd att resa till USA respektive Kanada f\u00f6r turism, aff\u00e4rer eller transitering. Du f\u00e5r d\u00e4rf\u00f6r inte arbeta, studera eller resa till USA eller Kanada med ESTA och eTA. Om detta \u00e4r ditt m\u00e5l m\u00e5ste du ans\u00f6ka om ett l\u00e4mpligt visum eller Green Card.<\/li><li>B\u00e5de eTA och ESTA \u00e4r obligatoriska, men de garanterar inte inresa till USA eller Kanada. Denna r\u00e4tt ges som ett resultat av tulltj\u00e4nstem\u00e4nnens kontroll vid ankomsten till gr\u00e4nsposten.<br\/><br\/><\/li><\/ul>\n\n<h2 class=\"wp-block-heading\">ESTA och eTA, skillnaderna<\/h2>\n\n<ul class=\"wp-block-list\"><li>Detta \u00e4r logiskt, men vi m\u00e5ste komma ih\u00e5g att eTA anv\u00e4nds f\u00f6r resor till Kanada och ESTA f\u00f6r vistelser i USA. \u00c4ven om de tv\u00e5 l\u00e4nderna st\u00e5r varandra n\u00e4ra kan det ena tillst\u00e5ndet inte ers\u00e4tta det andra.<\/li><li>AVE \u00e4r giltigt f\u00f6r medborgare fr\u00e5n 61 olika territorier, medan ESTA \u00e4r giltigt f\u00f6r endast 40 l\u00e4nder (siffror uppdaterade i september 2022).<\/li><li>ESTA g\u00e4ller f\u00f6r resen\u00e4rer som anl\u00e4nder med flyg och b\u00e5t, medan eTA endast kr\u00e4vs f\u00f6r resen\u00e4rer som anl\u00e4nder till Kanada med flyg.<\/li><li>Ett ESTA kostar 21 US-dollar p\u00e5 regeringens webbplats fr\u00e5n och med maj 2022, medan <a href=\"https:\/\/ave-eta-canada.com\/sv\/eta-kanada-att-priset\/\">priset f\u00f6r AVE \u00e4r 7 CAD<\/a>. Priset f\u00f6r ESTA och eTA \u00e4r annorlunda om du anv\u00e4nder dig av en oberoende webbplats. Denna skillnad f\u00f6rklaras av den personliga assistans som tillhandah\u00e5lls av den privata leverant\u00f6ren.<\/li><li>Den maximala l\u00e4ngden p\u00e5 din vistelse \u00e4r ocks\u00e5 olika. Med ett eTA f\u00e5r du stanna i Kanada i sex m\u00e5nader i f\u00f6ljd, medan du med ett ESTA inte f\u00e5r stanna l\u00e4ngre \u00e4n 90 dagar i f\u00f6ljd.<\/li><li><a href=\"https:\/\/ave-eta-canada.com\/sv\/giltigheten-av-eta-kanada\/\">eTA \u00e4r giltigt i fem \u00e5r<\/a>, medan ett ESTA endast \u00e4r giltigt i tv\u00e5 \u00e5r. Teoretiskt sett \u00e4r det m\u00f6jligt att g\u00f6ra ett obegr\u00e4nsat antal resor under denna period. I b\u00e5da fallen kr\u00e4vs en ny ans\u00f6kan om dina personuppgifter \u00e4ndras och\/eller om du f\u00e5r ett nytt pass.<\/li><\/ul>\n\n<p>Nu vet du det viktigaste om dessa tv\u00e5 resetillst\u00e5nd. Allt du beh\u00f6ver g\u00f6ra \u00e4r att v\u00e4lja destination. Ha en trevlig resa<\/p>\n","protected":false},"excerpt":{"rendered":"<p>Vilket resetillst\u00e5nd (eTA eller ESTA) ska du v\u00e4lja? Om du snart ska resa till Nordamerika beh\u00f6ver du resehandlingar. Med alla dessa normer och best\u00e4mmelser \u00e4r det inte l\u00e4tt att se klart. Ans\u00f6kan om visum eller resetillst\u00e5nd (eTA eller ESTA)? Vi f\u00f6rklarar allt i den h\u00e4r artikeln. F\u00f6r en vistelse p\u00e5 mindre \u00e4n 6 m\u00e5nader i [&hellip;]<\/p>\n","protected":false},"author":1,"featured_media":0,"parent":0,"menu_order":0,"comment_status":"closed","ping_status":"closed","template":"","meta":{"footnotes":""},"class_list":["post-2721","page","type-page","status-publish","hentry"],"yoast_head":"<!-- This site is optimized with the Yoast SEO plugin v26.9 - https:\/\/yoast.com\/product\/yoast-seo-wordpress\/ -->\n<title>eTA eller ESTA: vilket resetillst\u00e5nd ska jag v\u00e4lja?<\/title>\n<meta name=\"description\" content=\"F\u00f6r att resa till den amerikanska kontinenten finns det tv\u00e5 huvudsakliga elektroniska resetillst\u00e5nd: AVE och ESTA.\" \/>\n<meta name=\"robots\" content=\"index, follow, max-snippet:-1, max-image-preview:large, max-video-preview:-1\" \/>\n<link rel=\"canonical\" href=\"https:\/\/ave-eta-canada.com\/sv\/eta-eller-esta-vilket-resetillstand\/\" \/>\n<meta property=\"og:locale\" content=\"sv_SE\" \/>\n<meta property=\"og:type\" content=\"article\" \/>\n<meta property=\"og:title\" content=\"eTA eller ESTA: vilket resetillst\u00e5nd ska jag v\u00e4lja?\" \/>\n<meta property=\"og:description\" content=\"F\u00f6r att resa till den amerikanska kontinenten finns det tv\u00e5 huvudsakliga elektroniska resetillst\u00e5nd: AVE och ESTA.\" \/>\n<meta property=\"og:url\" content=\"https:\/\/ave-eta-canada.com\/sv\/eta-eller-esta-vilket-resetillstand\/\" \/>\n<meta property=\"og:site_name\" content=\"VISA CANADA\" \/>\n<meta property=\"article:modified_time\" content=\"2022-09-07T20:30:54+00:00\" \/>\n<meta name=\"twitter:card\" content=\"summary_large_image\" \/>\n<meta name=\"twitter:label1\" content=\"Ber\u00e4knad l\u00e4stid\" \/>\n\t<meta name=\"twitter:data1\" content=\"5 minuter\" \/>\n<script type=\"application\/ld+json\" class=\"yoast-schema-graph\">{\"@context\":\"https:\/\/schema.org\",\"@graph\":[{\"@type\":\"WebPage\",\"@id\":\"https:\/\/ave-eta-canada.com\/sv\/eta-eller-esta-vilket-resetillstand\/\",\"url\":\"https:\/\/ave-eta-canada.com\/sv\/eta-eller-esta-vilket-resetillstand\/\",\"name\":\"eTA eller ESTA: vilket resetillst\u00e5nd ska jag v\u00e4lja?\",\"isPartOf\":{\"@id\":\"https:\/\/ave-eta-canada.com\/sv\/#website\"},\"datePublished\":\"2022-09-06T07:59:20+00:00\",\"dateModified\":\"2022-09-07T20:30:54+00:00\",\"description\":\"F\u00f6r att resa till den amerikanska kontinenten finns det tv\u00e5 huvudsakliga elektroniska resetillst\u00e5nd: AVE och ESTA.\",\"breadcrumb\":{\"@id\":\"https:\/\/ave-eta-canada.com\/sv\/eta-eller-esta-vilket-resetillstand\/#breadcrumb\"},\"inLanguage\":\"sv-SE\",\"potentialAction\":[{\"@type\":\"ReadAction\",\"target\":[\"https:\/\/ave-eta-canada.com\/sv\/eta-eller-esta-vilket-resetillstand\/\"]}]},{\"@type\":\"BreadcrumbList\",\"@id\":\"https:\/\/ave-eta-canada.com\/sv\/eta-eller-esta-vilket-resetillstand\/#breadcrumb\",\"itemListElement\":[{\"@type\":\"ListItem\",\"position\":1,\"name\":\"Home\",\"item\":\"https:\/\/ave-eta-canada.com\/sv\/\"},{\"@type\":\"ListItem\",\"position\":2,\"name\":\"eTA eller ESTA: vilket resetillst\u00e5nd ska jag v\u00e4lja?\"}]},{\"@type\":\"WebSite\",\"@id\":\"https:\/\/ave-eta-canada.com\/sv\/#website\",\"url\":\"https:\/\/ave-eta-canada.com\/sv\/\",\"name\":\"VISA CANADA\",\"description\":\"Autorisation Voyage Electronique\",\"potentialAction\":[{\"@type\":\"SearchAction\",\"target\":{\"@type\":\"EntryPoint\",\"urlTemplate\":\"https:\/\/ave-eta-canada.com\/sv\/?s={search_term_string}\"},\"query-input\":{\"@type\":\"PropertyValueSpecification\",\"valueRequired\":true,\"valueName\":\"search_term_string\"}}],\"inLanguage\":\"sv-SE\"}]}<\/script>\n<!-- \/ Yoast SEO plugin. -->","yoast_head_json":{"title":"eTA eller ESTA: vilket resetillst\u00e5nd ska jag v\u00e4lja?","description":"F\u00f6r att resa till den amerikanska kontinenten finns det tv\u00e5 huvudsakliga elektroniska resetillst\u00e5nd: AVE och ESTA.","robots":{"index":"index","follow":"follow","max-snippet":"max-snippet:-1","max-image-preview":"max-image-preview:large","max-video-preview":"max-video-preview:-1"},"canonical":"https:\/\/ave-eta-canada.com\/sv\/eta-eller-esta-vilket-resetillstand\/","og_locale":"sv_SE","og_type":"article","og_title":"eTA eller ESTA: vilket resetillst\u00e5nd ska jag v\u00e4lja?","og_description":"F\u00f6r att resa till den amerikanska kontinenten finns det tv\u00e5 huvudsakliga elektroniska resetillst\u00e5nd: AVE och ESTA.","og_url":"https:\/\/ave-eta-canada.com\/sv\/eta-eller-esta-vilket-resetillstand\/","og_site_name":"VISA CANADA","article_modified_time":"2022-09-07T20:30:54+00:00","twitter_card":"summary_large_image","twitter_misc":{"Ber\u00e4knad l\u00e4stid":"5 minuter"},"schema":{"@context":"https:\/\/schema.org","@graph":[{"@type":"WebPage","@id":"https:\/\/ave-eta-canada.com\/sv\/eta-eller-esta-vilket-resetillstand\/","url":"https:\/\/ave-eta-canada.com\/sv\/eta-eller-esta-vilket-resetillstand\/","name":"eTA eller ESTA: vilket resetillst\u00e5nd ska jag v\u00e4lja?","isPartOf":{"@id":"https:\/\/ave-eta-canada.com\/sv\/#website"},"datePublished":"2022-09-06T07:59:20+00:00","dateModified":"2022-09-07T20:30:54+00:00","description":"F\u00f6r att resa till den amerikanska kontinenten finns det tv\u00e5 huvudsakliga elektroniska resetillst\u00e5nd: AVE och ESTA.","breadcrumb":{"@id":"https:\/\/ave-eta-canada.com\/sv\/eta-eller-esta-vilket-resetillstand\/#breadcrumb"},"inLanguage":"sv-SE","potentialAction":[{"@type":"ReadAction","target":["https:\/\/ave-eta-canada.com\/sv\/eta-eller-esta-vilket-resetillstand\/"]}]},{"@type":"BreadcrumbList","@id":"https:\/\/ave-eta-canada.com\/sv\/eta-eller-esta-vilket-resetillstand\/#breadcrumb","itemListElement":[{"@type":"ListItem","position":1,"name":"Home","item":"https:\/\/ave-eta-canada.com\/sv\/"},{"@type":"ListItem","position":2,"name":"eTA eller ESTA: vilket resetillst\u00e5nd ska jag v\u00e4lja?"}]},{"@type":"WebSite","@id":"https:\/\/ave-eta-canada.com\/sv\/#website","url":"https:\/\/ave-eta-canada.com\/sv\/","name":"VISA CANADA","description":"Autorisation Voyage Electronique","potentialAction":[{"@type":"SearchAction","target":{"@type":"EntryPoint","urlTemplate":"https:\/\/ave-eta-canada.com\/sv\/?s={search_term_string}"},"query-input":{"@type":"PropertyValueSpecification","valueRequired":true,"valueName":"search_term_string"}}],"inLanguage":"sv-SE"}]}},"_links":{"self":[{"href":"https:\/\/ave-eta-canada.com\/sv\/wp-json\/wp\/v2\/pages\/2721","targetHints":{"allow":["GET"]}}],"collection":[{"href":"https:\/\/ave-eta-canada.com\/sv\/wp-json\/wp\/v2\/pages"}],"about":[{"href":"https:\/\/ave-eta-canada.com\/sv\/wp-json\/wp\/v2\/types\/page"}],"author":[{"embeddable":true,"href":"https:\/\/ave-eta-canada.com\/sv\/wp-json\/wp\/v2\/users\/1"}],"replies":[{"embeddable":true,"href":"https:\/\/ave-eta-canada.com\/sv\/wp-json\/wp\/v2\/comments?post=2721"}],"version-history":[{"count":0,"href":"https:\/\/ave-eta-canada.com\/sv\/wp-json\/wp\/v2\/pages\/2721\/revisions"}],"wp:attachment":[{"href":"https:\/\/ave-eta-canada.com\/sv\/wp-json\/wp\/v2\/media?parent=2721"}],"curies":[{"name":"wp","href":"https:\/\/api.w.org\/{rel}","templated":true}]}}