{"id":2724,"date":"2022-09-06T07:59:21","date_gmt":"2022-09-06T07:59:21","guid":{"rendered":"https:\/\/ave-eta-canada.com\/hur-man-hittar-en-vag\/"},"modified":"2022-09-09T20:52:13","modified_gmt":"2022-09-09T20:52:13","slug":"hur-man-hittar-en-eta-kanada","status":"publish","type":"page","link":"https:\/\/ave-eta-canada.com\/sv\/hur-man-hittar-en-eta-kanada\/","title":{"rendered":"Hur hittar man en eTA?"},"content":{"rendered":"\n<h1 class=\"wp-block-heading\">F\u00f6rfarande f\u00f6r att h\u00e4mta din eTA Kanada<\/h1>\n\n<p>Kanada lockar varje \u00e5r m\u00e5nga turister med sina \u00f6verd\u00e5diga landskap, sin l\u00f6nnsirap och sina charmiga st\u00e4der.  <\/p>\n\n<p><strong>F\u00f6r en vistelse p\u00e5 mindre \u00e4n 6 m\u00e5nader i Kanada<\/strong>: Du kan fylla i formaliteterna f\u00f6r inresa till Kanada direkt via Internet genom att klicka p\u00e5 <a href=\"https:\/\/ave-eta-canada.com\/sv\/kanada-eta-formular-online\/\">onlineformul\u00e4ret<\/a>. Det \u00e4r inte n\u00f6dv\u00e4ndigt att boka ett m\u00f6te p\u00e5 Kanadas ambassad eller konsulat.<\/p>\n\n<p>Om du planerar att resa till Kanada f\u00f6rklarar vi <a href=\"https:\/\/ave-eta-canada.com\/sv\/gor-en-ansokan-hos-kanadas-officiella-myndighet\/\">hur du ans\u00f6ker om ett eTA<\/a>. Om du har ans\u00f6kt om ett eTA, men inte vet hur du hittar det, ger vi dig en snabb \u00f6versikt \u00f6ver detta elektroniska resetillst\u00e5nd innan vi f\u00f6rklarar hur du hittar det.<\/p>\n\n<h2 class=\"wp-block-heading\">Vad \u00e4r eTA Travel Authorisation?<\/h2>\n\n<p>Innan du kan hitta din eTA \u00e4r det viktigt att du vet vad det \u00e4r och framf\u00f6r allt hur det fungerar.<\/p>\n\n<p>Det <a href=\"https:\/\/ave-eta-canada.com\/sv\/\">elektroniska resetillst\u00e5ndet eTA<\/a> kr\u00e4vs f\u00f6r resor till Kanada i upp till sex m\u00e5nader eller f\u00f6r transit till en slutdestination. Medborgare i vissa l\u00e4nder, \u00e4r undantagna fr\u00e5n viseringskravet och kan d\u00e4rf\u00f6r ans\u00f6ka om eTA om de har ett giltigt pass. Observera att det \u00e4r mycket mer komplicerat att ans\u00f6ka om visum \u00e4n att ans\u00f6ka om eTA.<\/p>\n\n<p><a href=\"https:\/\/ave-eta-canada.com\/sv\/giltigheten-av-eta-kanada\/\">eTA:s giltighetstid <\/a>\u00e4r fem \u00e5r, vilket g\u00f6r det m\u00f6jligt f\u00f6r resen\u00e4rer att stanna i Kanada under flera resor om inte det pass som \u00e4r kopplat till ans\u00f6kan inte l\u00e4ngre \u00e4r giltigt. I s\u00e5 fall m\u00e5ste du f\u00f6rnya ditt pass och ans\u00f6ka om en ny eTA.<\/p>\n\n<p>Du beh\u00f6ver inte g\u00e5 till konsulatet eller ambassaden f\u00f6r att ans\u00f6ka om eTA. Det \u00e4r m\u00f6jligt att <a href=\"https:\/\/ave-eta-canada.com\/sv\/nar-du-ska-ansoka-om-din-eta-kanada\/\">ans\u00f6ka om eTA<\/a> p\u00e5 den kanadensiska regeringens officiella webbplats, genom att fylla i formul\u00e4ret. Om du vill ha hj\u00e4lp med denna process kan vissa privata webbplatser, t.ex. v\u00e5r partner, erbjuda att utf\u00f6ra denna uppgift \u00e5t dig.<\/p>\n\n<p>Oavsett hur du g\u00f6r din best\u00e4llning f\u00e5r du ett mottagningsbevis eller till och med ett godk\u00e4nnande inom n\u00e5gra minuter. Kontrollen kan dock ta l\u00e4ngre tid, men den tar normalt inte mer \u00e4n n\u00e5gra dagar.<\/p>\n\n<p>Bra att veta: eTA ger dig r\u00e4tt att resa till Kanada, men det \u00e4r bara ett pass som ger dig r\u00e4tt att n\u00e5 kanadensisk mark och du m\u00e5ste fortfarande passera tullen innan du kan njuta av din vistelse.<\/p>\n\n<p>Du har ans\u00f6kt om ett <a href=\"https:\/\/ave-eta-canada.com\/sv\/hur-man-fyller-i-en-eta-for-att-resa-i-kanada\/\">eTA genom att fylla i onlineformul\u00e4ret<\/a> p\u00e5 den officiella webbplatsen eller en privat plattform och hittar det inte l\u00e4ngre? Vi f\u00f6rklarar hur du f\u00e5r din eTA i n\u00e4sta stycke!<br\/><br\/><\/p>\n\n<h2 class=\"wp-block-heading\">S\u00e5 h\u00e4r hittar du din eTA<\/h2>\n\n<p>Flygplatstj\u00e4nstem\u00e4nnen kommer inte att be dig om ditt eTA-dokument. Ditt tillst\u00e5nd \u00e4r helt enkelt kopplat till ditt passnummer och registreras i de elektroniska systemen. Allt du beh\u00f6ver g\u00f6ra \u00e4r att visa upp ditt giltiga pass vid incheckningen innan du flyger till Kanada och i tullen.<\/p>\n\n<p>Om du vill kontrollera att du har f\u00e5tt tillst\u00e5ndet innan du \u00e5ker kan du dock kontrollera dess status p\u00e5 n\u00e4tet. Oavsett om du har best\u00e4llt din eTA p\u00e5 v\u00e5r partners plattform eller p\u00e5 den kanadensiska regeringens webbplats \u00e4r f\u00f6rfarandet f\u00f6r att h\u00e4mta den detsamma. F\u00f6r att g\u00f6ra det m\u00e5ste du g\u00e5 till den officiella webbplatsen. Det finns en sida som \u00e4r avsedd f\u00f6r att kontrollera statusen f\u00f6r det elektroniska resetillst\u00e5ndet, s\u00e5 att du kan h\u00e4mta eTA:n. Observera att du p\u00e5 samma sida kan <a href=\"https:\/\/ave-eta-canada.com\/sv\/hur-du-kontrollerar-statusen-pa-din-ansokan-eta-kanada\/\">kontrollera statusen f\u00f6r din eTA<\/a> n\u00e4r den \u00e4r p\u00e5g\u00e5ende.<\/p>\n\n<p>Flera f\u00e4lt m\u00e5ste fyllas i. F\u00f6rst m\u00e5ste du ange att du \u00e4r en eTA-innehavare och att du vill konsultera din fil f\u00f6r att \u00e5terst\u00e4lla den. D\u00e4refter beh\u00f6ver du ditt eTA-nummer, som du har f\u00e5tt via e-post. Du kommer ocks\u00e5 att bli ombedd att uppge ditt passnummer, utf\u00e4rdandeland, datum f\u00f6r utf\u00e4rdande och utg\u00e5ngsdatum. N\u00e4r du har l\u00e4mnat alla uppgifter klickar du p\u00e5 &#8221;Kontrollera statusen p\u00e5 din ans\u00f6kan&#8221;.<\/p>\n\n<p>Nu har du din eTA tillbaka!<\/p>\n\n<p>F\u00f6r en f\u00f6rsvunnen eTA Kanada ska s\u00f6kningen ocks\u00e5 g\u00f6ras p\u00e5 den kanadensiska regeringens officiella webbplats. Mer information finns i den h\u00e4r artikeln.  <\/p>\n\n<p>Vi \u00f6nskar dig en underbar resa till Kanada!<\/p>\n","protected":false},"excerpt":{"rendered":"<p>F\u00f6rfarande f\u00f6r att h\u00e4mta din eTA Kanada Kanada lockar varje \u00e5r m\u00e5nga turister med sina \u00f6verd\u00e5diga landskap, sin l\u00f6nnsirap och sina charmiga st\u00e4der. F\u00f6r en vistelse p\u00e5 mindre \u00e4n 6 m\u00e5nader i Kanada: Du kan fylla i formaliteterna f\u00f6r inresa till Kanada direkt via Internet genom att klicka p\u00e5 onlineformul\u00e4ret. Det \u00e4r inte n\u00f6dv\u00e4ndigt att [&hellip;]<\/p>\n","protected":false},"author":1,"featured_media":0,"parent":0,"menu_order":0,"comment_status":"closed","ping_status":"closed","template":"","meta":{"footnotes":""},"class_list":["post-2724","page","type-page","status-publish","hentry"],"yoast_head":"<!-- This site is optimized with the Yoast SEO plugin v26.9 - https:\/\/yoast.com\/product\/yoast-seo-wordpress\/ -->\n<title>Hur hittar man en eTA?<\/title>\n<meta name=\"description\" content=\"Du har ans\u00f6kt om ett eTA och vill f\u00e5 tillbaka det? V\u00e5ra experter f\u00f6rklarar hur du snabbt kan hitta din eTA.\" \/>\n<meta name=\"robots\" content=\"index, follow, max-snippet:-1, max-image-preview:large, max-video-preview:-1\" \/>\n<link rel=\"canonical\" href=\"https:\/\/ave-eta-canada.com\/sv\/hur-man-hittar-en-eta-kanada\/\" \/>\n<meta property=\"og:locale\" content=\"sv_SE\" \/>\n<meta property=\"og:type\" content=\"article\" \/>\n<meta property=\"og:title\" content=\"Hur hittar man en eTA?\" \/>\n<meta property=\"og:description\" content=\"Du har ans\u00f6kt om ett eTA och vill f\u00e5 tillbaka det? V\u00e5ra experter f\u00f6rklarar hur du snabbt kan hitta din eTA.\" \/>\n<meta property=\"og:url\" content=\"https:\/\/ave-eta-canada.com\/sv\/hur-man-hittar-en-eta-kanada\/\" \/>\n<meta property=\"og:site_name\" content=\"VISA CANADA\" \/>\n<meta property=\"article:modified_time\" content=\"2022-09-09T20:52:13+00:00\" \/>\n<meta name=\"twitter:card\" content=\"summary_large_image\" \/>\n<meta name=\"twitter:label1\" content=\"Ber\u00e4knad l\u00e4stid\" \/>\n\t<meta name=\"twitter:data1\" content=\"4 minuter\" \/>\n<script type=\"application\/ld+json\" class=\"yoast-schema-graph\">{\"@context\":\"https:\/\/schema.org\",\"@graph\":[{\"@type\":\"WebPage\",\"@id\":\"https:\/\/ave-eta-canada.com\/sv\/hur-man-hittar-en-eta-kanada\/\",\"url\":\"https:\/\/ave-eta-canada.com\/sv\/hur-man-hittar-en-eta-kanada\/\",\"name\":\"Hur hittar man en eTA?\",\"isPartOf\":{\"@id\":\"https:\/\/ave-eta-canada.com\/sv\/#website\"},\"datePublished\":\"2022-09-06T07:59:21+00:00\",\"dateModified\":\"2022-09-09T20:52:13+00:00\",\"description\":\"Du har ans\u00f6kt om ett eTA och vill f\u00e5 tillbaka det? V\u00e5ra experter f\u00f6rklarar hur du snabbt kan hitta din eTA.\",\"breadcrumb\":{\"@id\":\"https:\/\/ave-eta-canada.com\/sv\/hur-man-hittar-en-eta-kanada\/#breadcrumb\"},\"inLanguage\":\"sv-SE\",\"potentialAction\":[{\"@type\":\"ReadAction\",\"target\":[\"https:\/\/ave-eta-canada.com\/sv\/hur-man-hittar-en-eta-kanada\/\"]}]},{\"@type\":\"BreadcrumbList\",\"@id\":\"https:\/\/ave-eta-canada.com\/sv\/hur-man-hittar-en-eta-kanada\/#breadcrumb\",\"itemListElement\":[{\"@type\":\"ListItem\",\"position\":1,\"name\":\"Home\",\"item\":\"https:\/\/ave-eta-canada.com\/sv\/\"},{\"@type\":\"ListItem\",\"position\":2,\"name\":\"Hur hittar man en eTA?\"}]},{\"@type\":\"WebSite\",\"@id\":\"https:\/\/ave-eta-canada.com\/sv\/#website\",\"url\":\"https:\/\/ave-eta-canada.com\/sv\/\",\"name\":\"VISA CANADA\",\"description\":\"Autorisation Voyage Electronique\",\"potentialAction\":[{\"@type\":\"SearchAction\",\"target\":{\"@type\":\"EntryPoint\",\"urlTemplate\":\"https:\/\/ave-eta-canada.com\/sv\/?s={search_term_string}\"},\"query-input\":{\"@type\":\"PropertyValueSpecification\",\"valueRequired\":true,\"valueName\":\"search_term_string\"}}],\"inLanguage\":\"sv-SE\"}]}<\/script>\n<!-- \/ Yoast SEO plugin. -->","yoast_head_json":{"title":"Hur hittar man en eTA?","description":"Du har ans\u00f6kt om ett eTA och vill f\u00e5 tillbaka det? V\u00e5ra experter f\u00f6rklarar hur du snabbt kan hitta din eTA.","robots":{"index":"index","follow":"follow","max-snippet":"max-snippet:-1","max-image-preview":"max-image-preview:large","max-video-preview":"max-video-preview:-1"},"canonical":"https:\/\/ave-eta-canada.com\/sv\/hur-man-hittar-en-eta-kanada\/","og_locale":"sv_SE","og_type":"article","og_title":"Hur hittar man en eTA?","og_description":"Du har ans\u00f6kt om ett eTA och vill f\u00e5 tillbaka det? V\u00e5ra experter f\u00f6rklarar hur du snabbt kan hitta din eTA.","og_url":"https:\/\/ave-eta-canada.com\/sv\/hur-man-hittar-en-eta-kanada\/","og_site_name":"VISA CANADA","article_modified_time":"2022-09-09T20:52:13+00:00","twitter_card":"summary_large_image","twitter_misc":{"Ber\u00e4knad l\u00e4stid":"4 minuter"},"schema":{"@context":"https:\/\/schema.org","@graph":[{"@type":"WebPage","@id":"https:\/\/ave-eta-canada.com\/sv\/hur-man-hittar-en-eta-kanada\/","url":"https:\/\/ave-eta-canada.com\/sv\/hur-man-hittar-en-eta-kanada\/","name":"Hur hittar man en eTA?","isPartOf":{"@id":"https:\/\/ave-eta-canada.com\/sv\/#website"},"datePublished":"2022-09-06T07:59:21+00:00","dateModified":"2022-09-09T20:52:13+00:00","description":"Du har ans\u00f6kt om ett eTA och vill f\u00e5 tillbaka det? V\u00e5ra experter f\u00f6rklarar hur du snabbt kan hitta din eTA.","breadcrumb":{"@id":"https:\/\/ave-eta-canada.com\/sv\/hur-man-hittar-en-eta-kanada\/#breadcrumb"},"inLanguage":"sv-SE","potentialAction":[{"@type":"ReadAction","target":["https:\/\/ave-eta-canada.com\/sv\/hur-man-hittar-en-eta-kanada\/"]}]},{"@type":"BreadcrumbList","@id":"https:\/\/ave-eta-canada.com\/sv\/hur-man-hittar-en-eta-kanada\/#breadcrumb","itemListElement":[{"@type":"ListItem","position":1,"name":"Home","item":"https:\/\/ave-eta-canada.com\/sv\/"},{"@type":"ListItem","position":2,"name":"Hur hittar man en eTA?"}]},{"@type":"WebSite","@id":"https:\/\/ave-eta-canada.com\/sv\/#website","url":"https:\/\/ave-eta-canada.com\/sv\/","name":"VISA CANADA","description":"Autorisation Voyage Electronique","potentialAction":[{"@type":"SearchAction","target":{"@type":"EntryPoint","urlTemplate":"https:\/\/ave-eta-canada.com\/sv\/?s={search_term_string}"},"query-input":{"@type":"PropertyValueSpecification","valueRequired":true,"valueName":"search_term_string"}}],"inLanguage":"sv-SE"}]}},"_links":{"self":[{"href":"https:\/\/ave-eta-canada.com\/sv\/wp-json\/wp\/v2\/pages\/2724","targetHints":{"allow":["GET"]}}],"collection":[{"href":"https:\/\/ave-eta-canada.com\/sv\/wp-json\/wp\/v2\/pages"}],"about":[{"href":"https:\/\/ave-eta-canada.com\/sv\/wp-json\/wp\/v2\/types\/page"}],"author":[{"embeddable":true,"href":"https:\/\/ave-eta-canada.com\/sv\/wp-json\/wp\/v2\/users\/1"}],"replies":[{"embeddable":true,"href":"https:\/\/ave-eta-canada.com\/sv\/wp-json\/wp\/v2\/comments?post=2724"}],"version-history":[{"count":0,"href":"https:\/\/ave-eta-canada.com\/sv\/wp-json\/wp\/v2\/pages\/2724\/revisions"}],"wp:attachment":[{"href":"https:\/\/ave-eta-canada.com\/sv\/wp-json\/wp\/v2\/media?parent=2724"}],"curies":[{"name":"wp","href":"https:\/\/api.w.org\/{rel}","templated":true}]}}