{"id":2728,"date":"2022-09-06T07:59:21","date_gmt":"2022-09-06T07:59:21","guid":{"rendered":"https:\/\/ave-eta-canada.com\/hur-man-hittar-en-forlorad-vag\/"},"modified":"2022-09-09T20:53:51","modified_gmt":"2022-09-09T20:53:51","slug":"hur-man-hittar-man-en-forlorad-eta-kanada","status":"publish","type":"page","link":"https:\/\/ave-eta-canada.com\/sv\/hur-man-hittar-man-en-forlorad-eta-kanada\/","title":{"rendered":"Hur hittar jag en f\u00f6rsvunnen eTA Kanada?"},"content":{"rendered":"\n<h1 class=\"wp-block-heading\">Att h\u00e4mta en f\u00f6rlorad eTA Kanada<\/h1>\n\n<p>Naturen, vidstr\u00e4ckta omr\u00e5den och ett varmt v\u00e4lkomnande &#8211; Kanada \u00e4r ett land med m\u00e5nga resurser. Precis som ESTA f\u00f6r resor till USA kr\u00e4vs det ett resetillst\u00e5nd f\u00f6r att resa till Kanada f\u00f6r att du ska kunna resa till landet i den h\u00f6ga norr.<\/p>\n\n<p><strong>F\u00f6r en vistelse p\u00e5 mindre \u00e4n 6 m\u00e5nader i Kanada<\/strong>: Du kan fylla i formaliteterna f\u00f6r inresa till Kanada direkt via Internet genom att klicka p\u00e5 <a href=\"https:\/\/ave-eta-canada.com\/sv\/kanada-eta-formular-online\/\">onlineformul\u00e4ret<\/a>. Det \u00e4r inte n\u00f6dv\u00e4ndigt att boka ett m\u00f6te p\u00e5 Kanadas ambassad eller konsulat.<\/p>\n\n<p>Om du har f\u00e5tt ditt elektroniska resetillst\u00e5nd fr\u00e5n eTA Kanada men inte l\u00e4ngre har n\u00e5got bevis f\u00f6r det, beh\u00f6ver du inte f\u00e5 panik. Vi visar dig hur du ska g\u00e5 tillv\u00e4ga f\u00f6r att \u00e5terf\u00e5 din f\u00f6rlorade eTA Kanada.<\/p>\n\n<h2 class=\"wp-block-heading\">Hur du \u00e5terf\u00e5r ett f\u00f6rlorat elektroniskt resetillst\u00e5nd<\/h2>\n\n<p>eTA Kanada, eller Electronic Travel Authorization, \u00e4r ett officiellt dokument som g\u00f6r det m\u00f6jligt att resa till Kanada utan kanadensisk visering. J\u00e4mf\u00f6rt med ESTA USA har eTA ett l\u00e4ngre giltighetsdatum och en l\u00e4ngre period av uppeh\u00e5llstillst\u00e5nd. eTA Kanada \u00e4r faktiskt giltigt i fem \u00e5r fr\u00e5n och med dagen f\u00f6r utf\u00e4rdandet och till\u00e5ter h\u00f6gst <a href=\"https:\/\/ave-eta-canada.com\/sv\/eta-kanada-giltighetstid\/\">sex m\u00e5naders resor<\/a> p\u00e5 kanadensisk mark. <\/p>\n\n<p>N\u00e4r din ans\u00f6kan om eTA har godk\u00e4nts kommer du att f\u00e5 ett mottagningsbevis fr\u00e5n IRCC (Immigration, Refugees and Citizenship Canada) till den adress som du har angett, senast 72 timmar efter att du har skickat in webbformul\u00e4ret. I e-postmeddelandet f\u00e5r du ett ans\u00f6kningsnummer som du kan anv\u00e4nda f\u00f6r att h\u00e4mta ditt f\u00f6rlorade elektroniska resetillst\u00e5nd. Det kan ta n\u00e5gra minuter eller n\u00e5gra dagar att svara p\u00e5 din beg\u00e4ran.<\/p>\n\n<p>Tack vare elektroniska system \u00e4r ditt passnummer direkt kopplat till numret p\u00e5 ditt f\u00f6rlorade eTA Kanada, som du f\u00e5r i mottagningsbeviset. D\u00e4rf\u00f6r beh\u00f6ver du inte den tryckta versionen av din Canada Travel Authorization och du beh\u00f6ver inte heller leta efter din<a href=\"https:\/\/ave-eta-canada.com\/sv\/hur-man-hittar-man-en-forlorad-eta-kanada\/\"> borttappade eTA Kanada<\/a>, eftersom den aldrig f\u00f6rsvinner! Ditt eTA-tillst\u00e5nd lagras alltid p\u00e5 den kanadensiska regeringens webbplats.<\/p>\n\n<p>Vid identitetskontrollen i tullen kommer immigrationshandl\u00e4ggaren att be dig visa upp ditt giltiga pass (som t\u00e4cker hela resan). Fr\u00e5n ditt pass hittar den ditt eTA eftersom det \u00e4r elektroniskt kopplat till det. Agenten kan be dig om andra dokument, t.ex. din biljett (returbiljett eller biljett till din slutdestination). Om ett minder\u00e5rigt barn reser ensamt m\u00e5ste barnet visa upp sitt pass, en kopia av sitt f\u00f6delsebevis och ett brev med f\u00f6r\u00e4ldrarnas tillst\u00e5nd (adress och telefonnummer till f\u00f6r\u00e4ldrarna och den person som ansvarar f\u00f6r barnet i Kanada).<\/p>\n\n<p>H\u00e4r \u00e4r n\u00e5gra tips f\u00f6r resen\u00e4rer innan du \u00e5ker:<\/p>\n\n<ul class=\"wp-block-list\"><li>Kontrollera att ditt elektroniska eller biometriska pass \u00e4r giltigt (det f\u00e5r inte g\u00e5 ut under resan);<\/li><li>Kontrollera att personuppgifterna i passet inte har \u00e4ndrats efter det att eTA-handlingen gjordes (adress, efternamn, f\u00f6rnamn osv.).<\/li><\/ul>\n\n<p>Om n\u00e5gon av dessa tv\u00e5 faktorer inte \u00e4r uppfyllda ska du inte ta n\u00e5gra risker utan ans\u00f6ka om f\u00f6rnyelse av passet och d\u00e4refter om en ny eTA.<\/p>\n\n<h3 class=\"wp-block-heading\">Jag fick inget bekr\u00e4ftelsemail<\/h3>\n\n<p>N\u00e4r du har skickat in din eTA-ans\u00f6kningsblankett b\u00f6r du f\u00e5 tv\u00e5 e-postmeddelanden: en bekr\u00e4ftelse p\u00e5 att du har mottagit den och ett svar p\u00e5 din eTA-ans\u00f6kan.<\/p>\n\n<p>Om du inte har f\u00e5tt ett e-postmeddelande som bekr\u00e4ftar att du har mottagit din ans\u00f6kan inom 72 timmar m\u00e5ste du fylla i ett formul\u00e4r p\u00e5 den kanadensiska regeringens webbplats, IRCC-webbformul\u00e4ret. Observera att det kan ta flera dagar innan du f\u00e5r ett svar p\u00e5 din beg\u00e4ran.<\/p>\n\n<p>Kontrollera \u00e4ven din skr\u00e4ppost eftersom vissa filter kan blockera IRCC:s e-postmeddelanden. Detta \u00e4r s\u00e4rskilt viktigt eftersom du ocks\u00e5 kommer att f\u00e5 ditt svar via e-post. Tre scenarier \u00e4r m\u00f6jliga:<\/p>\n\n<ul class=\"wp-block-list\"><li>godk\u00e4nns, \u00e4r din ans\u00f6kan godk\u00e4nd. E-postmeddelandet inneh\u00e5ller ditt eTA-nummer, dess utg\u00e5ngsdatum och numret p\u00e5 det aktuella passet.<\/li><li>beg\u00e4ran om ytterligare information. Alla instruktioner kommer att finnas med i e-postmeddelandet. Observera att du kan beh\u00f6va presentera din ans\u00f6kan f\u00f6r den kanadensiska ambassaden under en intervju med en konsul\u00e4r tj\u00e4nsteman;<\/li><li>de kanadensiska myndigheterna inte har kunnat behandla din ans\u00f6kan. En ans\u00f6kan om visering kan g\u00f6ras hos de konsul\u00e4ra tj\u00e4nsterna.<br\/><br\/><\/li><\/ul>\n\n<h2 class=\"wp-block-heading\">Hur kontrollerar jag min eTA-ans\u00f6kan?<\/h2>\n\n<p>Om du vill h\u00e4mta ditt f\u00f6rlorade elektroniska resetillst\u00e5nd och<a href=\"https:\/\/ave-eta-canada.com\/sv\/hur-du-kontrollerar-statusen-pa-din-ansokan-eta-kanada\/\"> kontrollera ETA:s status<\/a> eller giltighet g\u00e5r du till den privata webbplats du anv\u00e4nde (och g\u00e5r till ditt personliga utrymme) eller till den kanadensiska regeringens webbplats.<\/p>\n\n<p>F\u00f6r att hitta en f\u00f6rlorad eTA Kanada p\u00e5 den officiella webbplatsen beh\u00f6ver du :<\/p>\n\n<ul class=\"wp-block-list\"><li>Ange att du \u00e4r ETA-innehavare och att du vill ta del av din f\u00f6rlorade elektroniska reseauktorisationsfil;<\/li><li>ange det eTA-nummer som du tidigare fick via e-post;<\/li><li>Ange ditt passnummer, datum f\u00f6r utf\u00e4rdande och utg\u00e5ngsdatum;<\/li><li>ditt utf\u00e4rdande land ;<\/li><li>Klicka p\u00e5 &#8221;Kontrollera status f\u00f6r din ans\u00f6kan&#8221; ;<\/li><li>och nu har du hittat ditt f\u00f6rlorade eTA Kanada!<\/li><\/ul>\n\n<p>Detta verifieringsverktyg fungerar endast f\u00f6r personer som har ans\u00f6kt om ett eTA f\u00f6r turism, aff\u00e4rsresor eller transit samt f\u00f6r personer som beh\u00f6vde f\u00f6rnya sitt pass efter att ha f\u00e5tt ett introduktionsbrev f\u00f6r ett IEC (International Experience Canada). Verktyget \u00e4r dock inte anv\u00e4ndbart f\u00f6r resen\u00e4rer som har f\u00e5tt sin eTA automatiskt tillsammans med sitt introduktionsbrev f\u00f6r ett arbets-, praktik- eller studietillst\u00e5nd.<br\/><br\/><\/p>\n\n<h2 class=\"wp-block-heading\">M\u00e5ste jag skriva ut min eTA-ans\u00f6kan?<\/h2>\n\n<p>Du beh\u00f6ver inte skriva ut din eTA, den \u00e4r elektroniskt kopplad till ditt pass. F\u00f6r att kunna visa upp ditt eTA-tillst\u00e5nd m\u00e5ste du med andra ord resa med det pass som du anv\u00e4nde vid ans\u00f6kan. <\/p>\n\n<p>Slutligen ska du komma ih\u00e5g att eTA-tillst\u00e5ndet inte \u00e4r ett tillst\u00e5nd att resa in i Kanada, utan ett resetillst\u00e5nd. Det inneb\u00e4r att du kan resa in i Kanada med flyg. Efter landning \u00e4r det bara den kanadensiska tullen som kan bed\u00f6ma om du f\u00e5r resa in i landet.<\/p>\n\n<p>Mer information om eTA-tillst\u00e5nd finns i v\u00e5r <a href=\"https:\/\/ave-eta-canada.com\/sv\/eta-kanada-svar-pa-dina-fragor\/\">FAQ<\/a>.<\/p>\n","protected":false},"excerpt":{"rendered":"<p>Att h\u00e4mta en f\u00f6rlorad eTA Kanada Naturen, vidstr\u00e4ckta omr\u00e5den och ett varmt v\u00e4lkomnande &#8211; Kanada \u00e4r ett land med m\u00e5nga resurser. Precis som ESTA f\u00f6r resor till USA kr\u00e4vs det ett resetillst\u00e5nd f\u00f6r att resa till Kanada f\u00f6r att du ska kunna resa till landet i den h\u00f6ga norr. F\u00f6r en vistelse p\u00e5 mindre \u00e4n [&hellip;]<\/p>\n","protected":false},"author":1,"featured_media":0,"parent":0,"menu_order":0,"comment_status":"closed","ping_status":"closed","template":"","meta":{"footnotes":""},"class_list":["post-2728","page","type-page","status-publish","hentry"],"yoast_head":"<!-- This site is optimized with the Yoast SEO plugin v26.9 - https:\/\/yoast.com\/product\/yoast-seo-wordpress\/ -->\n<title>Hur hittar jag en f\u00f6rsvunnen eTA Kanada?<\/title>\n<meta name=\"description\" content=\"Du har gjort och f\u00e5tt ditt eTA Kanada men kan inte f\u00e5 tag p\u00e5 det igen? I den h\u00e4r artikeln f\u00e5r du reda p\u00e5 hur du g\u00f6r det.\" \/>\n<meta name=\"robots\" content=\"index, follow, max-snippet:-1, max-image-preview:large, max-video-preview:-1\" \/>\n<link rel=\"canonical\" href=\"https:\/\/ave-eta-canada.com\/sv\/hur-man-hittar-man-en-forlorad-eta-kanada\/\" \/>\n<meta property=\"og:locale\" content=\"sv_SE\" \/>\n<meta property=\"og:type\" content=\"article\" \/>\n<meta property=\"og:title\" content=\"Hur hittar jag en f\u00f6rsvunnen eTA Kanada?\" \/>\n<meta property=\"og:description\" content=\"Du har gjort och f\u00e5tt ditt eTA Kanada men kan inte f\u00e5 tag p\u00e5 det igen? I den h\u00e4r artikeln f\u00e5r du reda p\u00e5 hur du g\u00f6r det.\" \/>\n<meta property=\"og:url\" content=\"https:\/\/ave-eta-canada.com\/sv\/hur-man-hittar-man-en-forlorad-eta-kanada\/\" \/>\n<meta property=\"og:site_name\" content=\"VISA CANADA\" \/>\n<meta property=\"article:modified_time\" content=\"2022-09-09T20:53:51+00:00\" \/>\n<meta name=\"twitter:card\" content=\"summary_large_image\" \/>\n<meta name=\"twitter:label1\" content=\"Ber\u00e4knad l\u00e4stid\" \/>\n\t<meta name=\"twitter:data1\" content=\"5 minuter\" \/>\n<script type=\"application\/ld+json\" class=\"yoast-schema-graph\">{\"@context\":\"https:\/\/schema.org\",\"@graph\":[{\"@type\":\"WebPage\",\"@id\":\"https:\/\/ave-eta-canada.com\/sv\/hur-man-hittar-man-en-forlorad-eta-kanada\/\",\"url\":\"https:\/\/ave-eta-canada.com\/sv\/hur-man-hittar-man-en-forlorad-eta-kanada\/\",\"name\":\"Hur hittar jag en f\u00f6rsvunnen eTA Kanada?\",\"isPartOf\":{\"@id\":\"https:\/\/ave-eta-canada.com\/sv\/#website\"},\"datePublished\":\"2022-09-06T07:59:21+00:00\",\"dateModified\":\"2022-09-09T20:53:51+00:00\",\"description\":\"Du har gjort och f\u00e5tt ditt eTA Kanada men kan inte f\u00e5 tag p\u00e5 det igen? I den h\u00e4r artikeln f\u00e5r du reda p\u00e5 hur du g\u00f6r det.\",\"breadcrumb\":{\"@id\":\"https:\/\/ave-eta-canada.com\/sv\/hur-man-hittar-man-en-forlorad-eta-kanada\/#breadcrumb\"},\"inLanguage\":\"sv-SE\",\"potentialAction\":[{\"@type\":\"ReadAction\",\"target\":[\"https:\/\/ave-eta-canada.com\/sv\/hur-man-hittar-man-en-forlorad-eta-kanada\/\"]}]},{\"@type\":\"BreadcrumbList\",\"@id\":\"https:\/\/ave-eta-canada.com\/sv\/hur-man-hittar-man-en-forlorad-eta-kanada\/#breadcrumb\",\"itemListElement\":[{\"@type\":\"ListItem\",\"position\":1,\"name\":\"Home\",\"item\":\"https:\/\/ave-eta-canada.com\/sv\/\"},{\"@type\":\"ListItem\",\"position\":2,\"name\":\"Hur hittar jag en f\u00f6rsvunnen eTA Kanada?\"}]},{\"@type\":\"WebSite\",\"@id\":\"https:\/\/ave-eta-canada.com\/sv\/#website\",\"url\":\"https:\/\/ave-eta-canada.com\/sv\/\",\"name\":\"VISA CANADA\",\"description\":\"Autorisation Voyage Electronique\",\"potentialAction\":[{\"@type\":\"SearchAction\",\"target\":{\"@type\":\"EntryPoint\",\"urlTemplate\":\"https:\/\/ave-eta-canada.com\/sv\/?s={search_term_string}\"},\"query-input\":{\"@type\":\"PropertyValueSpecification\",\"valueRequired\":true,\"valueName\":\"search_term_string\"}}],\"inLanguage\":\"sv-SE\"}]}<\/script>\n<!-- \/ Yoast SEO plugin. -->","yoast_head_json":{"title":"Hur hittar jag en f\u00f6rsvunnen eTA Kanada?","description":"Du har gjort och f\u00e5tt ditt eTA Kanada men kan inte f\u00e5 tag p\u00e5 det igen? I den h\u00e4r artikeln f\u00e5r du reda p\u00e5 hur du g\u00f6r det.","robots":{"index":"index","follow":"follow","max-snippet":"max-snippet:-1","max-image-preview":"max-image-preview:large","max-video-preview":"max-video-preview:-1"},"canonical":"https:\/\/ave-eta-canada.com\/sv\/hur-man-hittar-man-en-forlorad-eta-kanada\/","og_locale":"sv_SE","og_type":"article","og_title":"Hur hittar jag en f\u00f6rsvunnen eTA Kanada?","og_description":"Du har gjort och f\u00e5tt ditt eTA Kanada men kan inte f\u00e5 tag p\u00e5 det igen? I den h\u00e4r artikeln f\u00e5r du reda p\u00e5 hur du g\u00f6r det.","og_url":"https:\/\/ave-eta-canada.com\/sv\/hur-man-hittar-man-en-forlorad-eta-kanada\/","og_site_name":"VISA CANADA","article_modified_time":"2022-09-09T20:53:51+00:00","twitter_card":"summary_large_image","twitter_misc":{"Ber\u00e4knad l\u00e4stid":"5 minuter"},"schema":{"@context":"https:\/\/schema.org","@graph":[{"@type":"WebPage","@id":"https:\/\/ave-eta-canada.com\/sv\/hur-man-hittar-man-en-forlorad-eta-kanada\/","url":"https:\/\/ave-eta-canada.com\/sv\/hur-man-hittar-man-en-forlorad-eta-kanada\/","name":"Hur hittar jag en f\u00f6rsvunnen eTA Kanada?","isPartOf":{"@id":"https:\/\/ave-eta-canada.com\/sv\/#website"},"datePublished":"2022-09-06T07:59:21+00:00","dateModified":"2022-09-09T20:53:51+00:00","description":"Du har gjort och f\u00e5tt ditt eTA Kanada men kan inte f\u00e5 tag p\u00e5 det igen? I den h\u00e4r artikeln f\u00e5r du reda p\u00e5 hur du g\u00f6r det.","breadcrumb":{"@id":"https:\/\/ave-eta-canada.com\/sv\/hur-man-hittar-man-en-forlorad-eta-kanada\/#breadcrumb"},"inLanguage":"sv-SE","potentialAction":[{"@type":"ReadAction","target":["https:\/\/ave-eta-canada.com\/sv\/hur-man-hittar-man-en-forlorad-eta-kanada\/"]}]},{"@type":"BreadcrumbList","@id":"https:\/\/ave-eta-canada.com\/sv\/hur-man-hittar-man-en-forlorad-eta-kanada\/#breadcrumb","itemListElement":[{"@type":"ListItem","position":1,"name":"Home","item":"https:\/\/ave-eta-canada.com\/sv\/"},{"@type":"ListItem","position":2,"name":"Hur hittar jag en f\u00f6rsvunnen eTA Kanada?"}]},{"@type":"WebSite","@id":"https:\/\/ave-eta-canada.com\/sv\/#website","url":"https:\/\/ave-eta-canada.com\/sv\/","name":"VISA CANADA","description":"Autorisation Voyage Electronique","potentialAction":[{"@type":"SearchAction","target":{"@type":"EntryPoint","urlTemplate":"https:\/\/ave-eta-canada.com\/sv\/?s={search_term_string}"},"query-input":{"@type":"PropertyValueSpecification","valueRequired":true,"valueName":"search_term_string"}}],"inLanguage":"sv-SE"}]}},"_links":{"self":[{"href":"https:\/\/ave-eta-canada.com\/sv\/wp-json\/wp\/v2\/pages\/2728","targetHints":{"allow":["GET"]}}],"collection":[{"href":"https:\/\/ave-eta-canada.com\/sv\/wp-json\/wp\/v2\/pages"}],"about":[{"href":"https:\/\/ave-eta-canada.com\/sv\/wp-json\/wp\/v2\/types\/page"}],"author":[{"embeddable":true,"href":"https:\/\/ave-eta-canada.com\/sv\/wp-json\/wp\/v2\/users\/1"}],"replies":[{"embeddable":true,"href":"https:\/\/ave-eta-canada.com\/sv\/wp-json\/wp\/v2\/comments?post=2728"}],"version-history":[{"count":0,"href":"https:\/\/ave-eta-canada.com\/sv\/wp-json\/wp\/v2\/pages\/2728\/revisions"}],"wp:attachment":[{"href":"https:\/\/ave-eta-canada.com\/sv\/wp-json\/wp\/v2\/media?parent=2728"}],"curies":[{"name":"wp","href":"https:\/\/api.w.org\/{rel}","templated":true}]}}