{"id":2737,"date":"2022-09-06T07:59:23","date_gmt":"2022-09-06T07:59:23","guid":{"rendered":"https:\/\/ave-eta-canada.com\/a-visa-ar-det-vasentligt-att-komma-till-kanada\/"},"modified":"2022-09-10T07:21:40","modified_gmt":"2022-09-10T07:21:40","slug":"visum-ar-det-vasentligt-att-komma-till-kanada","status":"publish","type":"page","link":"https:\/\/ave-eta-canada.com\/sv\/visum-ar-det-vasentligt-att-komma-till-kanada\/","title":{"rendered":"Kr\u00e4vs det visum f\u00f6r att resa till Kanada?"},"content":{"rendered":"\n<h1 class=\"wp-block-heading\">Kr\u00e4vs det visum f\u00f6r att resa in i Kanada?<\/h1>\n\n<p>Oavsett om du bes\u00f6ker Kanada f\u00f6r turism, aff\u00e4rer eller till och med f\u00f6r transitering kr\u00e4ver den kanadensiska regeringen systematiskt ett resetillst\u00e5nd f\u00f6r att resa in i landet.  <\/p>\n\n<p><strong>F\u00f6r en vistelse p\u00e5 mindre \u00e4n 6 m\u00e5nader i Kanada<\/strong>: Du kan fylla i formaliteterna f\u00f6r inresa till Kanada direkt via Internet genom att klicka p\u00e5 <a href=\"https:\/\/ave-eta-canada.com\/sv\/kanada-eta-formular-online\/\">onlineformul\u00e4ret<\/a>. Det \u00e4r inte n\u00f6dv\u00e4ndigt att boka ett m\u00f6te p\u00e5 Kanadas ambassad eller konsulat.<\/p>\n\n<p>Det \u00e4r d\u00e4rf\u00f6r inte n\u00f6dv\u00e4ndigt att ans\u00f6ka om ett visum f\u00f6r Kanada, utan det r\u00e4cker med ett resetillst\u00e5nd: Electronic Travel Authorization (eTA). I den h\u00e4r artikeln f\u00e5r du reda p\u00e5 n\u00e4r du slipper de tidskr\u00e4vande och kostsamma formaliteterna f\u00f6r att f\u00e5 ett visum f\u00f6r Kanada.  <\/p>\n\n<h2 class=\"wp-block-heading\"><br\/>eTA Kanada: ett alternativ till visum<\/h2>\n\n<p>Det <a href=\"https:\/\/ave-eta-canada.com\/sv\/\">elektroniska resetillst\u00e5ndet<\/a> (<a href=\"https:\/\/ave-eta-canada.com\/sv\/vad-ar-eta-kanada\/\">eTA<\/a>) tr\u00e4dde i kraft 2016. Det fungerar p\u00e5 samma s\u00e4tt som ESTA f\u00f6r USA, dvs. det kan endast erh\u00e5llas online och m\u00f6jligg\u00f6r viseringsfria resor.<\/p>\n\n<h3 class=\"wp-block-heading\">Vilka \u00e4r skillnaderna mellan Kanada-visum och eTA-visum?<\/h3>\n\n<p>eTA \u00e4r inte avsett att ers\u00e4tta Kanada-visumet, eftersom dessa tv\u00e5 resehandlingar inte \u00e4r avsedda f\u00f6r samma personer och utf\u00e4rdas p\u00e5 olika villkor f\u00f6r vistelsen. I praktiken g\u00e4ller eTA endast vid kortare vistelser p\u00e5 kanadensisk mark. En <a href=\"https:\/\/ave-eta-canada.com\/sv\/eta-eller-esta-vilket-resetillstand\/\">resa till Kanadamed en eTA<\/a> f\u00e5rallts\u00e5 p\u00e5g\u00e5 i h\u00f6gst6 m\u00e5nader. Om vistelsen \u00e4r l\u00e4ngre \u00e4n en dag kr\u00e4vs en visumans\u00f6kan till den kanadensiska ambassaden.<\/p>\n\n<p>F\u00f6rutom resans l\u00e4ngd \u00e4r syftet med vistelsen viktigt f\u00f6r att avg\u00f6ra om du beh\u00f6ver resa med ett eTA- eller ett Kanada-visum. IRCC (Immigration, Refugees and Citizenship Canada), den kanadensiska myndighet som ansvarar f\u00f6r att utf\u00e4rda eTA, har definierat mycket specifika fall f\u00f6r att erh\u00e5lla detta resetillst\u00e5nd. eTA g\u00e4ller allts\u00e5 endast i f\u00f6ljande fall:<\/p>\n\n<ul class=\"wp-block-list\"><li>turistresa ;<\/li><li>Aff\u00e4rsresor (deltagande i en konferens, bes\u00f6k hos en kund, undertecknande av ett kontrakt osv.) Om ditt m\u00e5l \u00e4r att studera i Kanada, arbeta eller till och med g\u00f6ra praktik beh\u00f6ver du ett visum;<\/li><li>transitering till ett annat land.<\/li><\/ul>\n\n<p>Inreses\u00e4ttet till Kanada \u00e4r ocks\u00e5 mycket viktigt. eTA till\u00e5ter endast flygresor till Kanada. Vid ankomst via land eller hav \u00e4r det endast visumet som g\u00e4ller.<\/p>\n\n<p>Slutligen \u00e4r det ocks\u00e5 medborgarens nationalitet som avg\u00f6r valet av resetillst\u00e5nd. Alla utl\u00e4nningar som kommer fr\u00e5n ett land som \u00e4r undantaget fr\u00e5n viseringskravet kan f\u00e5 ett tillf\u00e4lligt uppeh\u00e5llstillst\u00e5nd. Kanadas viseringsundantag g\u00e4ller f\u00f6r alla EU-medborgare samt f\u00f6r Australien, Nya Zeeland och Japan. Om du inte \u00e4r medborgare i ett visumfritt land m\u00e5ste du ans\u00f6ka om ett Canada TRV (Temporary Resident Visa) fr\u00e5n Kanadas ambassad.<\/p>\n\n<h3 class=\"wp-block-heading\">Ans\u00f6kan om eTA<\/h3>\n\n<p>Om du \u00e4r s\u00e4ker p\u00e5 att du uppfyller de krav som n\u00e4mns ovan kan du g\u00e5 vidare till n\u00e4sta steg: att fylla i onlineformul\u00e4ret.<\/p>\n\n<p>Syftet med denna blankett \u00e4r att kontrollera att du inte \u00e4r en fara f\u00f6r landets inre s\u00e4kerhet och att du inte vill invandra till Kanada.<\/p>\n\n<p>Ans\u00f6kan om eTA sker uteslutande online. Du kan f\u00e5 tillg\u00e5ng till formul\u00e4ret p\u00e5 den kanadensiska federala regeringens officiella webbplats eller via v\u00e5r partnerwebbplats. Om du v\u00e4ljer det andra alternativet f\u00e5r du personligt st\u00f6d f\u00f6r att hj\u00e4lpa dig i denna process.<\/p>\n\n<p>Det finns alltid en avgift f\u00f6r att ans\u00f6ka om eTA, men priset \u00e4r mycket l\u00e4gre \u00e4n f\u00f6r en visering.<\/p>\n\n<h2 class=\"wp-block-heading\">Att arbeta i Kanada: om\u00f6jligt utan arbetstillst\u00e5nd<\/h2>\n\n<p>Om du planerar att arbeta tillf\u00e4lligt i Kanada m\u00e5ste du ans\u00f6ka om ett arbetstillst\u00e5nd.<\/p>\n\n<p>Observera att om du planerar att g\u00f6ra praktik i Kanada m\u00e5ste du ocks\u00e5 ans\u00f6ka om arbetstillst\u00e5nd. Den kanadensiska regeringen g\u00f6r ingen skillnad mellan traditionella jobb och praktikplatser. Dessa betraktas som fullv\u00e4rdiga arbeten, oavsett praktikens l\u00e4ngd och ers\u00e4ttning.<\/p>\n\n<p><a href=\"https:\/\/ave-eta-canada.com\/sv\/hur-man-far-ett-whv-arbetssemestertillstand-kanada\/\">Ans\u00f6kan om arbetstillst\u00e5nd<\/a> kan g\u00f6ras via en pappersblankett eller helt enkelt online. Om du v\u00e4ljer det andra alternativet beh\u00f6ver du bara g\u00e5 till den officiella webbplatsen f\u00f6r den kanadensiska regeringen och l\u00e4mna f\u00f6ljande information:<\/p>\n\n<ul class=\"wp-block-list\"><li>personlig information om civilst\u00e5nd ;<\/li><li>ett jobberbjudande fr\u00e5n din arbetsgivare;<\/li><li>styrkande dokument som visar att du har tillr\u00e4ckliga f\u00e4rdigheter f\u00f6r att uppfylla arbetets krav (examensbevis, intyg fr\u00e5n din tidigare arbetsgivare etc.).<\/li><\/ul>\n\n<p>Du kommer ocks\u00e5 att bli ombedd att l\u00e4mna dina biometriska uppgifter (fingeravtryck och passfoto). Ta med dig ditt kreditkort f\u00f6r att slutf\u00f6ra denna formalitet. Du m\u00e5ste betala en del bearbetningsavgifter.<\/p>\n\n<p>Om du inte kommer fr\u00e5n ett land som \u00e4r undantaget fr\u00e5n viseringsskyldighet m\u00e5ste du ans\u00f6ka om ett visum f\u00f6r tillf\u00e4llig bos\u00e4ttning parallellt med detta.<\/p>\n\n<h2 class=\"wp-block-heading\"><br\/>Visa f\u00f6r Kanada: PVT<\/h2>\n\n<p>Working Holiday Permit (WHP) Canada, \u00e4ven kallat Working Holiday Visa, inf\u00f6rdes som en del av programmet International Experience Canada (IEC). Syftet \u00e4r att uppmuntra ungdomsutbyten mellan Kanada och 32 partnerl\u00e4nder (svenska medborgare \u00e4r ber\u00e4ttigade till detta program).<\/p>\n\n<p>WHP Canada \u00e4r ett arbetstillst\u00e5nd som ger dig r\u00e4tt att stanna i Kanada i upp till 24 m\u00e5nader. Dess fr\u00e4msta f\u00f6rdel \u00e4r den frihet och flexibilitet som den erbjuder. Du beh\u00f6ver inte hitta en arbetsgivare f\u00f6re avresan och kan byta f\u00f6retag s\u00e5 m\u00e5nga g\u00e5nger som du vill under giltighetstiden och inom hela territoriet (Toronto, Ottawa, Vancouver, Quebec&#8230;). Som namnet antyder f\u00e5r du dessutom stanna i Kanada \u00e4ven i turismsyfte: du f\u00e5r arbeta och bes\u00f6ka Kanada som du vill.<\/p>\n\n<p>Liksom alla andra resetillst\u00e5nd omfattas WHP av vissa krav. H\u00e4r \u00e4r de viktigaste punkterna som m\u00e5ste respekteras f\u00f6r att vara ber\u00e4ttigad till WHP Canada:<\/p>\n\n<ul class=\"wp-block-list\"><li>Ha ett giltigt pass (biometriskt eller elektroniskt pass);<\/li><li>vara mellan 18 och 35 \u00e5r;<\/li><li>ha minst 2 500 C$ f\u00f6r att t\u00e4cka de f\u00f6rsta utgifterna;<\/li><li>teckna en resef\u00f6rs\u00e4kring;<\/li><li>ha en returbiljett eller bevisa att du har tillr\u00e4ckliga ekonomiska resurser f\u00f6r att k\u00f6pa en returbiljett i slutet av din vistelse;<\/li><li>vara godtagbar i Kanada, dvs. inte utg\u00f6ra en risk f\u00f6r den kanadensiska inhemska s\u00e4kerheten (eller h\u00e4lsoskyddet).<\/li><\/ul>\n\n<p>Liksom f\u00f6r eTA g\u00f6rs ans\u00f6kan om WHP Canada online p\u00e5 den kanadensiska regeringens webbplats via tj\u00e4nsten Canada Immigration.<\/p>\n\n<p>Observera att den <a href=\"https:\/\/www.canada.ca\/\">kanadensiska regeringen<\/a> har inf\u00f6rt ett kvotsystem f\u00f6r varje land p\u00e5 grund av WHP:s \u00f6kande popularitet. Din WHP-ans\u00f6kan kommer d\u00e4rf\u00f6r att bli f\u00f6rem\u00e5l f\u00f6r en slumpm\u00e4ssig lottning. Att f\u00e5 ett WHP beror d\u00e4rf\u00f6r till stor del p\u00e5 tur.<\/p>\n\n<p>T\u00e4nk p\u00e5 att de olika resehandlingar som n\u00e4mns ovan inte \u00e4r immigrationshandlingar. Om ditt m\u00e5l \u00e4r att invandra och bo i Kanada p\u00e5 l\u00e5ng sikt m\u00e5ste du <a href=\"https:\/\/ave-eta-canada.com\/sv\/visum-eller-eta-kanada\/\">ans\u00f6ka om ett permanent uppeh\u00e5llstillst\u00e5nd<\/a>, vilket \u00e4r mycket sv\u00e5rare att f\u00e5.<\/p>\n","protected":false},"excerpt":{"rendered":"<p>Kr\u00e4vs det visum f\u00f6r att resa in i Kanada? Oavsett om du bes\u00f6ker Kanada f\u00f6r turism, aff\u00e4rer eller till och med f\u00f6r transitering kr\u00e4ver den kanadensiska regeringen systematiskt ett resetillst\u00e5nd f\u00f6r att resa in i landet. F\u00f6r en vistelse p\u00e5 mindre \u00e4n 6 m\u00e5nader i Kanada: Du kan fylla i formaliteterna f\u00f6r inresa till Kanada [&hellip;]<\/p>\n","protected":false},"author":1,"featured_media":0,"parent":0,"menu_order":0,"comment_status":"closed","ping_status":"closed","template":"","meta":{"footnotes":""},"class_list":["post-2737","page","type-page","status-publish","hentry"],"yoast_head":"<!-- This site is optimized with the Yoast SEO plugin v26.9 - https:\/\/yoast.com\/product\/yoast-seo-wordpress\/ -->\n<title>Kr\u00e4vs det visum f\u00f6r att resa till Kanada?<\/title>\n<meta name=\"description\" content=\"Ibland \u00e4r det m\u00f6jligt att f\u00e5 visumfrihet f\u00f6r resor till Kanada. I den h\u00e4r artikeln f\u00e5r du reda p\u00e5 hur du kan stanna i ett l\u00f6nnland utan visum.\" \/>\n<meta name=\"robots\" content=\"index, follow, max-snippet:-1, max-image-preview:large, max-video-preview:-1\" \/>\n<link rel=\"canonical\" href=\"https:\/\/ave-eta-canada.com\/sv\/visum-ar-det-vasentligt-att-komma-till-kanada\/\" \/>\n<meta property=\"og:locale\" content=\"sv_SE\" \/>\n<meta property=\"og:type\" content=\"article\" \/>\n<meta property=\"og:title\" content=\"Kr\u00e4vs det visum f\u00f6r att resa till Kanada?\" \/>\n<meta property=\"og:description\" content=\"Ibland \u00e4r det m\u00f6jligt att f\u00e5 visumfrihet f\u00f6r resor till Kanada. I den h\u00e4r artikeln f\u00e5r du reda p\u00e5 hur du kan stanna i ett l\u00f6nnland utan visum.\" \/>\n<meta property=\"og:url\" content=\"https:\/\/ave-eta-canada.com\/sv\/visum-ar-det-vasentligt-att-komma-till-kanada\/\" \/>\n<meta property=\"og:site_name\" content=\"VISA CANADA\" \/>\n<meta property=\"article:modified_time\" content=\"2022-09-10T07:21:40+00:00\" \/>\n<meta name=\"twitter:card\" content=\"summary_large_image\" \/>\n<meta name=\"twitter:label1\" content=\"Ber\u00e4knad l\u00e4stid\" \/>\n\t<meta name=\"twitter:data1\" content=\"6 minuter\" \/>\n<script type=\"application\/ld+json\" class=\"yoast-schema-graph\">{\"@context\":\"https:\/\/schema.org\",\"@graph\":[{\"@type\":\"WebPage\",\"@id\":\"https:\/\/ave-eta-canada.com\/sv\/visum-ar-det-vasentligt-att-komma-till-kanada\/\",\"url\":\"https:\/\/ave-eta-canada.com\/sv\/visum-ar-det-vasentligt-att-komma-till-kanada\/\",\"name\":\"Kr\u00e4vs det visum f\u00f6r att resa till Kanada?\",\"isPartOf\":{\"@id\":\"https:\/\/ave-eta-canada.com\/sv\/#website\"},\"datePublished\":\"2022-09-06T07:59:23+00:00\",\"dateModified\":\"2022-09-10T07:21:40+00:00\",\"description\":\"Ibland \u00e4r det m\u00f6jligt att f\u00e5 visumfrihet f\u00f6r resor till Kanada. I den h\u00e4r artikeln f\u00e5r du reda p\u00e5 hur du kan stanna i ett l\u00f6nnland utan visum.\",\"breadcrumb\":{\"@id\":\"https:\/\/ave-eta-canada.com\/sv\/visum-ar-det-vasentligt-att-komma-till-kanada\/#breadcrumb\"},\"inLanguage\":\"sv-SE\",\"potentialAction\":[{\"@type\":\"ReadAction\",\"target\":[\"https:\/\/ave-eta-canada.com\/sv\/visum-ar-det-vasentligt-att-komma-till-kanada\/\"]}]},{\"@type\":\"BreadcrumbList\",\"@id\":\"https:\/\/ave-eta-canada.com\/sv\/visum-ar-det-vasentligt-att-komma-till-kanada\/#breadcrumb\",\"itemListElement\":[{\"@type\":\"ListItem\",\"position\":1,\"name\":\"Home\",\"item\":\"https:\/\/ave-eta-canada.com\/sv\/\"},{\"@type\":\"ListItem\",\"position\":2,\"name\":\"Kr\u00e4vs det visum f\u00f6r att resa till Kanada?\"}]},{\"@type\":\"WebSite\",\"@id\":\"https:\/\/ave-eta-canada.com\/sv\/#website\",\"url\":\"https:\/\/ave-eta-canada.com\/sv\/\",\"name\":\"VISA CANADA\",\"description\":\"Autorisation Voyage Electronique\",\"potentialAction\":[{\"@type\":\"SearchAction\",\"target\":{\"@type\":\"EntryPoint\",\"urlTemplate\":\"https:\/\/ave-eta-canada.com\/sv\/?s={search_term_string}\"},\"query-input\":{\"@type\":\"PropertyValueSpecification\",\"valueRequired\":true,\"valueName\":\"search_term_string\"}}],\"inLanguage\":\"sv-SE\"}]}<\/script>\n<!-- \/ Yoast SEO plugin. -->","yoast_head_json":{"title":"Kr\u00e4vs det visum f\u00f6r att resa till Kanada?","description":"Ibland \u00e4r det m\u00f6jligt att f\u00e5 visumfrihet f\u00f6r resor till Kanada. I den h\u00e4r artikeln f\u00e5r du reda p\u00e5 hur du kan stanna i ett l\u00f6nnland utan visum.","robots":{"index":"index","follow":"follow","max-snippet":"max-snippet:-1","max-image-preview":"max-image-preview:large","max-video-preview":"max-video-preview:-1"},"canonical":"https:\/\/ave-eta-canada.com\/sv\/visum-ar-det-vasentligt-att-komma-till-kanada\/","og_locale":"sv_SE","og_type":"article","og_title":"Kr\u00e4vs det visum f\u00f6r att resa till Kanada?","og_description":"Ibland \u00e4r det m\u00f6jligt att f\u00e5 visumfrihet f\u00f6r resor till Kanada. I den h\u00e4r artikeln f\u00e5r du reda p\u00e5 hur du kan stanna i ett l\u00f6nnland utan visum.","og_url":"https:\/\/ave-eta-canada.com\/sv\/visum-ar-det-vasentligt-att-komma-till-kanada\/","og_site_name":"VISA CANADA","article_modified_time":"2022-09-10T07:21:40+00:00","twitter_card":"summary_large_image","twitter_misc":{"Ber\u00e4knad l\u00e4stid":"6 minuter"},"schema":{"@context":"https:\/\/schema.org","@graph":[{"@type":"WebPage","@id":"https:\/\/ave-eta-canada.com\/sv\/visum-ar-det-vasentligt-att-komma-till-kanada\/","url":"https:\/\/ave-eta-canada.com\/sv\/visum-ar-det-vasentligt-att-komma-till-kanada\/","name":"Kr\u00e4vs det visum f\u00f6r att resa till Kanada?","isPartOf":{"@id":"https:\/\/ave-eta-canada.com\/sv\/#website"},"datePublished":"2022-09-06T07:59:23+00:00","dateModified":"2022-09-10T07:21:40+00:00","description":"Ibland \u00e4r det m\u00f6jligt att f\u00e5 visumfrihet f\u00f6r resor till Kanada. I den h\u00e4r artikeln f\u00e5r du reda p\u00e5 hur du kan stanna i ett l\u00f6nnland utan visum.","breadcrumb":{"@id":"https:\/\/ave-eta-canada.com\/sv\/visum-ar-det-vasentligt-att-komma-till-kanada\/#breadcrumb"},"inLanguage":"sv-SE","potentialAction":[{"@type":"ReadAction","target":["https:\/\/ave-eta-canada.com\/sv\/visum-ar-det-vasentligt-att-komma-till-kanada\/"]}]},{"@type":"BreadcrumbList","@id":"https:\/\/ave-eta-canada.com\/sv\/visum-ar-det-vasentligt-att-komma-till-kanada\/#breadcrumb","itemListElement":[{"@type":"ListItem","position":1,"name":"Home","item":"https:\/\/ave-eta-canada.com\/sv\/"},{"@type":"ListItem","position":2,"name":"Kr\u00e4vs det visum f\u00f6r att resa till Kanada?"}]},{"@type":"WebSite","@id":"https:\/\/ave-eta-canada.com\/sv\/#website","url":"https:\/\/ave-eta-canada.com\/sv\/","name":"VISA CANADA","description":"Autorisation Voyage Electronique","potentialAction":[{"@type":"SearchAction","target":{"@type":"EntryPoint","urlTemplate":"https:\/\/ave-eta-canada.com\/sv\/?s={search_term_string}"},"query-input":{"@type":"PropertyValueSpecification","valueRequired":true,"valueName":"search_term_string"}}],"inLanguage":"sv-SE"}]}},"_links":{"self":[{"href":"https:\/\/ave-eta-canada.com\/sv\/wp-json\/wp\/v2\/pages\/2737","targetHints":{"allow":["GET"]}}],"collection":[{"href":"https:\/\/ave-eta-canada.com\/sv\/wp-json\/wp\/v2\/pages"}],"about":[{"href":"https:\/\/ave-eta-canada.com\/sv\/wp-json\/wp\/v2\/types\/page"}],"author":[{"embeddable":true,"href":"https:\/\/ave-eta-canada.com\/sv\/wp-json\/wp\/v2\/users\/1"}],"replies":[{"embeddable":true,"href":"https:\/\/ave-eta-canada.com\/sv\/wp-json\/wp\/v2\/comments?post=2737"}],"version-history":[{"count":0,"href":"https:\/\/ave-eta-canada.com\/sv\/wp-json\/wp\/v2\/pages\/2737\/revisions"}],"wp:attachment":[{"href":"https:\/\/ave-eta-canada.com\/sv\/wp-json\/wp\/v2\/media?parent=2737"}],"curies":[{"name":"wp","href":"https:\/\/api.w.org\/{rel}","templated":true}]}}