{"id":2752,"date":"2022-09-06T07:59:25","date_gmt":"2022-09-06T07:59:25","guid":{"rendered":"https:\/\/ave-eta-canada.com\/canada-government-wants-more-students-and-foreigners\/"},"modified":"2022-09-10T07:11:07","modified_gmt":"2022-09-10T07:11:07","slug":"fler-utlandska-studenter-i-kanada","status":"publish","type":"page","link":"https:\/\/ave-eta-canada.com\/sv\/fler-utlandska-studenter-i-kanada\/","title":{"rendered":"Kanada: regeringen vill ha fler utl\u00e4ndska studenter"},"content":{"rendered":"\n<h1 class=\"wp-block-heading\">Den kanadensiska regeringen vill locka fler internationella studenter<\/h1>\n\n<p>Internationella studenter \u00e4r av stort ekonomiskt intresse f\u00f6r den kanadensiska ekonomin. Enligt en studie fr\u00e5n de federala myndigheterna genererade utl\u00e4ndska studenter 15,5 miljarder dollar under 2016. D\u00e4rf\u00f6r vill den kanadensiska administrationen st\u00e4rka infl\u00f6det av internationella studenter.<br\/><strong>F\u00f6r en vistelse p\u00e5 mindre \u00e4n 6 m\u00e5nader i Kanada<\/strong>: Du kan fylla i formaliteterna f\u00f6r inresa till Kanada direkt via Internet genom att klicka p\u00e5 <a href=\"https:\/\/ave-eta-canada.com\/sv\/kanada-eta-formular-online\/\">onlineformul\u00e4ret<\/a>. Det \u00e4r inte n\u00f6dv\u00e4ndigt att boka ett m\u00f6te p\u00e5 Kanadas ambassad eller konsulat.<br\/><\/p>\n\n<h2 class=\"wp-block-heading\">Fr\u00e4mjande av det kanadensiska utbildningssystemet f\u00f6r internationella studenter<\/h2>\n\n<p>Det kanadensiska utbildningssystemet forts\u00e4tter att attrahera unga m\u00e4nniskor fr\u00e5n utlandet. \u00c5r 2000 utf\u00e4rdades mer \u00e4n 100 000 studietillst\u00e5nd, men 2018 har siffran \u00f6verskridit 500 000. F\u00f6r att bygga vidare p\u00e5 denna dynamik har den federala regeringen fastst\u00e4llt en total budget p\u00e5 148 miljoner dollar under fem \u00e5r f\u00f6r internationell utbildning.<\/p>\n\n<p>F\u00f6r att fastst\u00e4lla en \u00f6vergripande strategi f\u00f6r att locka till sig internationella studenter i stor skala tr\u00e4ffas regeringen och f\u00f6retr\u00e4dare f\u00f6r de <a href=\"https:\/\/ave-eta-canada.com\/sv\/eta-kanada-resevillkor\/\">kanadensiska universiteten<\/a> regelbundet f\u00f6r att diskutera vilka riktlinjer som ska f\u00f6ljas.<br\/><br\/><\/p>\n\n<h2 class=\"wp-block-heading\">Fr\u00e4mjande av m\u00e5ngfald i kanadensiska utbildningsinstitutioner<\/h2>\n\n<p>Idag kommer en stor del av de utl\u00e4ndska studenterna fr\u00e5n Indien och Kina. Kanada ser dock ett \u00f6kande antal studenter fr\u00e5n l\u00e4nder med h\u00f6g tillv\u00e4xt, som Vietnam. Dessutom vill de federala myndigheterna g\u00e5 \u00e4nnu l\u00e4ngre n\u00e4r det g\u00e4ller m\u00e5ngfald. S\u00e4rskild vikt kommer att l\u00e4ggas vid tillv\u00e4xtl\u00e4nder eller regioner med en stor ungdomsbefolkning, t.ex. Colombia och vissa afrikanska l\u00e4nder.<\/p>\n\n<p>Men det handlar inte bara om ekonomin: Enligt Jim Carr, minister f\u00f6r internationell handel, bidrar internationella studenter till Kanadas internationella rykte. Enligt honom &#8221;upplever de goda kanadensiska institutioner&#8221; och fungerar som &#8221;sanna ambassad\u00f6rer f\u00f6r Kanada&#8221; n\u00e4r de \u00e5terv\u00e4nder till sina heml\u00e4nder. Dessutom bidrar detta system ocks\u00e5 till att locka unga talanger till Kanada efter h\u00f6gre utbildning. De bos\u00e4tter sig ofta permanent i Kanada och bidrar till utvecklingen av den nationella ekonomin.  <br\/><br\/><\/p>\n\n<h2 class=\"wp-block-heading\">Studera i Kanada: ans\u00f6k om studietillst\u00e5nd<\/h2>\n\n<p>Om du ocks\u00e5 \u00e4r frestad att studera utomlands kan Maple Country vara n\u00e5got f\u00f6r dig. F\u00f6r dina universitetsstudier m\u00e5ste du dock <a href=\"https:\/\/ave-eta-canada.com\/sv\/dags-att-skaffa-eta-kanada\/\">skaffa ett studietillst\u00e5nd<\/a> i f\u00f6rv\u00e4g, oavsett vilken institution du studerar vid (Lavaluniversitetet, Sherbrookeuniversitetet, universitetet i Ottawa, Hec Montr\u00e9al etc.). Studietillst\u00e5ndet \u00e4r ett dokument som utf\u00e4rdas av IRCC (Immigration, Refugees and Citizenship Canada).<\/p>\n\n<p>Innan du ans\u00f6ker om ditt studietillst\u00e5nd ska du kontrollera att du uppfyller kriterierna f\u00f6r att f\u00e5<a href=\"https:\/\/ave-eta-canada.com\/sv\/hur-man-far-ett-whv-arbetssemestertillstand-kanada\/\"> studera i Kanada<\/a>. Den blivande studenten m\u00e5ste d\u00e4rf\u00f6r :<\/p>\n\n<ul class=\"wp-block-list\"><li>har antagits till en kanadensisk utbildningsinstitution och har ett antagningsbesked;  <\/li><li>visa att de har tillr\u00e4ckliga ekonomiska resurser f\u00f6r att tillgodose sina behov under det f\u00f6rsta studie\u00e5ret (boende, skolavgifter osv.);<\/li><li>ha ett rent kriminalregister;<\/li><li>vara frisk.<\/li><\/ul>\n\n<p>F\u00f6r att ans\u00f6ka om ett studietillst\u00e5nd fyller du bara i<a href=\"https:\/\/ave-eta-canada.com\/sv\/fylla-i-blankett-eta-formular-for-kanada\/\"> en blankett p\u00e5 n\u00e4tet <\/a>eller p\u00e5 papper. F\u00f6r det senare alternativet ska blanketten skickas till viseringskontoret vid den kanadensiska ambassaden eller det kanadensiska generalkonsulatet.<\/p>\n","protected":false},"excerpt":{"rendered":"<p>Den kanadensiska regeringen vill locka fler internationella studenter Internationella studenter \u00e4r av stort ekonomiskt intresse f\u00f6r den kanadensiska ekonomin. Enligt en studie fr\u00e5n de federala myndigheterna genererade utl\u00e4ndska studenter 15,5 miljarder dollar under 2016. D\u00e4rf\u00f6r vill den kanadensiska administrationen st\u00e4rka infl\u00f6det av internationella studenter.F\u00f6r en vistelse p\u00e5 mindre \u00e4n 6 m\u00e5nader i Kanada: Du kan [&hellip;]<\/p>\n","protected":false},"author":1,"featured_media":0,"parent":0,"menu_order":0,"comment_status":"closed","ping_status":"closed","template":"","meta":{"footnotes":""},"class_list":["post-2752","page","type-page","status-publish","hentry"],"yoast_head":"<!-- This site is optimized with the Yoast SEO plugin v26.9 - https:\/\/yoast.com\/product\/yoast-seo-wordpress\/ -->\n<title>Kanada: regeringen vill ha fler utl\u00e4ndska studenter<\/title>\n<meta name=\"description\" content=\"Den kanadensiska regeringen planerar att ta emot fler internationella studenter under de kommande \u00e5ren. Detta kommer att f\u00e5 betydande ekonomiska konsekvenser.\" \/>\n<meta name=\"robots\" content=\"index, follow, max-snippet:-1, max-image-preview:large, max-video-preview:-1\" \/>\n<link rel=\"canonical\" href=\"https:\/\/ave-eta-canada.com\/sv\/fler-utlandska-studenter-i-kanada\/\" \/>\n<meta property=\"og:locale\" content=\"sv_SE\" \/>\n<meta property=\"og:type\" content=\"article\" \/>\n<meta property=\"og:title\" content=\"Kanada: regeringen vill ha fler utl\u00e4ndska studenter\" \/>\n<meta property=\"og:description\" content=\"Den kanadensiska regeringen planerar att ta emot fler internationella studenter under de kommande \u00e5ren. Detta kommer att f\u00e5 betydande ekonomiska konsekvenser.\" \/>\n<meta property=\"og:url\" content=\"https:\/\/ave-eta-canada.com\/sv\/fler-utlandska-studenter-i-kanada\/\" \/>\n<meta property=\"og:site_name\" content=\"VISA CANADA\" \/>\n<meta property=\"article:modified_time\" content=\"2022-09-10T07:11:07+00:00\" \/>\n<meta name=\"twitter:card\" content=\"summary_large_image\" \/>\n<meta name=\"twitter:label1\" content=\"Ber\u00e4knad l\u00e4stid\" \/>\n\t<meta name=\"twitter:data1\" content=\"3 minuter\" \/>\n<script type=\"application\/ld+json\" class=\"yoast-schema-graph\">{\"@context\":\"https:\/\/schema.org\",\"@graph\":[{\"@type\":\"WebPage\",\"@id\":\"https:\/\/ave-eta-canada.com\/sv\/fler-utlandska-studenter-i-kanada\/\",\"url\":\"https:\/\/ave-eta-canada.com\/sv\/fler-utlandska-studenter-i-kanada\/\",\"name\":\"Kanada: regeringen vill ha fler utl\u00e4ndska studenter\",\"isPartOf\":{\"@id\":\"https:\/\/ave-eta-canada.com\/sv\/#website\"},\"datePublished\":\"2022-09-06T07:59:25+00:00\",\"dateModified\":\"2022-09-10T07:11:07+00:00\",\"description\":\"Den kanadensiska regeringen planerar att ta emot fler internationella studenter under de kommande \u00e5ren. Detta kommer att f\u00e5 betydande ekonomiska konsekvenser.\",\"breadcrumb\":{\"@id\":\"https:\/\/ave-eta-canada.com\/sv\/fler-utlandska-studenter-i-kanada\/#breadcrumb\"},\"inLanguage\":\"sv-SE\",\"potentialAction\":[{\"@type\":\"ReadAction\",\"target\":[\"https:\/\/ave-eta-canada.com\/sv\/fler-utlandska-studenter-i-kanada\/\"]}]},{\"@type\":\"BreadcrumbList\",\"@id\":\"https:\/\/ave-eta-canada.com\/sv\/fler-utlandska-studenter-i-kanada\/#breadcrumb\",\"itemListElement\":[{\"@type\":\"ListItem\",\"position\":1,\"name\":\"Home\",\"item\":\"https:\/\/ave-eta-canada.com\/sv\/\"},{\"@type\":\"ListItem\",\"position\":2,\"name\":\"Kanada: regeringen vill ha fler utl\u00e4ndska studenter\"}]},{\"@type\":\"WebSite\",\"@id\":\"https:\/\/ave-eta-canada.com\/sv\/#website\",\"url\":\"https:\/\/ave-eta-canada.com\/sv\/\",\"name\":\"VISA CANADA\",\"description\":\"Autorisation Voyage Electronique\",\"potentialAction\":[{\"@type\":\"SearchAction\",\"target\":{\"@type\":\"EntryPoint\",\"urlTemplate\":\"https:\/\/ave-eta-canada.com\/sv\/?s={search_term_string}\"},\"query-input\":{\"@type\":\"PropertyValueSpecification\",\"valueRequired\":true,\"valueName\":\"search_term_string\"}}],\"inLanguage\":\"sv-SE\"}]}<\/script>\n<!-- \/ Yoast SEO plugin. -->","yoast_head_json":{"title":"Kanada: regeringen vill ha fler utl\u00e4ndska studenter","description":"Den kanadensiska regeringen planerar att ta emot fler internationella studenter under de kommande \u00e5ren. Detta kommer att f\u00e5 betydande ekonomiska konsekvenser.","robots":{"index":"index","follow":"follow","max-snippet":"max-snippet:-1","max-image-preview":"max-image-preview:large","max-video-preview":"max-video-preview:-1"},"canonical":"https:\/\/ave-eta-canada.com\/sv\/fler-utlandska-studenter-i-kanada\/","og_locale":"sv_SE","og_type":"article","og_title":"Kanada: regeringen vill ha fler utl\u00e4ndska studenter","og_description":"Den kanadensiska regeringen planerar att ta emot fler internationella studenter under de kommande \u00e5ren. Detta kommer att f\u00e5 betydande ekonomiska konsekvenser.","og_url":"https:\/\/ave-eta-canada.com\/sv\/fler-utlandska-studenter-i-kanada\/","og_site_name":"VISA CANADA","article_modified_time":"2022-09-10T07:11:07+00:00","twitter_card":"summary_large_image","twitter_misc":{"Ber\u00e4knad l\u00e4stid":"3 minuter"},"schema":{"@context":"https:\/\/schema.org","@graph":[{"@type":"WebPage","@id":"https:\/\/ave-eta-canada.com\/sv\/fler-utlandska-studenter-i-kanada\/","url":"https:\/\/ave-eta-canada.com\/sv\/fler-utlandska-studenter-i-kanada\/","name":"Kanada: regeringen vill ha fler utl\u00e4ndska studenter","isPartOf":{"@id":"https:\/\/ave-eta-canada.com\/sv\/#website"},"datePublished":"2022-09-06T07:59:25+00:00","dateModified":"2022-09-10T07:11:07+00:00","description":"Den kanadensiska regeringen planerar att ta emot fler internationella studenter under de kommande \u00e5ren. Detta kommer att f\u00e5 betydande ekonomiska konsekvenser.","breadcrumb":{"@id":"https:\/\/ave-eta-canada.com\/sv\/fler-utlandska-studenter-i-kanada\/#breadcrumb"},"inLanguage":"sv-SE","potentialAction":[{"@type":"ReadAction","target":["https:\/\/ave-eta-canada.com\/sv\/fler-utlandska-studenter-i-kanada\/"]}]},{"@type":"BreadcrumbList","@id":"https:\/\/ave-eta-canada.com\/sv\/fler-utlandska-studenter-i-kanada\/#breadcrumb","itemListElement":[{"@type":"ListItem","position":1,"name":"Home","item":"https:\/\/ave-eta-canada.com\/sv\/"},{"@type":"ListItem","position":2,"name":"Kanada: regeringen vill ha fler utl\u00e4ndska studenter"}]},{"@type":"WebSite","@id":"https:\/\/ave-eta-canada.com\/sv\/#website","url":"https:\/\/ave-eta-canada.com\/sv\/","name":"VISA CANADA","description":"Autorisation Voyage Electronique","potentialAction":[{"@type":"SearchAction","target":{"@type":"EntryPoint","urlTemplate":"https:\/\/ave-eta-canada.com\/sv\/?s={search_term_string}"},"query-input":{"@type":"PropertyValueSpecification","valueRequired":true,"valueName":"search_term_string"}}],"inLanguage":"sv-SE"}]}},"_links":{"self":[{"href":"https:\/\/ave-eta-canada.com\/sv\/wp-json\/wp\/v2\/pages\/2752","targetHints":{"allow":["GET"]}}],"collection":[{"href":"https:\/\/ave-eta-canada.com\/sv\/wp-json\/wp\/v2\/pages"}],"about":[{"href":"https:\/\/ave-eta-canada.com\/sv\/wp-json\/wp\/v2\/types\/page"}],"author":[{"embeddable":true,"href":"https:\/\/ave-eta-canada.com\/sv\/wp-json\/wp\/v2\/users\/1"}],"replies":[{"embeddable":true,"href":"https:\/\/ave-eta-canada.com\/sv\/wp-json\/wp\/v2\/comments?post=2752"}],"version-history":[{"count":0,"href":"https:\/\/ave-eta-canada.com\/sv\/wp-json\/wp\/v2\/pages\/2752\/revisions"}],"wp:attachment":[{"href":"https:\/\/ave-eta-canada.com\/sv\/wp-json\/wp\/v2\/media?parent=2752"}],"curies":[{"name":"wp","href":"https:\/\/api.w.org\/{rel}","templated":true}]}}