{"id":2758,"date":"2022-09-06T07:59:25","date_gmt":"2022-09-06T07:59:25","guid":{"rendered":"https:\/\/ave-eta-canada.com\/pvt-canada-how-to-get-your-work-holiday-permit\/"},"modified":"2022-09-09T20:48:53","modified_gmt":"2022-09-09T20:48:53","slug":"hur-man-far-ett-whv-arbetssemestertillstand-kanada","status":"publish","type":"page","link":"https:\/\/ave-eta-canada.com\/sv\/hur-man-far-ett-whv-arbetssemestertillstand-kanada\/","title":{"rendered":"WHP Kanada: hur f\u00e5r man ett tillst\u00e5nd f\u00f6r arbetssemester?"},"content":{"rendered":"\n<h1 class=\"wp-block-heading\">WHP Canada: Tillst\u00e5nd att resa till Kanada<\/h1>\n\n<p><strong>F\u00f6r en vistelse p\u00e5 mindre \u00e4n 6 m\u00e5nader i Kanada<\/strong>: Du kan fylla i formaliteterna f\u00f6r inresa till Kanada direkt via Internet genom att klicka p\u00e5 <a href=\"https:\/\/ave-eta-canada.com\/sv\/kanada-eta-formular-online\/\">onlineformul\u00e4ret<\/a>. Det \u00e4r inte n\u00f6dv\u00e4ndigt att boka ett m\u00f6te p\u00e5 Kanadas ambassad eller konsulat.<\/p>\n\n<p>Dr\u00f6mmer du om att uppt\u00e4cka Kanada samtidigt som du kan g\u00f6ra sm\u00e5jobb f\u00f6r att finansiera din uppt\u00e4cktsf\u00e4rd? Working Holiday Program (WHP Canada) \u00e4r n\u00e5got f\u00f6r dig.<\/p>\n\n<p>Programmet, som \u00e4ven kallas Working Holiday Visa (WHV), g\u00f6r det m\u00f6jligt f\u00f6r tusentals unga m\u00e4nniskor mellan 18 och 35 \u00e5r att ta steget och flyga till poutineland f\u00f6r att f\u00e5 en of\u00f6rgl\u00f6mlig yrkesm\u00e4ssig och m\u00e4nsklig erfarenhet. Vi kommer att f\u00f6rklara det viktigaste om det kanadensiska WHP.<\/p>\n\n<h2 class=\"wp-block-heading\">Vad \u00e4r WHP Canada?<\/h2>\n\n<p>WHP Canada \u00e4r ett program f\u00f6r ungdomar mellan 18 och 35 \u00e5r som vill bo i Kanada i upp till 24 m\u00e5nader. Kanada \u00e4r inte det enda landet som erbjuder ett WHP, men det \u00e4r definitivt ett av de mest popul\u00e4ra, tillsammans med det australiska WHP.<\/p>\n\n<p>Konkret kan innehavare av en visering f\u00f6r arbetsresor stanna i ett land i upp till ett \u00e5r, tv\u00e5 \u00e5r f\u00f6r Kanada (giltighetstiden beror p\u00e5 bilaterala avtal mellan l\u00e4nderna) och arbeta d\u00e4r f\u00f6r att finansiera sin resa. Att hitta ett jobb \u00e4r inget krav i sig, men det kan vara en v\u00e4lkommen hj\u00e4lp f\u00f6r att finansiera din resa.  <\/p>\n\n<p>Det \u00e4r inte heller n\u00f6dv\u00e4ndigt att hitta ett arbete f\u00f6re avresan, men det \u00e4r n\u00f6dv\u00e4ndigt att ha tillr\u00e4ckliga ekonomiska resurser f\u00f6r att f\u00f6rs\u00f6rja sig sj\u00e4lv, \u00e5tminstone i b\u00f6rjan av resan (2 500 CAN-dollar).  <\/p>\n\n<p>WHP Canada har varit ett offer f\u00f6r sin egen framg\u00e5ng under en tid och antalet ans\u00f6kningar har \u00f6verskridit de kvoter som fastst\u00e4llts av den kanadensiska regeringen. F\u00f6rdelningen sker nu genom lottdragning i en serie inbjudningsrundor.<\/p>\n\n<p>Deltagarna i PVT m\u00e5ste d\u00e4rf\u00f6r vara t\u00e5lmodiga och hoppas p\u00e5 att bli slumpm\u00e4ssigt utvalda f\u00f6r att f\u00e5 \u00e5ka till Kanada inom ramen f\u00f6r det kanadensiska PVT.<\/p>\n\n<h2 class=\"wp-block-heading\">Hur f\u00e5r man ett kanadensiskt WHP?<\/h2>\n\n<h3 class=\"wp-block-heading\">Krav p\u00e5 st\u00f6dber\u00e4ttigande<\/h3>\n\n<p>Det arbetsferieprogram som erbjuds av den kanadensiska regeringen \u00e4r endast \u00f6ppet f\u00f6r medborgare i \u00e5ldern 18-35 \u00e5r fr\u00e5n ett land som har undertecknat ett avtal med Kanada inom ramen f\u00f6r IEC-programmet (International Experience Canada).<\/p>\n\n<p>Ett pass som \u00e4r giltigt under hela WHP Canada-perioden kr\u00e4vs naturligtvis.<\/p>\n\n<p>Du m\u00e5ste ocks\u00e5 ha tillr\u00e4ckligt med pengar f\u00f6r att kunna f\u00f6rs\u00f6rja dig sj\u00e4lv under de f\u00f6rsta m\u00e5naderna av din vistelse (2 500 CAD-dollar). En flygbiljett f\u00f6r returresa (eller utresa) kr\u00e4vs om du inte kan bevisa att du har ytterligare medel.<\/p>\n\n<h3 class=\"wp-block-heading\">Hur du ans\u00f6ker om ett WHP Canada<\/h3>\n\n<p>N\u00e4r du \u00e4r s\u00e4ker p\u00e5 att du uppfyller beh\u00f6righetskriterierna ska du skapa en EIC-kandidatprofil genom att fylla i ett fr\u00e5geformul\u00e4r. Svaren du ger avg\u00f6r vilken av f\u00f6ljande &#8221;pooler&#8221; din ans\u00f6kan placeras i:<\/p>\n\n<ul class=\"wp-block-list\"><li>PVT-poolen ;<\/li><li>poolen f\u00f6r unga yrkesverksamma ;<\/li><li>Coop-utbildningspoolen.<\/li><\/ul>\n\n<p>Profilerna granskas sedan och kandidaterna v\u00e4ljs ut genom slumpm\u00e4ssig dragning i inbjudningsrundor. I varje omg\u00e5ng lottas flera personer ut tills den fastst\u00e4llda kvoten \u00e4r uppn\u00e5dd, som uppg\u00e5r till 7 150 franska Pvtists f\u00f6r \u00e5r 2019.<\/p>\n\n<p>Om du har turen att bli utvald f\u00e5r du en inbjudan att ans\u00f6ka om arbetstillst\u00e5nd. Du har 10 dagar p\u00e5 dig att tacka ja till denna inbjudan. N\u00e4r inbjudan har accepterats har du 20 dagar p\u00e5 dig att slutf\u00f6ra din ans\u00f6kan.<\/p>\n\n<p>Flera dokument m\u00e5ste bifogas din ans\u00f6kan, bland annat f\u00f6ljande<\/p>\n\n<ul class=\"wp-block-list\"><li>en kopia av ditt pass;<\/li><li>ett passfoto ;<\/li><li>ditt CV ;<\/li><li>ett utdrag ur kriminalregistret (i vissa fall) ;<\/li><li>Ett l\u00e4karintyg (i vissa fall).<\/li><\/ul>\n\n<p>Du m\u00e5ste sedan betala en avgift f\u00f6r att hantera din ans\u00f6kan (150 CAD-dollar) och f\u00f6r att utf\u00e4rda ditt &#8221;\u00f6ppna&#8221; arbetstillst\u00e5nd (100 CAD-dollar).<\/p>\n\n<p>N\u00e4r du har betalat avgiften kommer du att bli ombedd att l\u00e4mna dina biometriska uppgifter inom 30 dagar. F\u00f6r att g\u00f6ra detta m\u00e5ste du g\u00e5 till ett officiellt insamlingsst\u00e4lle som kallas Visa Application Centre (VAC). Du kommer att f\u00e5 veta var n\u00e4rmaste VAC finns.<\/p>\n\n<p>S\u00e5 snart din ans\u00f6kan har godk\u00e4nts f\u00e5r du ett introduktionsbrev till inresehamnen. Detta brev ska uppvisas f\u00f6r den kanadensiska tulltj\u00e4nstemannen vid ankomsten.<\/p>\n\n<h3 class=\"wp-block-heading\">Skyldigheter som ska respekteras<\/h3>\n\n<p>Ett f\u00f6rs\u00e4kringsintyg som t\u00e4cker hela vistelsen m\u00e5ste tillhandah\u00e5llas. Det \u00e4r obligatoriskt att teckna en resef\u00f6rs\u00e4kring, eftersom kostnaderna f\u00f6r sjukv\u00e5rd och hemtransport snabbt kan bli enorma p\u00e5 andra sidan Atlanten. Observera att om din f\u00f6rs\u00e4kring inte t\u00e4cker hela WHP Canada-perioden kommer den att minskas i motsvarande grad.<\/p>\n\n<p>Kanada har nyligen inf\u00f6rt <a href=\"https:\/\/ave-eta-canada.com\/sv\/lexikon-alla-definitioner-omkring-eta-kanada\/\">en elektronisk reseauktoritet eTA<\/a> f\u00f6r resen\u00e4rer som reser till Kanada med flyg. Detta tillst\u00e5nd kommer att vara obligatoriskt f\u00f6r de ber\u00f6rda resen\u00e4rerna, t.ex. f\u00f6r pvtister. I det senare fallet kopplas <a href=\"https:\/\/ave-eta-canada.com\/sv\/\">eTA<\/a> normalt automatiskt till passet utan att en ans\u00f6kan beh\u00f6ver g\u00f6ras. Vi rekommenderar \u00e4nd\u00e5 att du kontrollerar om du beh\u00f6ver <a href=\"https:\/\/ave-eta-canada.com\/sv\/gor-en-ansokan-hos-kanadas-officiella-myndighet\/\">ans\u00f6ka om eTA<\/a> innan du \u00e5ker.<\/p>\n\n<h2 class=\"wp-block-heading\">Att hitta arbete i Kanada<\/h2>\n\n<p>N\u00e4r du v\u00e4l \u00e4r i Kanada kan du b\u00f6rja s\u00f6ka arbete inom vilket omr\u00e5de som helst. Till skillnad fr\u00e5n andra l\u00e4nder har WHP Canada n\u00e4stan inga begr\u00e4nsningar i fr\u00e5ga om typ av arbete eller tid.<\/p>\n\n<p>Du m\u00e5ste f\u00f6rmodligen \u00f6ppna ett bankkonto f\u00f6r att f\u00e5 din l\u00f6n i kanadensiska dollar och fullg\u00f6ra vissa formaliteter.<\/p>\n\n<p>Du kan ocks\u00e5 v\u00e4lja internationellt volont\u00e4rarbete genom att delta i program som Helpx eller Wwoofing, f\u00f6r att uppt\u00e4cka v\u00e4rlden av ekologiskt jordbruk samtidigt som du f\u00e5r mat och husrum.<\/p>\n\n<p>Kanada uppfattas som ett eldorado av unga yrkesverksamma. \u00c4ven om arbetsmarknaden i Kanada \u00e4r dynamisk kr\u00e4vs det fortfarande en viss anstr\u00e4ngning f\u00f6r att hitta ett jobb i Kanada och f\u00f6r att anpassa sig till en ny milj\u00f6, eftersom konkurrensen \u00e4r h\u00e5rd bland de anst\u00e4llda. Gl\u00f6m inte att anpassa ditt CV till kanadensisk standard f\u00f6r att bli effektivare.<\/p>\n\n<p>De flesta vittnesm\u00e5len fr\u00e5n personer som har utnyttjat programmet \u00e4r positiva. Att uppt\u00e4cka en ny kultur och l\u00e4mna sin bekv\u00e4mlighetszon kan bara gynna ens utveckling.<\/p>\n\n<p>En s\u00e5dan erfarenhet kan till och med f\u00e5 dig att ompr\u00f6va vissa val och varf\u00f6r inte bli permanent bosatt i Kanada eller n\u00e5gon annanstans. Ha en trevlig resa<\/p>\n","protected":false},"excerpt":{"rendered":"<p>WHP Canada: Tillst\u00e5nd att resa till Kanada F\u00f6r en vistelse p\u00e5 mindre \u00e4n 6 m\u00e5nader i Kanada: Du kan fylla i formaliteterna f\u00f6r inresa till Kanada direkt via Internet genom att klicka p\u00e5 onlineformul\u00e4ret. Det \u00e4r inte n\u00f6dv\u00e4ndigt att boka ett m\u00f6te p\u00e5 Kanadas ambassad eller konsulat. Dr\u00f6mmer du om att uppt\u00e4cka Kanada samtidigt som [&hellip;]<\/p>\n","protected":false},"author":1,"featured_media":0,"parent":0,"menu_order":0,"comment_status":"closed","ping_status":"closed","template":"","meta":{"footnotes":""},"class_list":["post-2758","page","type-page","status-publish","hentry"],"yoast_head":"<!-- This site is optimized with the Yoast SEO plugin v26.9 - https:\/\/yoast.com\/product\/yoast-seo-wordpress\/ -->\n<title>WHP Kanada: hur f\u00e5r man ett tillst\u00e5nd f\u00f6r arbetssemester?<\/title>\n<meta name=\"description\" content=\"\u00c5k p\u00e5 en WHP Canada-resa och utforska detta vackra land samtidigt som du har m\u00f6jlighet att finansiera din resa genom att arbeta.\" \/>\n<meta name=\"robots\" content=\"index, follow, max-snippet:-1, max-image-preview:large, max-video-preview:-1\" \/>\n<link rel=\"canonical\" href=\"https:\/\/ave-eta-canada.com\/sv\/hur-man-far-ett-whv-arbetssemestertillstand-kanada\/\" \/>\n<meta property=\"og:locale\" content=\"sv_SE\" \/>\n<meta property=\"og:type\" content=\"article\" \/>\n<meta property=\"og:title\" content=\"WHP Kanada: hur f\u00e5r man ett tillst\u00e5nd f\u00f6r arbetssemester?\" \/>\n<meta property=\"og:description\" content=\"\u00c5k p\u00e5 en WHP Canada-resa och utforska detta vackra land samtidigt som du har m\u00f6jlighet att finansiera din resa genom att arbeta.\" \/>\n<meta property=\"og:url\" content=\"https:\/\/ave-eta-canada.com\/sv\/hur-man-far-ett-whv-arbetssemestertillstand-kanada\/\" \/>\n<meta property=\"og:site_name\" content=\"VISA CANADA\" \/>\n<meta property=\"article:modified_time\" content=\"2022-09-09T20:48:53+00:00\" \/>\n<meta name=\"twitter:card\" content=\"summary_large_image\" \/>\n<meta name=\"twitter:label1\" content=\"Ber\u00e4knad l\u00e4stid\" \/>\n\t<meta name=\"twitter:data1\" content=\"6 minuter\" \/>\n<script type=\"application\/ld+json\" class=\"yoast-schema-graph\">{\"@context\":\"https:\/\/schema.org\",\"@graph\":[{\"@type\":\"WebPage\",\"@id\":\"https:\/\/ave-eta-canada.com\/sv\/hur-man-far-ett-whv-arbetssemestertillstand-kanada\/\",\"url\":\"https:\/\/ave-eta-canada.com\/sv\/hur-man-far-ett-whv-arbetssemestertillstand-kanada\/\",\"name\":\"WHP Kanada: hur f\u00e5r man ett tillst\u00e5nd f\u00f6r arbetssemester?\",\"isPartOf\":{\"@id\":\"https:\/\/ave-eta-canada.com\/sv\/#website\"},\"datePublished\":\"2022-09-06T07:59:25+00:00\",\"dateModified\":\"2022-09-09T20:48:53+00:00\",\"description\":\"\u00c5k p\u00e5 en WHP Canada-resa och utforska detta vackra land samtidigt som du har m\u00f6jlighet att finansiera din resa genom att arbeta.\",\"breadcrumb\":{\"@id\":\"https:\/\/ave-eta-canada.com\/sv\/hur-man-far-ett-whv-arbetssemestertillstand-kanada\/#breadcrumb\"},\"inLanguage\":\"sv-SE\",\"potentialAction\":[{\"@type\":\"ReadAction\",\"target\":[\"https:\/\/ave-eta-canada.com\/sv\/hur-man-far-ett-whv-arbetssemestertillstand-kanada\/\"]}]},{\"@type\":\"BreadcrumbList\",\"@id\":\"https:\/\/ave-eta-canada.com\/sv\/hur-man-far-ett-whv-arbetssemestertillstand-kanada\/#breadcrumb\",\"itemListElement\":[{\"@type\":\"ListItem\",\"position\":1,\"name\":\"Home\",\"item\":\"https:\/\/ave-eta-canada.com\/sv\/\"},{\"@type\":\"ListItem\",\"position\":2,\"name\":\"WHP Kanada: hur f\u00e5r man ett tillst\u00e5nd f\u00f6r arbetssemester?\"}]},{\"@type\":\"WebSite\",\"@id\":\"https:\/\/ave-eta-canada.com\/sv\/#website\",\"url\":\"https:\/\/ave-eta-canada.com\/sv\/\",\"name\":\"VISA CANADA\",\"description\":\"Autorisation Voyage Electronique\",\"potentialAction\":[{\"@type\":\"SearchAction\",\"target\":{\"@type\":\"EntryPoint\",\"urlTemplate\":\"https:\/\/ave-eta-canada.com\/sv\/?s={search_term_string}\"},\"query-input\":{\"@type\":\"PropertyValueSpecification\",\"valueRequired\":true,\"valueName\":\"search_term_string\"}}],\"inLanguage\":\"sv-SE\"}]}<\/script>\n<!-- \/ Yoast SEO plugin. -->","yoast_head_json":{"title":"WHP Kanada: hur f\u00e5r man ett tillst\u00e5nd f\u00f6r arbetssemester?","description":"\u00c5k p\u00e5 en WHP Canada-resa och utforska detta vackra land samtidigt som du har m\u00f6jlighet att finansiera din resa genom att arbeta.","robots":{"index":"index","follow":"follow","max-snippet":"max-snippet:-1","max-image-preview":"max-image-preview:large","max-video-preview":"max-video-preview:-1"},"canonical":"https:\/\/ave-eta-canada.com\/sv\/hur-man-far-ett-whv-arbetssemestertillstand-kanada\/","og_locale":"sv_SE","og_type":"article","og_title":"WHP Kanada: hur f\u00e5r man ett tillst\u00e5nd f\u00f6r arbetssemester?","og_description":"\u00c5k p\u00e5 en WHP Canada-resa och utforska detta vackra land samtidigt som du har m\u00f6jlighet att finansiera din resa genom att arbeta.","og_url":"https:\/\/ave-eta-canada.com\/sv\/hur-man-far-ett-whv-arbetssemestertillstand-kanada\/","og_site_name":"VISA CANADA","article_modified_time":"2022-09-09T20:48:53+00:00","twitter_card":"summary_large_image","twitter_misc":{"Ber\u00e4knad l\u00e4stid":"6 minuter"},"schema":{"@context":"https:\/\/schema.org","@graph":[{"@type":"WebPage","@id":"https:\/\/ave-eta-canada.com\/sv\/hur-man-far-ett-whv-arbetssemestertillstand-kanada\/","url":"https:\/\/ave-eta-canada.com\/sv\/hur-man-far-ett-whv-arbetssemestertillstand-kanada\/","name":"WHP Kanada: hur f\u00e5r man ett tillst\u00e5nd f\u00f6r arbetssemester?","isPartOf":{"@id":"https:\/\/ave-eta-canada.com\/sv\/#website"},"datePublished":"2022-09-06T07:59:25+00:00","dateModified":"2022-09-09T20:48:53+00:00","description":"\u00c5k p\u00e5 en WHP Canada-resa och utforska detta vackra land samtidigt som du har m\u00f6jlighet att finansiera din resa genom att arbeta.","breadcrumb":{"@id":"https:\/\/ave-eta-canada.com\/sv\/hur-man-far-ett-whv-arbetssemestertillstand-kanada\/#breadcrumb"},"inLanguage":"sv-SE","potentialAction":[{"@type":"ReadAction","target":["https:\/\/ave-eta-canada.com\/sv\/hur-man-far-ett-whv-arbetssemestertillstand-kanada\/"]}]},{"@type":"BreadcrumbList","@id":"https:\/\/ave-eta-canada.com\/sv\/hur-man-far-ett-whv-arbetssemestertillstand-kanada\/#breadcrumb","itemListElement":[{"@type":"ListItem","position":1,"name":"Home","item":"https:\/\/ave-eta-canada.com\/sv\/"},{"@type":"ListItem","position":2,"name":"WHP Kanada: hur f\u00e5r man ett tillst\u00e5nd f\u00f6r arbetssemester?"}]},{"@type":"WebSite","@id":"https:\/\/ave-eta-canada.com\/sv\/#website","url":"https:\/\/ave-eta-canada.com\/sv\/","name":"VISA CANADA","description":"Autorisation Voyage Electronique","potentialAction":[{"@type":"SearchAction","target":{"@type":"EntryPoint","urlTemplate":"https:\/\/ave-eta-canada.com\/sv\/?s={search_term_string}"},"query-input":{"@type":"PropertyValueSpecification","valueRequired":true,"valueName":"search_term_string"}}],"inLanguage":"sv-SE"}]}},"_links":{"self":[{"href":"https:\/\/ave-eta-canada.com\/sv\/wp-json\/wp\/v2\/pages\/2758","targetHints":{"allow":["GET"]}}],"collection":[{"href":"https:\/\/ave-eta-canada.com\/sv\/wp-json\/wp\/v2\/pages"}],"about":[{"href":"https:\/\/ave-eta-canada.com\/sv\/wp-json\/wp\/v2\/types\/page"}],"author":[{"embeddable":true,"href":"https:\/\/ave-eta-canada.com\/sv\/wp-json\/wp\/v2\/users\/1"}],"replies":[{"embeddable":true,"href":"https:\/\/ave-eta-canada.com\/sv\/wp-json\/wp\/v2\/comments?post=2758"}],"version-history":[{"count":0,"href":"https:\/\/ave-eta-canada.com\/sv\/wp-json\/wp\/v2\/pages\/2758\/revisions"}],"wp:attachment":[{"href":"https:\/\/ave-eta-canada.com\/sv\/wp-json\/wp\/v2\/media?parent=2758"}],"curies":[{"name":"wp","href":"https:\/\/api.w.org\/{rel}","templated":true}]}}