{"id":2764,"date":"2022-09-06T07:59:26","date_gmt":"2022-09-06T07:59:26","guid":{"rendered":"https:\/\/ave-eta-canada.com\/nyheter-om-vagen\/"},"modified":"2022-09-06T21:24:54","modified_gmt":"2022-09-06T21:24:54","slug":"nyheter-om-eta","status":"publish","type":"page","link":"https:\/\/ave-eta-canada.com\/sv\/nyheter-om-eta\/","title":{"rendered":"Nyheter om eTA"},"content":{"rendered":"\n<h1 class=\"wp-block-heading\">De senaste nyheterna om eTA-tillst\u00e5nd och resor till Kanada<\/h1>\n\n<p>I det h\u00e4r avsnittet f\u00e5r du reda p\u00e5 vad som \u00e4r nytt med det officiella eTA-dokumentet och vad som \u00e4r nytt i Kanada. Om du beh\u00f6ver mer information om eTA f\u00f6r din resa kan du l\u00e4sa <a>hj\u00e4lpsidan<\/a>, <a>ordlistan<\/a> och de <a>vanligaste fr\u00e5gorna<\/a>.<\/p>\n\n<p><\/p>\n","protected":false},"excerpt":{"rendered":"<p>De senaste nyheterna om eTA-tillst\u00e5nd och resor till Kanada I det h\u00e4r avsnittet f\u00e5r du reda p\u00e5 vad som \u00e4r nytt med det officiella eTA-dokumentet och vad som \u00e4r nytt i Kanada. Om du beh\u00f6ver mer information om eTA f\u00f6r din resa kan du l\u00e4sa hj\u00e4lpsidan, ordlistan och de vanligaste fr\u00e5gorna.<\/p>\n","protected":false},"author":1,"featured_media":0,"parent":0,"menu_order":0,"comment_status":"closed","ping_status":"closed","template":"","meta":{"footnotes":""},"class_list":["post-2764","page","type-page","status-publish","hentry"],"yoast_head":"<!-- This site is optimized with the Yoast SEO plugin v26.9 - https:\/\/yoast.com\/product\/yoast-seo-wordpress\/ -->\n<title>Nyheter om eTA<\/title>\n<meta name=\"description\" content=\"\u00c4r du redo att resa till Kanada med ditt eTA-tillst\u00e5nd? I denna nyhetssektion hittar du alla nyheter som r\u00f6r din resa.\" \/>\n<meta name=\"robots\" content=\"index, follow, max-snippet:-1, max-image-preview:large, max-video-preview:-1\" \/>\n<link rel=\"canonical\" href=\"https:\/\/ave-eta-canada.com\/sv\/nyheter-om-eta\/\" \/>\n<meta property=\"og:locale\" content=\"sv_SE\" \/>\n<meta property=\"og:type\" content=\"article\" \/>\n<meta property=\"og:title\" content=\"Nyheter om eTA\" \/>\n<meta property=\"og:description\" content=\"\u00c4r du redo att resa till Kanada med ditt eTA-tillst\u00e5nd? I denna nyhetssektion hittar du alla nyheter som r\u00f6r din resa.\" \/>\n<meta property=\"og:url\" content=\"https:\/\/ave-eta-canada.com\/sv\/nyheter-om-eta\/\" \/>\n<meta property=\"og:site_name\" content=\"VISA CANADA\" \/>\n<meta property=\"article:modified_time\" content=\"2022-09-06T21:24:54+00:00\" \/>\n<meta name=\"twitter:card\" content=\"summary_large_image\" \/>\n<script type=\"application\/ld+json\" class=\"yoast-schema-graph\">{\"@context\":\"https:\/\/schema.org\",\"@graph\":[{\"@type\":\"WebPage\",\"@id\":\"https:\/\/ave-eta-canada.com\/sv\/nyheter-om-eta\/\",\"url\":\"https:\/\/ave-eta-canada.com\/sv\/nyheter-om-eta\/\",\"name\":\"Nyheter om eTA\",\"isPartOf\":{\"@id\":\"https:\/\/ave-eta-canada.com\/sv\/#website\"},\"datePublished\":\"2022-09-06T07:59:26+00:00\",\"dateModified\":\"2022-09-06T21:24:54+00:00\",\"description\":\"\u00c4r du redo att resa till Kanada med ditt eTA-tillst\u00e5nd? I denna nyhetssektion hittar du alla nyheter som r\u00f6r din resa.\",\"breadcrumb\":{\"@id\":\"https:\/\/ave-eta-canada.com\/sv\/nyheter-om-eta\/#breadcrumb\"},\"inLanguage\":\"sv-SE\",\"potentialAction\":[{\"@type\":\"ReadAction\",\"target\":[\"https:\/\/ave-eta-canada.com\/sv\/nyheter-om-eta\/\"]}]},{\"@type\":\"BreadcrumbList\",\"@id\":\"https:\/\/ave-eta-canada.com\/sv\/nyheter-om-eta\/#breadcrumb\",\"itemListElement\":[{\"@type\":\"ListItem\",\"position\":1,\"name\":\"Home\",\"item\":\"https:\/\/ave-eta-canada.com\/sv\/\"},{\"@type\":\"ListItem\",\"position\":2,\"name\":\"Nyheter om eTA\"}]},{\"@type\":\"WebSite\",\"@id\":\"https:\/\/ave-eta-canada.com\/sv\/#website\",\"url\":\"https:\/\/ave-eta-canada.com\/sv\/\",\"name\":\"VISA CANADA\",\"description\":\"Autorisation Voyage Electronique\",\"potentialAction\":[{\"@type\":\"SearchAction\",\"target\":{\"@type\":\"EntryPoint\",\"urlTemplate\":\"https:\/\/ave-eta-canada.com\/sv\/?s={search_term_string}\"},\"query-input\":{\"@type\":\"PropertyValueSpecification\",\"valueRequired\":true,\"valueName\":\"search_term_string\"}}],\"inLanguage\":\"sv-SE\"}]}<\/script>\n<!-- \/ Yoast SEO plugin. -->","yoast_head_json":{"title":"Nyheter om eTA","description":"\u00c4r du redo att resa till Kanada med ditt eTA-tillst\u00e5nd? I denna nyhetssektion hittar du alla nyheter som r\u00f6r din resa.","robots":{"index":"index","follow":"follow","max-snippet":"max-snippet:-1","max-image-preview":"max-image-preview:large","max-video-preview":"max-video-preview:-1"},"canonical":"https:\/\/ave-eta-canada.com\/sv\/nyheter-om-eta\/","og_locale":"sv_SE","og_type":"article","og_title":"Nyheter om eTA","og_description":"\u00c4r du redo att resa till Kanada med ditt eTA-tillst\u00e5nd? I denna nyhetssektion hittar du alla nyheter som r\u00f6r din resa.","og_url":"https:\/\/ave-eta-canada.com\/sv\/nyheter-om-eta\/","og_site_name":"VISA CANADA","article_modified_time":"2022-09-06T21:24:54+00:00","twitter_card":"summary_large_image","schema":{"@context":"https:\/\/schema.org","@graph":[{"@type":"WebPage","@id":"https:\/\/ave-eta-canada.com\/sv\/nyheter-om-eta\/","url":"https:\/\/ave-eta-canada.com\/sv\/nyheter-om-eta\/","name":"Nyheter om eTA","isPartOf":{"@id":"https:\/\/ave-eta-canada.com\/sv\/#website"},"datePublished":"2022-09-06T07:59:26+00:00","dateModified":"2022-09-06T21:24:54+00:00","description":"\u00c4r du redo att resa till Kanada med ditt eTA-tillst\u00e5nd? I denna nyhetssektion hittar du alla nyheter som r\u00f6r din resa.","breadcrumb":{"@id":"https:\/\/ave-eta-canada.com\/sv\/nyheter-om-eta\/#breadcrumb"},"inLanguage":"sv-SE","potentialAction":[{"@type":"ReadAction","target":["https:\/\/ave-eta-canada.com\/sv\/nyheter-om-eta\/"]}]},{"@type":"BreadcrumbList","@id":"https:\/\/ave-eta-canada.com\/sv\/nyheter-om-eta\/#breadcrumb","itemListElement":[{"@type":"ListItem","position":1,"name":"Home","item":"https:\/\/ave-eta-canada.com\/sv\/"},{"@type":"ListItem","position":2,"name":"Nyheter om eTA"}]},{"@type":"WebSite","@id":"https:\/\/ave-eta-canada.com\/sv\/#website","url":"https:\/\/ave-eta-canada.com\/sv\/","name":"VISA CANADA","description":"Autorisation Voyage Electronique","potentialAction":[{"@type":"SearchAction","target":{"@type":"EntryPoint","urlTemplate":"https:\/\/ave-eta-canada.com\/sv\/?s={search_term_string}"},"query-input":{"@type":"PropertyValueSpecification","valueRequired":true,"valueName":"search_term_string"}}],"inLanguage":"sv-SE"}]}},"_links":{"self":[{"href":"https:\/\/ave-eta-canada.com\/sv\/wp-json\/wp\/v2\/pages\/2764","targetHints":{"allow":["GET"]}}],"collection":[{"href":"https:\/\/ave-eta-canada.com\/sv\/wp-json\/wp\/v2\/pages"}],"about":[{"href":"https:\/\/ave-eta-canada.com\/sv\/wp-json\/wp\/v2\/types\/page"}],"author":[{"embeddable":true,"href":"https:\/\/ave-eta-canada.com\/sv\/wp-json\/wp\/v2\/users\/1"}],"replies":[{"embeddable":true,"href":"https:\/\/ave-eta-canada.com\/sv\/wp-json\/wp\/v2\/comments?post=2764"}],"version-history":[{"count":0,"href":"https:\/\/ave-eta-canada.com\/sv\/wp-json\/wp\/v2\/pages\/2764\/revisions"}],"wp:attachment":[{"href":"https:\/\/ave-eta-canada.com\/sv\/wp-json\/wp\/v2\/media?parent=2764"}],"curies":[{"name":"wp","href":"https:\/\/api.w.org\/{rel}","templated":true}]}}