{"id":2767,"date":"2022-09-06T07:59:26","date_gmt":"2022-09-06T07:59:26","guid":{"rendered":"https:\/\/ave-eta-canada.com\/hur-man-andrar-ett-tillstand-for-kanada\/"},"modified":"2022-09-09T20:47:24","modified_gmt":"2022-09-09T20:47:24","slug":"hur-man-andrar-en-eta-for-kanada","status":"publish","type":"page","link":"https:\/\/ave-eta-canada.com\/sv\/hur-man-andrar-en-eta-for-kanada\/","title":{"rendered":"Hur \u00e4ndrar jag ett eTA-tillst\u00e5nd f\u00f6r Kanada?"},"content":{"rendered":"\n<h1 class=\"wp-block-heading\">Hur \u00e4ndrar jag en eTA f\u00f6r resor till Kanada?<\/h1>\n\n<p><a href=\"https:\/\/ave-eta-canada.com\/sv\/\">eTA \u00e4r ett elektroniskt resetillst\u00e5nd<\/a> som den kanadensiska regeringen har inf\u00f6rt f\u00f6r att underl\u00e4tta de administrativa f\u00f6rfarandena f\u00f6r resen\u00e4rer som vill bes\u00f6ka Kanada. Tack vare ESTA:s digitala format kan resen\u00e4ren fylla i ans\u00f6kan online och de kanadensiska myndigheterna kan analysera EV-ans\u00f6kan med hj\u00e4lp av elektroniska system.<\/p>\n\n<p><strong>F\u00f6r en vistelse p\u00e5 mindre \u00e4n 6 m\u00e5nader i Kanada<\/strong>: Du kan fylla i formaliteterna f\u00f6r inresa till Kanada direkt via Internet genom att klicka p\u00e5 <a href=\"https:\/\/ave-eta-canada.com\/sv\/kanada-eta-formular-online\/\">onlineformul\u00e4ret<\/a>. Det \u00e4r inte n\u00f6dv\u00e4ndigt att boka ett m\u00f6te p\u00e5 Kanadas ambassad eller konsulat.<\/p>\n\n<br\/>\n\n<p>N\u00e4r en resen\u00e4r f\u00e5r en <a href=\"https:\/\/ave-eta-canada.com\/sv\/eta-kanada-giltighetstid\/\">eTA \u00e4r den giltig<\/a> i fem \u00e5r. Med \u00e5ren f\u00f6r\u00e4ndras dock resen\u00e4rens personliga situation. Det kan h\u00e4nda att en del av informationen i eTA-dokumentet m\u00e5ste \u00e4ndras, eftersom den helt enkelt inte l\u00e4ngre st\u00e4mmer \u00f6verens med verkligheten. \u00c4r det i s\u00e5 fall m\u00f6jligt att \u00e4ndra eTA? Om inte, hur g\u00e5r man till v\u00e4ga f\u00f6r att byta eTA?<\/p>\n\n<h2 class=\"wp-block-heading\">Kan jag \u00e4ndra eTA om mina personuppgifter har \u00e4ndrats?<\/h2>\n\n<p>Tyv\u00e4rr inte. Om dina personuppgifter (efternamn, f\u00f6rnamn, land osv.) \u00e4ndras under eTA:s giltighetstid (5 \u00e5r) m\u00e5ste du l\u00e4mna in en ny ans\u00f6kan.<\/p>\n\n<p>Endast vissa uppgifter (t.ex. telefonnummer eller flicknamn) kan \u00e4ndras kostnadsfritt och utan att eTA f\u00f6rnyas. F\u00f6r att \u00e4ndra dina kontaktuppgifter p\u00e5 eTA m\u00e5ste du fylla i en ans\u00f6kningsblankett online. Det \u00e4r dock den kanadensiska regeringen som avg\u00f6r om ans\u00f6kan fortfarande \u00e4r giltig eller inte.<\/p>\n\n<p>Samma sak g\u00e4ller f\u00f6r byte av pass. Om det passnummer som du tidigare anv\u00e4nde f\u00f6r att erh\u00e5lla AVE inte l\u00e4ngre st\u00e4mmer \u00f6verens med ditt nuvarande passnummer m\u00e5ste du \u00e4ndra eTA. F\u00f6r att g\u00f6ra detta m\u00e5ste du ans\u00f6ka om eTA p\u00e5 nytt genom att fylla i onlineformul\u00e4ret en andra g\u00e5ng och betala ans\u00f6kningsavgiften igen.<\/p>\n\n<p>De kanadensiska myndigheterna kr\u00e4ver att passnumret p\u00e5 eTA \u00e4r detsamma som det pass med vilket resen\u00e4ren vill resa till Kanada. Varf\u00f6r? Eftersom ditt <a href=\"https:\/\/ave-eta-canada.com\/sv\/nar-du-ska-ansoka-om-din-eta-kanada\/\"> eTA-tillst\u00e5nd<\/a> kommer att kopplas elektroniskt till passet. N\u00e4r du anl\u00e4nder till Kanada kontrollerar tullen din eTA genom att skanna chippet i ditt elektroniska eller biometriska pass.<br\/><br\/><\/p>\n\n<h2 class=\"wp-block-heading\">Kan jag \u00e4ndra eTA om jag har gjort ett misstag n\u00e4r jag kopierat mina uppgifter?<\/h2>\n\n<p>Om du inte har betalat f\u00f6r eTA-blanketten kan du \u00e4nd\u00e5 \u00e4ndra <a href=\"https:\/\/ave-eta-canada.com\/sv\/vad-du-ska-gora-vid-fel-pa-eta-kanada\/\">felen i eTA-blanketten<\/a>.<\/p>\n\n<p>Men om eTA-betalningen redan har gjorts kan du tyv\u00e4rr inte l\u00e4ngre v\u00e4nda tillbaka.<\/p>\n\n<h3 class=\"wp-block-heading\">Hur kan jag undvika att byta eTA?<\/h3>\n\n<p>F\u00f6r det f\u00f6rsta \u00e4r det viktigt att du tar dig tid att fylla i din EV-ans\u00f6kningsblankett. Misstag h\u00e4nder och det vore synd att beh\u00f6va betala dokumentavgiften igen (7 kanadensiska dollar) och v\u00e4nta p\u00e5 ett svar fr\u00e5n IRCC (Immigration, Refugees and Citizenship).<\/p>\n\n<p>Vi rekommenderar att du kontrollerar att du uppfyller kraven f\u00f6r att f\u00e5 ett AVE (resa eller transitering genom Kanada med flyg i h\u00f6gst sex m\u00e5nader) och att du har ett giltigt pass.<\/p>\n\n<p>I slutet av fyllningsprocessen kan du p\u00e5 den kanadensiska regeringens officiella webbplats kontrollera om svaren som du har l\u00e4mnat \u00e4r fullst\u00e4ndiga och om de \u00e4r eTA. Missa inte detta viktiga steg, eftersom det kan vara det som g\u00f6r att du kan uppt\u00e4cka kopieringsfel.<\/p>\n\n<p>Om du vill ha hj\u00e4lp med att fylla i webbformul\u00e4ret kan du p\u00e5 v\u00e5r partners privata webbplats f\u00e5 personlig hj\u00e4lp med att fylla i och korrigera ditt formul\u00e4r innan du skickar det.<br\/><br\/><\/p>\n\n<h2 class=\"wp-block-heading\">Hur \u00e4ndrar jag en eTA efter att den har avslagits?<\/h2>\n\n<p>Om du har f\u00e5tt <a href=\"https:\/\/ave-eta-canada.com\/sv\/eta-kanada-resevillkor\/\">avslag p\u00e5 en eTA-ans\u00f6kan<\/a> \u00e4r du inte ber\u00e4ttigad att resa till Kanada och f\u00e5r d\u00e4rf\u00f6r inte \u00e4ndra din EV.<\/p>\n\n<p>Att du inte kan \u00e4ndra din eTA inneb\u00e4r dock inte att du aldrig kommer att kunna uppleva Kanada. De flesta resen\u00e4rer beh\u00f6ver faktiskt ett kanadensiskt visum eller ett eTA f\u00f6r att resa till Kanada med flyg.<\/p>\n\n<p>F\u00f6r dem som inte har tillg\u00e5ng till eTA r\u00e4cker det med att ans\u00f6ka om ett kanadensiskt visum p\u00e5 den kanadensiska ambassadens eller konsulatets konsul\u00e4ra tj\u00e4nster.<\/p>\n\n<p>F\u00f6r att du ska kunna f\u00e5 visum m\u00e5ste du uppfylla dessa villkor:<\/p>\n\n<ul class=\"wp-block-list\"><li>ha ett giltigt pass;<\/li><li>inte vara b\u00e4rare av n\u00e5gon sjukdom;<\/li><li>inte ha gjort sig skyldig till brottslig verksamhet eller invandringsbrott;<\/li><li>visa f\u00f6r konsulatstj\u00e4nstemannen att syftet med din resa inte \u00e4r att bos\u00e4tta dig olagligt och att du kommer att l\u00e4mna Kanada i slutet av din vistelse.<\/li><\/ul>\n","protected":false},"excerpt":{"rendered":"<p>Hur \u00e4ndrar jag en eTA f\u00f6r resor till Kanada? eTA \u00e4r ett elektroniskt resetillst\u00e5nd som den kanadensiska regeringen har inf\u00f6rt f\u00f6r att underl\u00e4tta de administrativa f\u00f6rfarandena f\u00f6r resen\u00e4rer som vill bes\u00f6ka Kanada. Tack vare ESTA:s digitala format kan resen\u00e4ren fylla i ans\u00f6kan online och de kanadensiska myndigheterna kan analysera EV-ans\u00f6kan med hj\u00e4lp av elektroniska system. [&hellip;]<\/p>\n","protected":false},"author":1,"featured_media":0,"parent":0,"menu_order":0,"comment_status":"closed","ping_status":"closed","template":"","meta":{"footnotes":""},"class_list":["post-2767","page","type-page","status-publish","hentry"],"yoast_head":"<!-- This site is optimized with the Yoast SEO plugin v26.9 - https:\/\/yoast.com\/product\/yoast-seo-wordpress\/ -->\n<title>Hur \u00e4ndrar jag ett eTA-tillst\u00e5nd f\u00f6r Kanada?<\/title>\n<meta name=\"description\" content=\"Vill du uppdatera informationen i ditt kanadensiska resetillst\u00e5nd? I den h\u00e4r artikeln f\u00e5r du reda p\u00e5 hur du \u00e4ndrar en eTA\" \/>\n<meta name=\"robots\" content=\"index, follow, max-snippet:-1, max-image-preview:large, max-video-preview:-1\" \/>\n<link rel=\"canonical\" href=\"https:\/\/ave-eta-canada.com\/sv\/hur-man-andrar-en-eta-for-kanada\/\" \/>\n<meta property=\"og:locale\" content=\"sv_SE\" \/>\n<meta property=\"og:type\" content=\"article\" \/>\n<meta property=\"og:title\" content=\"Hur \u00e4ndrar jag ett eTA-tillst\u00e5nd f\u00f6r Kanada?\" \/>\n<meta property=\"og:description\" content=\"Vill du uppdatera informationen i ditt kanadensiska resetillst\u00e5nd? I den h\u00e4r artikeln f\u00e5r du reda p\u00e5 hur du \u00e4ndrar en eTA\" \/>\n<meta property=\"og:url\" content=\"https:\/\/ave-eta-canada.com\/sv\/hur-man-andrar-en-eta-for-kanada\/\" \/>\n<meta property=\"og:site_name\" content=\"VISA CANADA\" \/>\n<meta property=\"article:modified_time\" content=\"2022-09-09T20:47:24+00:00\" \/>\n<meta name=\"twitter:card\" content=\"summary_large_image\" \/>\n<meta name=\"twitter:label1\" content=\"Ber\u00e4knad l\u00e4stid\" \/>\n\t<meta name=\"twitter:data1\" content=\"4 minuter\" \/>\n<script type=\"application\/ld+json\" class=\"yoast-schema-graph\">{\"@context\":\"https:\/\/schema.org\",\"@graph\":[{\"@type\":\"WebPage\",\"@id\":\"https:\/\/ave-eta-canada.com\/sv\/hur-man-andrar-en-eta-for-kanada\/\",\"url\":\"https:\/\/ave-eta-canada.com\/sv\/hur-man-andrar-en-eta-for-kanada\/\",\"name\":\"Hur \u00e4ndrar jag ett eTA-tillst\u00e5nd f\u00f6r Kanada?\",\"isPartOf\":{\"@id\":\"https:\/\/ave-eta-canada.com\/sv\/#website\"},\"datePublished\":\"2022-09-06T07:59:26+00:00\",\"dateModified\":\"2022-09-09T20:47:24+00:00\",\"description\":\"Vill du uppdatera informationen i ditt kanadensiska resetillst\u00e5nd? I den h\u00e4r artikeln f\u00e5r du reda p\u00e5 hur du \u00e4ndrar en eTA\",\"breadcrumb\":{\"@id\":\"https:\/\/ave-eta-canada.com\/sv\/hur-man-andrar-en-eta-for-kanada\/#breadcrumb\"},\"inLanguage\":\"sv-SE\",\"potentialAction\":[{\"@type\":\"ReadAction\",\"target\":[\"https:\/\/ave-eta-canada.com\/sv\/hur-man-andrar-en-eta-for-kanada\/\"]}]},{\"@type\":\"BreadcrumbList\",\"@id\":\"https:\/\/ave-eta-canada.com\/sv\/hur-man-andrar-en-eta-for-kanada\/#breadcrumb\",\"itemListElement\":[{\"@type\":\"ListItem\",\"position\":1,\"name\":\"Home\",\"item\":\"https:\/\/ave-eta-canada.com\/sv\/\"},{\"@type\":\"ListItem\",\"position\":2,\"name\":\"Hur \u00e4ndrar jag ett eTA-tillst\u00e5nd f\u00f6r Kanada?\"}]},{\"@type\":\"WebSite\",\"@id\":\"https:\/\/ave-eta-canada.com\/sv\/#website\",\"url\":\"https:\/\/ave-eta-canada.com\/sv\/\",\"name\":\"VISA CANADA\",\"description\":\"Autorisation Voyage Electronique\",\"potentialAction\":[{\"@type\":\"SearchAction\",\"target\":{\"@type\":\"EntryPoint\",\"urlTemplate\":\"https:\/\/ave-eta-canada.com\/sv\/?s={search_term_string}\"},\"query-input\":{\"@type\":\"PropertyValueSpecification\",\"valueRequired\":true,\"valueName\":\"search_term_string\"}}],\"inLanguage\":\"sv-SE\"}]}<\/script>\n<!-- \/ Yoast SEO plugin. -->","yoast_head_json":{"title":"Hur \u00e4ndrar jag ett eTA-tillst\u00e5nd f\u00f6r Kanada?","description":"Vill du uppdatera informationen i ditt kanadensiska resetillst\u00e5nd? I den h\u00e4r artikeln f\u00e5r du reda p\u00e5 hur du \u00e4ndrar en eTA","robots":{"index":"index","follow":"follow","max-snippet":"max-snippet:-1","max-image-preview":"max-image-preview:large","max-video-preview":"max-video-preview:-1"},"canonical":"https:\/\/ave-eta-canada.com\/sv\/hur-man-andrar-en-eta-for-kanada\/","og_locale":"sv_SE","og_type":"article","og_title":"Hur \u00e4ndrar jag ett eTA-tillst\u00e5nd f\u00f6r Kanada?","og_description":"Vill du uppdatera informationen i ditt kanadensiska resetillst\u00e5nd? I den h\u00e4r artikeln f\u00e5r du reda p\u00e5 hur du \u00e4ndrar en eTA","og_url":"https:\/\/ave-eta-canada.com\/sv\/hur-man-andrar-en-eta-for-kanada\/","og_site_name":"VISA CANADA","article_modified_time":"2022-09-09T20:47:24+00:00","twitter_card":"summary_large_image","twitter_misc":{"Ber\u00e4knad l\u00e4stid":"4 minuter"},"schema":{"@context":"https:\/\/schema.org","@graph":[{"@type":"WebPage","@id":"https:\/\/ave-eta-canada.com\/sv\/hur-man-andrar-en-eta-for-kanada\/","url":"https:\/\/ave-eta-canada.com\/sv\/hur-man-andrar-en-eta-for-kanada\/","name":"Hur \u00e4ndrar jag ett eTA-tillst\u00e5nd f\u00f6r Kanada?","isPartOf":{"@id":"https:\/\/ave-eta-canada.com\/sv\/#website"},"datePublished":"2022-09-06T07:59:26+00:00","dateModified":"2022-09-09T20:47:24+00:00","description":"Vill du uppdatera informationen i ditt kanadensiska resetillst\u00e5nd? I den h\u00e4r artikeln f\u00e5r du reda p\u00e5 hur du \u00e4ndrar en eTA","breadcrumb":{"@id":"https:\/\/ave-eta-canada.com\/sv\/hur-man-andrar-en-eta-for-kanada\/#breadcrumb"},"inLanguage":"sv-SE","potentialAction":[{"@type":"ReadAction","target":["https:\/\/ave-eta-canada.com\/sv\/hur-man-andrar-en-eta-for-kanada\/"]}]},{"@type":"BreadcrumbList","@id":"https:\/\/ave-eta-canada.com\/sv\/hur-man-andrar-en-eta-for-kanada\/#breadcrumb","itemListElement":[{"@type":"ListItem","position":1,"name":"Home","item":"https:\/\/ave-eta-canada.com\/sv\/"},{"@type":"ListItem","position":2,"name":"Hur \u00e4ndrar jag ett eTA-tillst\u00e5nd f\u00f6r Kanada?"}]},{"@type":"WebSite","@id":"https:\/\/ave-eta-canada.com\/sv\/#website","url":"https:\/\/ave-eta-canada.com\/sv\/","name":"VISA CANADA","description":"Autorisation Voyage Electronique","potentialAction":[{"@type":"SearchAction","target":{"@type":"EntryPoint","urlTemplate":"https:\/\/ave-eta-canada.com\/sv\/?s={search_term_string}"},"query-input":{"@type":"PropertyValueSpecification","valueRequired":true,"valueName":"search_term_string"}}],"inLanguage":"sv-SE"}]}},"_links":{"self":[{"href":"https:\/\/ave-eta-canada.com\/sv\/wp-json\/wp\/v2\/pages\/2767","targetHints":{"allow":["GET"]}}],"collection":[{"href":"https:\/\/ave-eta-canada.com\/sv\/wp-json\/wp\/v2\/pages"}],"about":[{"href":"https:\/\/ave-eta-canada.com\/sv\/wp-json\/wp\/v2\/types\/page"}],"author":[{"embeddable":true,"href":"https:\/\/ave-eta-canada.com\/sv\/wp-json\/wp\/v2\/users\/1"}],"replies":[{"embeddable":true,"href":"https:\/\/ave-eta-canada.com\/sv\/wp-json\/wp\/v2\/comments?post=2767"}],"version-history":[{"count":0,"href":"https:\/\/ave-eta-canada.com\/sv\/wp-json\/wp\/v2\/pages\/2767\/revisions"}],"wp:attachment":[{"href":"https:\/\/ave-eta-canada.com\/sv\/wp-json\/wp\/v2\/media?parent=2767"}],"curies":[{"name":"wp","href":"https:\/\/api.w.org\/{rel}","templated":true}]}}