{"id":2780,"date":"2022-09-06T07:59:27","date_gmt":"2022-09-06T07:59:27","guid":{"rendered":"https:\/\/ave-eta-canada.com\/allt-vetande-om-villkor-for-resor-i-kanada\/"},"modified":"2022-09-09T15:26:44","modified_gmt":"2022-09-09T15:26:44","slug":"eta-kanada-resevillkor","status":"publish","type":"page","link":"https:\/\/ave-eta-canada.com\/sv\/eta-kanada-resevillkor\/","title":{"rendered":"Kraven i eTA f\u00f6r resor till Kanada"},"content":{"rendered":"\n<h1 class=\"wp-block-heading\">Vilka \u00e4r eTA-kraven f\u00f6r att resa till Kanada?<\/h1>\n\n<p>F\u00f6r m\u00e5nga resen\u00e4rer kr\u00e4vs det inte l\u00e4ngre n\u00e5gon visumans\u00f6kan f\u00f6r att resa till Kanada. Allt du beh\u00f6ver g\u00f6ra \u00e4r att skaffa ett elektroniskt resetillst\u00e5nd (eTA) via Internet.<\/p>\n\n<p><strong>F\u00f6r en vistelse p\u00e5 mindre \u00e4n 6 m\u00e5nader i Kanada<\/strong>: Du kan fylla i formaliteterna f\u00f6r inresa till Kanada direkt via Internet genom att klicka p\u00e5 <a href=\"https:\/\/ave-eta-canada.com\/sv\/kanada-eta-formular-online\/\">onlineformul\u00e4ret<\/a>. Det \u00e4r inte n\u00f6dv\u00e4ndigt att boka ett m\u00f6te p\u00e5 Kanadas ambassad eller konsulat.<\/p>\n\n<p>AVE \u00e4r mycket bekv\u00e4mare och snabbare att f\u00e5, men du m\u00e5ste vara ber\u00e4ttigad. Vi f\u00f6rklarar allt om eTA-kraven s\u00e5 att du kan resa till Kanada med sinnesro.<\/p>\n\n<h2 class=\"wp-block-heading\">eTA-villkoren f\u00f6r att f\u00e5 stanna i Kanada<\/h2>\n\n<p>Du kanske har h\u00f6rt talas om <a href=\"https:\/\/ave-eta-canada.com\/sv\/vad-ar-eta-kanada\/\">eTA-tillst\u00e5nd<\/a> n\u00e4r du har forskat. Observera att AVE och eTA avser samma resetillst\u00e5nd. ETA st\u00e5r f\u00f6r Electronic Travel Authorization (elektroniskt resetillst\u00e5nd). <\/p>\n\n<p>En elektronisk reseauktorisation (eTA) kr\u00e4vs endast om du reser till Kanada med flyg. Till skillnad fr\u00e5n den amerikanska motsvarigheten, ESTA, som ocks\u00e5 kr\u00e4vs n\u00e4r man anl\u00e4nder med b\u00e5t.<\/p>\n\n<p>Ett annat villkor f\u00f6r eTA \u00e4r att resan ska vara f\u00f6r turist- eller aff\u00e4rssyften och att den f\u00e5r p\u00e5g\u00e5 i h\u00f6gst sex m\u00e5nader.<\/p>\n\n<p>\u00c4ven om du bara reser genom Kanada till din slutdestination <a href=\"https:\/\/ave-eta-canada.com\/sv\/obligatorisk-eta-kanada\/\">kr\u00e4vs en eTA<\/a>.<\/p>\n\n<p>Du m\u00e5ste vara medborgare i ett land som ing\u00e5r i den kanadensiska regeringens program f\u00f6r viseringsundantag. Programmet \u00e4r \u00f6ppet f\u00f6r resen\u00e4rer av 58 nationaliteter.<\/p>\n\n<p>Ett undantag i eTA-villkoren g\u00e4ller franska medborgare som \u00e4r bosatta i Saint-Pierre och Miquelon. De beh\u00f6ver inte ans\u00f6ka om de reser fr\u00e5n sin \u00f6 till Kanada. De m\u00e5ste dock ans\u00f6ka, precis som alla innehavare av franska pass, om de reser med flyg till Kanada fr\u00e5n Frankrike eller de franska utomeuropeiska departementen och territorierna.<\/p>\n\n<p>Om du redan har en visering utf\u00e4rdad av den kanadensiska regeringen beh\u00f6ver du inte <a href=\"https:\/\/ave-eta-canada.com\/sv\/\">ans\u00f6ka om en eTA<\/a>.<\/p>\n\n<p>Ett eTA \u00e4r inte ett arbetstillst\u00e5nd och ger dig inte r\u00e4tt att arbeta, praktisera eller studera i Kanada. Om du vill invandra till Kanada b\u00f6r du kontakta det kanadensiska konsulatet f\u00f6r att ta reda p\u00e5 vad du beh\u00f6ver g\u00f6ra.<\/p>\n\n<h2 class=\"wp-block-heading\">Biometriskt pass: ett krav f\u00f6r eTA<\/h2>\n\n<p>Ett annat krav f\u00f6r eTA \u00e4r att ha ett biometriskt eller elektroniskt pass.<\/p>\n\n<p>N\u00e4r tillst\u00e5ndet v\u00e4l \u00e4r godk\u00e4nt \u00e4r det kopplat till den s\u00f6kandes pass. Det \u00e4r d\u00e4rf\u00f6r inte ett dokument som du m\u00e5ste b\u00e4ra med dig. F\u00f6r att eTA ska kunna kopplas ihop m\u00e5ste resen\u00e4ren ha ett pass som uppfyller de tekniska kraven.<\/p>\n\n<p>Ett eTA \u00e4r giltigt i fem \u00e5r, men ett av kraven f\u00f6r ett AVE \u00e4r att det ska vara kopplat till ett giltigt pass. Det inneb\u00e4r att om ditt pass l\u00f6per ut f\u00f6re denna fem\u00e5rsperiod kr\u00e4vs en ny ans\u00f6kan f\u00f6r att f\u00e5 ett nytt pass.<\/p>\n\n<p>Observera att en <a href=\"https:\/\/ave-eta-canada.com\/sv\/giltigheten-av-eta-kanada\/\">eTA \u00e4r giltig f\u00f6r flera resor<\/a>. Du f\u00e5r \u00e5terv\u00e4nda flera g\u00e5nger under giltighetstiden om syftet med din vistelse i Kanada fortfarande motsvarar ovanst\u00e5ende kriterier.<\/p>\n\n<h2 class=\"wp-block-heading\">ha en e-postadress och ett kreditkort<\/h2>\n\n<p>Du beh\u00f6ver inte g\u00e5 till n\u00e4rmaste kanadensiska ambassad f\u00f6r att ans\u00f6ka om eTA. Den enda m\u00f6jligheten \u00e4r att ans\u00f6ka online, antingen via regeringens webbplats eller via en privat tj\u00e4nsteleverant\u00f6r, till exempel v\u00e5r partner.<\/p>\n\n<p>Du m\u00e5ste fylla i ett webbformul\u00e4r om dina personuppgifter, din h\u00e4lsa och ditt brottsregister. Alla dessa fr\u00e5gor st\u00e4lls f\u00f6r att b\u00e4ttre kunna kontrollera inresan till Kanada.<\/p>\n\n<p>Ett av kraven eTA att slutf\u00f6ra din ans\u00f6kan \u00e4r att du har en giltig e-postadress och ett kreditkort f\u00f6r att betala handl\u00e4ggningsavgiften. <a href=\"https:\/\/ave-eta-canada.com\/sv\/eta-kanada-att-priset\/\">Priset f\u00f6r eTA<\/a> varierar beroende p\u00e5 vilken metod som anv\u00e4nds.<\/p>\n\n<p>Som du kan se \u00e4r eTA-kraven inte de mest restriktiva, men du b\u00f6r vara f\u00f6rsiktig n\u00e4r du fyller i formul\u00e4ret och se till att du inte g\u00f6r n\u00e5gra misstag.<\/p>\n\n<p>Det \u00e4r ocks\u00e5 viktigt att skilja mellan eTA och Working Holiday Programme (WHP). Kraven f\u00f6r eTA och WHP Canada \u00e4r tv\u00e5 helt olika saker och riktar sig inte till samma m\u00e5lgrupp. Se till att du ordnar dina arrangemang i god tid s\u00e5 att du inte blir \u00f6verraskad n\u00e4r du ska \u00e5ka.<\/p>\n","protected":false},"excerpt":{"rendered":"<p>Vilka \u00e4r eTA-kraven f\u00f6r att resa till Kanada? F\u00f6r m\u00e5nga resen\u00e4rer kr\u00e4vs det inte l\u00e4ngre n\u00e5gon visumans\u00f6kan f\u00f6r att resa till Kanada. Allt du beh\u00f6ver g\u00f6ra \u00e4r att skaffa ett elektroniskt resetillst\u00e5nd (eTA) via Internet. F\u00f6r en vistelse p\u00e5 mindre \u00e4n 6 m\u00e5nader i Kanada: Du kan fylla i formaliteterna f\u00f6r inresa till Kanada direkt [&hellip;]<\/p>\n","protected":false},"author":1,"featured_media":0,"parent":0,"menu_order":0,"comment_status":"closed","ping_status":"closed","template":"","meta":{"footnotes":""},"class_list":["post-2780","page","type-page","status-publish","hentry"],"yoast_head":"<!-- This site is optimized with the Yoast SEO plugin v26.9 - https:\/\/yoast.com\/product\/yoast-seo-wordpress\/ -->\n<title>Kraven i eTA f\u00f6r resor till Kanada<\/title>\n<meta name=\"description\" content=\"Ska du snart resa till Kanada, men k\u00e4nner inte till kraven f\u00f6r eTA-beh\u00f6righet? Vi f\u00f6rklarar allt i detalj i den h\u00e4r artikeln.\" \/>\n<meta name=\"robots\" content=\"index, follow, max-snippet:-1, max-image-preview:large, max-video-preview:-1\" \/>\n<link rel=\"canonical\" href=\"https:\/\/ave-eta-canada.com\/sv\/eta-kanada-resevillkor\/\" \/>\n<meta property=\"og:locale\" content=\"sv_SE\" \/>\n<meta property=\"og:type\" content=\"article\" \/>\n<meta property=\"og:title\" content=\"Kraven i eTA f\u00f6r resor till Kanada\" \/>\n<meta property=\"og:description\" content=\"Ska du snart resa till Kanada, men k\u00e4nner inte till kraven f\u00f6r eTA-beh\u00f6righet? Vi f\u00f6rklarar allt i detalj i den h\u00e4r artikeln.\" \/>\n<meta property=\"og:url\" content=\"https:\/\/ave-eta-canada.com\/sv\/eta-kanada-resevillkor\/\" \/>\n<meta property=\"og:site_name\" content=\"VISA CANADA\" \/>\n<meta property=\"article:modified_time\" content=\"2022-09-09T15:26:44+00:00\" \/>\n<meta name=\"twitter:card\" content=\"summary_large_image\" \/>\n<meta name=\"twitter:label1\" content=\"Ber\u00e4knad l\u00e4stid\" \/>\n\t<meta name=\"twitter:data1\" content=\"4 minuter\" \/>\n<script type=\"application\/ld+json\" class=\"yoast-schema-graph\">{\"@context\":\"https:\/\/schema.org\",\"@graph\":[{\"@type\":\"WebPage\",\"@id\":\"https:\/\/ave-eta-canada.com\/sv\/eta-kanada-resevillkor\/\",\"url\":\"https:\/\/ave-eta-canada.com\/sv\/eta-kanada-resevillkor\/\",\"name\":\"Kraven i eTA f\u00f6r resor till Kanada\",\"isPartOf\":{\"@id\":\"https:\/\/ave-eta-canada.com\/sv\/#website\"},\"datePublished\":\"2022-09-06T07:59:27+00:00\",\"dateModified\":\"2022-09-09T15:26:44+00:00\",\"description\":\"Ska du snart resa till Kanada, men k\u00e4nner inte till kraven f\u00f6r eTA-beh\u00f6righet? Vi f\u00f6rklarar allt i detalj i den h\u00e4r artikeln.\",\"breadcrumb\":{\"@id\":\"https:\/\/ave-eta-canada.com\/sv\/eta-kanada-resevillkor\/#breadcrumb\"},\"inLanguage\":\"sv-SE\",\"potentialAction\":[{\"@type\":\"ReadAction\",\"target\":[\"https:\/\/ave-eta-canada.com\/sv\/eta-kanada-resevillkor\/\"]}]},{\"@type\":\"BreadcrumbList\",\"@id\":\"https:\/\/ave-eta-canada.com\/sv\/eta-kanada-resevillkor\/#breadcrumb\",\"itemListElement\":[{\"@type\":\"ListItem\",\"position\":1,\"name\":\"Home\",\"item\":\"https:\/\/ave-eta-canada.com\/sv\/\"},{\"@type\":\"ListItem\",\"position\":2,\"name\":\"Kraven i eTA f\u00f6r resor till Kanada\"}]},{\"@type\":\"WebSite\",\"@id\":\"https:\/\/ave-eta-canada.com\/sv\/#website\",\"url\":\"https:\/\/ave-eta-canada.com\/sv\/\",\"name\":\"VISA CANADA\",\"description\":\"Autorisation Voyage Electronique\",\"potentialAction\":[{\"@type\":\"SearchAction\",\"target\":{\"@type\":\"EntryPoint\",\"urlTemplate\":\"https:\/\/ave-eta-canada.com\/sv\/?s={search_term_string}\"},\"query-input\":{\"@type\":\"PropertyValueSpecification\",\"valueRequired\":true,\"valueName\":\"search_term_string\"}}],\"inLanguage\":\"sv-SE\"}]}<\/script>\n<!-- \/ Yoast SEO plugin. -->","yoast_head_json":{"title":"Kraven i eTA f\u00f6r resor till Kanada","description":"Ska du snart resa till Kanada, men k\u00e4nner inte till kraven f\u00f6r eTA-beh\u00f6righet? Vi f\u00f6rklarar allt i detalj i den h\u00e4r artikeln.","robots":{"index":"index","follow":"follow","max-snippet":"max-snippet:-1","max-image-preview":"max-image-preview:large","max-video-preview":"max-video-preview:-1"},"canonical":"https:\/\/ave-eta-canada.com\/sv\/eta-kanada-resevillkor\/","og_locale":"sv_SE","og_type":"article","og_title":"Kraven i eTA f\u00f6r resor till Kanada","og_description":"Ska du snart resa till Kanada, men k\u00e4nner inte till kraven f\u00f6r eTA-beh\u00f6righet? Vi f\u00f6rklarar allt i detalj i den h\u00e4r artikeln.","og_url":"https:\/\/ave-eta-canada.com\/sv\/eta-kanada-resevillkor\/","og_site_name":"VISA CANADA","article_modified_time":"2022-09-09T15:26:44+00:00","twitter_card":"summary_large_image","twitter_misc":{"Ber\u00e4knad l\u00e4stid":"4 minuter"},"schema":{"@context":"https:\/\/schema.org","@graph":[{"@type":"WebPage","@id":"https:\/\/ave-eta-canada.com\/sv\/eta-kanada-resevillkor\/","url":"https:\/\/ave-eta-canada.com\/sv\/eta-kanada-resevillkor\/","name":"Kraven i eTA f\u00f6r resor till Kanada","isPartOf":{"@id":"https:\/\/ave-eta-canada.com\/sv\/#website"},"datePublished":"2022-09-06T07:59:27+00:00","dateModified":"2022-09-09T15:26:44+00:00","description":"Ska du snart resa till Kanada, men k\u00e4nner inte till kraven f\u00f6r eTA-beh\u00f6righet? Vi f\u00f6rklarar allt i detalj i den h\u00e4r artikeln.","breadcrumb":{"@id":"https:\/\/ave-eta-canada.com\/sv\/eta-kanada-resevillkor\/#breadcrumb"},"inLanguage":"sv-SE","potentialAction":[{"@type":"ReadAction","target":["https:\/\/ave-eta-canada.com\/sv\/eta-kanada-resevillkor\/"]}]},{"@type":"BreadcrumbList","@id":"https:\/\/ave-eta-canada.com\/sv\/eta-kanada-resevillkor\/#breadcrumb","itemListElement":[{"@type":"ListItem","position":1,"name":"Home","item":"https:\/\/ave-eta-canada.com\/sv\/"},{"@type":"ListItem","position":2,"name":"Kraven i eTA f\u00f6r resor till Kanada"}]},{"@type":"WebSite","@id":"https:\/\/ave-eta-canada.com\/sv\/#website","url":"https:\/\/ave-eta-canada.com\/sv\/","name":"VISA CANADA","description":"Autorisation Voyage Electronique","potentialAction":[{"@type":"SearchAction","target":{"@type":"EntryPoint","urlTemplate":"https:\/\/ave-eta-canada.com\/sv\/?s={search_term_string}"},"query-input":{"@type":"PropertyValueSpecification","valueRequired":true,"valueName":"search_term_string"}}],"inLanguage":"sv-SE"}]}},"_links":{"self":[{"href":"https:\/\/ave-eta-canada.com\/sv\/wp-json\/wp\/v2\/pages\/2780","targetHints":{"allow":["GET"]}}],"collection":[{"href":"https:\/\/ave-eta-canada.com\/sv\/wp-json\/wp\/v2\/pages"}],"about":[{"href":"https:\/\/ave-eta-canada.com\/sv\/wp-json\/wp\/v2\/types\/page"}],"author":[{"embeddable":true,"href":"https:\/\/ave-eta-canada.com\/sv\/wp-json\/wp\/v2\/users\/1"}],"replies":[{"embeddable":true,"href":"https:\/\/ave-eta-canada.com\/sv\/wp-json\/wp\/v2\/comments?post=2780"}],"version-history":[{"count":0,"href":"https:\/\/ave-eta-canada.com\/sv\/wp-json\/wp\/v2\/pages\/2780\/revisions"}],"wp:attachment":[{"href":"https:\/\/ave-eta-canada.com\/sv\/wp-json\/wp\/v2\/media?parent=2780"}],"curies":[{"name":"wp","href":"https:\/\/api.w.org\/{rel}","templated":true}]}}