{"id":2783,"date":"2022-09-06T07:59:27","date_gmt":"2022-09-06T07:59:27","guid":{"rendered":"https:\/\/ave-eta-canada.com\/ave-canada-covid-19-travel-restrictions-a-day\/"},"modified":"2025-10-09T09:08:52","modified_gmt":"2025-10-09T09:08:52","slug":"eta-kanada-covid-19-restriktioner-med-halsokrisen","status":"publish","type":"page","link":"https:\/\/ave-eta-canada.com\/sv\/eta-kanada-covid-19-restriktioner-med-halsokrisen\/","title":{"rendered":"ETA Kanada &#8211; COVID 19 uppdaterade reserestriktioner"},"content":{"rendered":"\t\t<div data-elementor-type=\"wp-page\" data-elementor-id=\"2783\" class=\"elementor elementor-2783 elementor-1195\" data-elementor-post-type=\"page\">\n\t\t\t\t\t\t<section class=\"elementor-section elementor-top-section elementor-element elementor-element-b820ec9 elementor-section-boxed elementor-section-height-default elementor-section-height-default\" data-id=\"b820ec9\" data-element_type=\"section\" data-e-type=\"section\">\n\t\t\t\t\t\t<div class=\"elementor-container elementor-column-gap-default\">\n\t\t\t\t\t<div class=\"elementor-column elementor-col-100 elementor-top-column elementor-element elementor-element-e20cc56\" data-id=\"e20cc56\" data-element_type=\"column\" data-e-type=\"column\">\n\t\t\t<div class=\"elementor-widget-wrap elementor-element-populated\">\n\t\t\t\t\t\t<div class=\"elementor-element elementor-element-f35a835 elementor-widget elementor-widget-heading\" data-id=\"f35a835\" data-element_type=\"widget\" data-e-type=\"widget\" data-widget_type=\"heading.default\">\n\t\t\t\t<div class=\"elementor-widget-container\">\n\t\t\t\t\t<h1 class=\"elementor-heading-title elementor-size-default\">Slut p\u00e5 restriktioner kopplade till h\u00e4lsokrisen covid-19<\/h1>\t\t\t\t<\/div>\n\t\t\t\t<\/div>\n\t\t\t\t\t<\/div>\n\t\t<\/div>\n\t\t\t\t\t<\/div>\n\t\t<\/section>\n\t\t\t\t<section class=\"elementor-section elementor-top-section elementor-element elementor-element-7752861 elementor-section-boxed elementor-section-height-default elementor-section-height-default\" data-id=\"7752861\" data-element_type=\"section\" data-e-type=\"section\">\n\t\t\t\t\t\t<div class=\"elementor-container elementor-column-gap-default\">\n\t\t\t\t\t<div class=\"elementor-column elementor-col-100 elementor-top-column elementor-element elementor-element-e662d5f\" data-id=\"e662d5f\" data-element_type=\"column\" data-e-type=\"column\">\n\t\t\t<div class=\"elementor-widget-wrap elementor-element-populated\">\n\t\t\t\t\t\t<div class=\"elementor-element elementor-element-80b7c62 elementor-widget elementor-widget-text-editor\" data-id=\"80b7c62\" data-element_type=\"widget\" data-e-type=\"widget\" data-widget_type=\"text-editor.default\">\n\t\t\t\t<div class=\"elementor-widget-container\">\n\t\t\t\t\t\t\t\t\t<p><strong>Inledning<\/strong>: H\u00e4r \u00e4r den senaste uppdateringen om utvecklingen av h\u00e4lsokrisen i samband med covid-19. Informationen p\u00e5 den h\u00e4r sidan uppdateras s\u00e5 l\u00e5ngt det \u00e4r m\u00f6jligt i enlighet med nya beslut som fattats av den kanadensiska administrationen. Sedan maj 2023 har de flesta restriktioner upph\u00e4vts f\u00f6r resen\u00e4rer till Kanada.  <\/p><p><strong>F\u00f6r en vistelse p\u00e5 mindre \u00e4n 6 m\u00e5nader i Kanada<\/strong>: Du kan fylla i formaliteterna f\u00f6r inresa till Kanada direkt via Internet genom att klicka p\u00e5 <a href=\"https:\/\/ave-eta-canada.com\/sv\/kanada-eta-formular-online\/\">onlineformul\u00e4ret<\/a>. Det \u00e4r inte n\u00f6dv\u00e4ndigt att boka ett m\u00f6te p\u00e5 Kanadas ambassad eller konsulat.<\/p><h2>Slut p\u00e5 covidrestriktioner f\u00f6r resen\u00e4rer till Kanada<\/h2><p>De f\u00f6rebyggande \u00e5tg\u00e4rder avseende covid-19 som inf\u00f6rdes i november 2021 f\u00f6r \u00e5ter\u00f6ppnandet av Kanadas gr\u00e4nser drogs tillbaka i maj 2023. <span style=\"background-color: transparent;\"> Resen\u00e4rer<\/span> beh\u00f6ver inte l\u00e4ngre visa upp <span style=\"background-color: transparent;\">bevis p\u00e5 vaccinationer eller<\/span><span style=\"background-color: transparent;\"> screeningtester n\u00e4r de g\u00e5r ombord p\u00e5 ett flyg till Kanada.<\/span><\/p>\t\t\t\t\t\t\t\t<\/div>\n\t\t\t\t<\/div>\n\t\t\t\t\t<\/div>\n\t\t<\/div>\n\t\t\t\t\t<\/div>\n\t\t<\/section>\n\t\t\t\t<section class=\"elementor-section elementor-top-section elementor-element elementor-element-dca40c8 elementor-section-boxed elementor-section-height-default elementor-section-height-default\" data-id=\"dca40c8\" data-element_type=\"section\" data-e-type=\"section\">\n\t\t\t\t\t\t<div class=\"elementor-container elementor-column-gap-default\">\n\t\t\t\t\t<div class=\"elementor-column elementor-col-100 elementor-top-column elementor-element elementor-element-4aaedc7\" data-id=\"4aaedc7\" data-element_type=\"column\" data-e-type=\"column\">\n\t\t\t<div class=\"elementor-widget-wrap elementor-element-populated\">\n\t\t\t\t\t\t<div class=\"elementor-element elementor-element-8cf9d43 elementor-widget elementor-widget-toggle\" data-id=\"8cf9d43\" data-element_type=\"widget\" data-e-type=\"widget\" data-widget_type=\"toggle.default\">\n\t\t\t\t<div class=\"elementor-widget-container\">\n\t\t\t\t\t\t\t<div class=\"elementor-toggle\">\n\t\t\t\t\t\t\t<div class=\"elementor-toggle-item\">\n\t\t\t\t\t<h2 id=\"elementor-tab-title-1471\" class=\"elementor-tab-title\" data-tab=\"1\" role=\"button\" aria-controls=\"elementor-tab-content-1471\" aria-expanded=\"false\">\n\t\t\t\t\t\t\t\t\t\t\t\t<span class=\"elementor-toggle-icon elementor-toggle-icon-left\" aria-hidden=\"true\">\n\t\t\t\t\t\t\t\t\t\t\t\t\t\t\t<span class=\"elementor-toggle-icon-closed\"><i class=\"fas fa-caret-right\"><\/i><\/span>\n\t\t\t\t\t\t\t\t<span class=\"elementor-toggle-icon-opened\"><i class=\"elementor-toggle-icon-opened fas fa-caret-up\"><\/i><\/span>\n\t\t\t\t\t\t\t\t\t\t\t\t\t<\/span>\n\t\t\t\t\t\t\t\t\t\t\t\t<a class=\"elementor-toggle-title\" tabindex=\"0\">M\u00e5ste jag fortfarande fylla i ArriveCAN innan jag reser in i Kanada?<\/a>\n\t\t\t\t\t<\/h2>\n\n\t\t\t\t\t<div id=\"elementor-tab-content-1471\" class=\"elementor-tab-content elementor-clearfix\" data-tab=\"1\" role=\"region\" aria-labelledby=\"elementor-tab-title-1471\"><p><a href=\"https:\/\/ave-eta-canada.com\/sv\/arrivecan-canada\/\">ArriveCAN<\/a> \u00e4r ett program fr\u00e5n den kanadensiska regeringen. Den anv\u00e4ndes f\u00f6r att hantera information till resen\u00e4rer som reste in i Kanada efter covid-19-pandemin. Det underl\u00e4ttade efterlevnaden av Kanadas folkh\u00e4lsokrav.<\/p>\n<p><a href=\"https:\/\/ave-eta-canada.com\/sv\/arrivecan-canada\/\">ArriveCAN-applikationen<\/a> inf\u00f6rdes i november 2020. Fr\u00e5n och med maj 2023 <b>beh\u00f6ver resen\u00e4rer inte l\u00e4ngre fylla i ArriveCAN<\/b> inom 72 timmar efter ankomsten till Kanada.<\/p>\n<\/div>\n\t\t\t\t<\/div>\n\t\t\t\t\t\t\t<div class=\"elementor-toggle-item\">\n\t\t\t\t\t<h2 id=\"elementor-tab-title-1472\" class=\"elementor-tab-title\" data-tab=\"2\" role=\"button\" aria-controls=\"elementor-tab-content-1472\" aria-expanded=\"false\">\n\t\t\t\t\t\t\t\t\t\t\t\t<span class=\"elementor-toggle-icon elementor-toggle-icon-left\" aria-hidden=\"true\">\n\t\t\t\t\t\t\t\t\t\t\t\t\t\t\t<span class=\"elementor-toggle-icon-closed\"><i class=\"fas fa-caret-right\"><\/i><\/span>\n\t\t\t\t\t\t\t\t<span class=\"elementor-toggle-icon-opened\"><i class=\"elementor-toggle-icon-opened fas fa-caret-up\"><\/i><\/span>\n\t\t\t\t\t\t\t\t\t\t\t\t\t<\/span>\n\t\t\t\t\t\t\t\t\t\t\t\t<a class=\"elementor-toggle-title\" tabindex=\"0\">M\u00e5ste jag vaccineras f\u00f6r att resa in i Kanada?<\/a>\n\t\t\t\t\t<\/h2>\n\n\t\t\t\t\t<div id=\"elementor-tab-content-1472\" class=\"elementor-tab-content elementor-clearfix\" data-tab=\"2\" role=\"region\" aria-labelledby=\"elementor-tab-title-1472\"><p>Fr\u00e5n och med maj 2023 <b>beh\u00f6ver du inte l\u00e4ngre vara vaccinerad f\u00f6r att komma in i Kanada<\/b>. Negativa tester f\u00f6r covid-19 kr\u00e4vs inte heller l\u00e4ngre f\u00f6r att resa in i landet. Flygbolagen kontrollerar inte l\u00e4ngre vaccinationsstatus hos alla resen\u00e4rer innan de g\u00e5r ombord.  <\/p>\n<\/div>\n\t\t\t\t<\/div>\n\t\t\t\t\t\t\t<div class=\"elementor-toggle-item\">\n\t\t\t\t\t<h2 id=\"elementor-tab-title-1473\" class=\"elementor-tab-title\" data-tab=\"3\" role=\"button\" aria-controls=\"elementor-tab-content-1473\" aria-expanded=\"false\">\n\t\t\t\t\t\t\t\t\t\t\t\t<span class=\"elementor-toggle-icon elementor-toggle-icon-left\" aria-hidden=\"true\">\n\t\t\t\t\t\t\t\t\t\t\t\t\t\t\t<span class=\"elementor-toggle-icon-closed\"><i class=\"fas fa-caret-right\"><\/i><\/span>\n\t\t\t\t\t\t\t\t<span class=\"elementor-toggle-icon-opened\"><i class=\"elementor-toggle-icon-opened fas fa-caret-up\"><\/i><\/span>\n\t\t\t\t\t\t\t\t\t\t\t\t\t<\/span>\n\t\t\t\t\t\t\t\t\t\t\t\t<a class=\"elementor-toggle-title\" tabindex=\"0\">Beh\u00f6ver jag ett negativt COVID-test i Kanada f\u00f6r att l\u00e4mna landet i mindre \u00e4n 72 timmar?<\/a>\n\t\t\t\t\t<\/h2>\n\n\t\t\t\t\t<div id=\"elementor-tab-content-1473\" class=\"elementor-tab-content elementor-clearfix\" data-tab=\"3\" role=\"region\" aria-labelledby=\"elementor-tab-title-1473\"><p>Kanadensiska medborgare beh\u00f6ver inte l\u00e4ngre uppvisa ett negativt covid-19-test f\u00f6r att l\u00e4mna kanadensiskt territorium.<\/p>\n<\/div>\n\t\t\t\t<\/div>\n\t\t\t\t\t\t\t\t\t\t<script type=\"application\/ld+json\">{\"@context\":\"https:\\\/\\\/schema.org\",\"@type\":\"FAQPage\",\"mainEntity\":[{\"@type\":\"Question\",\"name\":\"M\\u00e5ste jag fortfarande fylla i ArriveCAN innan jag reser in i Kanada?\",\"acceptedAnswer\":{\"@type\":\"Answer\",\"text\":\"<p><a href=\\\"https:\\\/\\\/ave-eta-canada.com\\\/sv\\\/arrivecan-canada\\\/\\\">ArriveCAN<\\\/a> \\u00e4r ett program fr\\u00e5n den kanadensiska regeringen. Den anv\\u00e4ndes f\\u00f6r att hantera information till resen\\u00e4rer som reste in i Kanada efter covid-19-pandemin. Det underl\\u00e4ttade efterlevnaden av Kanadas folkh\\u00e4lsokrav.<\\\/p>\\n<p><a href=\\\"https:\\\/\\\/ave-eta-canada.com\\\/sv\\\/arrivecan-canada\\\/\\\">ArriveCAN-applikationen<\\\/a> inf\\u00f6rdes i november 2020. Fr\\u00e5n och med maj 2023 <b>beh\\u00f6ver resen\\u00e4rer inte l\\u00e4ngre fylla i ArriveCAN<\\\/b> inom 72 timmar efter ankomsten till Kanada.<\\\/p>\\n\"}},{\"@type\":\"Question\",\"name\":\"M\\u00e5ste jag vaccineras f\\u00f6r att resa in i Kanada?\",\"acceptedAnswer\":{\"@type\":\"Answer\",\"text\":\"<p>Fr\\u00e5n och med maj 2023 <b>beh\\u00f6ver du inte l\\u00e4ngre vara vaccinerad f\\u00f6r att komma in i Kanada<\\\/b>. Negativa tester f\\u00f6r covid-19 kr\\u00e4vs inte heller l\\u00e4ngre f\\u00f6r att resa in i landet. Flygbolagen kontrollerar inte l\\u00e4ngre vaccinationsstatus hos alla resen\\u00e4rer innan de g\\u00e5r ombord.  <\\\/p>\\n\"}},{\"@type\":\"Question\",\"name\":\"Beh\\u00f6ver jag ett negativt COVID-test i Kanada f\\u00f6r att l\\u00e4mna landet i mindre \\u00e4n 72 timmar?\",\"acceptedAnswer\":{\"@type\":\"Answer\",\"text\":\"<p>Kanadensiska medborgare beh\\u00f6ver inte l\\u00e4ngre uppvisa ett negativt covid-19-test f\\u00f6r att l\\u00e4mna kanadensiskt territorium.<\\\/p>\\n\"}}]}<\/script>\n\t\t\t\t\t<\/div>\n\t\t\t\t\t\t<\/div>\n\t\t\t\t<\/div>\n\t\t\t\t\t<\/div>\n\t\t<\/div>\n\t\t\t\t\t<\/div>\n\t\t<\/section>\n\t\t\t\t<\/div>\n\t\t","protected":false},"excerpt":{"rendered":"<p>Slut p\u00e5 restriktioner kopplade till h\u00e4lsokrisen covid-19 Inledning: H\u00e4r \u00e4r den senaste uppdateringen om utvecklingen av h\u00e4lsokrisen i samband med covid-19. Informationen p\u00e5 den h\u00e4r sidan uppdateras s\u00e5 l\u00e5ngt det \u00e4r m\u00f6jligt i enlighet med nya beslut som fattats av den kanadensiska administrationen. Sedan maj 2023 har de flesta restriktioner upph\u00e4vts f\u00f6r resen\u00e4rer till Kanada. [&hellip;]<\/p>\n","protected":false},"author":1,"featured_media":0,"parent":0,"menu_order":0,"comment_status":"closed","ping_status":"closed","template":"","meta":{"footnotes":""},"class_list":["post-2783","page","type-page","status-publish","hentry"],"yoast_head":"<!-- This site is optimized with the Yoast SEO plugin v26.9 - https:\/\/yoast.com\/product\/yoast-seo-wordpress\/ -->\n<title>ETA Kanada - COVID 19 uppdaterade reserestriktioner<\/title>\n<meta name=\"description\" content=\"Ta reda p\u00e5 mer om COVID-restriktioner f\u00f6r inresa till Kanada med ett elektroniskt resetillst\u00e5nd (ETA).\" \/>\n<meta name=\"robots\" content=\"index, follow, max-snippet:-1, max-image-preview:large, max-video-preview:-1\" \/>\n<link rel=\"canonical\" href=\"https:\/\/ave-eta-canada.com\/sv\/eta-kanada-covid-19-restriktioner-med-halsokrisen\/\" \/>\n<meta property=\"og:locale\" content=\"sv_SE\" \/>\n<meta property=\"og:type\" content=\"article\" \/>\n<meta property=\"og:title\" content=\"ETA Kanada - COVID 19 uppdaterade reserestriktioner\" \/>\n<meta property=\"og:description\" content=\"Ta reda p\u00e5 mer om COVID-restriktioner f\u00f6r inresa till Kanada med ett elektroniskt resetillst\u00e5nd (ETA).\" \/>\n<meta property=\"og:url\" content=\"https:\/\/ave-eta-canada.com\/sv\/eta-kanada-covid-19-restriktioner-med-halsokrisen\/\" \/>\n<meta property=\"og:site_name\" content=\"VISA CANADA\" \/>\n<meta property=\"article:modified_time\" content=\"2025-10-09T09:08:52+00:00\" \/>\n<meta name=\"twitter:card\" content=\"summary_large_image\" \/>\n<meta name=\"twitter:label1\" content=\"Ber\u00e4knad l\u00e4stid\" \/>\n\t<meta name=\"twitter:data1\" content=\"2 minuter\" \/>\n<script type=\"application\/ld+json\" class=\"yoast-schema-graph\">{\"@context\":\"https:\/\/schema.org\",\"@graph\":[{\"@type\":\"WebPage\",\"@id\":\"https:\/\/ave-eta-canada.com\/sv\/eta-kanada-covid-19-restriktioner-med-halsokrisen\/\",\"url\":\"https:\/\/ave-eta-canada.com\/sv\/eta-kanada-covid-19-restriktioner-med-halsokrisen\/\",\"name\":\"ETA Kanada - COVID 19 uppdaterade reserestriktioner\",\"isPartOf\":{\"@id\":\"https:\/\/ave-eta-canada.com\/sv\/#website\"},\"datePublished\":\"2022-09-06T07:59:27+00:00\",\"dateModified\":\"2025-10-09T09:08:52+00:00\",\"description\":\"Ta reda p\u00e5 mer om COVID-restriktioner f\u00f6r inresa till Kanada med ett elektroniskt resetillst\u00e5nd (ETA).\",\"breadcrumb\":{\"@id\":\"https:\/\/ave-eta-canada.com\/sv\/eta-kanada-covid-19-restriktioner-med-halsokrisen\/#breadcrumb\"},\"inLanguage\":\"sv-SE\",\"potentialAction\":[{\"@type\":\"ReadAction\",\"target\":[\"https:\/\/ave-eta-canada.com\/sv\/eta-kanada-covid-19-restriktioner-med-halsokrisen\/\"]}]},{\"@type\":\"BreadcrumbList\",\"@id\":\"https:\/\/ave-eta-canada.com\/sv\/eta-kanada-covid-19-restriktioner-med-halsokrisen\/#breadcrumb\",\"itemListElement\":[{\"@type\":\"ListItem\",\"position\":1,\"name\":\"Home\",\"item\":\"https:\/\/ave-eta-canada.com\/sv\/\"},{\"@type\":\"ListItem\",\"position\":2,\"name\":\"ETA Kanada &#8211; COVID 19 uppdaterade reserestriktioner\"}]},{\"@type\":\"WebSite\",\"@id\":\"https:\/\/ave-eta-canada.com\/sv\/#website\",\"url\":\"https:\/\/ave-eta-canada.com\/sv\/\",\"name\":\"VISA CANADA\",\"description\":\"Autorisation Voyage Electronique\",\"potentialAction\":[{\"@type\":\"SearchAction\",\"target\":{\"@type\":\"EntryPoint\",\"urlTemplate\":\"https:\/\/ave-eta-canada.com\/sv\/?s={search_term_string}\"},\"query-input\":{\"@type\":\"PropertyValueSpecification\",\"valueRequired\":true,\"valueName\":\"search_term_string\"}}],\"inLanguage\":\"sv-SE\"}]}<\/script>\n<!-- \/ Yoast SEO plugin. -->","yoast_head_json":{"title":"ETA Kanada - COVID 19 uppdaterade reserestriktioner","description":"Ta reda p\u00e5 mer om COVID-restriktioner f\u00f6r inresa till Kanada med ett elektroniskt resetillst\u00e5nd (ETA).","robots":{"index":"index","follow":"follow","max-snippet":"max-snippet:-1","max-image-preview":"max-image-preview:large","max-video-preview":"max-video-preview:-1"},"canonical":"https:\/\/ave-eta-canada.com\/sv\/eta-kanada-covid-19-restriktioner-med-halsokrisen\/","og_locale":"sv_SE","og_type":"article","og_title":"ETA Kanada - COVID 19 uppdaterade reserestriktioner","og_description":"Ta reda p\u00e5 mer om COVID-restriktioner f\u00f6r inresa till Kanada med ett elektroniskt resetillst\u00e5nd (ETA).","og_url":"https:\/\/ave-eta-canada.com\/sv\/eta-kanada-covid-19-restriktioner-med-halsokrisen\/","og_site_name":"VISA CANADA","article_modified_time":"2025-10-09T09:08:52+00:00","twitter_card":"summary_large_image","twitter_misc":{"Ber\u00e4knad l\u00e4stid":"2 minuter"},"schema":{"@context":"https:\/\/schema.org","@graph":[{"@type":"WebPage","@id":"https:\/\/ave-eta-canada.com\/sv\/eta-kanada-covid-19-restriktioner-med-halsokrisen\/","url":"https:\/\/ave-eta-canada.com\/sv\/eta-kanada-covid-19-restriktioner-med-halsokrisen\/","name":"ETA Kanada - COVID 19 uppdaterade reserestriktioner","isPartOf":{"@id":"https:\/\/ave-eta-canada.com\/sv\/#website"},"datePublished":"2022-09-06T07:59:27+00:00","dateModified":"2025-10-09T09:08:52+00:00","description":"Ta reda p\u00e5 mer om COVID-restriktioner f\u00f6r inresa till Kanada med ett elektroniskt resetillst\u00e5nd (ETA).","breadcrumb":{"@id":"https:\/\/ave-eta-canada.com\/sv\/eta-kanada-covid-19-restriktioner-med-halsokrisen\/#breadcrumb"},"inLanguage":"sv-SE","potentialAction":[{"@type":"ReadAction","target":["https:\/\/ave-eta-canada.com\/sv\/eta-kanada-covid-19-restriktioner-med-halsokrisen\/"]}]},{"@type":"BreadcrumbList","@id":"https:\/\/ave-eta-canada.com\/sv\/eta-kanada-covid-19-restriktioner-med-halsokrisen\/#breadcrumb","itemListElement":[{"@type":"ListItem","position":1,"name":"Home","item":"https:\/\/ave-eta-canada.com\/sv\/"},{"@type":"ListItem","position":2,"name":"ETA Kanada &#8211; COVID 19 uppdaterade reserestriktioner"}]},{"@type":"WebSite","@id":"https:\/\/ave-eta-canada.com\/sv\/#website","url":"https:\/\/ave-eta-canada.com\/sv\/","name":"VISA CANADA","description":"Autorisation Voyage Electronique","potentialAction":[{"@type":"SearchAction","target":{"@type":"EntryPoint","urlTemplate":"https:\/\/ave-eta-canada.com\/sv\/?s={search_term_string}"},"query-input":{"@type":"PropertyValueSpecification","valueRequired":true,"valueName":"search_term_string"}}],"inLanguage":"sv-SE"}]}},"_links":{"self":[{"href":"https:\/\/ave-eta-canada.com\/sv\/wp-json\/wp\/v2\/pages\/2783","targetHints":{"allow":["GET"]}}],"collection":[{"href":"https:\/\/ave-eta-canada.com\/sv\/wp-json\/wp\/v2\/pages"}],"about":[{"href":"https:\/\/ave-eta-canada.com\/sv\/wp-json\/wp\/v2\/types\/page"}],"author":[{"embeddable":true,"href":"https:\/\/ave-eta-canada.com\/sv\/wp-json\/wp\/v2\/users\/1"}],"replies":[{"embeddable":true,"href":"https:\/\/ave-eta-canada.com\/sv\/wp-json\/wp\/v2\/comments?post=2783"}],"version-history":[{"count":2,"href":"https:\/\/ave-eta-canada.com\/sv\/wp-json\/wp\/v2\/pages\/2783\/revisions"}],"predecessor-version":[{"id":6281,"href":"https:\/\/ave-eta-canada.com\/sv\/wp-json\/wp\/v2\/pages\/2783\/revisions\/6281"}],"wp:attachment":[{"href":"https:\/\/ave-eta-canada.com\/sv\/wp-json\/wp\/v2\/media?parent=2783"}],"curies":[{"name":"wp","href":"https:\/\/api.w.org\/{rel}","templated":true}]}}