{"id":2785,"date":"2022-09-06T07:59:28","date_gmt":"2022-09-06T07:59:28","guid":{"rendered":"https:\/\/ave-eta-canada.com\/den-praktiska-guiden-till-resor-i-kanada\/"},"modified":"2022-09-09T20:30:18","modified_gmt":"2022-09-09T20:30:18","slug":"den-praktiska-guiden-till-resor-i-kanada","status":"publish","type":"page","link":"https:\/\/ave-eta-canada.com\/sv\/den-praktiska-guiden-till-resor-i-kanada\/","title":{"rendered":"Den praktiska guiden om att resa i Kanada"},"content":{"rendered":"\n<h1 class=\"wp-block-heading\">Resa till Kanada: praktisk information<\/h1>\n\n<p><strong>F\u00f6r en vistelse p\u00e5 mindre \u00e4n 6 m\u00e5nader i Kanada<\/strong>: Du kan fylla i formaliteterna f\u00f6r inresa till Kanada direkt via Internet genom att klicka p\u00e5 <a href=\"https:\/\/ave-eta-canada.com\/sv\/kanada-eta-formular-online\/\">onlineformul\u00e4ret<\/a>. Det \u00e4r inte n\u00f6dv\u00e4ndigt att boka ett m\u00f6te p\u00e5 Kanadas ambassad eller konsulat.<\/p>\n\n<p>Vare sig du \u00e4r natur\u00e4lskare eller gillar de nordamerikanska st\u00e4dernas gigantiskhet \u00e4r Kanada n\u00e5got f\u00f6r dig! I den h\u00e4r artikeln f\u00e5r du all information du beh\u00f6ver f\u00f6r att f\u00f6rbereda dig inf\u00f6r din resa \u00f6ver Atlanten, innan du reser till Kanada.  <\/p>\n\n<p>N\u00e4r ska du \u00e5ka? Vad ska man g\u00f6ra? Vilka <a href=\"https:\/\/ave-eta-canada.com\/sv\/eta-kanada-svar-pa-dina-fragor\/\">dokument kr\u00e4vs<\/a> f\u00f6re ombordstigning? Svaren finns nedan.<\/p>\n\n<h2 class=\"wp-block-heading\"><br\/>N\u00e4r \u00e4r den b\u00e4sta tiden att resa till Kanada?<\/h2>\n\n<p>P\u00e5 grund av det kontinentala klimatet upplever Kanada stora temperaturf\u00f6r\u00e4ndringar mellan s\u00e4songerna. I allm\u00e4nhet \u00e4r vintrarna ganska h\u00e5rda med temperaturer under noll grader, och det \u00e4r inte ovanligt att termometern visar -20 \u00b0C i mitten av januari i vissa regioner. Somrarna \u00e4r d\u00e4remot relativt varma, med temperaturer p\u00e5 upp till 30 \u00b0C i augusti.<\/p>\n\n<p>Som vi kommer att se finns det faktiskt ingen b\u00e4sta tidpunkt f\u00f6r <a href=\"https:\/\/ave-eta-canada.com\/sv\/den-praktiska-guiden-till-resor-i-kanada\/\">att resa till Kanada<\/a>: allt beror p\u00e5 ditt projekt.<\/p>\n\n<h3 class=\"wp-block-heading\">Att vistas i Kanada p\u00e5 vintern<\/h3>\n\n<p>Om du \u00e4r intresserad av vintersporter \u00e4r den b\u00e4sta tiden att resa till Kanada definitivt fr\u00e5n november till februari. Under denna period finns det mycket att g\u00f6ra: skid\u00e5kning, sn\u00f6skoterturer, hundspann, sn\u00f6skovandring&#8230; Kort sagt, om du gillar sn\u00f6 och utomhusaktiviteter kommer du inte att ha tr\u00e5kigt.<\/p>\n\n<h3 class=\"wp-block-heading\">Bes\u00f6k i Kanada p\u00e5 sommaren<\/h3>\n\n<p>Sommaren l\u00e4mpar sig f\u00f6rst\u00e5s ocks\u00e5 f\u00f6r utomhusaktiviteter: vandring i nationalparkerna, camping, kanotpaddling osv. Samtidigt anordnas m\u00e5nga kulturevenemang under denna period. Detta g\u00e4ller s\u00e4rskilt i Quebec City och Montreal, d\u00e4r festivaler h\u00e5lls under hela sommars\u00e4songen. Jazz\u00e4lskare b\u00f6r inte missa den internationella jazzfestivalen som h\u00e5lls i Montreal varje \u00e5r mellan juni och juli.<\/p>\n\n<p>Om du v\u00e4ljer att \u00e5ka till Quebec p\u00e5 sommaren rekommenderar vi att du bes\u00f6ker Tadoussac, som \u00e4r den \u00e4ldsta byn i Quebec. Den st\u00f6rsta attraktionen p\u00e5 denna plats \u00e4r observationen av de ber\u00f6mda bl\u00e5valarna. Om du v\u00e4ljer en kryssning till havs kan du beundra den lokala marina faunan (delfiner, belugor, s\u00e4lar, tumlare, orcas etc.).<\/p>\n\n<h3 class=\"wp-block-heading\">\u00c5ker till Kanada i h\u00f6st<\/h3>\n\n<p>Att resa till Kanada p\u00e5 h\u00f6sten \u00e4r en mycket bra kompromiss. Fr\u00e5n Vancouver till Quebec kan du njuta av n\u00e4stan lika soliga dagar som p\u00e5 sommaren och relativt milda temperaturer som inte \u00f6verstiger 20 \u00b0C.  <\/p>\n\n<p>F\u00f6r fotoentusiaster \u00e4r en vistelse i Kanada under indiansommaren idealisk. De skiftande f\u00e4rgerna p\u00e5 l\u00f6nnl\u00f6ven \u00e4r en f\u00f6rtrollande syn. Om du vill dra full nytta av detta fenomen rekommenderar vi att du \u00e5ker till den boreala skogen i Quebec, d\u00e4r du kommer att bli \u00f6verv\u00e4ldigad av dessa fantastiska landskap som \u00e4r m\u00e5lade i h\u00f6stens f\u00e4rger.<\/p>\n\n<p>Den h\u00e4r s\u00e4songen \u00e4r ocks\u00e5 idealisk f\u00f6r att observera flyttningen av sn\u00f6g\u00e4ss fr\u00e5n de arktiska regionerna l\u00e4ngs den ber\u00f6mda St Lawrence-floden till USA.  <\/p>\n\n<h2 class=\"wp-block-heading\"><br\/>Resa i Kanada: vad ska du bes\u00f6ka?<\/h2>\n\n<p>Kanadas vidstr\u00e4ckta landskap ger otaliga m\u00f6jligheter till bes\u00f6k. Om du \u00e4r ute efter ett milj\u00f6ombyte kunde du inte ha gjort ett b\u00e4ttre val av destination! Stora \u00f6ppna ytor, ett exceptionellt rikt djurliv, friluftsliv, stora och livliga st\u00e4der &#8211; det finns n\u00e5got f\u00f6r alla! F\u00f6r att du ska kunna l\u00e4mna landet med huvudet fullt av of\u00f6rgl\u00f6mliga minnen har vi valt ut en lista \u00f6ver de viktigaste platserna att bes\u00f6ka.<\/p>\n\n<h3 class=\"wp-block-heading\">Montreal<\/h3>\n\n<p>Montreal \u00e4r den st\u00f6rsta staden i provinsen Quebec och du kan inte \u00e5ka till Kanada utan att stanna till i Montreal. Montreal \u00e4r en m\u00e5ngkulturell och kosmopolitisk stad som erbjuder en m\u00e4ngd olika aktiviteter och platser att bes\u00f6ka.<\/p>\n\n<p>Till att b\u00f6rja med rekommenderar vi att du tar en promenad i stadsdelen Old Montreal. Denna stadsdel fr\u00e5n 1600-talet, som gr\u00e4nsar till Saint Lawrence-floden, \u00e4r s\u00e4rskilt popul\u00e4r tack vare sina m\u00e5nga torg, som \u00e4r fulla av charmiga kaf\u00e9er och butiker. Det st\u00f6rsta intresset i Old Montreal \u00e4r utan tvekan Notre-Dame-basilikan, en imponerande byggnad i nygotisk stil. Om du vill njuta av en utsikt \u00f6ver hela St Lawrence, tveka inte att g\u00e5 till det ber\u00f6mda klocktornet som ligger i Montreals gamla hamn. Innan du n\u00e5r toppen av monumentet m\u00e5ste du kl\u00e4ttra 192 trappsteg, men det \u00e4r v\u00e4l v\u00e4rt den exceptionella utsikten som erbjuds i slutet!  <\/p>\n\n<h3 class=\"wp-block-heading\">Quebec<\/h3>\n\n<p>N\u00e4r man t\u00e4nker p\u00e5 resor till Quebec t\u00e4nker man p\u00e5 Quebec City. Quebec City \u00e4r den n\u00e4st st\u00f6rsta staden i provinsen Quebec och har lyckats bevara sin autenticitet under \u00e5rens lopp, vilket \u00e4r anledningen till att den \u00e4r upptagen p\u00e5 Unescos v\u00e4rldsarvslista. Staden har en varm atmosf\u00e4r tack vare de gamla husen och de m\u00e5nga smala gatorna. Dess stil p\u00e5minner om fransk arkitektur.<\/p>\n\n<h3 class=\"wp-block-heading\">Niagarafallen  <\/h3>\n\n<p>Niagarafallen anses vara en av Kanadas fr\u00e4msta attraktioner och \u00e4r ett m\u00e5ste n\u00e4r du bes\u00f6ker Maple Country! Beroende p\u00e5 ditt hum\u00f6r kan du beundra fallen p\u00e5 flera olika s\u00e4tt: med b\u00e5t, med hiss, p\u00e5 panoramaterrassen eller till och med med med helikopter!<\/p>\n\n<h3 class=\"wp-block-heading\">Toronto<\/h3>\n\n<p>Staden Toronto ligger n\u00e4ra Niagarafallen. Efter att ha beundrat dessa kan du passa p\u00e5 att bes\u00f6ka Kanadas st\u00f6rsta stad. Om du n\u00e5gonsin har varit i New York kommer du att bli f\u00f6rv\u00e5nad \u00f6ver de stora likheterna mellan de tv\u00e5 st\u00e4derna.<\/p>\n\n<p>Torontos st\u00f6rsta attraktion \u00e4r att kl\u00e4ttra upp p\u00e5 CN Tower. Fr\u00e5n sina 113 v\u00e5ningar har tornet en fantastisk utsikt \u00f6ver staden och dess omgivningar. De mer modiga kan till och med beundra utsikten fr\u00e5n en panoramaterrass med ett genomskinligt glasgolv!<\/p>\n\n<h3 class=\"wp-block-heading\">Banff nationalpark<\/h3>\n\n<p>Banff National Park ligger i hj\u00e4rtat av de kanadensiska bergskedjorna och erbjuder n\u00e5gra av de vackraste landskapen i Kanada. Parken \u00e4r hemvist f\u00f6r n\u00e5gra otroligt vackra glaci\u00e4rsj\u00f6ar, bland annat Lake Louise och Lake Moraine, som \u00e4r de tv\u00e5 mest fotograferade sj\u00f6arna i v\u00e4rlden. Om du vill beundra detta natursk\u00e5despel och vattnets hypnotiska turkosbl\u00e5tt finns det m\u00e5nga vandringsleder runt sj\u00f6arna. Det \u00e4r upp till dig att skapa ditt dr\u00f6mfoto!  <\/p>\n\n<h3 class=\"wp-block-heading\">Jaspers nationalpark<\/h3>\n\n<p>Jasper \u00e4r den st\u00f6rsta nationalparken i Klippiga bergen och \u00e4r v\u00e4rldsber\u00f6md f\u00f6r Athabasca Falls, som kommer fr\u00e5n Athabasca-glaci\u00e4ren. Om du \u00e4r ute efter spektakul\u00e4ra vyer rekommenderar vi en tur till Maligne Canyon eller en vandring runt Maligne- och Medicine-sj\u00f6arna.  <\/p>\n\n<h3 class=\"wp-block-heading\">Gletschervandring<\/h3>\n\n<p>Icefield Parkway \u00e4r en av Kanadas vackraste natursk\u00f6na v\u00e4gar och \u00e4r allm\u00e4nt k\u00e4nd som Icefield Parkways. Det vore synd att missa det majest\u00e4tiska landskapet! Den 230 km l\u00e5nga rutten passerar genom flera nationalparker och har m\u00e5nga natursk\u00f6na punkter l\u00e4ngs v\u00e4gen. Sj\u00f6ar, floder, glaci\u00e4rer, kanjoner, vattenfall &#8211; du kommer inte att bli besviken p\u00e5 den m\u00e5ngfald av landskap som den h\u00e4r rutten kan erbjuda.<\/p>\n\n<h2 class=\"wp-block-heading\"><br\/>Om du reser till Kanada: gl\u00f6m inte ditt uppeh\u00e5llstillst\u00e5nd<\/h2>\n\n<p>Precis som i USA kan du inte resa till Kanada utan resetillst\u00e5nd. Det finns m\u00e5nga olika resehandlingar, men det vanligaste \u00e4r AVE.<\/p>\n\n<h3 class=\"wp-block-heading\">Vad \u00e4r EVA?<\/h3>\n\n<p>Om din resa till Kanada inte \u00f6verstiger sex m\u00e5nader i f\u00f6ljd kan du f\u00f6rmodligen f\u00e5 ett ETA (Electronic Travel Authorization). AVE Canada \u00e4r ett uppeh\u00e5llstillst\u00e5nd som ger utl\u00e4ndska resen\u00e4rer r\u00e4tt att resa till Kanada utan visum, \u00e4ven kallat eTA p\u00e5 engelska.<\/p>\n\n<p>Denna resehandling utf\u00e4rdas inte till alla medborgare. F\u00f6r att kunna ans\u00f6ka m\u00e5ste du uppfylla vissa <a href=\"https:\/\/ave-eta-canada.com\/sv\/eta-kanada-resevillkor\/\">beh\u00f6righetskrav i Kanada<\/a> som fastst\u00e4llts av den kanadensiska regeringen:<\/p>\n\n<ul class=\"wp-block-list\"><li>Vara medborgare i ett land som \u00e4r medlem i programmet f\u00f6r viseringsundantag (detta inkluderar bland annat alla EU-l\u00e4nder);  <\/li><li>Uppeh\u00e5ll i Kanada i upp till 6 m\u00e5nader;<\/li><li>Resa som turist, i aff\u00e4rer eller p\u00e5 genomresa genom Kanada;<\/li><li>Ha ett giltigt pass.<\/li><\/ul>\n\n<p>Det \u00e4r enkelt att ans\u00f6ka om detta dokument: fyll i ett onlineformul\u00e4r p\u00e5 den <a href=\"https:\/\/www.canada.ca\/\">kanadensiska regeringens<\/a> webbplats eller p\u00e5 den h\u00e4r webbplatsens startsida. Naturligtvis kommer din akt att granskas av de kanadensiska myndigheterna f\u00f6r att s\u00e4kerst\u00e4lla att du inte utg\u00f6r ett hot mot landets inre s\u00e4kerhet. Men oroa dig inte, de flesta ans\u00f6kningar godk\u00e4nns inom n\u00e5gra dagar efter att ans\u00f6kan skickats!  <\/p>\n\n<p>Om du planerar att \u00e5ka till Kanada f\u00f6r att g\u00f6ra praktik, studera eller till och med arbeta g\u00e4ller <a href=\"https:\/\/ave-eta-canada.com\/sv\/\">AVE<\/a> inte f\u00f6r dig, utan du m\u00e5ste skaffa ett annat resedokument.<\/p>\n\n<h3 class=\"wp-block-heading\">Jag \u00e4r inte ber\u00e4ttigad till AVE: vilket dokument kan jag ans\u00f6ka om f\u00f6r att resa in i Kanada?<\/h3>\n\n<p>Om du inte \u00e4r ber\u00e4ttigad till AVE beh\u00f6ver du ett Kanada-visum. Den sistn\u00e4mnda varierar beroende p\u00e5 hur vistelsen i Kanada ser ut.<\/p>\n\n<p>Om du vill arbeta m\u00e5ste du skaffa ett arbetstillst\u00e5nd. Om du \u00e4r under 36 \u00e5r kan du ans\u00f6ka om ett <a href=\"https:\/\/ave-eta-canada.com\/sv\/hur-man-far-ett-whv-arbetssemestertillstand-kanada\/\">Working Holiday Permit<\/a> (WHP). Med detta dokument kan du arbeta lagligt och samtidigt utforska Kanada och ta semester som du vill.<\/p>\n\n<p>Utl\u00e4ndska studenter m\u00e5ste ans\u00f6ka om visum. Om detta \u00e4r din plan rekommenderar vi att du kontaktar Kanadas ambassad eller konsulat f\u00f6r att f\u00e5 mer information om vilka formaliteter som m\u00e5ste uppfyllas och om du vill g\u00f6ra praktik i Kanada.  <\/p>\n","protected":false},"excerpt":{"rendered":"<p>Resa till Kanada: praktisk information F\u00f6r en vistelse p\u00e5 mindre \u00e4n 6 m\u00e5nader i Kanada: Du kan fylla i formaliteterna f\u00f6r inresa till Kanada direkt via Internet genom att klicka p\u00e5 onlineformul\u00e4ret. Det \u00e4r inte n\u00f6dv\u00e4ndigt att boka ett m\u00f6te p\u00e5 Kanadas ambassad eller konsulat. Vare sig du \u00e4r natur\u00e4lskare eller gillar de nordamerikanska st\u00e4dernas [&hellip;]<\/p>\n","protected":false},"author":1,"featured_media":0,"parent":0,"menu_order":0,"comment_status":"closed","ping_status":"closed","template":"","meta":{"footnotes":""},"class_list":["post-2785","page","type-page","status-publish","hentry"],"yoast_head":"<!-- This site is optimized with the Yoast SEO plugin v26.9 - https:\/\/yoast.com\/product\/yoast-seo-wordpress\/ -->\n<title>Den praktiska guiden om att resa i Kanada<\/title>\n<meta name=\"description\" content=\"Planerar du att resa till Kanada snart? I den h\u00e4r guiden hittar du all praktisk information du beh\u00f6ver f\u00f6r att organisera denna efterl\u00e4ngtade resa.\" \/>\n<meta name=\"robots\" content=\"index, follow, max-snippet:-1, max-image-preview:large, max-video-preview:-1\" \/>\n<link rel=\"canonical\" href=\"https:\/\/ave-eta-canada.com\/sv\/den-praktiska-guiden-till-resor-i-kanada\/\" \/>\n<meta property=\"og:locale\" content=\"sv_SE\" \/>\n<meta property=\"og:type\" content=\"article\" \/>\n<meta property=\"og:title\" content=\"Den praktiska guiden om att resa i Kanada\" \/>\n<meta property=\"og:description\" content=\"Planerar du att resa till Kanada snart? I den h\u00e4r guiden hittar du all praktisk information du beh\u00f6ver f\u00f6r att organisera denna efterl\u00e4ngtade resa.\" \/>\n<meta property=\"og:url\" content=\"https:\/\/ave-eta-canada.com\/sv\/den-praktiska-guiden-till-resor-i-kanada\/\" \/>\n<meta property=\"og:site_name\" content=\"VISA CANADA\" \/>\n<meta property=\"article:modified_time\" content=\"2022-09-09T20:30:18+00:00\" \/>\n<meta name=\"twitter:card\" content=\"summary_large_image\" \/>\n<meta name=\"twitter:label1\" content=\"Ber\u00e4knad l\u00e4stid\" \/>\n\t<meta name=\"twitter:data1\" content=\"8 minuter\" \/>\n<script type=\"application\/ld+json\" class=\"yoast-schema-graph\">{\"@context\":\"https:\/\/schema.org\",\"@graph\":[{\"@type\":\"WebPage\",\"@id\":\"https:\/\/ave-eta-canada.com\/sv\/den-praktiska-guiden-till-resor-i-kanada\/\",\"url\":\"https:\/\/ave-eta-canada.com\/sv\/den-praktiska-guiden-till-resor-i-kanada\/\",\"name\":\"Den praktiska guiden om att resa i Kanada\",\"isPartOf\":{\"@id\":\"https:\/\/ave-eta-canada.com\/sv\/#website\"},\"datePublished\":\"2022-09-06T07:59:28+00:00\",\"dateModified\":\"2022-09-09T20:30:18+00:00\",\"description\":\"Planerar du att resa till Kanada snart? I den h\u00e4r guiden hittar du all praktisk information du beh\u00f6ver f\u00f6r att organisera denna efterl\u00e4ngtade resa.\",\"breadcrumb\":{\"@id\":\"https:\/\/ave-eta-canada.com\/sv\/den-praktiska-guiden-till-resor-i-kanada\/#breadcrumb\"},\"inLanguage\":\"sv-SE\",\"potentialAction\":[{\"@type\":\"ReadAction\",\"target\":[\"https:\/\/ave-eta-canada.com\/sv\/den-praktiska-guiden-till-resor-i-kanada\/\"]}]},{\"@type\":\"BreadcrumbList\",\"@id\":\"https:\/\/ave-eta-canada.com\/sv\/den-praktiska-guiden-till-resor-i-kanada\/#breadcrumb\",\"itemListElement\":[{\"@type\":\"ListItem\",\"position\":1,\"name\":\"Home\",\"item\":\"https:\/\/ave-eta-canada.com\/sv\/\"},{\"@type\":\"ListItem\",\"position\":2,\"name\":\"Den praktiska guiden om att resa i Kanada\"}]},{\"@type\":\"WebSite\",\"@id\":\"https:\/\/ave-eta-canada.com\/sv\/#website\",\"url\":\"https:\/\/ave-eta-canada.com\/sv\/\",\"name\":\"VISA CANADA\",\"description\":\"Autorisation Voyage Electronique\",\"potentialAction\":[{\"@type\":\"SearchAction\",\"target\":{\"@type\":\"EntryPoint\",\"urlTemplate\":\"https:\/\/ave-eta-canada.com\/sv\/?s={search_term_string}\"},\"query-input\":{\"@type\":\"PropertyValueSpecification\",\"valueRequired\":true,\"valueName\":\"search_term_string\"}}],\"inLanguage\":\"sv-SE\"}]}<\/script>\n<!-- \/ Yoast SEO plugin. -->","yoast_head_json":{"title":"Den praktiska guiden om att resa i Kanada","description":"Planerar du att resa till Kanada snart? I den h\u00e4r guiden hittar du all praktisk information du beh\u00f6ver f\u00f6r att organisera denna efterl\u00e4ngtade resa.","robots":{"index":"index","follow":"follow","max-snippet":"max-snippet:-1","max-image-preview":"max-image-preview:large","max-video-preview":"max-video-preview:-1"},"canonical":"https:\/\/ave-eta-canada.com\/sv\/den-praktiska-guiden-till-resor-i-kanada\/","og_locale":"sv_SE","og_type":"article","og_title":"Den praktiska guiden om att resa i Kanada","og_description":"Planerar du att resa till Kanada snart? I den h\u00e4r guiden hittar du all praktisk information du beh\u00f6ver f\u00f6r att organisera denna efterl\u00e4ngtade resa.","og_url":"https:\/\/ave-eta-canada.com\/sv\/den-praktiska-guiden-till-resor-i-kanada\/","og_site_name":"VISA CANADA","article_modified_time":"2022-09-09T20:30:18+00:00","twitter_card":"summary_large_image","twitter_misc":{"Ber\u00e4knad l\u00e4stid":"8 minuter"},"schema":{"@context":"https:\/\/schema.org","@graph":[{"@type":"WebPage","@id":"https:\/\/ave-eta-canada.com\/sv\/den-praktiska-guiden-till-resor-i-kanada\/","url":"https:\/\/ave-eta-canada.com\/sv\/den-praktiska-guiden-till-resor-i-kanada\/","name":"Den praktiska guiden om att resa i Kanada","isPartOf":{"@id":"https:\/\/ave-eta-canada.com\/sv\/#website"},"datePublished":"2022-09-06T07:59:28+00:00","dateModified":"2022-09-09T20:30:18+00:00","description":"Planerar du att resa till Kanada snart? I den h\u00e4r guiden hittar du all praktisk information du beh\u00f6ver f\u00f6r att organisera denna efterl\u00e4ngtade resa.","breadcrumb":{"@id":"https:\/\/ave-eta-canada.com\/sv\/den-praktiska-guiden-till-resor-i-kanada\/#breadcrumb"},"inLanguage":"sv-SE","potentialAction":[{"@type":"ReadAction","target":["https:\/\/ave-eta-canada.com\/sv\/den-praktiska-guiden-till-resor-i-kanada\/"]}]},{"@type":"BreadcrumbList","@id":"https:\/\/ave-eta-canada.com\/sv\/den-praktiska-guiden-till-resor-i-kanada\/#breadcrumb","itemListElement":[{"@type":"ListItem","position":1,"name":"Home","item":"https:\/\/ave-eta-canada.com\/sv\/"},{"@type":"ListItem","position":2,"name":"Den praktiska guiden om att resa i Kanada"}]},{"@type":"WebSite","@id":"https:\/\/ave-eta-canada.com\/sv\/#website","url":"https:\/\/ave-eta-canada.com\/sv\/","name":"VISA CANADA","description":"Autorisation Voyage Electronique","potentialAction":[{"@type":"SearchAction","target":{"@type":"EntryPoint","urlTemplate":"https:\/\/ave-eta-canada.com\/sv\/?s={search_term_string}"},"query-input":{"@type":"PropertyValueSpecification","valueRequired":true,"valueName":"search_term_string"}}],"inLanguage":"sv-SE"}]}},"_links":{"self":[{"href":"https:\/\/ave-eta-canada.com\/sv\/wp-json\/wp\/v2\/pages\/2785","targetHints":{"allow":["GET"]}}],"collection":[{"href":"https:\/\/ave-eta-canada.com\/sv\/wp-json\/wp\/v2\/pages"}],"about":[{"href":"https:\/\/ave-eta-canada.com\/sv\/wp-json\/wp\/v2\/types\/page"}],"author":[{"embeddable":true,"href":"https:\/\/ave-eta-canada.com\/sv\/wp-json\/wp\/v2\/users\/1"}],"replies":[{"embeddable":true,"href":"https:\/\/ave-eta-canada.com\/sv\/wp-json\/wp\/v2\/comments?post=2785"}],"version-history":[{"count":0,"href":"https:\/\/ave-eta-canada.com\/sv\/wp-json\/wp\/v2\/pages\/2785\/revisions"}],"wp:attachment":[{"href":"https:\/\/ave-eta-canada.com\/sv\/wp-json\/wp\/v2\/media?parent=2785"}],"curies":[{"name":"wp","href":"https:\/\/api.w.org\/{rel}","templated":true}]}}