{"id":2791,"date":"2022-09-06T07:59:29","date_gmt":"2022-09-06T07:59:29","guid":{"rendered":"https:\/\/ave-eta-canada.com\/faq-ave-eta-canada-svar-pa-dina-fragor\/"},"modified":"2022-09-09T20:37:23","modified_gmt":"2022-09-09T20:37:23","slug":"eta-kanada-svar-pa-dina-fragor","status":"publish","type":"page","link":"https:\/\/ave-eta-canada.com\/sv\/eta-kanada-svar-pa-dina-fragor\/","title":{"rendered":"Vanliga fr\u00e5gor och svar eTA Kanada | Svar p\u00e5 dina fr\u00e5gor"},"content":{"rendered":"\n<h1 class=\"wp-block-heading\">Svar p\u00e5 dina fr\u00e5gor<\/h1>\n\n<p>Du hittar all viktig information om <a href=\"https:\/\/ave-eta-canada.com\/sv\/nyheter-om-eta\/\"> eTA Kanada<\/a> i dessa vanliga fr\u00e5gor. Du kan sedan \u00e5ka till l\u00f6nntr\u00e4dens land med sinnesro!<\/p>\n\n<h2 class=\"wp-block-heading\">Vad \u00e4r en eTA Kanada?<\/h2>\n\n<p>eTA (Electronic Travel Authorisation) utf\u00e4rdas av den kanadensiska regeringen och \u00e4r ett <a href=\"https:\/\/ave-eta-canada.com\/sv\/fylla-i-blankett-eta-formular-for-kanada\/\">eTA officiellt formul\u00e4r<\/a> som till\u00e5ter resen\u00e4rer att resa in i Kanada.<\/p>\n\n<h2 class=\"wp-block-heading\">Vad \u00e4r skillnaden mellan en AVE och en eTA?<\/h2>\n\n<p>Ingen. AVE och eTA \u00e4r samma resetillst\u00e5nd. AVE \u00e4r akronymen p\u00e5 franska och eTA \u00e4r akronymen p\u00e5 engelska.<\/p>\n\n<h2 class=\"wp-block-heading\">Vem \u00e4r eTA-resetillst\u00e5nd f\u00f6r?<\/h2>\n\n<p><a href=\"https:\/\/ave-eta-canada.com\/sv\/\">eTA Kanada Travel Authorization<\/a> riktar sig till alla medborgare fr\u00e5n l\u00e4nder som omfattas av Visa Waiver Program och som vill stanna i Kanada i upp till sex m\u00e5nader. eTA-tillst\u00e5ndet beviljas dessutom endast f\u00f6r turistresor, aff\u00e4rsresor eller transitering med flyg.<\/p>\n\n<p>Observera att personer som reser genom USA innan de \u00e5terv\u00e4nder till Kanada m\u00e5ste ans\u00f6ka om ESTA-tillst\u00e5nd fr\u00e5n den amerikanska regeringen ut\u00f6ver eTA-ans\u00f6kan.<\/p>\n\n<h2 class=\"wp-block-heading\">Vad beh\u00f6ver jag f\u00f6r att ans\u00f6ka om eTA online?<\/h2>\n\n<p>Ans\u00f6kan online inneb\u00e4r att du fyller i ett formul\u00e4r. Det h\u00e4r \u00e4r vad du beh\u00f6ver:<\/p>\n\n<ul class=\"wp-block-list\"><li>ett giltigt pass ;<\/li><li>ett kredit- eller betalkort (Visa, MasterCard, American Express, JCB, UnionPay);<\/li><li>en giltig e-postadress.<\/li><\/ul>\n\n<h2 class=\"wp-block-heading\">M\u00e5ste jag betala f\u00f6r att ans\u00f6ka om en eTA Kanada?<\/h2>\n\n<p><a href=\"https:\/\/ave-eta-canada.com\/sv\/eta-kanada-att-priset\/\">Grundavgiften f\u00f6r eTA-ans\u00f6kan<\/a> \u00e4r 7 CAD$. Ytterligare avgifter kan tillkomma om du tecknar dig f\u00f6r ytterligare tj\u00e4nster (onlinehj\u00e4lp, verifiering av information osv.). Observera att eTA fortfarande \u00e4r mycket mer l\u00e4ttillg\u00e4ngligt \u00e4n visumet, som kostar mellan 100 och 200 CAN-dollar.<\/p>\n\n<h2 class=\"wp-block-heading\">Vad \u00e4r skillnaden mellan en eTA och en visering?<\/h2>\n\n<p>eTA ger dig r\u00e4tt att stanna i Kanada i upp till sex m\u00e5nader, men det g\u00e4ller endast turister, aff\u00e4rsresen\u00e4rer och personer p\u00e5 genomresa. Om du vill stanna l\u00e4ngre, studera eller arbeta i landet m\u00e5ste du ans\u00f6ka om visum hos de konsul\u00e4ra myndigheterna.<\/p>\n\n<h2 class=\"wp-block-heading\">Hur l\u00e4nge kan jag anv\u00e4nda min eTA?<\/h2>\n\n<p>Tillst\u00e5ndet att resa till Kanada \u00e4r giltigt i fem \u00e5r fr\u00e5n utf\u00e4rdandet av dokumentet, f\u00f6rutsatt att du har ett giltigt pass. I detta fall upph\u00f6r tillst\u00e5ndet att g\u00e4lla den dag d\u00e5 passet upph\u00f6r att g\u00e4lla.<\/p>\n\n<h2 class=\"wp-block-heading\">Vilka uppgifter ska jag l\u00e4mna p\u00e5 eTA-blanketten?<\/h2>\n\n<p>F\u00f6r det f\u00f6rsta m\u00e5ste resen\u00e4ren ange sitt civilst\u00e5nd (efternamn, f\u00f6rnamn, f\u00f6delsedatum och f\u00f6delseort etc.) samt uppgifter om sitt pass. D\u00e4refter st\u00e4lls olika fr\u00e5gor om h\u00e4lsostatus och r\u00e4ttslig historia. Slutligen m\u00e5ste du fylla i dina bankuppgifter f\u00f6r att kunna betala ans\u00f6kningsavgiften online med kreditkort.<\/p>\n\n<h2 class=\"wp-block-heading\">Vilka svar kan jag f\u00e5 efter att ha skickat in formul\u00e4ret?<\/h2>\n\n<p>Det finns tre m\u00f6jliga svar:<\/p>\n\n<ul class=\"wp-block-list\"><li>Om du har f\u00e5tt &#8221;tillst\u00e5nd&#8221; har du officiellt tillst\u00e5nd att resa till Kanada;<\/li><li>N\u00e4r det g\u00e4ller &#8221;Pending authorisation&#8221; behandlas ans\u00f6kan och ett svar ges vanligtvis inom n\u00e5gra dagar;<\/li><li>&#8221;Om du har nekats tillst\u00e5nd kan du inte resa till Kanada med en eTA. Det finns dock inget som hindrar dig fr\u00e5n att ans\u00f6ka om visum.<\/li><\/ul>\n\n<h2 class=\"wp-block-heading\">Hur l\u00e5ng tid tar det att f\u00e5 min eTA?<\/h2>\n\n<p>I m\u00e5nga fall skickas ett n\u00e4stan omedelbart svar efter att formul\u00e4ret har skickats. Om s\u00e5 inte \u00e4r fallet kommer du att kontaktas inom 72 timmar, f\u00f6rutsatt att du har en giltig e-postadress.<\/p>\n\n<h2 class=\"wp-block-heading\">Min eTA-ans\u00f6kan har avslagits, vad kan jag g\u00f6ra?<\/h2>\n\n<p>Om de kanadensiska myndigheterna v\u00e4grar att ge dig resetillst\u00e5nd kan du fortfarande ans\u00f6ka om visum p\u00e5 Kanadas ambassad eller konsulat.<\/p>\n\n<h2 class=\"wp-block-heading\">M\u00e5ste jag ans\u00f6ka om eTA om jag redan har ett visum?<\/h2>\n\n<p>Du beh\u00f6ver inte ans\u00f6ka om eTA om du redan har en giltig kanadensisk visering.<\/p>\n\n<h2 class=\"wp-block-heading\">M\u00e5ste jag ans\u00f6ka om en ny eTA varje g\u00e5ng jag reser till Kanada?<\/h2>\n\n<p><a href=\"https:\/\/ave-eta-canada.com\/sv\/vad-ar-eta-kanada\/\">eTA:n \u00e4r giltig i fem \u00e5r<\/a>, vilket inneb\u00e4r att du kan resa till Kanada s\u00e5 m\u00e5nga g\u00e5nger du vill under denna period. Var noga med att respektera den lagstadgade maximala l\u00e4ngden p\u00e5 6 m\u00e5nader. Se till att ditt pass fortfarande \u00e4r giltigt.<\/p>\n\n<h2 class=\"wp-block-heading\">Kan jag g\u00f6ra en gruppans\u00f6kan om eTA?<\/h2>\n\n<p>Det \u00e4r inte m\u00f6jligt att ans\u00f6ka f\u00f6r en grupp. Du m\u00e5ste ans\u00f6ka individuellt, fylla i personuppgifter f\u00f6r varje person och betala behandlingsavgiften f\u00f6r varje person.<\/p>\n\n<h2 class=\"wp-block-heading\">F\u00e5r jag \u00e5terv\u00e4nda till Kanada om jag har en eTA?<\/h2>\n\n<p>Med eTA kan du resa till Kanada med flyg. Det \u00e4r dock endast de kanadensiska tull- och immigrationsmyndigheterna som kan godk\u00e4nna din inresa till Kanada.<\/p>\n\n<h2 class=\"wp-block-heading\">Kan jag \u00e4ndra mina uppgifter efter att jag har skickat in formul\u00e4ret?<\/h2>\n\n<p>Om du har uppt\u00e4ckt ett <a href=\"https:\/\/ave-eta-canada.com\/sv\/hur-man-andrar-en-eta-for-kanada\/\">fel i ditt formul\u00e4r<\/a> eller om n\u00e5gon information i ditt pass har \u00e4ndrats, observera att inga \u00e4ndringar \u00e4r m\u00f6jliga. Det \u00e4r d\u00e5 n\u00f6dv\u00e4ndigt att g\u00f6ra en ny ans\u00f6kan med de r\u00e4tta uppgifterna.<\/p>\n\n<h2 class=\"wp-block-heading\">M\u00e5ste jag skriva ut en papperskopia av min eTA innan jag g\u00e5r ombord?<\/h2>\n\n<p>eTA \u00e4r elektroniskt kopplat till ditt pass. Du beh\u00f6ver inte skriva ut e-postbekr\u00e4ftelsen.<\/p>\n\n<h2 class=\"wp-block-heading\">Jag har bytt pass, \u00e4r min eTA fortfarande giltig?<\/h2>\n\n<p>Personuppgifterna i ditt pass m\u00e5ste vara exakt desamma som de uppgifter som du anger i webbformul\u00e4ret. Om du f\u00f6rnyar ditt pass efter att du har f\u00e5tt ditt eTA har du inget annat val \u00e4n att ans\u00f6ka om ett nytt eTA.<\/p>\n\n<p>Kan du fortfarande inte hitta svaret p\u00e5 en fr\u00e5ga? Om du vill g\u00e5 vidare kan du l\u00e4sa hj\u00e4lpsektionen och <a href=\"https:\/\/ave-eta-canada.com\/sv\/lexikon-alla-definitioner-omkring-eta-kanada\/\">ordlistan<\/a>.<\/p>\n","protected":false},"excerpt":{"rendered":"<p>Svar p\u00e5 dina fr\u00e5gor Du hittar all viktig information om eTA Kanada i dessa vanliga fr\u00e5gor. Du kan sedan \u00e5ka till l\u00f6nntr\u00e4dens land med sinnesro! Vad \u00e4r en eTA Kanada? eTA (Electronic Travel Authorisation) utf\u00e4rdas av den kanadensiska regeringen och \u00e4r ett eTA officiellt formul\u00e4r som till\u00e5ter resen\u00e4rer att resa in i Kanada. Vad \u00e4r [&hellip;]<\/p>\n","protected":false},"author":1,"featured_media":0,"parent":0,"menu_order":0,"comment_status":"closed","ping_status":"closed","template":"","meta":{"footnotes":""},"class_list":["post-2791","page","type-page","status-publish","hentry"],"yoast_head":"<!-- This site is optimized with the Yoast SEO plugin v26.9 - https:\/\/yoast.com\/product\/yoast-seo-wordpress\/ -->\n<title>Vanliga fr\u00e5gor och svar eTA Kanada | Svar p\u00e5 dina fr\u00e5gor<\/title>\n<meta name=\"description\" content=\"Allt du beh\u00f6ver veta om eTA-resetillst\u00e5nd f\u00f6r att resa till Kanada. Vi svarar p\u00e5 alla dina fr\u00e5gor\" \/>\n<meta name=\"robots\" content=\"index, follow, max-snippet:-1, max-image-preview:large, max-video-preview:-1\" \/>\n<link rel=\"canonical\" href=\"https:\/\/ave-eta-canada.com\/sv\/eta-kanada-svar-pa-dina-fragor\/\" \/>\n<meta property=\"og:locale\" content=\"sv_SE\" \/>\n<meta property=\"og:type\" content=\"article\" \/>\n<meta property=\"og:title\" content=\"Vanliga fr\u00e5gor och svar eTA Kanada | Svar p\u00e5 dina fr\u00e5gor\" \/>\n<meta property=\"og:description\" content=\"Allt du beh\u00f6ver veta om eTA-resetillst\u00e5nd f\u00f6r att resa till Kanada. Vi svarar p\u00e5 alla dina fr\u00e5gor\" \/>\n<meta property=\"og:url\" content=\"https:\/\/ave-eta-canada.com\/sv\/eta-kanada-svar-pa-dina-fragor\/\" \/>\n<meta property=\"og:site_name\" content=\"VISA CANADA\" \/>\n<meta property=\"article:modified_time\" content=\"2022-09-09T20:37:23+00:00\" \/>\n<meta name=\"twitter:card\" content=\"summary_large_image\" \/>\n<meta name=\"twitter:label1\" content=\"Ber\u00e4knad l\u00e4stid\" \/>\n\t<meta name=\"twitter:data1\" content=\"5 minuter\" \/>\n<script type=\"application\/ld+json\" class=\"yoast-schema-graph\">{\"@context\":\"https:\/\/schema.org\",\"@graph\":[{\"@type\":\"WebPage\",\"@id\":\"https:\/\/ave-eta-canada.com\/sv\/eta-kanada-svar-pa-dina-fragor\/\",\"url\":\"https:\/\/ave-eta-canada.com\/sv\/eta-kanada-svar-pa-dina-fragor\/\",\"name\":\"Vanliga fr\u00e5gor och svar eTA Kanada | Svar p\u00e5 dina fr\u00e5gor\",\"isPartOf\":{\"@id\":\"https:\/\/ave-eta-canada.com\/sv\/#website\"},\"datePublished\":\"2022-09-06T07:59:29+00:00\",\"dateModified\":\"2022-09-09T20:37:23+00:00\",\"description\":\"Allt du beh\u00f6ver veta om eTA-resetillst\u00e5nd f\u00f6r att resa till Kanada. Vi svarar p\u00e5 alla dina fr\u00e5gor\",\"breadcrumb\":{\"@id\":\"https:\/\/ave-eta-canada.com\/sv\/eta-kanada-svar-pa-dina-fragor\/#breadcrumb\"},\"inLanguage\":\"sv-SE\",\"potentialAction\":[{\"@type\":\"ReadAction\",\"target\":[\"https:\/\/ave-eta-canada.com\/sv\/eta-kanada-svar-pa-dina-fragor\/\"]}]},{\"@type\":\"BreadcrumbList\",\"@id\":\"https:\/\/ave-eta-canada.com\/sv\/eta-kanada-svar-pa-dina-fragor\/#breadcrumb\",\"itemListElement\":[{\"@type\":\"ListItem\",\"position\":1,\"name\":\"Home\",\"item\":\"https:\/\/ave-eta-canada.com\/sv\/\"},{\"@type\":\"ListItem\",\"position\":2,\"name\":\"Vanliga fr\u00e5gor och svar eTA Kanada | Svar p\u00e5 dina fr\u00e5gor\"}]},{\"@type\":\"WebSite\",\"@id\":\"https:\/\/ave-eta-canada.com\/sv\/#website\",\"url\":\"https:\/\/ave-eta-canada.com\/sv\/\",\"name\":\"VISA CANADA\",\"description\":\"Autorisation Voyage Electronique\",\"potentialAction\":[{\"@type\":\"SearchAction\",\"target\":{\"@type\":\"EntryPoint\",\"urlTemplate\":\"https:\/\/ave-eta-canada.com\/sv\/?s={search_term_string}\"},\"query-input\":{\"@type\":\"PropertyValueSpecification\",\"valueRequired\":true,\"valueName\":\"search_term_string\"}}],\"inLanguage\":\"sv-SE\"}]}<\/script>\n<!-- \/ Yoast SEO plugin. -->","yoast_head_json":{"title":"Vanliga fr\u00e5gor och svar eTA Kanada | Svar p\u00e5 dina fr\u00e5gor","description":"Allt du beh\u00f6ver veta om eTA-resetillst\u00e5nd f\u00f6r att resa till Kanada. Vi svarar p\u00e5 alla dina fr\u00e5gor","robots":{"index":"index","follow":"follow","max-snippet":"max-snippet:-1","max-image-preview":"max-image-preview:large","max-video-preview":"max-video-preview:-1"},"canonical":"https:\/\/ave-eta-canada.com\/sv\/eta-kanada-svar-pa-dina-fragor\/","og_locale":"sv_SE","og_type":"article","og_title":"Vanliga fr\u00e5gor och svar eTA Kanada | Svar p\u00e5 dina fr\u00e5gor","og_description":"Allt du beh\u00f6ver veta om eTA-resetillst\u00e5nd f\u00f6r att resa till Kanada. Vi svarar p\u00e5 alla dina fr\u00e5gor","og_url":"https:\/\/ave-eta-canada.com\/sv\/eta-kanada-svar-pa-dina-fragor\/","og_site_name":"VISA CANADA","article_modified_time":"2022-09-09T20:37:23+00:00","twitter_card":"summary_large_image","twitter_misc":{"Ber\u00e4knad l\u00e4stid":"5 minuter"},"schema":{"@context":"https:\/\/schema.org","@graph":[{"@type":"WebPage","@id":"https:\/\/ave-eta-canada.com\/sv\/eta-kanada-svar-pa-dina-fragor\/","url":"https:\/\/ave-eta-canada.com\/sv\/eta-kanada-svar-pa-dina-fragor\/","name":"Vanliga fr\u00e5gor och svar eTA Kanada | Svar p\u00e5 dina fr\u00e5gor","isPartOf":{"@id":"https:\/\/ave-eta-canada.com\/sv\/#website"},"datePublished":"2022-09-06T07:59:29+00:00","dateModified":"2022-09-09T20:37:23+00:00","description":"Allt du beh\u00f6ver veta om eTA-resetillst\u00e5nd f\u00f6r att resa till Kanada. Vi svarar p\u00e5 alla dina fr\u00e5gor","breadcrumb":{"@id":"https:\/\/ave-eta-canada.com\/sv\/eta-kanada-svar-pa-dina-fragor\/#breadcrumb"},"inLanguage":"sv-SE","potentialAction":[{"@type":"ReadAction","target":["https:\/\/ave-eta-canada.com\/sv\/eta-kanada-svar-pa-dina-fragor\/"]}]},{"@type":"BreadcrumbList","@id":"https:\/\/ave-eta-canada.com\/sv\/eta-kanada-svar-pa-dina-fragor\/#breadcrumb","itemListElement":[{"@type":"ListItem","position":1,"name":"Home","item":"https:\/\/ave-eta-canada.com\/sv\/"},{"@type":"ListItem","position":2,"name":"Vanliga fr\u00e5gor och svar eTA Kanada | Svar p\u00e5 dina fr\u00e5gor"}]},{"@type":"WebSite","@id":"https:\/\/ave-eta-canada.com\/sv\/#website","url":"https:\/\/ave-eta-canada.com\/sv\/","name":"VISA CANADA","description":"Autorisation Voyage Electronique","potentialAction":[{"@type":"SearchAction","target":{"@type":"EntryPoint","urlTemplate":"https:\/\/ave-eta-canada.com\/sv\/?s={search_term_string}"},"query-input":{"@type":"PropertyValueSpecification","valueRequired":true,"valueName":"search_term_string"}}],"inLanguage":"sv-SE"}]}},"_links":{"self":[{"href":"https:\/\/ave-eta-canada.com\/sv\/wp-json\/wp\/v2\/pages\/2791","targetHints":{"allow":["GET"]}}],"collection":[{"href":"https:\/\/ave-eta-canada.com\/sv\/wp-json\/wp\/v2\/pages"}],"about":[{"href":"https:\/\/ave-eta-canada.com\/sv\/wp-json\/wp\/v2\/types\/page"}],"author":[{"embeddable":true,"href":"https:\/\/ave-eta-canada.com\/sv\/wp-json\/wp\/v2\/users\/1"}],"replies":[{"embeddable":true,"href":"https:\/\/ave-eta-canada.com\/sv\/wp-json\/wp\/v2\/comments?post=2791"}],"version-history":[{"count":0,"href":"https:\/\/ave-eta-canada.com\/sv\/wp-json\/wp\/v2\/pages\/2791\/revisions"}],"wp:attachment":[{"href":"https:\/\/ave-eta-canada.com\/sv\/wp-json\/wp\/v2\/media?parent=2791"}],"curies":[{"name":"wp","href":"https:\/\/api.w.org\/{rel}","templated":true}]}}