{"id":2793,"date":"2022-09-06T07:59:29","date_gmt":"2022-09-06T07:59:29","guid":{"rendered":"https:\/\/ave-eta-canada.com\/hur-man-fyller-i-en-vag-for-att-resa-i-kanada\/"},"modified":"2022-09-09T20:50:43","modified_gmt":"2022-09-09T20:50:43","slug":"hur-man-fyller-i-en-eta-for-att-resa-i-kanada","status":"publish","type":"page","link":"https:\/\/ave-eta-canada.com\/sv\/hur-man-fyller-i-en-eta-for-att-resa-i-kanada\/","title":{"rendered":"Hur du fyller i en eTA f\u00f6r resor till Kanada"},"content":{"rendered":"\n<h1 class=\"wp-block-heading\">Hur du fyller i en eTA f\u00f6r Kanada<\/h1>\n\n<p>Det <a href=\"https:\/\/ave-eta-canada.com\/sv\/\">elektroniska resetillst\u00e5ndet eTA<\/a> g\u00f6r det m\u00f6jligt f\u00f6r medborgare fr\u00e5n l\u00e4nder som omfattas av det kanadensiska programmet f\u00f6r viseringsundantag att resa till Kanada med flyg utan att beh\u00f6va genomf\u00f6ra besv\u00e4rliga f\u00f6rfaranden. Eftersom tillst\u00e5ndet \u00e4r elektroniskt \u00e4r det kopplat till resen\u00e4rens pass.<\/p>\n\n<p><strong>F\u00f6r en vistelse p\u00e5 mindre \u00e4n 6 m\u00e5nader i Kanada<\/strong>: Du kan fylla i formaliteterna f\u00f6r inresa till Kanada direkt via Internet genom att klicka p\u00e5 <a href=\"https:\/\/ave-eta-canada.com\/sv\/kanada-eta-formular-online\/\">onlineformul\u00e4ret<\/a>. Det \u00e4r inte n\u00f6dv\u00e4ndigt att boka ett m\u00f6te p\u00e5 Kanadas ambassad eller konsulat.<br\/><br\/><\/p>\n\n<h2 class=\"wp-block-heading\">Varf\u00f6r beh\u00f6ver jag en eTA f\u00f6r Kanada?<\/h2>\n\n<p>Tidigare var det obligatoriskt att ans\u00f6ka om ett visum f\u00f6r Kanada f\u00f6r att resa dit. Fr\u00e5n och med nu \u00e4r det m\u00f6jligt att undvika dessa m\u00e5nga steg, helt enkelt genom att  <a href=\"https:\/\/ave-eta-canada.com\/sv\/hur-man-fyller-i-en-eta-for-att-resa-i-kanada\/\">fylla i en eTA<\/a>  f\u00f6r att f\u00e5 tillst\u00e5nd att stanna i Kanada, \u00e4ven kallat<a href=\"https:\/\/ave-eta-canada.com\/sv\/vad-ar-eta-kanada\/\">  eTA (Electronic Travel Authorization).<\/a> Om du n\u00e5gonsin har rest till USA k\u00e4nner du s\u00e4kert till ESTA (Electronic System for Travel Authorization), som var inspirationen till inf\u00f6randet av eTA. Innan du tar reda p\u00e5 hur du fyller i ett eTA f\u00f6r att resa till Kanada \u00e4r det viktigt att du tar reda p\u00e5 om du \u00e4r ber\u00e4ttigad och vad det inneb\u00e4r.<\/p>\n\n<h3 class=\"wp-block-heading\">\u00c4r eTA tillg\u00e4ngligt f\u00f6r alla?<\/h3>\n\n<p>Precis som ESTA f\u00f6r USA m\u00e5ste utl\u00e4ndska medborgare uppfylla vissa villkor f\u00f6r att kunna utnyttja eTA f\u00f6r att resa till Kanada.<\/p>\n\n<p>H\u00e4r \u00e4r de olika kriterierna f\u00f6r att vara ber\u00e4ttigad till st\u00f6d:<\/p>\n\n<ul class=\"wp-block-list\"><li>Resen\u00e4ren m\u00e5ste vara medborgare i ett av de kanadensiska l\u00e4nder som \u00e4r undantagna fr\u00e5n viseringsskyldighet;<\/li><li>resan sker med flyg;<\/li><li>vistelsen i Kanada inte \u00f6verstiger de sex m\u00e5nader som den kanadensiska regeringen beviljat;<\/li><li>Resen\u00e4ren f\u00e5r inte komma f\u00f6r att arbeta eller studera, utan tillst\u00e5ndet g\u00e4ller endast f\u00f6r bes\u00f6k i Kanada eller f\u00f6r transitering;<\/li><li>Resen\u00e4ren m\u00e5ste ha ett biometriskt pass eller ett elektroniskt pass (giltigt pass, se upp med utg\u00e5ngsdatumet).<\/li><\/ul>\n\n<p>Om du inte uppfyller alla <a href=\"https:\/\/ave-eta-canada.com\/sv\/eta-kanada-resevillkor\/\">krav f\u00f6r EVA<\/a> kan du inte fylla i formul\u00e4ret. D\u00e5 m\u00e5ste du ans\u00f6ka om visum p\u00e5 n\u00e4rmaste kanadensiska ambassad.<\/p>\n\n<h3 class=\"wp-block-heading\">Vad kan den g\u00f6ra?<\/h3>\n\n<p>eTA fungerar inte p\u00e5 samma s\u00e4tt som en visering. Tillst\u00e5ndet g\u00f6r det allts\u00e5 m\u00f6jligt f\u00f6r dig att g\u00e5 ombord p\u00e5 planet till Kanada, men endast tulltj\u00e4nstemannen har befogenhet att l\u00e5ta dig resa in i Kanada. Den kontroll som utf\u00f6rs av tulltj\u00e4nstemannen \u00e4r avg\u00f6rande f\u00f6r din inresa till Kanada. N\u00e4r du har klarat gr\u00e4nskontrollen f\u00e5r du stanna i Kanada i upp till sex m\u00e5nader.<br\/><br\/><\/p>\n\n<h2 class=\"wp-block-heading\">Fyll i eTA online<\/h2>\n\n<p>Nu n\u00e4r du vet vad tillst\u00e5ndet \u00e4r till f\u00f6r och du har f\u00e5tt reda p\u00e5 att du \u00e4r ber\u00e4ttigad beh\u00f6ver du bara veta hur du ska fylla i eTA f\u00f6r att f\u00e5 ditt tillst\u00e5nd s\u00e5 snart som m\u00f6jligt. eTA-fr\u00e5geformul\u00e4ret bygger p\u00e5 samma modell som ESTA-formul\u00e4ret. Resen\u00e4ren kan v\u00e4lja att fylla i en eTA, vilket \u00e4r m\u00f6jligt p\u00e5 den kanadensiska regeringens webbplats, men \u00e4ven p\u00e5 en privat webbplats som \u00e4r specialiserad p\u00e5 denna typ av ans\u00f6kan. Priset f\u00f6r online-ans\u00f6kan varierar beroende p\u00e5 vilken best\u00e4llningsplats du v\u00e4ljer.<\/p>\n\n<h3 class=\"wp-block-heading\">Fyll i eTA p\u00e5 en specialiserad webbplats<\/h3>\n\n<p>Du kan fylla i eTA-ans\u00f6kan p\u00e5 en privat webbplats, t.ex. p\u00e5 v\u00e5r partners webbplats, du beh\u00f6ver ditt pass och ett betalkort. N\u00e4r du fyller i formul\u00e4ret online beh\u00f6ver du bara ange n\u00e5gra f\u00e5 uppgifter, eftersom v\u00e5r personal tar hand om allt annat. Ett team ansvarar f\u00f6r att noggrant kontrollera all din personliga information innan den \u00f6verl\u00e4mnas till myndigheterna. <a href=\"https:\/\/ave-eta-canada.com\/sv\/fylla-i-blankett-eta-formular-for-kanada\/\">eTA-formul\u00e4ret<\/a> best\u00e5r av f\u00f6ljande f\u00e4lt:<\/p>\n\n<ul class=\"wp-block-list\"><li>antalet ans\u00f6kningar ;<\/li><li>vilken typ av pass som anv\u00e4nds;<\/li><li>passnummer ;<\/li><li>Det land d\u00e4r medborgarskapet anges i identitetshandlingen;<\/li><li>F\u00f6rnamnet ;<\/li><li>efternamn ;<\/li><li>och en giltig e-postadress.<\/li><\/ul>\n\n<p>Du m\u00e5ste betala ans\u00f6kningsavgiften f\u00f6r att din ans\u00f6kan ska godk\u00e4nnas. Kom ih\u00e5g att g\u00e5 igenom din information f\u00f6re detta steg, s\u00e4rskilt passnumret.<\/p>\n\n<h3 class=\"wp-block-heading\">Fyll i eTA p\u00e5 den officiella webbplatsen f\u00f6r den kanadensiska regeringen.<\/h3>\n\n<p>F\u00f6r att ans\u00f6ka om eTA p\u00e5 den kanadensiska regeringens webbplats beh\u00f6ver du ett kreditkort, ditt pass och din e-postadress.<\/p>\n\n<p>G\u00e5 till den officiella webbplatsen, eTA-ans\u00f6kan \u00e4r uppdelad i flera delar. eTA-blanketten b\u00f6rjar med s\u00f6kandens personuppgifter (efternamn, f\u00f6rnamn, postadress, telefonnummer, e-postadress etc.), d\u00e4refter ombeds du ange vilken typ av pass du anv\u00e4nder, vilket land det \u00e4r utf\u00e4rdat i, nationalitet och passnummer etc. Du ombeds ocks\u00e5 att l\u00e4mna ytterligare information om din anst\u00e4llningsstatus, kontaktuppgifter och reseuppgifter. F\u00f6r att fylla i eTA-ans\u00f6kan beh\u00f6ver du bara svara p\u00e5 n\u00e5gra fr\u00e5gor om din juridiska och medicinska historia, kryssa i rutan f\u00f6r samtycke och bekr\u00e4fta din ans\u00f6kan genom att betala avgiften.<br\/><br\/><\/p>\n\n<h2 class=\"wp-block-heading\">Vad h\u00e4nder efter att jag har fyllt i en eTA-ans\u00f6kan?<\/h2>\n\n<p>Det kan h\u00e4nda att du f\u00e5r ett snabbt svar fr\u00e5n de kanadensiska myndigheterna! Vissa resen\u00e4rer f\u00e5r faktiskt en retur inom n\u00e5gra minuter, men det kan ocks\u00e5 ta l\u00e4ngre tid, ibland n\u00e5gra dagar. Du f\u00e5r ett e-postmeddelande med eTA-nummer som du kan anv\u00e4nda f\u00f6r att <a href=\"https:\/\/ave-eta-canada.com\/sv\/hur-du-kontrollerar-statusen-pa-din-ansokan-eta-kanada\/\">kontrollera statusen f\u00f6r din eTA<\/a>.<\/p>\n\n<p>Ditt eTA \u00e4r giltigt i fem \u00e5r, vilket inneb\u00e4r att du kan resa till Kanada upprepade g\u00e5nger, utan att n\u00e5gonsin \u00f6verstiga sex m\u00e5nader p\u00e5 kanadensiskt territorium. Alla provinser i Kanada \u00e4r \u00f6ppna f\u00f6r dig: Quebec, Ontario, Alberta, British Columbia osv.<\/p>\n\n<p>Denna fem\u00e5rsregel g\u00e4ller endast om du fortfarande har samma pass som n\u00e4r du ans\u00f6kte om eTA. Om inte, m\u00e5ste du f\u00f6rnya din eTA.<\/p>\n\n<p>Bra att veta: Om din eTA-ans\u00f6kan har avslagits kan det vara att du har gjort ett fel i formul\u00e4ret, du kan skicka en ny ans\u00f6kan. I annat fall \u00e4r det oundvikligt att skaffa visum fr\u00e5n konsulatet.<\/p>\n","protected":false},"excerpt":{"rendered":"<p>Hur du fyller i en eTA f\u00f6r Kanada Det elektroniska resetillst\u00e5ndet eTA g\u00f6r det m\u00f6jligt f\u00f6r medborgare fr\u00e5n l\u00e4nder som omfattas av det kanadensiska programmet f\u00f6r viseringsundantag att resa till Kanada med flyg utan att beh\u00f6va genomf\u00f6ra besv\u00e4rliga f\u00f6rfaranden. Eftersom tillst\u00e5ndet \u00e4r elektroniskt \u00e4r det kopplat till resen\u00e4rens pass. F\u00f6r en vistelse p\u00e5 mindre \u00e4n [&hellip;]<\/p>\n","protected":false},"author":1,"featured_media":0,"parent":0,"menu_order":0,"comment_status":"closed","ping_status":"closed","template":"","meta":{"footnotes":""},"class_list":["post-2793","page","type-page","status-publish","hentry"],"yoast_head":"<!-- This site is optimized with the Yoast SEO plugin v26.9 - https:\/\/yoast.com\/product\/yoast-seo-wordpress\/ -->\n<title>Hur du fyller i en eTA f\u00f6r resor till Kanada<\/title>\n<meta name=\"description\" content=\"Kommer din n\u00e4sta resa att g\u00e5 till Kanada? F\u00f6r att g\u00f6ra det m\u00e5ste du fylla i en eTA. Ta reda p\u00e5 hur du g\u00f6r i den h\u00e4r artikeln.\" \/>\n<meta name=\"robots\" content=\"index, follow, max-snippet:-1, max-image-preview:large, max-video-preview:-1\" \/>\n<link rel=\"canonical\" href=\"https:\/\/ave-eta-canada.com\/sv\/hur-man-fyller-i-en-eta-for-att-resa-i-kanada\/\" \/>\n<meta property=\"og:locale\" content=\"sv_SE\" \/>\n<meta property=\"og:type\" content=\"article\" \/>\n<meta property=\"og:title\" content=\"Hur du fyller i en eTA f\u00f6r resor till Kanada\" \/>\n<meta property=\"og:description\" content=\"Kommer din n\u00e4sta resa att g\u00e5 till Kanada? F\u00f6r att g\u00f6ra det m\u00e5ste du fylla i en eTA. Ta reda p\u00e5 hur du g\u00f6r i den h\u00e4r artikeln.\" \/>\n<meta property=\"og:url\" content=\"https:\/\/ave-eta-canada.com\/sv\/hur-man-fyller-i-en-eta-for-att-resa-i-kanada\/\" \/>\n<meta property=\"og:site_name\" content=\"VISA CANADA\" \/>\n<meta property=\"article:modified_time\" content=\"2022-09-09T20:50:43+00:00\" \/>\n<meta name=\"twitter:card\" content=\"summary_large_image\" \/>\n<meta name=\"twitter:label1\" content=\"Ber\u00e4knad l\u00e4stid\" \/>\n\t<meta name=\"twitter:data1\" content=\"5 minuter\" \/>\n<script type=\"application\/ld+json\" class=\"yoast-schema-graph\">{\"@context\":\"https:\/\/schema.org\",\"@graph\":[{\"@type\":\"WebPage\",\"@id\":\"https:\/\/ave-eta-canada.com\/sv\/hur-man-fyller-i-en-eta-for-att-resa-i-kanada\/\",\"url\":\"https:\/\/ave-eta-canada.com\/sv\/hur-man-fyller-i-en-eta-for-att-resa-i-kanada\/\",\"name\":\"Hur du fyller i en eTA f\u00f6r resor till Kanada\",\"isPartOf\":{\"@id\":\"https:\/\/ave-eta-canada.com\/sv\/#website\"},\"datePublished\":\"2022-09-06T07:59:29+00:00\",\"dateModified\":\"2022-09-09T20:50:43+00:00\",\"description\":\"Kommer din n\u00e4sta resa att g\u00e5 till Kanada? F\u00f6r att g\u00f6ra det m\u00e5ste du fylla i en eTA. Ta reda p\u00e5 hur du g\u00f6r i den h\u00e4r artikeln.\",\"breadcrumb\":{\"@id\":\"https:\/\/ave-eta-canada.com\/sv\/hur-man-fyller-i-en-eta-for-att-resa-i-kanada\/#breadcrumb\"},\"inLanguage\":\"sv-SE\",\"potentialAction\":[{\"@type\":\"ReadAction\",\"target\":[\"https:\/\/ave-eta-canada.com\/sv\/hur-man-fyller-i-en-eta-for-att-resa-i-kanada\/\"]}]},{\"@type\":\"BreadcrumbList\",\"@id\":\"https:\/\/ave-eta-canada.com\/sv\/hur-man-fyller-i-en-eta-for-att-resa-i-kanada\/#breadcrumb\",\"itemListElement\":[{\"@type\":\"ListItem\",\"position\":1,\"name\":\"Home\",\"item\":\"https:\/\/ave-eta-canada.com\/sv\/\"},{\"@type\":\"ListItem\",\"position\":2,\"name\":\"Hur du fyller i en eTA f\u00f6r resor till Kanada\"}]},{\"@type\":\"WebSite\",\"@id\":\"https:\/\/ave-eta-canada.com\/sv\/#website\",\"url\":\"https:\/\/ave-eta-canada.com\/sv\/\",\"name\":\"VISA CANADA\",\"description\":\"Autorisation Voyage Electronique\",\"potentialAction\":[{\"@type\":\"SearchAction\",\"target\":{\"@type\":\"EntryPoint\",\"urlTemplate\":\"https:\/\/ave-eta-canada.com\/sv\/?s={search_term_string}\"},\"query-input\":{\"@type\":\"PropertyValueSpecification\",\"valueRequired\":true,\"valueName\":\"search_term_string\"}}],\"inLanguage\":\"sv-SE\"}]}<\/script>\n<!-- \/ Yoast SEO plugin. -->","yoast_head_json":{"title":"Hur du fyller i en eTA f\u00f6r resor till Kanada","description":"Kommer din n\u00e4sta resa att g\u00e5 till Kanada? F\u00f6r att g\u00f6ra det m\u00e5ste du fylla i en eTA. Ta reda p\u00e5 hur du g\u00f6r i den h\u00e4r artikeln.","robots":{"index":"index","follow":"follow","max-snippet":"max-snippet:-1","max-image-preview":"max-image-preview:large","max-video-preview":"max-video-preview:-1"},"canonical":"https:\/\/ave-eta-canada.com\/sv\/hur-man-fyller-i-en-eta-for-att-resa-i-kanada\/","og_locale":"sv_SE","og_type":"article","og_title":"Hur du fyller i en eTA f\u00f6r resor till Kanada","og_description":"Kommer din n\u00e4sta resa att g\u00e5 till Kanada? F\u00f6r att g\u00f6ra det m\u00e5ste du fylla i en eTA. Ta reda p\u00e5 hur du g\u00f6r i den h\u00e4r artikeln.","og_url":"https:\/\/ave-eta-canada.com\/sv\/hur-man-fyller-i-en-eta-for-att-resa-i-kanada\/","og_site_name":"VISA CANADA","article_modified_time":"2022-09-09T20:50:43+00:00","twitter_card":"summary_large_image","twitter_misc":{"Ber\u00e4knad l\u00e4stid":"5 minuter"},"schema":{"@context":"https:\/\/schema.org","@graph":[{"@type":"WebPage","@id":"https:\/\/ave-eta-canada.com\/sv\/hur-man-fyller-i-en-eta-for-att-resa-i-kanada\/","url":"https:\/\/ave-eta-canada.com\/sv\/hur-man-fyller-i-en-eta-for-att-resa-i-kanada\/","name":"Hur du fyller i en eTA f\u00f6r resor till Kanada","isPartOf":{"@id":"https:\/\/ave-eta-canada.com\/sv\/#website"},"datePublished":"2022-09-06T07:59:29+00:00","dateModified":"2022-09-09T20:50:43+00:00","description":"Kommer din n\u00e4sta resa att g\u00e5 till Kanada? F\u00f6r att g\u00f6ra det m\u00e5ste du fylla i en eTA. Ta reda p\u00e5 hur du g\u00f6r i den h\u00e4r artikeln.","breadcrumb":{"@id":"https:\/\/ave-eta-canada.com\/sv\/hur-man-fyller-i-en-eta-for-att-resa-i-kanada\/#breadcrumb"},"inLanguage":"sv-SE","potentialAction":[{"@type":"ReadAction","target":["https:\/\/ave-eta-canada.com\/sv\/hur-man-fyller-i-en-eta-for-att-resa-i-kanada\/"]}]},{"@type":"BreadcrumbList","@id":"https:\/\/ave-eta-canada.com\/sv\/hur-man-fyller-i-en-eta-for-att-resa-i-kanada\/#breadcrumb","itemListElement":[{"@type":"ListItem","position":1,"name":"Home","item":"https:\/\/ave-eta-canada.com\/sv\/"},{"@type":"ListItem","position":2,"name":"Hur du fyller i en eTA f\u00f6r resor till Kanada"}]},{"@type":"WebSite","@id":"https:\/\/ave-eta-canada.com\/sv\/#website","url":"https:\/\/ave-eta-canada.com\/sv\/","name":"VISA CANADA","description":"Autorisation Voyage Electronique","potentialAction":[{"@type":"SearchAction","target":{"@type":"EntryPoint","urlTemplate":"https:\/\/ave-eta-canada.com\/sv\/?s={search_term_string}"},"query-input":{"@type":"PropertyValueSpecification","valueRequired":true,"valueName":"search_term_string"}}],"inLanguage":"sv-SE"}]}},"_links":{"self":[{"href":"https:\/\/ave-eta-canada.com\/sv\/wp-json\/wp\/v2\/pages\/2793","targetHints":{"allow":["GET"]}}],"collection":[{"href":"https:\/\/ave-eta-canada.com\/sv\/wp-json\/wp\/v2\/pages"}],"about":[{"href":"https:\/\/ave-eta-canada.com\/sv\/wp-json\/wp\/v2\/types\/page"}],"author":[{"embeddable":true,"href":"https:\/\/ave-eta-canada.com\/sv\/wp-json\/wp\/v2\/users\/1"}],"replies":[{"embeddable":true,"href":"https:\/\/ave-eta-canada.com\/sv\/wp-json\/wp\/v2\/comments?post=2793"}],"version-history":[{"count":0,"href":"https:\/\/ave-eta-canada.com\/sv\/wp-json\/wp\/v2\/pages\/2793\/revisions"}],"wp:attachment":[{"href":"https:\/\/ave-eta-canada.com\/sv\/wp-json\/wp\/v2\/media?parent=2793"}],"curies":[{"name":"wp","href":"https:\/\/api.w.org\/{rel}","templated":true}]}}