{"id":2860,"date":"2022-09-06T07:59:51","date_gmt":"2022-09-06T07:59:51","guid":{"rendered":"https:\/\/ave-eta-canada.com\/integritet-och-uppgiftsskydd\/"},"modified":"2022-09-09T16:29:57","modified_gmt":"2022-09-09T16:29:57","slug":"integritet-och-uppgiftsskydd","status":"publish","type":"page","link":"https:\/\/ave-eta-canada.com\/sv\/integritet-och-uppgiftsskydd\/","title":{"rendered":"Integritet och dataskydd"},"content":{"rendered":"\n<h1 class=\"wp-block-heading\">V\u00e5r integritetspolicy f\u00f6r personuppgifter<\/h1>\n\n<p>Vi \u00e4r en informationssida om de formaliteter som kr\u00e4vs f\u00f6r att resa till Kanada. Vi tar v\u00e5ra bes\u00f6kares integritet p\u00e5 st\u00f6rsta allvar. Nedan f\u00f6ljer v\u00e5r fullst\u00e4ndiga policy f\u00f6r skydd av personuppgifter.<\/p>\n\n<h2 class=\"wp-block-heading\">Insamling av information p\u00e5 webbplatsen<\/h2>\n\n<p>H\u00e4r \u00e4r den utt\u00f6mmande listan \u00f6ver personlig information som kan samlas in p\u00e5 v\u00e5r webbplats, lagras och anv\u00e4ndas:<\/p>\n\n<ul class=\"wp-block-list\"><li>Om din dator: din IP-adress, din plats, din webbl\u00e4sare och ditt operativsystem;<\/li><li>N\u00e4r det g\u00e4ller din navigering p\u00e5 webbplatsen: hur l\u00e4nge du bes\u00f6ker webbplatsen, vilka sidor du har tittat p\u00e5 och hur du har navigerat;<\/li><\/ul>\n\n<h2 class=\"wp-block-heading\">Anv\u00e4ndning av insamlad data<\/h2>\n\n<p>Under inga omst\u00e4ndigheter l\u00e4mnar vi din personliga information till tredje part. Vi anv\u00e4nder inte de insamlade uppgifterna f\u00f6r direkt marknadsf\u00f6ring eller kommersiella \u00e4ndam\u00e5l.<\/p>\n\n<h2 class=\"wp-block-heading\">Datalagringsperiod<\/h2>\n\n<p>De insamlade uppgifterna raderas regelbundet, vilket inneb\u00e4r att vi inte beh\u00e5ller n\u00e5got e-postinneh\u00e5ll som skickats till oss l\u00e4ngre \u00e4n en m\u00e5nad. Vi anv\u00e4nder inte webbl\u00e4saruppgifter f\u00f6r marknadsf\u00f6rings\u00e4ndam\u00e5l.<\/p>\n\n<p>Uppdatering av lagrad information: V\u00e4nligen meddela oss om du vill att den personliga information vi har om dig ska korrigeras eller uppdateras under lagringsperioden.<\/p>\n\n<h2 class=\"wp-block-heading\">S\u00e4kerhet f\u00f6r dina personuppgifter<\/h2>\n\n<p>Vi vidtar tekniska f\u00f6rsiktighets\u00e5tg\u00e4rder f\u00f6r att f\u00f6rhindra st\u00f6ld av personlig information som finns i v\u00e5r databas under lagringstiden, \u00e4ven om den \u00e4r begr\u00e4nsad. Vi kommer att lagra all personlig information som \u00f6verf\u00f6rs p\u00e5 v\u00e5ra s\u00e4kra servrar.<\/p>\n\n<h2 class=\"wp-block-heading\">Dina r\u00e4ttigheter ang\u00e5ende personuppgifter<\/h2>\n\n<p>Du har r\u00e4tt att be oss att l\u00e4mna vidare all personlig information som vi har om dig, vilket kan ske mot uppvisande av bevis p\u00e5 din identitet (bestyrkt fotokopia av pass + faktura som visar din hemadress).<\/p>\n\n<h2 class=\"wp-block-heading\">Uppdatering av denna integritetspolicy<\/h2>\n\n<p>Regelbundet uppdaterar vi denna policy. Det \u00e4r n\u00f6dv\u00e4ndigt att kontrollera denna sida n\u00e4r du anv\u00e4nder webbplatsen f\u00f6r att se om det finns \u00e4ndringar i sekretesspolicyn.<\/p>\n\n<h2 class=\"wp-block-heading\">Kontextl\u00e4nkar till webbplatser fr\u00e5n tredje part<\/h2>\n\n<p>V\u00e5r webbplats inneh\u00e5ller m\u00e5nga hypertextl\u00e4nkar som leder till tredje parts webbplatser och information om dem. Vi har ingen kontroll \u00f6ver dessa webbplatser och \u00e4r inte ansvariga f\u00f6r deras integritetspolicy eller deras aff\u00e4rs- eller marknadsf\u00f6ringsmetoder.<\/p>\n\n<h2 class=\"wp-block-heading\">Sm\u00e5kakor<\/h2>\n\n<p>V\u00e5r webbplats anv\u00e4nder cookies. En cookie \u00e4r en fil som inneh\u00e5ller en identifierare (en str\u00e4ng av bokst\u00e4ver och siffror) som skickas av en webbserver till en webbl\u00e4sare och lagras av webbl\u00e4saren. Identifieraren skickas sedan tillbaka till servern varje g\u00e5ng webbl\u00e4saren beg\u00e4r en sida fr\u00e5n servern. Cookies kan vara &#8221;best\u00e4ndiga&#8221; eller &#8221;sessioner&#8221;: en best\u00e4ndig cookie lagras av webbl\u00e4saren och f\u00f6rblir giltig till dess utg\u00e5ngsdatum, s\u00e5vida den inte raderas av anv\u00e4ndaren f\u00f6re detta utg\u00e5ngsdatum; N\u00e4r det g\u00e4ller en sessionscookie upph\u00f6r den att g\u00e4lla i slutet av anv\u00e4ndarsessionen, n\u00e4r webbl\u00e4saren st\u00e4ngs. Cookies inneh\u00e5ller i allm\u00e4nhet ingen information som personligen identifierar en anv\u00e4ndare, men den personliga information vi lagrar om dig kan vara l\u00e4nkad till information som lagras i cookies och som erh\u00e5lls av cookies. Vi anv\u00e4nder endast sessionscookies och inga best\u00e4ndiga cookies p\u00e5 v\u00e5r webbplats.<\/p>\n","protected":false},"excerpt":{"rendered":"<p>V\u00e5r integritetspolicy f\u00f6r personuppgifter Vi \u00e4r en informationssida om de formaliteter som kr\u00e4vs f\u00f6r att resa till Kanada. Vi tar v\u00e5ra bes\u00f6kares integritet p\u00e5 st\u00f6rsta allvar. Nedan f\u00f6ljer v\u00e5r fullst\u00e4ndiga policy f\u00f6r skydd av personuppgifter. Insamling av information p\u00e5 webbplatsen H\u00e4r \u00e4r den utt\u00f6mmande listan \u00f6ver personlig information som kan samlas in p\u00e5 v\u00e5r webbplats, [&hellip;]<\/p>\n","protected":false},"author":1,"featured_media":0,"parent":0,"menu_order":0,"comment_status":"closed","ping_status":"closed","template":"","meta":{"footnotes":""},"class_list":["post-2860","page","type-page","status-publish","hentry"],"yoast_head":"<!-- This site is optimized with the Yoast SEO plugin v26.9 - https:\/\/yoast.com\/product\/yoast-seo-wordpress\/ -->\n<title>Integritet och dataskydd<\/title>\n<meta name=\"description\" content=\"Denna stadga \u00e4r en integrerad del av de allm\u00e4nna villkoren, p\u00e5 denna sida hittar du all information om insamling av uppgifter.\" \/>\n<meta name=\"robots\" content=\"index, follow, max-snippet:-1, max-image-preview:large, max-video-preview:-1\" \/>\n<link rel=\"canonical\" href=\"https:\/\/ave-eta-canada.com\/sv\/integritet-och-uppgiftsskydd\/\" \/>\n<meta property=\"og:locale\" content=\"sv_SE\" \/>\n<meta property=\"og:type\" content=\"article\" \/>\n<meta property=\"og:title\" content=\"Integritet och dataskydd\" \/>\n<meta property=\"og:description\" content=\"Denna stadga \u00e4r en integrerad del av de allm\u00e4nna villkoren, p\u00e5 denna sida hittar du all information om insamling av uppgifter.\" \/>\n<meta property=\"og:url\" content=\"https:\/\/ave-eta-canada.com\/sv\/integritet-och-uppgiftsskydd\/\" \/>\n<meta property=\"og:site_name\" content=\"VISA CANADA\" \/>\n<meta property=\"article:modified_time\" content=\"2022-09-09T16:29:57+00:00\" \/>\n<meta name=\"twitter:card\" content=\"summary_large_image\" \/>\n<meta name=\"twitter:label1\" content=\"Ber\u00e4knad l\u00e4stid\" \/>\n\t<meta name=\"twitter:data1\" content=\"3 minuter\" \/>\n<script type=\"application\/ld+json\" class=\"yoast-schema-graph\">{\"@context\":\"https:\/\/schema.org\",\"@graph\":[{\"@type\":\"WebPage\",\"@id\":\"https:\/\/ave-eta-canada.com\/sv\/integritet-och-uppgiftsskydd\/\",\"url\":\"https:\/\/ave-eta-canada.com\/sv\/integritet-och-uppgiftsskydd\/\",\"name\":\"Integritet och dataskydd\",\"isPartOf\":{\"@id\":\"https:\/\/ave-eta-canada.com\/sv\/#website\"},\"datePublished\":\"2022-09-06T07:59:51+00:00\",\"dateModified\":\"2022-09-09T16:29:57+00:00\",\"description\":\"Denna stadga \u00e4r en integrerad del av de allm\u00e4nna villkoren, p\u00e5 denna sida hittar du all information om insamling av uppgifter.\",\"breadcrumb\":{\"@id\":\"https:\/\/ave-eta-canada.com\/sv\/integritet-och-uppgiftsskydd\/#breadcrumb\"},\"inLanguage\":\"sv-SE\",\"potentialAction\":[{\"@type\":\"ReadAction\",\"target\":[\"https:\/\/ave-eta-canada.com\/sv\/integritet-och-uppgiftsskydd\/\"]}]},{\"@type\":\"BreadcrumbList\",\"@id\":\"https:\/\/ave-eta-canada.com\/sv\/integritet-och-uppgiftsskydd\/#breadcrumb\",\"itemListElement\":[{\"@type\":\"ListItem\",\"position\":1,\"name\":\"Home\",\"item\":\"https:\/\/ave-eta-canada.com\/sv\/\"},{\"@type\":\"ListItem\",\"position\":2,\"name\":\"Integritet och dataskydd\"}]},{\"@type\":\"WebSite\",\"@id\":\"https:\/\/ave-eta-canada.com\/sv\/#website\",\"url\":\"https:\/\/ave-eta-canada.com\/sv\/\",\"name\":\"VISA CANADA\",\"description\":\"Autorisation Voyage Electronique\",\"potentialAction\":[{\"@type\":\"SearchAction\",\"target\":{\"@type\":\"EntryPoint\",\"urlTemplate\":\"https:\/\/ave-eta-canada.com\/sv\/?s={search_term_string}\"},\"query-input\":{\"@type\":\"PropertyValueSpecification\",\"valueRequired\":true,\"valueName\":\"search_term_string\"}}],\"inLanguage\":\"sv-SE\"}]}<\/script>\n<!-- \/ Yoast SEO plugin. -->","yoast_head_json":{"title":"Integritet och dataskydd","description":"Denna stadga \u00e4r en integrerad del av de allm\u00e4nna villkoren, p\u00e5 denna sida hittar du all information om insamling av uppgifter.","robots":{"index":"index","follow":"follow","max-snippet":"max-snippet:-1","max-image-preview":"max-image-preview:large","max-video-preview":"max-video-preview:-1"},"canonical":"https:\/\/ave-eta-canada.com\/sv\/integritet-och-uppgiftsskydd\/","og_locale":"sv_SE","og_type":"article","og_title":"Integritet och dataskydd","og_description":"Denna stadga \u00e4r en integrerad del av de allm\u00e4nna villkoren, p\u00e5 denna sida hittar du all information om insamling av uppgifter.","og_url":"https:\/\/ave-eta-canada.com\/sv\/integritet-och-uppgiftsskydd\/","og_site_name":"VISA CANADA","article_modified_time":"2022-09-09T16:29:57+00:00","twitter_card":"summary_large_image","twitter_misc":{"Ber\u00e4knad l\u00e4stid":"3 minuter"},"schema":{"@context":"https:\/\/schema.org","@graph":[{"@type":"WebPage","@id":"https:\/\/ave-eta-canada.com\/sv\/integritet-och-uppgiftsskydd\/","url":"https:\/\/ave-eta-canada.com\/sv\/integritet-och-uppgiftsskydd\/","name":"Integritet och dataskydd","isPartOf":{"@id":"https:\/\/ave-eta-canada.com\/sv\/#website"},"datePublished":"2022-09-06T07:59:51+00:00","dateModified":"2022-09-09T16:29:57+00:00","description":"Denna stadga \u00e4r en integrerad del av de allm\u00e4nna villkoren, p\u00e5 denna sida hittar du all information om insamling av uppgifter.","breadcrumb":{"@id":"https:\/\/ave-eta-canada.com\/sv\/integritet-och-uppgiftsskydd\/#breadcrumb"},"inLanguage":"sv-SE","potentialAction":[{"@type":"ReadAction","target":["https:\/\/ave-eta-canada.com\/sv\/integritet-och-uppgiftsskydd\/"]}]},{"@type":"BreadcrumbList","@id":"https:\/\/ave-eta-canada.com\/sv\/integritet-och-uppgiftsskydd\/#breadcrumb","itemListElement":[{"@type":"ListItem","position":1,"name":"Home","item":"https:\/\/ave-eta-canada.com\/sv\/"},{"@type":"ListItem","position":2,"name":"Integritet och dataskydd"}]},{"@type":"WebSite","@id":"https:\/\/ave-eta-canada.com\/sv\/#website","url":"https:\/\/ave-eta-canada.com\/sv\/","name":"VISA CANADA","description":"Autorisation Voyage Electronique","potentialAction":[{"@type":"SearchAction","target":{"@type":"EntryPoint","urlTemplate":"https:\/\/ave-eta-canada.com\/sv\/?s={search_term_string}"},"query-input":{"@type":"PropertyValueSpecification","valueRequired":true,"valueName":"search_term_string"}}],"inLanguage":"sv-SE"}]}},"_links":{"self":[{"href":"https:\/\/ave-eta-canada.com\/sv\/wp-json\/wp\/v2\/pages\/2860","targetHints":{"allow":["GET"]}}],"collection":[{"href":"https:\/\/ave-eta-canada.com\/sv\/wp-json\/wp\/v2\/pages"}],"about":[{"href":"https:\/\/ave-eta-canada.com\/sv\/wp-json\/wp\/v2\/types\/page"}],"author":[{"embeddable":true,"href":"https:\/\/ave-eta-canada.com\/sv\/wp-json\/wp\/v2\/users\/1"}],"replies":[{"embeddable":true,"href":"https:\/\/ave-eta-canada.com\/sv\/wp-json\/wp\/v2\/comments?post=2860"}],"version-history":[{"count":0,"href":"https:\/\/ave-eta-canada.com\/sv\/wp-json\/wp\/v2\/pages\/2860\/revisions"}],"wp:attachment":[{"href":"https:\/\/ave-eta-canada.com\/sv\/wp-json\/wp\/v2\/media?parent=2860"}],"curies":[{"name":"wp","href":"https:\/\/api.w.org\/{rel}","templated":true}]}}