{"id":2866,"date":"2022-09-06T07:59:53","date_gmt":"2022-09-06T07:59:53","guid":{"rendered":"https:\/\/ave-eta-canada.com\/lexikon-alla-definitioner-omkring-korv-kanada\/"},"modified":"2022-09-09T16:17:01","modified_gmt":"2022-09-09T16:17:01","slug":"lexikon-alla-definitioner-omkring-eta-kanada","status":"publish","type":"page","link":"https:\/\/ave-eta-canada.com\/sv\/lexikon-alla-definitioner-omkring-eta-kanada\/","title":{"rendered":"Lexikon | Alla definitioner av eTA Kanada"},"content":{"rendered":"\n<h1 class=\"wp-block-heading\">eTA Kanada, anv\u00e4ndbara definitioner<\/h1>\n\n<p>Vill du best\u00e4lla ett elektroniskt resetillst\u00e5nd (eTA) f\u00f6r att resa till Kanada, men alla ok\u00e4nda akronymer eller engelska ord skr\u00e4mmer dig? Ingen panik, v\u00e5rt team har uppr\u00e4ttat en lista \u00f6ver viktiga termer som r\u00f6r eTA Kanada f\u00f6r att du ska f\u00e5 en b\u00e4ttre f\u00f6rst\u00e5else. Det g\u00f6r det mycket l\u00e4ttare f\u00f6r dig att best\u00e4lla ditt resetillst\u00e5nd. Vi uppmanar dig ocks\u00e5 att l\u00e4sa v\u00e5r sida med <a href=\"https:\/\/ave-eta-canada.com\/sv\/eta-kanada-svar-pa-dina-fragor\/\">vanliga fr\u00e5gor<\/a> och v\u00e5r hj\u00e4lpsektion.<\/p>\n\n<h2 class=\"wp-block-heading\">NAFTA<\/h2>\n\n<p>Nafta st\u00e5r f\u00f6r Nordamerikanska frihandelsavtalet. Denna pakt, som undertecknats av USA, Mexiko och Kanada, underl\u00e4ttar infl\u00f6det och utfl\u00f6det av medborgare till och fr\u00e5n dessa territorier inom ramen f\u00f6r yrkesverksamhet.<\/p>\n\n<p>Nafta omfattar fyra kategorier av personer:<\/p>\n\n<ul class=\"wp-block-list\"><li>aff\u00e4rsm\u00e4n ;<\/li><li>anst\u00e4llda ;<\/li><li>Arbetstagare som flyttas inom ett f\u00f6retag ;<\/li><li>investerare och handlare.<\/li><\/ul>\n\n<h2 class=\"wp-block-heading\">Ambassad<\/h2>\n\n<p>Ambassaden \u00e4r en diplomatisk struktur som representerar ett land i ett annat land. Dess m\u00e5l \u00e4r framf\u00f6r allt att uppr\u00e4tth\u00e5lla ett gott samarbete med v\u00e4rdlandet, att garantera utlandssvenskarnas s\u00e4kerhet och att g\u00f6ra det m\u00f6jligt f\u00f6r landets medborgare att genomf\u00f6ra olika administrativa f\u00f6rfaranden utomlands.<\/p>\n\n<h2 class=\"wp-block-heading\">eTA<\/h2>\n\n<p>Det <a href=\"https:\/\/ave-eta-canada.com\/sv\/\">elektroniska resetillst\u00e5ndet eTA<\/a> g\u00f6r det m\u00f6jligt f\u00f6r medborgare fr\u00e5n ett visumfritt land att resa till Kanada med flyg. Syftet med detta tillst\u00e5nd \u00e4r att s\u00e4kerst\u00e4lla att resen\u00e4ren inte utg\u00f6r en risk f\u00f6r Kanadas inre s\u00e4kerhet. Det har formen av ett elektroniskt dokument som \u00e4r direkt kopplat till passet och \u00e4r giltigt i fem \u00e5r eller tills identitetshandlingen l\u00f6per ut.<\/p>\n\n<h2 class=\"wp-block-heading\">Konsulat<\/h2>\n\n<p>Konsulatet \u00e4r ett regeringskontor i ett fr\u00e4mmande land som har till uppgift att bist\u00e5 och skydda medborgarna i den stat som konsulatet f\u00f6retr\u00e4der. Den ansvarar f\u00f6r att utf\u00e4rda civilst\u00e5ndshandlingar (identitetskort, pass osv.).<\/p>\n\n<h2 class=\"wp-block-heading\">ESTA<\/h2>\n\n<p>ESTA st\u00e5r f\u00f6r Electronic System for Travel Authorization och \u00e4r motsvarigheten till AVE i USA. Med ESTA-formul\u00e4ret kan medborgare fr\u00e5n ett av medlemsl\u00e4nderna i Visa Waiver-programmet vistas i h\u00f6gst 90 dagar p\u00e5 amerikansk mark. Ans\u00f6kan om ESTA-tillst\u00e5nd g\u00f6rs ocks\u00e5 online.<\/p>\n\n<h2 class=\"wp-block-heading\">eTA<\/h2>\n\n<p>eTA \u00e4r en f\u00f6rkortning f\u00f6r &#8221;Electronic Travel Authorization&#8221;. Detta \u00e4r helt enkelt den engelska termen f\u00f6r eTA. <a href=\"https:\/\/ave-eta-canada.com\/sv\/vad-ar-eta-kanada\/\">eTA<\/a> \u00e4r ett tillst\u00e5nd som utf\u00e4rdas av den kanadensiska regeringen och som ger dig r\u00e4tt att resa till Kanada och stanna i h\u00f6gst sex m\u00e5nader.<\/p>\n\n<h2 class=\"wp-block-heading\">eTA-avgifter<\/h2>\n\n<p>Det finns en administrativ avgift f\u00f6r att ans\u00f6ka om en eTA-blankett. En avgift p\u00e5 7,00 CAD kr\u00e4vs f\u00f6r att fylla i ans\u00f6kan online. Ytterligare avgifter kan tillkomma beroende p\u00e5 vilka tj\u00e4nster som tillhandah\u00e5lls.<\/p>\n\n<h2 class=\"wp-block-heading\">IRCC<\/h2>\n\n<p>Immigration, Refugees and Citizenship Canada \u00e4r Kanadas avdelning f\u00f6r invandringstj\u00e4nster. De senare har fr\u00e4mst till uppgift att :<\/p>\n\n<ul class=\"wp-block-list\"><li>Organisering och kontroll av fl\u00f6det av medborgare som anl\u00e4nder till territoriet;<\/li><li>Uppr\u00e4tth\u00e5llande och st\u00e4rkande av medborgarskapets v\u00e4rderingar;<\/li><\/ul>\n\n<p>I denna egenskap hanterar IRCC bland annat utf\u00e4rdandet av eTA i Kanada och kontrollerar att utl\u00e4ndska s\u00f6kande \u00e4r ber\u00e4ttigade enligt kanadensisk lag.<\/p>\n\n<h2 class=\"wp-block-heading\">Biometriskt pass<\/h2>\n\n<p>Det biometriska passet lanserades officiellt i Sverige 2009 och ers\u00e4tter det elektroniska passet. Den har den speciella egenskapen att den \u00e4r sv\u00e5r att f\u00f6rfalska tack vare ett elektroniskt chip som finns i dokumentet. Det senare omfattar identifieringsuppgifter om innehavaren (fingeravtryck, ansiktsdrag, foto osv.). Dessutom kan ett biometriskt pass k\u00e4nnas igen n\u00e4r ordet &#8221;pass&#8221; \u00e4r understruket p\u00e5 omslaget.<\/p>\n\n<h2 class=\"wp-block-heading\">Elektroniskt pass<\/h2>\n\n<p>Det elektroniska passet, som inf\u00f6rdes 2006, har ett elektroniskt chip som inneh\u00e5ller innehavarens identifieringsuppgifter. Det har nu ersatts av det biometriska passet, som \u00e4r mycket sv\u00e5rare att f\u00f6rfalska.<\/p>\n\n<h2 class=\"wp-block-heading\">PST<\/h2>\n\n<p>Det tillf\u00e4lliga uppeh\u00e5llstillst\u00e5ndet (TRP) \u00e4r ett uppeh\u00e5llstillst\u00e5nd som utf\u00e4rdas till personer som \u00e4r otill\u00e5tna och som inte uppfyller kraven i lagen om invandring och flyktingskydd (Immigration and Refugee Protection Act). De kanadensiska myndigheterna utf\u00e4rdar denna handling endast i exceptionella humanit\u00e4ra, sociala eller ekonomiska situationer.<\/p>\n\n<h2 class=\"wp-block-heading\">PVT Kanada<\/h2>\n\n<p><a href=\"https:\/\/ave-eta-canada.com\/sv\/hur-man-far-ett-whv-arbetssemestertillstand-kanada\/\">Working Holiday Program WHP<\/a> \u00e4r ett tillf\u00e4lligt arbetsvisum som ger ber\u00e4ttigade medborgare m\u00f6jlighet att bo och arbeta i Kanada. Beroende p\u00e5 nationalitet \u00e4r giltighetstiden 12 eller 24 m\u00e5nader, under vilka resen\u00e4ren kan vara turist men ocks\u00e5 arbeta p\u00e5 kanadensiskt territorium.  <\/p>\n\n<h2 class=\"wp-block-heading\">Permanent bosatt<\/h2>\n\n<p>Status som permanent bosatt beviljas utl\u00e4ndska medborgare som f\u00e5r stanna i Kanada utan tidsbegr\u00e4nsning. Detta g\u00f6r det m\u00f6jligt f\u00f6r permanent bosatta att leva som vilken kanadensisk medborgare som helst.<\/p>\n\n<h2 class=\"wp-block-heading\">Tillf\u00e4lligt bosatt<\/h2>\n\n<p>Tillf\u00e4llig uppeh\u00e5llstillst\u00e5nd beviljas utl\u00e4nningar som uppfyller de kriterier som fastst\u00e4llts i lag f\u00f6r inresa i landet. Detta uppeh\u00e5llstillst\u00e5nd g\u00e4ller endast f\u00f6r utl\u00e4nningar som s\u00e5 sm\u00e5ningom kommer att l\u00e4mna Kanada (bes\u00f6kare, studenter, arbetstagare osv.).<\/p>\n\n<h2 class=\"wp-block-heading\">E-vignett (etikett f\u00f6r elektronisk underl\u00e4ttande)<\/h2>\n\n<p>Det elektroniska klisterm\u00e4rket utf\u00e4rdas automatiskt n\u00e4r en ans\u00f6kan om tillf\u00e4llig vistelse godk\u00e4nns. Detta virtuella klisterm\u00e4rke, som registreras i ett datoriserat f\u00f6rvaltningssystem f\u00f6r eTA-ans\u00f6kningar, f\u00e4sts direkt p\u00e5 resen\u00e4rens pass. Den ger officiellt tilltr\u00e4de till gaten n\u00e4r identitetskontrollen \u00e4r klar.<\/p>\n\n<h2 class=\"wp-block-heading\">Visa<\/h2>\n\n<p>En visering \u00e4r ett officiellt tillst\u00e5nd som utf\u00e4rdas av utl\u00e4ndska ambassader f\u00f6r att resa till ett visst land. Det har formen av ett klisterm\u00e4rke som s\u00e4tts in i medborgarens pass. Denna etikett har ett klisterm\u00e4rke med s\u00e4rskild information som har skrivits in av det kontor d\u00e4r viseringen utf\u00e4rdades. Det finns tv\u00e5 kategorier av <a href=\"https:\/\/ave-eta-canada.com\/sv\/visum-eller-eta-kanada\/\">visum i Kanada<\/a>:<\/p>\n\n<ul class=\"wp-block-list\"><li>visering f\u00f6r tillf\u00e4llig vistelse (visering f\u00f6r bes\u00f6kare);<\/li><li>visering f\u00f6r permanent uppeh\u00e5llstillst\u00e5nd.  <\/li><\/ul>\n\n<h2 class=\"wp-block-heading\">Visum f\u00f6r bes\u00f6kare<\/h2>\n\n<p>Bes\u00f6karvisum, \u00e4ven kallat turistvisum, \u00e4r en visering f\u00f6r tillf\u00e4llig bos\u00e4ttning.<\/p>\n","protected":false},"excerpt":{"rendered":"<p>eTA Kanada, anv\u00e4ndbara definitioner Vill du best\u00e4lla ett elektroniskt resetillst\u00e5nd (eTA) f\u00f6r att resa till Kanada, men alla ok\u00e4nda akronymer eller engelska ord skr\u00e4mmer dig? Ingen panik, v\u00e5rt team har uppr\u00e4ttat en lista \u00f6ver viktiga termer som r\u00f6r eTA Kanada f\u00f6r att du ska f\u00e5 en b\u00e4ttre f\u00f6rst\u00e5else. Det g\u00f6r det mycket l\u00e4ttare f\u00f6r dig [&hellip;]<\/p>\n","protected":false},"author":1,"featured_media":0,"parent":0,"menu_order":0,"comment_status":"closed","ping_status":"closed","template":"","meta":{"footnotes":""},"class_list":["post-2866","page","type-page","status-publish","hentry"],"yoast_head":"<!-- This site is optimized with the Yoast SEO plugin v26.9 - https:\/\/yoast.com\/product\/yoast-seo-wordpress\/ -->\n<title>Lexikon | Alla definitioner av eTA Kanada<\/title>\n<meta name=\"description\" content=\"I den h\u00e4r ordlistan hittar du definitioner som r\u00f6r eTA, det elektroniska resetillst\u00e5nd som \u00e4r n\u00f6dv\u00e4ndigt f\u00f6r tillf\u00e4lliga vistelser i Kanada.\" \/>\n<meta name=\"robots\" content=\"index, follow, max-snippet:-1, max-image-preview:large, max-video-preview:-1\" \/>\n<link rel=\"canonical\" href=\"https:\/\/ave-eta-canada.com\/sv\/lexikon-alla-definitioner-omkring-eta-kanada\/\" \/>\n<meta property=\"og:locale\" content=\"sv_SE\" \/>\n<meta property=\"og:type\" content=\"article\" \/>\n<meta property=\"og:title\" content=\"Lexikon | Alla definitioner av eTA Kanada\" \/>\n<meta property=\"og:description\" content=\"I den h\u00e4r ordlistan hittar du definitioner som r\u00f6r eTA, det elektroniska resetillst\u00e5nd som \u00e4r n\u00f6dv\u00e4ndigt f\u00f6r tillf\u00e4lliga vistelser i Kanada.\" \/>\n<meta property=\"og:url\" content=\"https:\/\/ave-eta-canada.com\/sv\/lexikon-alla-definitioner-omkring-eta-kanada\/\" \/>\n<meta property=\"og:site_name\" content=\"VISA CANADA\" \/>\n<meta property=\"article:modified_time\" content=\"2022-09-09T16:17:01+00:00\" \/>\n<meta name=\"twitter:card\" content=\"summary_large_image\" \/>\n<meta name=\"twitter:label1\" content=\"Ber\u00e4knad l\u00e4stid\" \/>\n\t<meta name=\"twitter:data1\" content=\"5 minuter\" \/>\n<script type=\"application\/ld+json\" class=\"yoast-schema-graph\">{\"@context\":\"https:\/\/schema.org\",\"@graph\":[{\"@type\":\"WebPage\",\"@id\":\"https:\/\/ave-eta-canada.com\/sv\/lexikon-alla-definitioner-omkring-eta-kanada\/\",\"url\":\"https:\/\/ave-eta-canada.com\/sv\/lexikon-alla-definitioner-omkring-eta-kanada\/\",\"name\":\"Lexikon | Alla definitioner av eTA Kanada\",\"isPartOf\":{\"@id\":\"https:\/\/ave-eta-canada.com\/sv\/#website\"},\"datePublished\":\"2022-09-06T07:59:53+00:00\",\"dateModified\":\"2022-09-09T16:17:01+00:00\",\"description\":\"I den h\u00e4r ordlistan hittar du definitioner som r\u00f6r eTA, det elektroniska resetillst\u00e5nd som \u00e4r n\u00f6dv\u00e4ndigt f\u00f6r tillf\u00e4lliga vistelser i Kanada.\",\"breadcrumb\":{\"@id\":\"https:\/\/ave-eta-canada.com\/sv\/lexikon-alla-definitioner-omkring-eta-kanada\/#breadcrumb\"},\"inLanguage\":\"sv-SE\",\"potentialAction\":[{\"@type\":\"ReadAction\",\"target\":[\"https:\/\/ave-eta-canada.com\/sv\/lexikon-alla-definitioner-omkring-eta-kanada\/\"]}]},{\"@type\":\"BreadcrumbList\",\"@id\":\"https:\/\/ave-eta-canada.com\/sv\/lexikon-alla-definitioner-omkring-eta-kanada\/#breadcrumb\",\"itemListElement\":[{\"@type\":\"ListItem\",\"position\":1,\"name\":\"Home\",\"item\":\"https:\/\/ave-eta-canada.com\/sv\/\"},{\"@type\":\"ListItem\",\"position\":2,\"name\":\"Lexikon | Alla definitioner av eTA Kanada\"}]},{\"@type\":\"WebSite\",\"@id\":\"https:\/\/ave-eta-canada.com\/sv\/#website\",\"url\":\"https:\/\/ave-eta-canada.com\/sv\/\",\"name\":\"VISA CANADA\",\"description\":\"Autorisation Voyage Electronique\",\"potentialAction\":[{\"@type\":\"SearchAction\",\"target\":{\"@type\":\"EntryPoint\",\"urlTemplate\":\"https:\/\/ave-eta-canada.com\/sv\/?s={search_term_string}\"},\"query-input\":{\"@type\":\"PropertyValueSpecification\",\"valueRequired\":true,\"valueName\":\"search_term_string\"}}],\"inLanguage\":\"sv-SE\"}]}<\/script>\n<!-- \/ Yoast SEO plugin. -->","yoast_head_json":{"title":"Lexikon | Alla definitioner av eTA Kanada","description":"I den h\u00e4r ordlistan hittar du definitioner som r\u00f6r eTA, det elektroniska resetillst\u00e5nd som \u00e4r n\u00f6dv\u00e4ndigt f\u00f6r tillf\u00e4lliga vistelser i Kanada.","robots":{"index":"index","follow":"follow","max-snippet":"max-snippet:-1","max-image-preview":"max-image-preview:large","max-video-preview":"max-video-preview:-1"},"canonical":"https:\/\/ave-eta-canada.com\/sv\/lexikon-alla-definitioner-omkring-eta-kanada\/","og_locale":"sv_SE","og_type":"article","og_title":"Lexikon | Alla definitioner av eTA Kanada","og_description":"I den h\u00e4r ordlistan hittar du definitioner som r\u00f6r eTA, det elektroniska resetillst\u00e5nd som \u00e4r n\u00f6dv\u00e4ndigt f\u00f6r tillf\u00e4lliga vistelser i Kanada.","og_url":"https:\/\/ave-eta-canada.com\/sv\/lexikon-alla-definitioner-omkring-eta-kanada\/","og_site_name":"VISA CANADA","article_modified_time":"2022-09-09T16:17:01+00:00","twitter_card":"summary_large_image","twitter_misc":{"Ber\u00e4knad l\u00e4stid":"5 minuter"},"schema":{"@context":"https:\/\/schema.org","@graph":[{"@type":"WebPage","@id":"https:\/\/ave-eta-canada.com\/sv\/lexikon-alla-definitioner-omkring-eta-kanada\/","url":"https:\/\/ave-eta-canada.com\/sv\/lexikon-alla-definitioner-omkring-eta-kanada\/","name":"Lexikon | Alla definitioner av eTA Kanada","isPartOf":{"@id":"https:\/\/ave-eta-canada.com\/sv\/#website"},"datePublished":"2022-09-06T07:59:53+00:00","dateModified":"2022-09-09T16:17:01+00:00","description":"I den h\u00e4r ordlistan hittar du definitioner som r\u00f6r eTA, det elektroniska resetillst\u00e5nd som \u00e4r n\u00f6dv\u00e4ndigt f\u00f6r tillf\u00e4lliga vistelser i Kanada.","breadcrumb":{"@id":"https:\/\/ave-eta-canada.com\/sv\/lexikon-alla-definitioner-omkring-eta-kanada\/#breadcrumb"},"inLanguage":"sv-SE","potentialAction":[{"@type":"ReadAction","target":["https:\/\/ave-eta-canada.com\/sv\/lexikon-alla-definitioner-omkring-eta-kanada\/"]}]},{"@type":"BreadcrumbList","@id":"https:\/\/ave-eta-canada.com\/sv\/lexikon-alla-definitioner-omkring-eta-kanada\/#breadcrumb","itemListElement":[{"@type":"ListItem","position":1,"name":"Home","item":"https:\/\/ave-eta-canada.com\/sv\/"},{"@type":"ListItem","position":2,"name":"Lexikon | Alla definitioner av eTA Kanada"}]},{"@type":"WebSite","@id":"https:\/\/ave-eta-canada.com\/sv\/#website","url":"https:\/\/ave-eta-canada.com\/sv\/","name":"VISA CANADA","description":"Autorisation Voyage Electronique","potentialAction":[{"@type":"SearchAction","target":{"@type":"EntryPoint","urlTemplate":"https:\/\/ave-eta-canada.com\/sv\/?s={search_term_string}"},"query-input":{"@type":"PropertyValueSpecification","valueRequired":true,"valueName":"search_term_string"}}],"inLanguage":"sv-SE"}]}},"_links":{"self":[{"href":"https:\/\/ave-eta-canada.com\/sv\/wp-json\/wp\/v2\/pages\/2866","targetHints":{"allow":["GET"]}}],"collection":[{"href":"https:\/\/ave-eta-canada.com\/sv\/wp-json\/wp\/v2\/pages"}],"about":[{"href":"https:\/\/ave-eta-canada.com\/sv\/wp-json\/wp\/v2\/types\/page"}],"author":[{"embeddable":true,"href":"https:\/\/ave-eta-canada.com\/sv\/wp-json\/wp\/v2\/users\/1"}],"replies":[{"embeddable":true,"href":"https:\/\/ave-eta-canada.com\/sv\/wp-json\/wp\/v2\/comments?post=2866"}],"version-history":[{"count":0,"href":"https:\/\/ave-eta-canada.com\/sv\/wp-json\/wp\/v2\/pages\/2866\/revisions"}],"wp:attachment":[{"href":"https:\/\/ave-eta-canada.com\/sv\/wp-json\/wp\/v2\/media?parent=2866"}],"curies":[{"name":"wp","href":"https:\/\/api.w.org\/{rel}","templated":true}]}}