{"id":2868,"date":"2022-09-06T07:59:53","date_gmt":"2022-09-06T07:59:53","guid":{"rendered":"https:\/\/ave-eta-canada.com\/nar-man-ska-ansoka-om-tillstand-for-kanada\/"},"modified":"2022-09-09T16:09:50","modified_gmt":"2022-09-09T16:09:50","slug":"nar-du-ska-ansoka-om-din-eta-kanada","status":"publish","type":"page","link":"https:\/\/ave-eta-canada.com\/sv\/nar-du-ska-ansoka-om-din-eta-kanada\/","title":{"rendered":"N\u00e4r ska du ans\u00f6ka om eTA f\u00f6r Kanada?"},"content":{"rendered":"\n<h1 class=\"wp-block-heading\">N\u00e4r ska du ans\u00f6ka om eTA-resetillst\u00e5nd?<\/h1>\n\n<p>N\u00e4r du planerar en resa till Kanada \u00e4r det viktigt att f\u00e5 ett kanadensiskt resetillst\u00e5nd innan du \u00e5ker. <strong>F\u00f6r en vistelse p\u00e5 mindre \u00e4n 6 m\u00e5nader i Kanada<\/strong>: Du kan fylla i formaliteterna f\u00f6r inresa till Kanada direkt via Internet genom att klicka p\u00e5 <a href=\"https:\/\/ave-eta-canada.com\/sv\/kanada-eta-formular-online\/\">onlineformul\u00e4ret<\/a>.  <\/p>\n\n<p>Det \u00e4r inte n\u00f6dv\u00e4ndigt att boka ett m\u00f6te p\u00e5 Kanadas ambassad eller konsulat.<\/p>\n\n<p>Det kanadensiska resetillst\u00e5ndet anses vara ganska l\u00e4tt att f\u00e5. Vilka tidsfrister och f\u00f6rsiktighets\u00e5tg\u00e4rder b\u00f6r du vidta f\u00f6r att undvika att bli nekad inresa till Kanada?<\/p>\n\n<p><\/p>\n\n<h2 class=\"wp-block-heading\">Sedan n\u00e4r och varf\u00f6r ans\u00f6ka om eTA?<\/h2>\n\n<p>Sedan den 10 november 2016 har Kanadas regering (n\u00e4rmare best\u00e4mt Kanadas ministerium f\u00f6r invandring, flyktingar och medborgarskap) inf\u00f6rt ett elektroniskt resetillst\u00e5nd kallat eTA, i syfte att garantera landets inre s\u00e4kerhet och samtidigt fr\u00e4mja turismen till Kanada.<\/p>\n\n<p>eTA erh\u00e5lls genom ett onlineformul\u00e4r som :<\/p>\n\n<ul class=\"wp-block-list\"><li>avg\u00f6r om resen\u00e4rer har r\u00e4tt att resa in i Kanada utan visering;<\/li><li>minskar tr\u00e4ngseln vid kanadensiska ambassader och underl\u00e4ttar tullklareringen.<\/li><\/ul>\n\n<p>De elektroniska system som inf\u00f6rts g\u00f6r det m\u00f6jligt att v\u00e4lja ut resen\u00e4rer redan innan de anl\u00e4nder till Kanada.<br\/><br\/><\/p>\n\n<h2 class=\"wp-block-heading\">N\u00e4r beh\u00f6vs en eTA?<\/h2>\n\n<p>En <a href=\"https:\/\/ave-eta-canada.com\/sv\/obligatorisk-eta-kanada\/\">eTA-ans\u00f6kan kr\u00e4vs<\/a> f\u00f6r resen\u00e4rer som \u00e4r undantagna fr\u00e5n viseringskravet och som vill bes\u00f6ka Kanada f\u00f6r turism eller aff\u00e4rsresor p\u00e5 mindre \u00e4n sex m\u00e5nader med flyg. Det kr\u00e4vs ocks\u00e5 f\u00f6r transitering genom Kanada.<\/p>\n\n<p>Visumfrihet g\u00e4ller f\u00f6r medborgare vars hemland har undertecknat ett avtal med den kanadensiska regeringen. Svenska medborgare \u00e4r bland de lyckligt lottade, men de m\u00e5ste ha ett giltigt pass (biometriskt eller elektroniskt pass).<\/p>\n\n<p>Att ha ett giltigt pass och en eTA befriar dig inte fr\u00e5n att ha andra resehandlingar, t.ex. resedokumentet. Invandraren kommer f\u00f6rmodligen att be dig om en utresebiljett (retur- eller vidareflygbiljett).<\/p>\n\n<p>Observera att om du har valts ut f\u00f6r ett WHP (Working Holiday Permit) utf\u00e4rdas eTA normalt automatiskt till dig. Kontrollera med den kanadensiska ambassaden.<br\/><br\/><\/p>\n\n<h2 class=\"wp-block-heading\">N\u00e4r ska du ans\u00f6ka online?<\/h2>\n\n<p>Vi rekommenderar att du <a href=\"https:\/\/ave-eta-canada.com\/sv\/fylla-i-blankett-eta-formular-for-kanada\/\">fyller i formul\u00e4ret f\u00f6r resetillst\u00e5nd <\/a>s\u00e5 snart du planerar din resa till Kanada. V\u00e4nta inte till sista minuten, f\u00f6r om din ans\u00f6kan avsl\u00e5s m\u00e5ste du ans\u00f6ka om ett kanadensiskt visum. Detta \u00e4r dock mer tidskr\u00e4vande och kostsamt.<\/p>\n\n<p>Ans\u00f6kningsformul\u00e4ret kan fyllas i p\u00e5 den kanadensiska regeringens officiella webbplats. Om du vill f\u00e5 hj\u00e4lp och minska dina risker rekommenderar vi att du fyller i formul\u00e4ret fr\u00e5n v\u00e5r partner.<\/p>\n\n<p>F\u00f6r att fylla i eTA-formul\u00e4ret m\u00e5ste du fylla i dina passuppgifter (passnummer, datum f\u00f6r utf\u00e4rdande och utg\u00e5ngsdatum), dina personuppgifter, uppgifter om din vistelse i Kanada och slutligen din bakgrund.<br\/><br\/><\/p>\n\n<h2 class=\"wp-block-heading\">N\u00e4r f\u00e5r jag svar p\u00e5 min eTA-ans\u00f6kan?<\/h2>\n\n<p>I allm\u00e4nhet <a>tar det n\u00e5gra minuter att f\u00e5 en eTA<\/a> efter att formul\u00e4ret har skickats in. Du kommer att f\u00e5 ett mottagningsbevis fr\u00e5n Immigration Canada och sedan ett andra e-postmeddelande med svaret p\u00e5 din ans\u00f6kan. Det kan dock ta flera dagar innan du f\u00e5r ett svar.<\/p>\n\n<p>Du kan ocks\u00e5 kontrollera statusen f\u00f6r din ans\u00f6kan p\u00e5 regeringens webbplats genom att ange ditt ans\u00f6kningsnummer (som finns i mottagningsbeviset) och ditt passnummer.<\/p>\n\n<p>Om du inte har f\u00e5tt n\u00e5got mottagningsbevis inom 72 timmar ska du kontakta de kanadensiska myndigheterna. Det \u00e4r ingen id\u00e9 att f\u00f6rs\u00f6ka resa till Kanada utan tillst\u00e5nd, du kommer inte ens att kunna g\u00e5 ombord p\u00e5 planet.<\/p>\n\n<h3 class=\"wp-block-heading\">Avslag p\u00e5 ans\u00f6kan om eTA-tillst\u00e5nd<\/h3>\n\n<p>En eTA-ans\u00f6kan avsl\u00e5s om du inte uppfyller n\u00e5got av kriterierna f\u00f6r st\u00f6dber\u00e4ttigande. Om du inte \u00e4r ber\u00e4ttigad till visum m\u00e5ste du ans\u00f6ka om en visering vid den kanadensiska ambassadens eller det kanadensiska konsulatets konsul\u00e4ra tj\u00e4nster, om det \u00e4r till\u00e4mpligt. Vilket Kanada-visum du ska ans\u00f6ka om beror p\u00e5 hur din resa ser ut.<\/p>\n\n<p>N\u00e4r din ESTA-ans\u00f6kan avsl\u00e5s kan du ocks\u00e5 kontrollera att du inte har gjort n\u00e5got fel i ans\u00f6kningsformul\u00e4ret. Om s\u00e5 \u00e4r fallet har du r\u00e4tt att g\u00f6ra en ny ans\u00f6kan.<br\/><br\/><\/p>\n\n<h2 class=\"wp-block-heading\">N\u00e4r ska jag f\u00f6rnya min eTA-ans\u00f6kan?<\/h2>\n\n<p><a href=\"https:\/\/ave-eta-canada.com\/sv\/eta-kanada-giltighetstid\/\">Ett eTA \u00e4r giltigt<\/a> i fem \u00e5r eller tills passet l\u00f6per ut, om passet \u00e4r giltigt kortare tid. Under de \u00e5r som din eTA \u00e4r giltig kan du bes\u00f6ka Kanada flera g\u00e5nger utan att beh\u00f6va ans\u00f6ka om en ny eTA och s\u00e5 l\u00e4nge du respekterar den maximala vistelsen p\u00e5 6 m\u00e5nader.<\/p>\n\n<p>Eftersom eTA \u00e4r kopplad till passet \u00e4r det sj\u00e4lvklart att en ny ans\u00f6kan om tillst\u00e5nd m\u00e5ste g\u00f6ras om man f\u00e5r ett nytt pass. Den nya ans\u00f6kan f\u00f6ljer samma f\u00f6rfarande som den f\u00f6rsta ans\u00f6kan.<\/p>\n","protected":false},"excerpt":{"rendered":"<p>N\u00e4r ska du ans\u00f6ka om eTA-resetillst\u00e5nd? N\u00e4r du planerar en resa till Kanada \u00e4r det viktigt att f\u00e5 ett kanadensiskt resetillst\u00e5nd innan du \u00e5ker. F\u00f6r en vistelse p\u00e5 mindre \u00e4n 6 m\u00e5nader i Kanada: Du kan fylla i formaliteterna f\u00f6r inresa till Kanada direkt via Internet genom att klicka p\u00e5 onlineformul\u00e4ret. Det \u00e4r inte n\u00f6dv\u00e4ndigt [&hellip;]<\/p>\n","protected":false},"author":1,"featured_media":0,"parent":0,"menu_order":0,"comment_status":"closed","ping_status":"closed","template":"","meta":{"footnotes":""},"class_list":["post-2868","page","type-page","status-publish","hentry"],"yoast_head":"<!-- This site is optimized with the Yoast SEO plugin v26.9 - https:\/\/yoast.com\/product\/yoast-seo-wordpress\/ -->\n<title>N\u00e4r ska du ans\u00f6ka om eTA f\u00f6r Kanada?<\/title>\n<meta name=\"description\" content=\"Innan du \u00e5ker till Kanada \u00e4r det viktigt att du f\u00f6rbereder alla n\u00f6dv\u00e4ndiga resehandlingar, inklusive eTA. H\u00e4r f\u00e5r du veta n\u00e4r du ska ans\u00f6ka om eTA.\" \/>\n<meta name=\"robots\" content=\"index, follow, max-snippet:-1, max-image-preview:large, max-video-preview:-1\" \/>\n<link rel=\"canonical\" href=\"https:\/\/ave-eta-canada.com\/sv\/nar-du-ska-ansoka-om-din-eta-kanada\/\" \/>\n<meta property=\"og:locale\" content=\"sv_SE\" \/>\n<meta property=\"og:type\" content=\"article\" \/>\n<meta property=\"og:title\" content=\"N\u00e4r ska du ans\u00f6ka om eTA f\u00f6r Kanada?\" \/>\n<meta property=\"og:description\" content=\"Innan du \u00e5ker till Kanada \u00e4r det viktigt att du f\u00f6rbereder alla n\u00f6dv\u00e4ndiga resehandlingar, inklusive eTA. H\u00e4r f\u00e5r du veta n\u00e4r du ska ans\u00f6ka om eTA.\" \/>\n<meta property=\"og:url\" content=\"https:\/\/ave-eta-canada.com\/sv\/nar-du-ska-ansoka-om-din-eta-kanada\/\" \/>\n<meta property=\"og:site_name\" content=\"VISA CANADA\" \/>\n<meta property=\"article:modified_time\" content=\"2022-09-09T16:09:50+00:00\" \/>\n<meta name=\"twitter:card\" content=\"summary_large_image\" \/>\n<meta name=\"twitter:label1\" content=\"Ber\u00e4knad l\u00e4stid\" \/>\n\t<meta name=\"twitter:data1\" content=\"4 minuter\" \/>\n<script type=\"application\/ld+json\" class=\"yoast-schema-graph\">{\"@context\":\"https:\/\/schema.org\",\"@graph\":[{\"@type\":\"WebPage\",\"@id\":\"https:\/\/ave-eta-canada.com\/sv\/nar-du-ska-ansoka-om-din-eta-kanada\/\",\"url\":\"https:\/\/ave-eta-canada.com\/sv\/nar-du-ska-ansoka-om-din-eta-kanada\/\",\"name\":\"N\u00e4r ska du ans\u00f6ka om eTA f\u00f6r Kanada?\",\"isPartOf\":{\"@id\":\"https:\/\/ave-eta-canada.com\/sv\/#website\"},\"datePublished\":\"2022-09-06T07:59:53+00:00\",\"dateModified\":\"2022-09-09T16:09:50+00:00\",\"description\":\"Innan du \u00e5ker till Kanada \u00e4r det viktigt att du f\u00f6rbereder alla n\u00f6dv\u00e4ndiga resehandlingar, inklusive eTA. H\u00e4r f\u00e5r du veta n\u00e4r du ska ans\u00f6ka om eTA.\",\"breadcrumb\":{\"@id\":\"https:\/\/ave-eta-canada.com\/sv\/nar-du-ska-ansoka-om-din-eta-kanada\/#breadcrumb\"},\"inLanguage\":\"sv-SE\",\"potentialAction\":[{\"@type\":\"ReadAction\",\"target\":[\"https:\/\/ave-eta-canada.com\/sv\/nar-du-ska-ansoka-om-din-eta-kanada\/\"]}]},{\"@type\":\"BreadcrumbList\",\"@id\":\"https:\/\/ave-eta-canada.com\/sv\/nar-du-ska-ansoka-om-din-eta-kanada\/#breadcrumb\",\"itemListElement\":[{\"@type\":\"ListItem\",\"position\":1,\"name\":\"Home\",\"item\":\"https:\/\/ave-eta-canada.com\/sv\/\"},{\"@type\":\"ListItem\",\"position\":2,\"name\":\"N\u00e4r ska du ans\u00f6ka om eTA f\u00f6r Kanada?\"}]},{\"@type\":\"WebSite\",\"@id\":\"https:\/\/ave-eta-canada.com\/sv\/#website\",\"url\":\"https:\/\/ave-eta-canada.com\/sv\/\",\"name\":\"VISA CANADA\",\"description\":\"Autorisation Voyage Electronique\",\"potentialAction\":[{\"@type\":\"SearchAction\",\"target\":{\"@type\":\"EntryPoint\",\"urlTemplate\":\"https:\/\/ave-eta-canada.com\/sv\/?s={search_term_string}\"},\"query-input\":{\"@type\":\"PropertyValueSpecification\",\"valueRequired\":true,\"valueName\":\"search_term_string\"}}],\"inLanguage\":\"sv-SE\"}]}<\/script>\n<!-- \/ Yoast SEO plugin. -->","yoast_head_json":{"title":"N\u00e4r ska du ans\u00f6ka om eTA f\u00f6r Kanada?","description":"Innan du \u00e5ker till Kanada \u00e4r det viktigt att du f\u00f6rbereder alla n\u00f6dv\u00e4ndiga resehandlingar, inklusive eTA. H\u00e4r f\u00e5r du veta n\u00e4r du ska ans\u00f6ka om eTA.","robots":{"index":"index","follow":"follow","max-snippet":"max-snippet:-1","max-image-preview":"max-image-preview:large","max-video-preview":"max-video-preview:-1"},"canonical":"https:\/\/ave-eta-canada.com\/sv\/nar-du-ska-ansoka-om-din-eta-kanada\/","og_locale":"sv_SE","og_type":"article","og_title":"N\u00e4r ska du ans\u00f6ka om eTA f\u00f6r Kanada?","og_description":"Innan du \u00e5ker till Kanada \u00e4r det viktigt att du f\u00f6rbereder alla n\u00f6dv\u00e4ndiga resehandlingar, inklusive eTA. H\u00e4r f\u00e5r du veta n\u00e4r du ska ans\u00f6ka om eTA.","og_url":"https:\/\/ave-eta-canada.com\/sv\/nar-du-ska-ansoka-om-din-eta-kanada\/","og_site_name":"VISA CANADA","article_modified_time":"2022-09-09T16:09:50+00:00","twitter_card":"summary_large_image","twitter_misc":{"Ber\u00e4knad l\u00e4stid":"4 minuter"},"schema":{"@context":"https:\/\/schema.org","@graph":[{"@type":"WebPage","@id":"https:\/\/ave-eta-canada.com\/sv\/nar-du-ska-ansoka-om-din-eta-kanada\/","url":"https:\/\/ave-eta-canada.com\/sv\/nar-du-ska-ansoka-om-din-eta-kanada\/","name":"N\u00e4r ska du ans\u00f6ka om eTA f\u00f6r Kanada?","isPartOf":{"@id":"https:\/\/ave-eta-canada.com\/sv\/#website"},"datePublished":"2022-09-06T07:59:53+00:00","dateModified":"2022-09-09T16:09:50+00:00","description":"Innan du \u00e5ker till Kanada \u00e4r det viktigt att du f\u00f6rbereder alla n\u00f6dv\u00e4ndiga resehandlingar, inklusive eTA. H\u00e4r f\u00e5r du veta n\u00e4r du ska ans\u00f6ka om eTA.","breadcrumb":{"@id":"https:\/\/ave-eta-canada.com\/sv\/nar-du-ska-ansoka-om-din-eta-kanada\/#breadcrumb"},"inLanguage":"sv-SE","potentialAction":[{"@type":"ReadAction","target":["https:\/\/ave-eta-canada.com\/sv\/nar-du-ska-ansoka-om-din-eta-kanada\/"]}]},{"@type":"BreadcrumbList","@id":"https:\/\/ave-eta-canada.com\/sv\/nar-du-ska-ansoka-om-din-eta-kanada\/#breadcrumb","itemListElement":[{"@type":"ListItem","position":1,"name":"Home","item":"https:\/\/ave-eta-canada.com\/sv\/"},{"@type":"ListItem","position":2,"name":"N\u00e4r ska du ans\u00f6ka om eTA f\u00f6r Kanada?"}]},{"@type":"WebSite","@id":"https:\/\/ave-eta-canada.com\/sv\/#website","url":"https:\/\/ave-eta-canada.com\/sv\/","name":"VISA CANADA","description":"Autorisation Voyage Electronique","potentialAction":[{"@type":"SearchAction","target":{"@type":"EntryPoint","urlTemplate":"https:\/\/ave-eta-canada.com\/sv\/?s={search_term_string}"},"query-input":{"@type":"PropertyValueSpecification","valueRequired":true,"valueName":"search_term_string"}}],"inLanguage":"sv-SE"}]}},"_links":{"self":[{"href":"https:\/\/ave-eta-canada.com\/sv\/wp-json\/wp\/v2\/pages\/2868","targetHints":{"allow":["GET"]}}],"collection":[{"href":"https:\/\/ave-eta-canada.com\/sv\/wp-json\/wp\/v2\/pages"}],"about":[{"href":"https:\/\/ave-eta-canada.com\/sv\/wp-json\/wp\/v2\/types\/page"}],"author":[{"embeddable":true,"href":"https:\/\/ave-eta-canada.com\/sv\/wp-json\/wp\/v2\/users\/1"}],"replies":[{"embeddable":true,"href":"https:\/\/ave-eta-canada.com\/sv\/wp-json\/wp\/v2\/comments?post=2868"}],"version-history":[{"count":0,"href":"https:\/\/ave-eta-canada.com\/sv\/wp-json\/wp\/v2\/pages\/2868\/revisions"}],"wp:attachment":[{"href":"https:\/\/ave-eta-canada.com\/sv\/wp-json\/wp\/v2\/media?parent=2868"}],"curies":[{"name":"wp","href":"https:\/\/api.w.org\/{rel}","templated":true}]}}