{"id":2872,"date":"2022-09-06T07:59:54","date_gmt":"2022-09-06T07:59:54","guid":{"rendered":"https:\/\/ave-eta-canada.com\/la-langue-francaise-disparait-peu-a-peu-du-canada\/"},"modified":"2022-09-09T11:53:54","modified_gmt":"2022-09-09T11:53:54","slug":"det-franska-spraket-forsvinner-lite-fran-kanada","status":"publish","type":"page","link":"https:\/\/ave-eta-canada.com\/sv\/det-franska-spraket-forsvinner-lite-fran-kanada\/","title":{"rendered":"Det franska spr\u00e5ket f\u00f6rsvinner l\u00e5ngsamt fr\u00e5n Kanada"},"content":{"rendered":"\n<h1 class=\"wp-block-heading\">Franskan f\u00f6rsvinner i det engelska Kanada<\/h1>\n\n<p>Kanada \u00e4r ett av fransm\u00e4nnens favoritresm\u00e5l, men ocks\u00e5 ett v\u00e4rdland f\u00f6r m\u00e5nga utl\u00e4nningar. Allt fler kanadensare \u00e4r emot att l\u00e4ra sig franska. Varf\u00f6r \u00e4r de inte intresserade av Moli\u00e8res spr\u00e5k? Och hur ser framtiden ut f\u00f6r franskan i Kanada?<\/p>\n\n<h2 class=\"wp-block-heading\">Den nuvarande situationen<\/h2>\n\n<p>Engelska och franska \u00e4r de tv\u00e5 officiella spr\u00e5ken i Kanada, enligt den lag som antogs 1969 av Kanadas parlament. Tidigare var tv\u00e5spr\u00e5kighet mycket viktigt. Trots denna spr\u00e5klagstiftning \u00e4r engelsk-kanadensare allt mindre ben\u00e4gna att l\u00e4ra sig eller tala franska. \u00c5r 2018 finns det 10 miljoner m\u00e4nniskor som s\u00e4ger sig kunna <a href=\"https:\/\/ave-eta-canada.com\/sv\/nyheter-om-eta\/\">tala franska<\/a>, men siffran sjunker hela tiden.<\/p>\n\n<p>Att l\u00e4ra sig ett andra obligatoriskt spr\u00e5k st\u00f6r dem redan, och fler och fler fr\u00e5gar varf\u00f6r det ska vara franska. Vissa kanadensare tycker att det \u00e4r or\u00e4ttvist att l\u00e4ra sig franska i st\u00e4llet f\u00f6r ett annat spr\u00e5k. Till och med i Quebec har franskan blivit mindre viktig.<\/p>\n\n<p>Ett fenomen h\u00e5ller p\u00e5 att v\u00e4xa fram, n\u00e4mligen v\u00e4gran att leva p\u00e5 franska. Det g\u00e5r fortfarande bra att anv\u00e4nda franska p\u00e5 jobbet, men n\u00e4r du v\u00e4l \u00e4r hemma tar det andra officiella spr\u00e5ket \u00f6ver. Franskan som f\u00f6rstaspr\u00e5k minskar ocks\u00e5.<br\/><\/p>\n\n<h2 class=\"wp-block-heading\">Vilken framtid f\u00f6r det franska spr\u00e5ket i Kanada?<\/h2>\n\n<p>M\u00e5nga unders\u00f6kningar visar att det finns en djup klyfta mellan Kanadas tv\u00e5 officiella befolkningsgrupper.<\/p>\n\n<p><a href=\"https:\/\/www.canada.ca\/fr.html\">Quebecs regering<\/a> vill \u00e5terinf\u00f6ra franskan i sm\u00e5 och medelstora f\u00f6retag f\u00f6r att uppmuntra kanadensare att l\u00e4ra sig Moli\u00e8res spr\u00e5k. Denna handlingsplan skulle bidra till att bevara det franska spr\u00e5ket och samtidigt g\u00f6ra det l\u00e4ttare f\u00f6r tv\u00e5spr\u00e5kiga personer att hitta arbete. Engelsktalande och fransktalande personer skulle ha l\u00e4ttare att f\u00e5 ett jobb.<\/p>\n\n<p>Det \u00e4r uppenbart att franskan gradvis h\u00e5ller p\u00e5 att bli ett arbetsspr\u00e5k f\u00f6r kanadensarna snarare \u00e4n ett hj\u00e4rtespr\u00e5k.<\/p>\n","protected":false},"excerpt":{"rendered":"<p>Franskan f\u00f6rsvinner i det engelska Kanada Kanada \u00e4r ett av fransm\u00e4nnens favoritresm\u00e5l, men ocks\u00e5 ett v\u00e4rdland f\u00f6r m\u00e5nga utl\u00e4nningar. Allt fler kanadensare \u00e4r emot att l\u00e4ra sig franska. Varf\u00f6r \u00e4r de inte intresserade av Moli\u00e8res spr\u00e5k? Och hur ser framtiden ut f\u00f6r franskan i Kanada? Den nuvarande situationen Engelska och franska \u00e4r de tv\u00e5 officiella [&hellip;]<\/p>\n","protected":false},"author":1,"featured_media":0,"parent":0,"menu_order":0,"comment_status":"closed","ping_status":"closed","template":"","meta":{"footnotes":""},"class_list":["post-2872","page","type-page","status-publish","hentry"],"yoast_head":"<!-- This site is optimized with the Yoast SEO plugin v26.9 - https:\/\/yoast.com\/product\/yoast-seo-wordpress\/ -->\n<title>Det franska spr\u00e5ket f\u00f6rsvinner l\u00e5ngsamt fr\u00e5n Kanada<\/title>\n<meta name=\"description\" content=\"Kanada \u00e4r ett popul\u00e4rt resm\u00e5l f\u00f6r franska resen\u00e4rer, men franskan \u00e4r inte lika utbredd. Varf\u00f6r \u00e4r det s\u00e5 ointressant? Svar i denna artikel.\" \/>\n<meta name=\"robots\" content=\"index, follow, max-snippet:-1, max-image-preview:large, max-video-preview:-1\" \/>\n<link rel=\"canonical\" href=\"https:\/\/ave-eta-canada.com\/sv\/det-franska-spraket-forsvinner-lite-fran-kanada\/\" \/>\n<meta property=\"og:locale\" content=\"sv_SE\" \/>\n<meta property=\"og:type\" content=\"article\" \/>\n<meta property=\"og:title\" content=\"Det franska spr\u00e5ket f\u00f6rsvinner l\u00e5ngsamt fr\u00e5n Kanada\" \/>\n<meta property=\"og:description\" content=\"Kanada \u00e4r ett popul\u00e4rt resm\u00e5l f\u00f6r franska resen\u00e4rer, men franskan \u00e4r inte lika utbredd. Varf\u00f6r \u00e4r det s\u00e5 ointressant? Svar i denna artikel.\" \/>\n<meta property=\"og:url\" content=\"https:\/\/ave-eta-canada.com\/sv\/det-franska-spraket-forsvinner-lite-fran-kanada\/\" \/>\n<meta property=\"og:site_name\" content=\"VISA CANADA\" \/>\n<meta property=\"article:modified_time\" content=\"2022-09-09T11:53:54+00:00\" \/>\n<meta name=\"twitter:card\" content=\"summary_large_image\" \/>\n<meta name=\"twitter:label1\" content=\"Ber\u00e4knad l\u00e4stid\" \/>\n\t<meta name=\"twitter:data1\" content=\"2 minuter\" \/>\n<script type=\"application\/ld+json\" class=\"yoast-schema-graph\">{\"@context\":\"https:\/\/schema.org\",\"@graph\":[{\"@type\":\"WebPage\",\"@id\":\"https:\/\/ave-eta-canada.com\/sv\/det-franska-spraket-forsvinner-lite-fran-kanada\/\",\"url\":\"https:\/\/ave-eta-canada.com\/sv\/det-franska-spraket-forsvinner-lite-fran-kanada\/\",\"name\":\"Det franska spr\u00e5ket f\u00f6rsvinner l\u00e5ngsamt fr\u00e5n Kanada\",\"isPartOf\":{\"@id\":\"https:\/\/ave-eta-canada.com\/sv\/#website\"},\"datePublished\":\"2022-09-06T07:59:54+00:00\",\"dateModified\":\"2022-09-09T11:53:54+00:00\",\"description\":\"Kanada \u00e4r ett popul\u00e4rt resm\u00e5l f\u00f6r franska resen\u00e4rer, men franskan \u00e4r inte lika utbredd. Varf\u00f6r \u00e4r det s\u00e5 ointressant? Svar i denna artikel.\",\"breadcrumb\":{\"@id\":\"https:\/\/ave-eta-canada.com\/sv\/det-franska-spraket-forsvinner-lite-fran-kanada\/#breadcrumb\"},\"inLanguage\":\"sv-SE\",\"potentialAction\":[{\"@type\":\"ReadAction\",\"target\":[\"https:\/\/ave-eta-canada.com\/sv\/det-franska-spraket-forsvinner-lite-fran-kanada\/\"]}]},{\"@type\":\"BreadcrumbList\",\"@id\":\"https:\/\/ave-eta-canada.com\/sv\/det-franska-spraket-forsvinner-lite-fran-kanada\/#breadcrumb\",\"itemListElement\":[{\"@type\":\"ListItem\",\"position\":1,\"name\":\"Home\",\"item\":\"https:\/\/ave-eta-canada.com\/sv\/\"},{\"@type\":\"ListItem\",\"position\":2,\"name\":\"Det franska spr\u00e5ket f\u00f6rsvinner l\u00e5ngsamt fr\u00e5n Kanada\"}]},{\"@type\":\"WebSite\",\"@id\":\"https:\/\/ave-eta-canada.com\/sv\/#website\",\"url\":\"https:\/\/ave-eta-canada.com\/sv\/\",\"name\":\"VISA CANADA\",\"description\":\"Autorisation Voyage Electronique\",\"potentialAction\":[{\"@type\":\"SearchAction\",\"target\":{\"@type\":\"EntryPoint\",\"urlTemplate\":\"https:\/\/ave-eta-canada.com\/sv\/?s={search_term_string}\"},\"query-input\":{\"@type\":\"PropertyValueSpecification\",\"valueRequired\":true,\"valueName\":\"search_term_string\"}}],\"inLanguage\":\"sv-SE\"}]}<\/script>\n<!-- \/ Yoast SEO plugin. -->","yoast_head_json":{"title":"Det franska spr\u00e5ket f\u00f6rsvinner l\u00e5ngsamt fr\u00e5n Kanada","description":"Kanada \u00e4r ett popul\u00e4rt resm\u00e5l f\u00f6r franska resen\u00e4rer, men franskan \u00e4r inte lika utbredd. Varf\u00f6r \u00e4r det s\u00e5 ointressant? Svar i denna artikel.","robots":{"index":"index","follow":"follow","max-snippet":"max-snippet:-1","max-image-preview":"max-image-preview:large","max-video-preview":"max-video-preview:-1"},"canonical":"https:\/\/ave-eta-canada.com\/sv\/det-franska-spraket-forsvinner-lite-fran-kanada\/","og_locale":"sv_SE","og_type":"article","og_title":"Det franska spr\u00e5ket f\u00f6rsvinner l\u00e5ngsamt fr\u00e5n Kanada","og_description":"Kanada \u00e4r ett popul\u00e4rt resm\u00e5l f\u00f6r franska resen\u00e4rer, men franskan \u00e4r inte lika utbredd. Varf\u00f6r \u00e4r det s\u00e5 ointressant? Svar i denna artikel.","og_url":"https:\/\/ave-eta-canada.com\/sv\/det-franska-spraket-forsvinner-lite-fran-kanada\/","og_site_name":"VISA CANADA","article_modified_time":"2022-09-09T11:53:54+00:00","twitter_card":"summary_large_image","twitter_misc":{"Ber\u00e4knad l\u00e4stid":"2 minuter"},"schema":{"@context":"https:\/\/schema.org","@graph":[{"@type":"WebPage","@id":"https:\/\/ave-eta-canada.com\/sv\/det-franska-spraket-forsvinner-lite-fran-kanada\/","url":"https:\/\/ave-eta-canada.com\/sv\/det-franska-spraket-forsvinner-lite-fran-kanada\/","name":"Det franska spr\u00e5ket f\u00f6rsvinner l\u00e5ngsamt fr\u00e5n Kanada","isPartOf":{"@id":"https:\/\/ave-eta-canada.com\/sv\/#website"},"datePublished":"2022-09-06T07:59:54+00:00","dateModified":"2022-09-09T11:53:54+00:00","description":"Kanada \u00e4r ett popul\u00e4rt resm\u00e5l f\u00f6r franska resen\u00e4rer, men franskan \u00e4r inte lika utbredd. Varf\u00f6r \u00e4r det s\u00e5 ointressant? Svar i denna artikel.","breadcrumb":{"@id":"https:\/\/ave-eta-canada.com\/sv\/det-franska-spraket-forsvinner-lite-fran-kanada\/#breadcrumb"},"inLanguage":"sv-SE","potentialAction":[{"@type":"ReadAction","target":["https:\/\/ave-eta-canada.com\/sv\/det-franska-spraket-forsvinner-lite-fran-kanada\/"]}]},{"@type":"BreadcrumbList","@id":"https:\/\/ave-eta-canada.com\/sv\/det-franska-spraket-forsvinner-lite-fran-kanada\/#breadcrumb","itemListElement":[{"@type":"ListItem","position":1,"name":"Home","item":"https:\/\/ave-eta-canada.com\/sv\/"},{"@type":"ListItem","position":2,"name":"Det franska spr\u00e5ket f\u00f6rsvinner l\u00e5ngsamt fr\u00e5n Kanada"}]},{"@type":"WebSite","@id":"https:\/\/ave-eta-canada.com\/sv\/#website","url":"https:\/\/ave-eta-canada.com\/sv\/","name":"VISA CANADA","description":"Autorisation Voyage Electronique","potentialAction":[{"@type":"SearchAction","target":{"@type":"EntryPoint","urlTemplate":"https:\/\/ave-eta-canada.com\/sv\/?s={search_term_string}"},"query-input":{"@type":"PropertyValueSpecification","valueRequired":true,"valueName":"search_term_string"}}],"inLanguage":"sv-SE"}]}},"_links":{"self":[{"href":"https:\/\/ave-eta-canada.com\/sv\/wp-json\/wp\/v2\/pages\/2872","targetHints":{"allow":["GET"]}}],"collection":[{"href":"https:\/\/ave-eta-canada.com\/sv\/wp-json\/wp\/v2\/pages"}],"about":[{"href":"https:\/\/ave-eta-canada.com\/sv\/wp-json\/wp\/v2\/types\/page"}],"author":[{"embeddable":true,"href":"https:\/\/ave-eta-canada.com\/sv\/wp-json\/wp\/v2\/users\/1"}],"replies":[{"embeddable":true,"href":"https:\/\/ave-eta-canada.com\/sv\/wp-json\/wp\/v2\/comments?post=2872"}],"version-history":[{"count":0,"href":"https:\/\/ave-eta-canada.com\/sv\/wp-json\/wp\/v2\/pages\/2872\/revisions"}],"wp:attachment":[{"href":"https:\/\/ave-eta-canada.com\/sv\/wp-json\/wp\/v2\/media?parent=2872"}],"curies":[{"name":"wp","href":"https:\/\/api.w.org\/{rel}","templated":true}]}}