{"id":3929,"date":"2023-02-09T10:18:42","date_gmt":"2023-02-09T10:18:42","guid":{"rendered":"https:\/\/ave-eta-canada.com\/arrivecan-canada\/"},"modified":"2025-10-09T09:18:47","modified_gmt":"2025-10-09T09:18:47","slug":"arrivecan-canada","status":"publish","type":"page","link":"https:\/\/ave-eta-canada.com\/sv\/arrivecan-canada\/","title":{"rendered":"ArriveCAN Canada online-blankett"},"content":{"rendered":"\n<h1 class=\"wp-block-heading\">ArriveCAN Kanada<\/h1>\n\n<h2 class=\"wp-block-heading\">Vad \u00e4r ArriveCAN?<\/h2>\n\n<p>ArriveCAN \u00e4r en webbaserad ans\u00f6kan och tj\u00e4nst som utvecklats av Kanadas regering. Det g\u00f6r det m\u00f6jligt f\u00f6r resen\u00e4rer som reser in i Kanada att l\u00e4mna information om COVID-19: karant\u00e4nsplan, vaccinationsstatus och testresultat. <\/p>\n\n<p>Fr\u00e5n och med maj 2023 <strong>\u00e4r ArriveCAN inte l\u00e4ngre en obligatorisk formalitet<\/strong>. Det \u00e4r fortfarande obligatoriskt att ans\u00f6ka om resetillst\u00e5nd f\u00f6r Kanada, t.ex. ett kanadensiskt visum.   <\/p>\n\n<p>F\u00f6r en <strong>vistelse p\u00e5 mindre \u00e4n 6 m\u00e5nader<\/strong> kr\u00e4vs ingen turistvisering f\u00f6r att resa in i Kanada. Du kan f\u00e5 ett resetillst\u00e5nd online p\u00e5 n\u00e5gra minuter genom att klicka p\u00e5 <a href=\"https:\/\/ave-eta-canada.com\/sv\/kanada-eta-formular-online\/\">onlineformul\u00e4ret<\/a>. <\/p>\n\n<div style=\"height:20px\" aria-hidden=\"true\" class=\"wp-block-spacer\"><\/div>\n\n<h2 class=\"wp-block-heading\">N\u00e4r ska ArriveCAN fyllas i?  <\/h2>\n\n<p>Resen\u00e4rer kan fylla i ArriveCAN inom 72 timmar efter ankomsten till Kanada. Det \u00e4r viktigt att l\u00e4mna aktuell och korrekt information f\u00f6r att underl\u00e4tta inreseprocessen till landet. <\/p>\n\n<h2 class=\"wp-block-heading\">Hur fyller man i ArriveCAN?  <\/h2>\n\n<p>F\u00f6r att fylla i ArriveCAN kan du ladda ner programmet till din smartphone eller komma \u00e5t tj\u00e4nsten online. Skapa ett konto och f\u00f6lj instruktionerna f\u00f6r att tillhandah\u00e5lla den information som kr\u00e4vs. Du m\u00e5ste l\u00e4mna in uppgifter om t.ex. din resplan, vaccinationsstatus och en l\u00e4mplig karant\u00e4nsplan, om s\u00e5 kr\u00e4vs.  <\/p>\n\n<h2 class=\"wp-block-heading\">Vem ska fylla i ArriveCAN?  <\/h2>\n\n<p>Denna tullprocess kan anv\u00e4ndas av resen\u00e4rer som reser in i Kanada, oavsett om de \u00e4r kanadensare, permanent bosatta eller utl\u00e4nningar. Detta g\u00e4ller b\u00e5de vuxna och minder\u00e5riga, \u00e4ven om f\u00f6r\u00e4ldrar eller v\u00e5rdnadshavare kan fylla i ArriveCAN f\u00f6r barn under 16 \u00e5r. <\/p>\n\n<h2 class=\"wp-block-heading\">Vad \u00e4r priset p\u00e5 ArriveCAN?  <\/h2>\n\n<p>ArriveCAN \u00e4r en kostnadsfri tj\u00e4nst som erbjuds av Kanadas regering. Det kostar inget att ladda ner ans\u00f6kan eller anv\u00e4nda onlinetj\u00e4nsten. <\/p>\n\n<h2 class=\"wp-block-heading\">Hur laddar man ner ArriveCAN?  <\/h2>\n\n<p>ArriveCAN finns som en applikation f\u00f6r Android- och iOS-smartphones. Du kan ladda ner den fr\u00e5n Google Play Store f\u00f6r Android-enheter eller App Store f\u00f6r iOS-enheter. Du kan ocks\u00e5 f\u00e5 tillg\u00e5ng till ArriveCAN via en webbl\u00e4sare genom att bes\u00f6ka den <a href=\"https:\/\/www.canada.ca\/fr\/agence-services-frontaliers\/services\/arrivecan.html\">kanadensiska regeringens<\/a> webbplats.  <\/p>\n\n<h2 class=\"wp-block-heading\">\u00c4r ArriveCAN obligatoriskt?  <\/h2>\n\n<p>Nej, fr\u00e5n och med maj 2023 \u00e4r ArriveCAN inte l\u00e4ngre obligatoriskt f\u00f6r resen\u00e4rer som reser in i Kanada.  <\/p>\n\n<h2 class=\"wp-block-heading\">M\u00e5ste jag fylla i ArriveCAN f\u00f6r att resa genom Kanada?  <\/h2>\n\n<p>Nej, resen\u00e4rer i transit genom Kanada beh\u00f6ver inte l\u00e4ngre fylla i ArriveCAN. Den information som l\u00e4mnas kommer att underl\u00e4tta transiteringsprocessen och hj\u00e4lpa de kanadensiska myndigheterna att garantera s\u00e4kerheten f\u00f6r resen\u00e4rer och inv\u00e5nare. <\/p>\n\n<h2 class=\"wp-block-heading\">Logotyp f\u00f6r ArriveCAN-applikationen i App Store och Google Play<\/h2>\n\n<p>Detta \u00e4r logotypen f\u00f6r ArriveCAN-applikationen. Applikationen kan laddas ner gratis fr\u00e5n Apple App Store och Google Play Store. <\/p>\n\n<figure class=\"wp-block-image size-full\" id=\"ArriveCAN-app\"><img fetchpriority=\"high\" decoding=\"async\" width=\"668\" height=\"407\" src=\"https:\/\/ave-eta-canada.com\/wp-content\/uploads\/2023\/04\/ArriveCAN-app.webp\" alt=\"Ans&#xF6;kan ArriveCAN\" class=\"wp-image-4897\" title=\"Ans&#xF6;kan ArriveCAN\" srcset=\"https:\/\/ave-eta-canada.com\/wp-content\/uploads\/2023\/04\/ArriveCAN-app.webp 668w, https:\/\/ave-eta-canada.com\/wp-content\/uploads\/2023\/04\/ArriveCAN-app-300x183.webp 300w\" sizes=\"(max-width: 668px) 100vw, 668px\" \/><\/figure>\n","protected":false},"excerpt":{"rendered":"<p>ArriveCAN Kanada Vad \u00e4r ArriveCAN? ArriveCAN \u00e4r en webbaserad ans\u00f6kan och tj\u00e4nst som utvecklats av Kanadas regering. Det g\u00f6r det m\u00f6jligt f\u00f6r resen\u00e4rer som reser in i Kanada att l\u00e4mna information om COVID-19: karant\u00e4nsplan, vaccinationsstatus och testresultat. Fr\u00e5n och med maj 2023 \u00e4r ArriveCAN inte l\u00e4ngre en obligatorisk formalitet. Det \u00e4r fortfarande obligatoriskt att ans\u00f6ka [&hellip;]<\/p>\n","protected":false},"author":1,"featured_media":0,"parent":0,"menu_order":0,"comment_status":"closed","ping_status":"closed","template":"","meta":{"footnotes":""},"class_list":["post-3929","page","type-page","status-publish","hentry"],"yoast_head":"<!-- This site is optimized with the Yoast SEO plugin v26.9 - https:\/\/yoast.com\/product\/yoast-seo-wordpress\/ -->\n<title>ArriveCAN Canada online-blankett<\/title>\n<meta name=\"description\" content=\"Arrivecan \u00e4r den kanadensiska regeringens program f\u00f6r reseinformation. Resen\u00e4rer som reser in i Kanada m\u00e5ste logga in\" \/>\n<meta name=\"robots\" content=\"index, follow, max-snippet:-1, max-image-preview:large, max-video-preview:-1\" \/>\n<link rel=\"canonical\" href=\"https:\/\/ave-eta-canada.com\/sv\/arrivecan-canada\/\" \/>\n<meta property=\"og:locale\" content=\"sv_SE\" \/>\n<meta property=\"og:type\" content=\"article\" \/>\n<meta property=\"og:title\" content=\"ArriveCAN Canada online-blankett\" \/>\n<meta property=\"og:description\" content=\"Arrivecan \u00e4r den kanadensiska regeringens program f\u00f6r reseinformation. Resen\u00e4rer som reser in i Kanada m\u00e5ste logga in\" \/>\n<meta property=\"og:url\" content=\"https:\/\/ave-eta-canada.com\/sv\/arrivecan-canada\/\" \/>\n<meta property=\"og:site_name\" content=\"VISA CANADA\" \/>\n<meta property=\"article:modified_time\" content=\"2025-10-09T09:18:47+00:00\" \/>\n<meta property=\"og:image\" content=\"https:\/\/ave-eta-canada.com\/wp-content\/uploads\/2023\/04\/ArriveCAN-app.webp\" \/>\n\t<meta property=\"og:image:width\" content=\"668\" \/>\n\t<meta property=\"og:image:height\" content=\"407\" \/>\n\t<meta property=\"og:image:type\" content=\"image\/webp\" \/>\n<meta name=\"twitter:card\" content=\"summary_large_image\" \/>\n<meta name=\"twitter:label1\" content=\"Ber\u00e4knad l\u00e4stid\" \/>\n\t<meta name=\"twitter:data1\" content=\"2 minuter\" \/>\n<script type=\"application\/ld+json\" class=\"yoast-schema-graph\">{\"@context\":\"https:\/\/schema.org\",\"@graph\":[{\"@type\":\"WebPage\",\"@id\":\"https:\/\/ave-eta-canada.com\/sv\/arrivecan-canada\/\",\"url\":\"https:\/\/ave-eta-canada.com\/sv\/arrivecan-canada\/\",\"name\":\"ArriveCAN Canada online-blankett\",\"isPartOf\":{\"@id\":\"https:\/\/ave-eta-canada.com\/sv\/#website\"},\"primaryImageOfPage\":{\"@id\":\"https:\/\/ave-eta-canada.com\/sv\/arrivecan-canada\/#primaryimage\"},\"image\":{\"@id\":\"https:\/\/ave-eta-canada.com\/sv\/arrivecan-canada\/#primaryimage\"},\"thumbnailUrl\":\"https:\/\/ave-eta-canada.com\/wp-content\/uploads\/2023\/04\/ArriveCAN-app.webp\",\"datePublished\":\"2023-02-09T10:18:42+00:00\",\"dateModified\":\"2025-10-09T09:18:47+00:00\",\"description\":\"Arrivecan \u00e4r den kanadensiska regeringens program f\u00f6r reseinformation. Resen\u00e4rer som reser in i Kanada m\u00e5ste logga in\",\"breadcrumb\":{\"@id\":\"https:\/\/ave-eta-canada.com\/sv\/arrivecan-canada\/#breadcrumb\"},\"inLanguage\":\"sv-SE\",\"potentialAction\":[{\"@type\":\"ReadAction\",\"target\":[\"https:\/\/ave-eta-canada.com\/sv\/arrivecan-canada\/\"]}]},{\"@type\":\"ImageObject\",\"inLanguage\":\"sv-SE\",\"@id\":\"https:\/\/ave-eta-canada.com\/sv\/arrivecan-canada\/#primaryimage\",\"url\":\"https:\/\/ave-eta-canada.com\/wp-content\/uploads\/2023\/04\/ArriveCAN-app.webp\",\"contentUrl\":\"https:\/\/ave-eta-canada.com\/wp-content\/uploads\/2023\/04\/ArriveCAN-app.webp\"},{\"@type\":\"BreadcrumbList\",\"@id\":\"https:\/\/ave-eta-canada.com\/sv\/arrivecan-canada\/#breadcrumb\",\"itemListElement\":[{\"@type\":\"ListItem\",\"position\":1,\"name\":\"Home\",\"item\":\"https:\/\/ave-eta-canada.com\/sv\/\"},{\"@type\":\"ListItem\",\"position\":2,\"name\":\"ArriveCAN Canada online-blankett\"}]},{\"@type\":\"WebSite\",\"@id\":\"https:\/\/ave-eta-canada.com\/sv\/#website\",\"url\":\"https:\/\/ave-eta-canada.com\/sv\/\",\"name\":\"VISA CANADA\",\"description\":\"Autorisation Voyage Electronique\",\"potentialAction\":[{\"@type\":\"SearchAction\",\"target\":{\"@type\":\"EntryPoint\",\"urlTemplate\":\"https:\/\/ave-eta-canada.com\/sv\/?s={search_term_string}\"},\"query-input\":{\"@type\":\"PropertyValueSpecification\",\"valueRequired\":true,\"valueName\":\"search_term_string\"}}],\"inLanguage\":\"sv-SE\"}]}<\/script>\n<!-- \/ Yoast SEO plugin. -->","yoast_head_json":{"title":"ArriveCAN Canada online-blankett","description":"Arrivecan \u00e4r den kanadensiska regeringens program f\u00f6r reseinformation. Resen\u00e4rer som reser in i Kanada m\u00e5ste logga in","robots":{"index":"index","follow":"follow","max-snippet":"max-snippet:-1","max-image-preview":"max-image-preview:large","max-video-preview":"max-video-preview:-1"},"canonical":"https:\/\/ave-eta-canada.com\/sv\/arrivecan-canada\/","og_locale":"sv_SE","og_type":"article","og_title":"ArriveCAN Canada online-blankett","og_description":"Arrivecan \u00e4r den kanadensiska regeringens program f\u00f6r reseinformation. Resen\u00e4rer som reser in i Kanada m\u00e5ste logga in","og_url":"https:\/\/ave-eta-canada.com\/sv\/arrivecan-canada\/","og_site_name":"VISA CANADA","article_modified_time":"2025-10-09T09:18:47+00:00","og_image":[{"width":668,"height":407,"url":"https:\/\/ave-eta-canada.com\/wp-content\/uploads\/2023\/04\/ArriveCAN-app.webp","type":"image\/webp"}],"twitter_card":"summary_large_image","twitter_misc":{"Ber\u00e4knad l\u00e4stid":"2 minuter"},"schema":{"@context":"https:\/\/schema.org","@graph":[{"@type":"WebPage","@id":"https:\/\/ave-eta-canada.com\/sv\/arrivecan-canada\/","url":"https:\/\/ave-eta-canada.com\/sv\/arrivecan-canada\/","name":"ArriveCAN Canada online-blankett","isPartOf":{"@id":"https:\/\/ave-eta-canada.com\/sv\/#website"},"primaryImageOfPage":{"@id":"https:\/\/ave-eta-canada.com\/sv\/arrivecan-canada\/#primaryimage"},"image":{"@id":"https:\/\/ave-eta-canada.com\/sv\/arrivecan-canada\/#primaryimage"},"thumbnailUrl":"https:\/\/ave-eta-canada.com\/wp-content\/uploads\/2023\/04\/ArriveCAN-app.webp","datePublished":"2023-02-09T10:18:42+00:00","dateModified":"2025-10-09T09:18:47+00:00","description":"Arrivecan \u00e4r den kanadensiska regeringens program f\u00f6r reseinformation. Resen\u00e4rer som reser in i Kanada m\u00e5ste logga in","breadcrumb":{"@id":"https:\/\/ave-eta-canada.com\/sv\/arrivecan-canada\/#breadcrumb"},"inLanguage":"sv-SE","potentialAction":[{"@type":"ReadAction","target":["https:\/\/ave-eta-canada.com\/sv\/arrivecan-canada\/"]}]},{"@type":"ImageObject","inLanguage":"sv-SE","@id":"https:\/\/ave-eta-canada.com\/sv\/arrivecan-canada\/#primaryimage","url":"https:\/\/ave-eta-canada.com\/wp-content\/uploads\/2023\/04\/ArriveCAN-app.webp","contentUrl":"https:\/\/ave-eta-canada.com\/wp-content\/uploads\/2023\/04\/ArriveCAN-app.webp"},{"@type":"BreadcrumbList","@id":"https:\/\/ave-eta-canada.com\/sv\/arrivecan-canada\/#breadcrumb","itemListElement":[{"@type":"ListItem","position":1,"name":"Home","item":"https:\/\/ave-eta-canada.com\/sv\/"},{"@type":"ListItem","position":2,"name":"ArriveCAN Canada online-blankett"}]},{"@type":"WebSite","@id":"https:\/\/ave-eta-canada.com\/sv\/#website","url":"https:\/\/ave-eta-canada.com\/sv\/","name":"VISA CANADA","description":"Autorisation Voyage Electronique","potentialAction":[{"@type":"SearchAction","target":{"@type":"EntryPoint","urlTemplate":"https:\/\/ave-eta-canada.com\/sv\/?s={search_term_string}"},"query-input":{"@type":"PropertyValueSpecification","valueRequired":true,"valueName":"search_term_string"}}],"inLanguage":"sv-SE"}]}},"_links":{"self":[{"href":"https:\/\/ave-eta-canada.com\/sv\/wp-json\/wp\/v2\/pages\/3929","targetHints":{"allow":["GET"]}}],"collection":[{"href":"https:\/\/ave-eta-canada.com\/sv\/wp-json\/wp\/v2\/pages"}],"about":[{"href":"https:\/\/ave-eta-canada.com\/sv\/wp-json\/wp\/v2\/types\/page"}],"author":[{"embeddable":true,"href":"https:\/\/ave-eta-canada.com\/sv\/wp-json\/wp\/v2\/users\/1"}],"replies":[{"embeddable":true,"href":"https:\/\/ave-eta-canada.com\/sv\/wp-json\/wp\/v2\/comments?post=3929"}],"version-history":[{"count":2,"href":"https:\/\/ave-eta-canada.com\/sv\/wp-json\/wp\/v2\/pages\/3929\/revisions"}],"predecessor-version":[{"id":6301,"href":"https:\/\/ave-eta-canada.com\/sv\/wp-json\/wp\/v2\/pages\/3929\/revisions\/6301"}],"wp:attachment":[{"href":"https:\/\/ave-eta-canada.com\/sv\/wp-json\/wp\/v2\/media?parent=3929"}],"curies":[{"name":"wp","href":"https:\/\/api.w.org\/{rel}","templated":true}]}}